{"id":54424,"date":"2025-12-12T17:54:05","date_gmt":"2025-12-12T15:54:05","guid":{"rendered":"https:\/\/keluvo.com\/se\/product\/magnetisk-timer-2\/"},"modified":"2025-12-22T18:12:33","modified_gmt":"2025-12-22T16:12:33","slug":"magnetisk-timer-2","status":"publish","type":"product","link":"https:\/\/keluvo.com\/se\/product\/magnetisk-timer-2\/","title":{"rendered":"Magnetisk timer"},"content":{"rendered":"<p style=\"text-align: center;\" data-start=\"0\" data-end=\"59\"><strong data-start=\"0\" data-end=\"59\">St\u00e4ll In Tydliga, Exakta Timers Och H\u00e5ll Dig P\u00e5 R\u00e4tt Sp\u00e5r Varje Dag. \u23f1\ufe0f\ud83d\udd04<\/strong><\/p>\n<p style=\"text-align: center;\" data-start=\"61\" data-end=\"261\">Den h\u00e4r magnetiska timern hj\u00e4lper dig att enkelt hantera tiden f\u00f6r matlagning, bakning, studier, tr\u00e4ningspass och mycket mer. Med en enkel vridknapp och stor LED-display kan du st\u00e4lla in och l\u00e4sa av timern snabbt med en blick. En enkel och p\u00e5litlig timer f\u00f6r b\u00e4ttre fokus, perfekt timing och bekv\u00e4mlighet i vardagen.<\/p>\n<p data-start=\"61\" data-end=\"261\"><img fetchpriority=\"high\" decoding=\"async\" class=\"size-full wp-image-45005 aligncenter\" src=\"https:\/\/keluvo.com\/template\/wp-content\/uploads\/sites\/5\/2025\/12\/10224-ezgif.com-video-to-webp-converter-1-2.webp\" alt=\"\" width=\"500\" height=\"500\" \/><\/p>\n<h2 style=\"text-align: center;\" data-start=\"263\" data-end=\"283\">Huvudsakliga f\u00f6rdelar<\/h2>\n<p data-start=\"286\" data-end=\"350\">\u23f1\ufe0f Upp till 99 minuter &#8211; perfekt f\u00f6r dagliga uppgifter och rutiner.<\/p>\n<p data-start=\"353\" data-end=\"411\">\ud83d\udd04 Vridreglage &#8211; snabb och enkel tidsinst\u00e4llning.<\/p>\n<p data-start=\"414\" data-end=\"470\">\ud83d\udda5\ufe0f Stor LED-sk\u00e4rm &#8211; tydliga siffror, l\u00e4tta att l\u00e4sa.<\/p>\n<p data-start=\"473\" data-end=\"543\">\ud83e\uddf2 Magnetisk baksida &#8211; f\u00e4ster s\u00e4kert p\u00e5 kylsk\u00e5p och metallytor.<\/p>\n<p data-start=\"546\" data-end=\"605\">\ud83d\udd0a 3 volymniv\u00e5er &#8211; justera ljudet efter dina behov.<\/p>\n<p data-start=\"608\" data-end=\"662\">\ud83d\udca1 Minnesfunktion &#8211; minns din senaste inst\u00e4llning.<\/p>\n<p data-start=\"665\" data-end=\"714\">\ud83d\udd0b Batteridriven &#8211; b\u00e4rbar och tr\u00e5dl\u00f6s.<\/p>\n<p data-start=\"665\" data-end=\"714\"><img decoding=\"async\" class=\"size-full wp-image-45006 aligncenter\" src=\"https:\/\/keluvo.com\/template\/wp-content\/uploads\/sites\/5\/2025\/12\/timeout1.jpg\" alt=\"\" width=\"600\" height=\"600\" \/><\/p>\n<h2 style=\"text-align: center;\" data-start=\"716\" data-end=\"734\"><strong>Hur Man Anv\u00e4nder<\/strong><\/h2>\n<ol data-start=\"735\" data-end=\"969\">\n<li data-start=\"735\" data-end=\"785\">\n<p data-start=\"738\" data-end=\"785\">Vrid p\u00e5 ratten f\u00f6r att st\u00e4lla in \u00f6nskad tid.<\/p>\n<\/li>\n<li data-start=\"786\" data-end=\"831\">\n<p data-start=\"789\" data-end=\"831\">Tryck p\u00e5 knappen f\u00f6r att starta nedr\u00e4kningen.<\/p>\n<\/li>\n<li data-start=\"832\" data-end=\"871\">\n<p data-start=\"835\" data-end=\"871\">Justera volymniv\u00e5n vid behov.<\/p>\n<\/li>\n<li data-start=\"872\" data-end=\"912\">\n<p data-start=\"875\" data-end=\"912\">V\u00e4nta p\u00e5 varningen n\u00e4r tiden \u00e4r ute.<\/p>\n<\/li>\n<li data-start=\"913\" data-end=\"969\">\n<p data-start=\"916\" data-end=\"969\">Sk\u00e4rmen st\u00e4ngs av automatiskt f\u00f6r att spara batteri.<\/p>\n<\/li>\n<\/ol>\n<h2 style=\"text-align: center;\" data-start=\"971\" data-end=\"993\"><strong>Produktdetaljer<\/strong><\/h2>\n<ul data-start=\"994\" data-end=\"1344\">\n<li data-start=\"1027\" data-end=\"1052\">\n<p data-start=\"1029\" data-end=\"1052\">Material: ABS-plast<\/p>\n<\/li>\n<li data-start=\"1053\" data-end=\"1114\">\n<p data-start=\"1055\" data-end=\"1114\">Storlek: ca 7,8 x 7,8 x 2,86 cm<\/p>\n<\/li>\n<li data-start=\"1115\" data-end=\"1152\">\n<p data-start=\"1117\" data-end=\"1152\">Maximal tid: 99 minuter 59 sekunder<\/p>\n<\/li>\n<li data-start=\"1153\" data-end=\"1189\">\n<p data-start=\"1155\" data-end=\"1189\">Display: stor LED-spegelsk\u00e4rm<\/p>\n<\/li>\n<li data-start=\"1190\" data-end=\"1226\">\n<p data-start=\"1192\" data-end=\"1226\">Str\u00f6mf\u00f6rs\u00f6rjning: batteri (ing\u00e5r)<\/p>\n<\/li>\n<li data-start=\"1269\" data-end=\"1344\">\n<p data-start=\"1271\" data-end=\"1344\">Funktioner: enknappsknapp, automatisk avst\u00e4ngning av sk\u00e4rmen, tidsminne, magnetisk baksida<\/p>\n<\/li>\n<\/ul>\n<h2 style=\"text-align: center;\" data-start=\"1346\" data-end=\"1369\"><strong>Paketet inneh\u00e5ller<\/strong><\/h2>\n<ul data-start=\"1370\" data-end=\"1392\">\n<li data-start=\"1370\" data-end=\"1392\">\n<p data-start=\"1372\" data-end=\"1392\">1x magnetisk timer<\/p>\n<\/li>\n<li data-start=\"1370\" data-end=\"1392\">\n<p data-start=\"1372\" data-end=\"1392\">1x batteri.<\/p>\n<\/li>\n<\/ul>\n","protected":false},"excerpt":{"rendered":"<p>St\u00e4ll In Tydliga, Exakta Timers Och H\u00e5ll Dig P\u00e5 R\u00e4tt Sp\u00e5r Varje Dag. \u23f1\ufe0f\ud83d\udd04 Den h\u00e4r magnetiska timern hj\u00e4lper dig [&hellip;]<\/p>\n","protected":false},"featured_media":54420,"comment_status":"open","ping_status":"closed","template":"","meta":{"site-sidebar-layout":"default","site-content-layout":"","ast-site-content-layout":"default","site-content-style":"default","site-sidebar-style":"default","ast-global-header-display":"","ast-banner-title-visibility":"","ast-main-header-display":"","ast-hfb-above-header-display":"","ast-hfb-below-header-display":"","ast-hfb-mobile-header-display":"","site-post-title":"","ast-breadcrumbs-content":"","ast-featured-img":"","footer-sml-layout":"","theme-transparent-header-meta":"default","adv-header-id-meta":"","stick-header-meta":"","header-above-stick-meta":"","header-main-stick-meta":"","header-below-stick-meta":"","astra-migrate-meta-layouts":"set","ast-page-background-enabled":"default","ast-page-background-meta":{"desktop":{"background-color":"var(--ast-global-color-4)","background-image":"","background-repeat":"repeat","background-position":"center center","background-size":"auto","background-attachment":"scroll","background-type":"","background-media":"","overlay-type":"","overlay-color":"","overlay-opacity":"","overlay-gradient":""},"tablet":{"background-color":"","background-image":"","background-repeat":"repeat","background-position":"center center","background-size":"auto","background-attachment":"scroll","background-type":"","background-media":"","overlay-type":"","overlay-color":"","overlay-opacity":"","overlay-gradient":""},"mobile":{"background-color":"","background-image":"","background-repeat":"repeat","background-position":"center center","background-size":"auto","background-attachment":"scroll","background-type":"","background-media":"","overlay-type":"","overlay-color":"","overlay-opacity":"","overlay-gradient":""}},"ast-content-background-meta":{"desktop":{"background-color":"var(--ast-global-color-5)","background-image":"","background-repeat":"repeat","background-position":"center center","background-size":"auto","background-attachment":"scroll","background-type":"","background-media":"","overlay-type":"","overlay-color":"","overlay-opacity":"","overlay-gradient":""},"tablet":{"background-color":"var(--ast-global-color-5)","background-image":"","background-repeat":"repeat","background-position":"center center","background-size":"auto","background-attachment":"scroll","background-type":"","background-media":"","overlay-type":"","overlay-color":"","overlay-opacity":"","overlay-gradient":""},"mobile":{"background-color":"var(--ast-global-color-5)","background-image":"","background-repeat":"repeat","background-position":"center center","background-size":"auto","background-attachment":"scroll","background-type":"","background-media":"","overlay-type":"","overlay-color":"","overlay-opacity":"","overlay-gradient":""}}},"product_brand":[],"product_cat":[1001],"product_tag":[],"class_list":{"0":"post-54424","1":"product","2":"type-product","3":"status-publish","4":"has-post-thumbnail","6":"product_cat-household-goods","7":"pa_57272_uk8owckm-silver","8":"pa_57272_uk8owckm-svart","9":"desktop-align-left","10":"tablet-align-left","11":"mobile-align-left","13":"first","14":"instock","15":"shipping-taxable","16":"purchasable","17":"product-type-variable"},"_links":{"self":[{"href":"https:\/\/keluvo.com\/se\/wp-json\/wp\/v2\/product\/54424","targetHints":{"allow":["GET"]}}],"collection":[{"href":"https:\/\/keluvo.com\/se\/wp-json\/wp\/v2\/product"}],"about":[{"href":"https:\/\/keluvo.com\/se\/wp-json\/wp\/v2\/types\/product"}],"replies":[{"embeddable":true,"href":"https:\/\/keluvo.com\/se\/wp-json\/wp\/v2\/comments?post=54424"}],"wp:featuredmedia":[{"embeddable":true,"href":"https:\/\/keluvo.com\/se\/wp-json\/wp\/v2\/media\/54420"}],"wp:attachment":[{"href":"https:\/\/keluvo.com\/se\/wp-json\/wp\/v2\/media?parent=54424"}],"wp:term":[{"taxonomy":"product_brand","embeddable":true,"href":"https:\/\/keluvo.com\/se\/wp-json\/wp\/v2\/product_brand?post=54424"},{"taxonomy":"product_cat","embeddable":true,"href":"https:\/\/keluvo.com\/se\/wp-json\/wp\/v2\/product_cat?post=54424"},{"taxonomy":"product_tag","embeddable":true,"href":"https:\/\/keluvo.com\/se\/wp-json\/wp\/v2\/product_tag?post=54424"}],"curies":[{"name":"wp","href":"https:\/\/api.w.org\/{rel}","templated":true}]}}