{"id":5438,"date":"2025-01-13T15:06:56","date_gmt":"2025-01-13T13:06:56","guid":{"rendered":"https:\/\/keluvo.com\/se\/product\/hoodie-vaxelspakskapa\/"},"modified":"2025-01-13T15:07:25","modified_gmt":"2025-01-13T13:07:25","slug":"hoodie-vaxelspakskapa","status":"publish","type":"product","link":"https:\/\/keluvo.com\/se\/product\/hoodie-vaxelspakskapa\/","title":{"rendered":"Hoodie v\u00e4xelspaksk\u00e5pa"},"content":{"rendered":"<h2 style=\"text-align: center\"><strong>Snygg Design F\u00f6r Din Bil<\/strong><\/h2>\n<p style=\"text-align: center\">V\u00e4xelk\u00e5pan med huvtr\u00f6ja ger en rolig och modern touch till din bils interi\u00f6r. Tillverkad av \u00e4kta hoodie-tyg ger den en unik stil till din v\u00e4xelspaksknopp. Detta dekorativa skydd \u00e4r perfekt f\u00f6r alla som vill g\u00f6ra sin bilinredning mer personlig och trendig.<\/p>\n<p><img decoding=\"async\" class=\"size-medium wp-image-5815 aligncenter\" src=\"https:\/\/keluvo.com\/template\/wp-content\/uploads\/sites\/5\/2024\/12\/Sd17a54034f934c64a1f2a2e30bc9327f9.jpg_960x960q75.jpg_.jpeg\" alt=\"\" \/><\/p>\n<h2 style=\"text-align: center\"><strong>Bekv\u00e4m F\u00f6r Alla \u00c5rstider<\/strong><\/h2>\n<p style=\"text-align: center\">Detta hoodie-v\u00e4xelspakskydd \u00e4r inte bara snyggt utan ocks\u00e5 praktiskt. Det h\u00e5ller din hand varm p\u00e5 vintern och hj\u00e4lper till att skydda din v\u00e4xelspaksknopp fr\u00e5n v\u00e4rmen p\u00e5 sommaren. Det \u00e4r ett m\u00e5ngsidigt tillbeh\u00f6r som passar f\u00f6r b\u00e5de varmt och kallt v\u00e4der.<\/p>\n<p><img decoding=\"async\" class=\"alignnone size-medium wp-image-5812 aligncenter\" src=\"https:\/\/keluvo.com\/template\/wp-content\/uploads\/sites\/5\/2024\/12\/Sc7f6690d84994aacb38acb1e30cddb6ez.jpeg\" alt=\"\" \/><\/p>\n<p><img decoding=\"async\" class=\"alignnone size-medium wp-image-5812 aligncenter\" src=\"https:\/\/keluvo.com\/template\/wp-content\/uploads\/sites\/5\/2024\/12\/Sc7f6690d84994aacb38acb1e30cddb6ezjpeg\" alt=\"\" \/><\/p>\n","protected":false},"excerpt":{"rendered":"<p>Snygg Design F\u00f6r Din Bil V\u00e4xelk\u00e5pan med huvtr\u00f6ja ger en rolig och modern touch till din bils interi\u00f6r. Tillverkad av [&hellip;]<\/p>\n","protected":false},"featured_media":5434,"comment_status":"open","ping_status":"closed","template":"","meta":{"site-sidebar-layout":"default","site-content-layout":"","ast-site-content-layout":"default","site-content-style":"default","site-sidebar-style":"default","ast-global-header-display":"","ast-banner-title-visibility":"","ast-main-header-display":"","ast-hfb-above-header-display":"","ast-hfb-below-header-display":"","ast-hfb-mobile-header-display":"","site-post-title":"","ast-breadcrumbs-content":"","ast-featured-img":"","footer-sml-layout":"","theme-transparent-header-meta":"default","adv-header-id-meta":"","stick-header-meta":"","header-above-stick-meta":"","header-main-stick-meta":"","header-below-stick-meta":"","astra-migrate-meta-layouts":"set","ast-page-background-enabled":"default","ast-page-background-meta":{"desktop":{"background-color":"var(--ast-global-color-4)","background-image":"","background-repeat":"repeat","background-position":"center center","background-size":"auto","background-attachment":"scroll","background-type":"","background-media":"","overlay-type":"","overlay-color":"","overlay-opacity":"","overlay-gradient":""},"tablet":{"background-color":"","background-image":"","background-repeat":"repeat","background-position":"center center","background-size":"auto","background-attachment":"scroll","background-type":"","background-media":"","overlay-type":"","overlay-color":"","overlay-opacity":"","overlay-gradient":""},"mobile":{"background-color":"","background-image":"","background-repeat":"repeat","background-position":"center center","background-size":"auto","background-attachment":"scroll","background-type":"","background-media":"","overlay-type":"","overlay-color":"","overlay-opacity":"","overlay-gradient":""}},"ast-content-background-meta":{"desktop":{"background-color":"var(--ast-global-color-5)","background-image":"","background-repeat":"repeat","background-position":"center center","background-size":"auto","background-attachment":"scroll","background-type":"","background-media":"","overlay-type":"","overlay-color":"","overlay-opacity":"","overlay-gradient":""},"tablet":{"background-color":"var(--ast-global-color-5)","background-image":"","background-repeat":"repeat","background-position":"center center","background-size":"auto","background-attachment":"scroll","background-type":"","background-media":"","overlay-type":"","overlay-color":"","overlay-opacity":"","overlay-gradient":""},"mobile":{"background-color":"var(--ast-global-color-5)","background-image":"","background-repeat":"repeat","background-position":"center center","background-size":"auto","background-attachment":"scroll","background-type":"","background-media":"","overlay-type":"","overlay-color":"","overlay-opacity":"","overlay-gradient":""}}},"product_brand":[],"product_cat":[998],"product_tag":[],"class_list":{"0":"post-5438","1":"product","2":"type-product","3":"status-publish","4":"has-post-thumbnail","6":"product_cat-automotive-products","7":"pa_2pbjn64s-bla","8":"pa_2pbjn64s-orange","9":"pa_2pbjn64s-rod","10":"pa_2pbjn64s-rosa","11":"pa_2pbjn64s-svart","12":"pa_2pbjn64s-vit","13":"desktop-align-left","14":"tablet-align-left","15":"mobile-align-left","17":"first","18":"instock","19":"shipping-taxable","20":"purchasable","21":"product-type-variable"},"_links":{"self":[{"href":"https:\/\/keluvo.com\/se\/wp-json\/wp\/v2\/product\/5438","targetHints":{"allow":["GET"]}}],"collection":[{"href":"https:\/\/keluvo.com\/se\/wp-json\/wp\/v2\/product"}],"about":[{"href":"https:\/\/keluvo.com\/se\/wp-json\/wp\/v2\/types\/product"}],"replies":[{"embeddable":true,"href":"https:\/\/keluvo.com\/se\/wp-json\/wp\/v2\/comments?post=5438"}],"wp:featuredmedia":[{"embeddable":true,"href":"https:\/\/keluvo.com\/se\/wp-json\/wp\/v2\/media\/5434"}],"wp:attachment":[{"href":"https:\/\/keluvo.com\/se\/wp-json\/wp\/v2\/media?parent=5438"}],"wp:term":[{"taxonomy":"product_brand","embeddable":true,"href":"https:\/\/keluvo.com\/se\/wp-json\/wp\/v2\/product_brand?post=5438"},{"taxonomy":"product_cat","embeddable":true,"href":"https:\/\/keluvo.com\/se\/wp-json\/wp\/v2\/product_cat?post=5438"},{"taxonomy":"product_tag","embeddable":true,"href":"https:\/\/keluvo.com\/se\/wp-json\/wp\/v2\/product_tag?post=5438"}],"curies":[{"name":"wp","href":"https:\/\/api.w.org\/{rel}","templated":true}]}}