{"id":54353,"date":"2025-12-12T11:43:24","date_gmt":"2025-12-12T09:43:24","guid":{"rendered":"https:\/\/keluvo.com\/se\/product\/korglasogon\/"},"modified":"2025-12-12T11:45:03","modified_gmt":"2025-12-12T09:45:03","slug":"korglasogon","status":"publish","type":"product","link":"https:\/\/keluvo.com\/se\/product\/korglasogon\/","title":{"rendered":"K\u00f6rglas\u00f6gon"},"content":{"rendered":"<h2 class=\"image-with-text__heading h0 title-with-highlight\" style=\"text-align: center\"><strong>Bl\u00e4ndas Du Av Led-Str\u00e5lkastare?<\/strong><\/h2>\n<div class=\"image-with-text__text rte body\">\n<p style=\"text-align: center\">I m\u00f6rkret kan str\u00e5lkastarna fr\u00e5n m\u00f6tande bilar bl\u00e4nda kraftigt och g\u00f6ra det sv\u00e5rt att se v\u00e4gen. Varje m\u00f6te blir en utmaning.<\/p>\n<p style=\"text-align: center\">V\u00e5ra k\u00f6rglas\u00f6gon filtrerar bort bl\u00e4ndande ljus och f\u00f6rb\u00e4ttrar kontrasten, vilket g\u00f6r m\u00f6rkerk\u00f6rning tydligare och s\u00e4krare.<\/p>\n<p style=\"text-align: center\"><img fetchpriority=\"high\" decoding=\"async\" class=\"alignnone size-full wp-image-45440\" src=\"https:\/\/keluvo.com\/template\/wp-content\/uploads\/sites\/5\/2025\/12\/ezgif.com-webp-to-gif-converted_5.webp\" alt=\"\" width=\"540\" height=\"360\" \/><\/p>\n<h2 class=\"image-with-text__heading h1 title-with-highlight\" style=\"text-align: center\"><strong>Passar \u00d6ver Receptbelagda Glas\u00f6gon<\/strong><\/h2>\n<div class=\"image-with-text__text rte body\">\n<p style=\"text-align: center\">V\u00e5ra glas\u00f6gon \u00e4r utformade f\u00f6r att enkelt kunna b\u00e4ras \u00f6ver dina vanliga glas\u00f6gon.<\/p>\n<p style=\"text-align: center\"><img decoding=\"async\" class=\"alignnone wp-image-45443\" src=\"https:\/\/keluvo.com\/template\/wp-content\/uploads\/sites\/5\/2025\/12\/Skarmavbild_2025-02-14_kl._15.49.03.webp\" alt=\"\" width=\"545\" height=\"319\" \/><\/p>\n<h2 class=\"rich-text__heading rte h1 title-with-highlight\" style=\"text-align: center\"><strong>Skyddar Dina \u00d6gon<\/strong><\/h2>\n<div class=\"rich-text__text rte\" style=\"text-align: center\">\n<p>Med \u00e5ldern blir \u00f6gonen k\u00e4nsligare f\u00f6r starkt ljus. En 60-\u00e5ring kan bli bl\u00e4ndad i upp till 9 sekunder, medan en 20-\u00e5ring \u00e5terh\u00e4mtar sig p\u00e5 bara 2 sekunder. V\u00e5ra glas\u00f6gon minskar bl\u00e4ndningen och hj\u00e4lper \u00f6gonen att \u00e5terh\u00e4mta sig snabbare.<\/p>\n<p><img decoding=\"async\" class=\"alignnone size-full wp-image-45441\" src=\"https:\/\/keluvo.com\/template\/wp-content\/uploads\/sites\/5\/2025\/12\/ezgif.com-optimize.webp\" alt=\"\" width=\"600\" height=\"334\" \/><\/p>\n<\/div>\n<h2 class=\"image-with-text__heading h1 title-with-highlight\" style=\"text-align: center\"><strong>Minskar Risken F\u00f6r Olyckor<\/strong><\/h2>\n<div class=\"image-with-text__text rte body\" style=\"text-align: center\">\n<p>Varje \u00e5r intr\u00e4ffar tusentals bilolyckor p\u00e5 grund av d\u00e5lig sikt i m\u00f6rkret och bl\u00e4ndande str\u00e5lkastare.<\/p>\n<p>Med v\u00e5ra glas\u00f6gon ser du v\u00e4gen tydligare och reagerar snabbare, vilket g\u00f6r nattk\u00f6rning b\u00e5de s\u00e4krare och mer avslappnad.<\/p>\n<\/div>\n<div class=\"rte\">\n<div class=\"rte\">\n<p><img loading=\"lazy\" decoding=\"async\" class=\"alignnone size-full wp-image-45442 aligncenter\" src=\"https:\/\/keluvo.com\/template\/wp-content\/uploads\/sites\/5\/2025\/12\/202501071524-ezgif.com-video-to-gif-converter.webp\" alt=\"\" width=\"800\" height=\"490\" \/><\/p>\n<\/div>\n<\/div>\n<\/div>\n<\/div>\n","protected":false},"excerpt":{"rendered":"<p>Bl\u00e4ndas Du Av Led-Str\u00e5lkastare? I m\u00f6rkret kan str\u00e5lkastarna fr\u00e5n m\u00f6tande bilar bl\u00e4nda kraftigt och g\u00f6ra det sv\u00e5rt att se v\u00e4gen. [&hellip;]<\/p>\n","protected":false},"featured_media":54349,"comment_status":"open","ping_status":"closed","template":"","meta":{"site-sidebar-layout":"default","site-content-layout":"","ast-site-content-layout":"default","site-content-style":"default","site-sidebar-style":"default","ast-global-header-display":"","ast-banner-title-visibility":"","ast-main-header-display":"","ast-hfb-above-header-display":"","ast-hfb-below-header-display":"","ast-hfb-mobile-header-display":"","site-post-title":"","ast-breadcrumbs-content":"","ast-featured-img":"","footer-sml-layout":"","theme-transparent-header-meta":"default","adv-header-id-meta":"","stick-header-meta":"","header-above-stick-meta":"","header-main-stick-meta":"","header-below-stick-meta":"","astra-migrate-meta-layouts":"set","ast-page-background-enabled":"default","ast-page-background-meta":{"desktop":{"background-color":"var(--ast-global-color-4)","background-image":"","background-repeat":"repeat","background-position":"center center","background-size":"auto","background-attachment":"scroll","background-type":"","background-media":"","overlay-type":"","overlay-color":"","overlay-opacity":"","overlay-gradient":""},"tablet":{"background-color":"","background-image":"","background-repeat":"repeat","background-position":"center center","background-size":"auto","background-attachment":"scroll","background-type":"","background-media":"","overlay-type":"","overlay-color":"","overlay-opacity":"","overlay-gradient":""},"mobile":{"background-color":"","background-image":"","background-repeat":"repeat","background-position":"center center","background-size":"auto","background-attachment":"scroll","background-type":"","background-media":"","overlay-type":"","overlay-color":"","overlay-opacity":"","overlay-gradient":""}},"ast-content-background-meta":{"desktop":{"background-color":"var(--ast-global-color-5)","background-image":"","background-repeat":"repeat","background-position":"center center","background-size":"auto","background-attachment":"scroll","background-type":"","background-media":"","overlay-type":"","overlay-color":"","overlay-opacity":"","overlay-gradient":""},"tablet":{"background-color":"var(--ast-global-color-5)","background-image":"","background-repeat":"repeat","background-position":"center center","background-size":"auto","background-attachment":"scroll","background-type":"","background-media":"","overlay-type":"","overlay-color":"","overlay-opacity":"","overlay-gradient":""},"mobile":{"background-color":"var(--ast-global-color-5)","background-image":"","background-repeat":"repeat","background-position":"center center","background-size":"auto","background-attachment":"scroll","background-type":"","background-media":"","overlay-type":"","overlay-color":"","overlay-opacity":"","overlay-gradient":""}}},"product_brand":[],"product_cat":[15],"product_tag":[],"class_list":{"0":"post-54353","1":"product","2":"type-product","3":"status-publish","4":"has-post-thumbnail","6":"product_cat-uncategorized","7":"pa_60611_ha1vojun-1-st","8":"pa_60611_ha1vojun-2-st","9":"pa_60611_ha1vojun-3-st","10":"desktop-align-left","11":"tablet-align-left","12":"mobile-align-left","14":"first","15":"instock","16":"shipping-taxable","17":"purchasable","18":"product-type-variable"},"_links":{"self":[{"href":"https:\/\/keluvo.com\/se\/wp-json\/wp\/v2\/product\/54353","targetHints":{"allow":["GET"]}}],"collection":[{"href":"https:\/\/keluvo.com\/se\/wp-json\/wp\/v2\/product"}],"about":[{"href":"https:\/\/keluvo.com\/se\/wp-json\/wp\/v2\/types\/product"}],"replies":[{"embeddable":true,"href":"https:\/\/keluvo.com\/se\/wp-json\/wp\/v2\/comments?post=54353"}],"wp:featuredmedia":[{"embeddable":true,"href":"https:\/\/keluvo.com\/se\/wp-json\/wp\/v2\/media\/54349"}],"wp:attachment":[{"href":"https:\/\/keluvo.com\/se\/wp-json\/wp\/v2\/media?parent=54353"}],"wp:term":[{"taxonomy":"product_brand","embeddable":true,"href":"https:\/\/keluvo.com\/se\/wp-json\/wp\/v2\/product_brand?post=54353"},{"taxonomy":"product_cat","embeddable":true,"href":"https:\/\/keluvo.com\/se\/wp-json\/wp\/v2\/product_cat?post=54353"},{"taxonomy":"product_tag","embeddable":true,"href":"https:\/\/keluvo.com\/se\/wp-json\/wp\/v2\/product_tag?post=54353"}],"curies":[{"name":"wp","href":"https:\/\/api.w.org\/{rel}","templated":true}]}}