{"id":5433,"date":"2025-01-13T15:05:38","date_gmt":"2025-01-13T13:05:38","guid":{"rendered":"https:\/\/keluvo.com\/se\/product\/figurin-for-prydnadsforemal-i-harts\/"},"modified":"2025-01-13T15:05:38","modified_gmt":"2025-01-13T13:05:38","slug":"figurin-for-prydnadsforemal-i-harts","status":"publish","type":"product","link":"https:\/\/keluvo.com\/se\/product\/figurin-for-prydnadsforemal-i-harts\/","title":{"rendered":"Figurin f\u00f6r prydnadsf\u00f6rem\u00e5l i harts"},"content":{"rendered":"<h2 style=\"text-align: center\"><strong>Fira N\u00e4ra Relationer<\/strong><\/h2>\n<p style=\"text-align: center\">Prydnadsfiguren i harts representerar vackert det k\u00e4rleksfulla bandet mellan systrar, v\u00e4nner eller familj. Det \u00e4r en hj\u00e4rtlig p\u00e5minnelse om de m\u00e4nniskor som ger styrka och gl\u00e4dje i v\u00e5ra liv. Dela med dig av denna figurin som en symbol f\u00f6r samh\u00f6righet, skratt och st\u00f6d.<\/p>\n<p><img decoding=\"async\" class=\"alignnone size-medium wp-image-7595 aligncenter\" src=\"https:\/\/keluvo.com\/template\/wp-content\/uploads\/sites\/5\/2025\/01\/a76acdb2-fa6d-4988-8751-dee44c279d9d.webp\" alt=\"\" \/><\/p>\n<h2 style=\"text-align: center\"><strong>H\u00e5llbar Och L\u00e5nglivad<\/strong><\/h2>\n<p style=\"text-align: center\">Den h\u00e4r figurinen \u00e4r tillverkad av h\u00f6gkvalitativt harts och \u00e4r byggd f\u00f6r att h\u00e5lla. Dess h\u00e5llbara material motst\u00e5r blekning, vilket s\u00e4kerst\u00e4ller att skulpturen f\u00f6rblir livlig och fr\u00e4sch \u00f6ver tiden. Detta tidl\u00f6sa f\u00f6rem\u00e5l kan h\u00e5lla dina \u00e4lskade minnen vid liv i flera \u00e5r.<\/p>\n<p><img decoding=\"async\" class=\"alignnone size-medium wp-image-7593 aligncenter\" src=\"https:\/\/keluvo.com\/template\/wp-content\/uploads\/sites\/5\/2025\/01\/9f1fc693-e050-4b68-93a6-3013ef1c09d4.webp\" alt=\"\" \/><\/p>\n","protected":false},"excerpt":{"rendered":"<p>Fira N\u00e4ra Relationer Prydnadsfiguren i harts representerar vackert det k\u00e4rleksfulla bandet mellan systrar, v\u00e4nner eller familj. Det \u00e4r en hj\u00e4rtlig [&hellip;]<\/p>\n","protected":false},"featured_media":5429,"comment_status":"open","ping_status":"closed","template":"","meta":{"site-sidebar-layout":"default","site-content-layout":"","ast-site-content-layout":"default","site-content-style":"default","site-sidebar-style":"default","ast-global-header-display":"","ast-banner-title-visibility":"","ast-main-header-display":"","ast-hfb-above-header-display":"","ast-hfb-below-header-display":"","ast-hfb-mobile-header-display":"","site-post-title":"","ast-breadcrumbs-content":"","ast-featured-img":"","footer-sml-layout":"","theme-transparent-header-meta":"default","adv-header-id-meta":"","stick-header-meta":"","header-above-stick-meta":"","header-main-stick-meta":"","header-below-stick-meta":"","astra-migrate-meta-layouts":"set","ast-page-background-enabled":"default","ast-page-background-meta":{"desktop":{"background-color":"var(--ast-global-color-4)","background-image":"","background-repeat":"repeat","background-position":"center center","background-size":"auto","background-attachment":"scroll","background-type":"","background-media":"","overlay-type":"","overlay-color":"","overlay-opacity":"","overlay-gradient":""},"tablet":{"background-color":"","background-image":"","background-repeat":"repeat","background-position":"center center","background-size":"auto","background-attachment":"scroll","background-type":"","background-media":"","overlay-type":"","overlay-color":"","overlay-opacity":"","overlay-gradient":""},"mobile":{"background-color":"","background-image":"","background-repeat":"repeat","background-position":"center center","background-size":"auto","background-attachment":"scroll","background-type":"","background-media":"","overlay-type":"","overlay-color":"","overlay-opacity":"","overlay-gradient":""}},"ast-content-background-meta":{"desktop":{"background-color":"var(--ast-global-color-5)","background-image":"","background-repeat":"repeat","background-position":"center center","background-size":"auto","background-attachment":"scroll","background-type":"","background-media":"","overlay-type":"","overlay-color":"","overlay-opacity":"","overlay-gradient":""},"tablet":{"background-color":"var(--ast-global-color-5)","background-image":"","background-repeat":"repeat","background-position":"center center","background-size":"auto","background-attachment":"scroll","background-type":"","background-media":"","overlay-type":"","overlay-color":"","overlay-opacity":"","overlay-gradient":""},"mobile":{"background-color":"var(--ast-global-color-5)","background-image":"","background-repeat":"repeat","background-position":"center center","background-size":"auto","background-attachment":"scroll","background-type":"","background-media":"","overlay-type":"","overlay-color":"","overlay-opacity":"","overlay-gradient":""}}},"product_brand":[],"product_cat":[15],"product_tag":[],"class_list":{"0":"post-5433","1":"product","2":"type-product","3":"status-publish","4":"has-post-thumbnail","6":"product_cat-uncategorized","7":"desktop-align-left","8":"tablet-align-left","9":"mobile-align-left","11":"first","12":"instock","13":"shipping-taxable","14":"purchasable","15":"product-type-simple"},"_links":{"self":[{"href":"https:\/\/keluvo.com\/se\/wp-json\/wp\/v2\/product\/5433","targetHints":{"allow":["GET"]}}],"collection":[{"href":"https:\/\/keluvo.com\/se\/wp-json\/wp\/v2\/product"}],"about":[{"href":"https:\/\/keluvo.com\/se\/wp-json\/wp\/v2\/types\/product"}],"replies":[{"embeddable":true,"href":"https:\/\/keluvo.com\/se\/wp-json\/wp\/v2\/comments?post=5433"}],"wp:featuredmedia":[{"embeddable":true,"href":"https:\/\/keluvo.com\/se\/wp-json\/wp\/v2\/media\/5429"}],"wp:attachment":[{"href":"https:\/\/keluvo.com\/se\/wp-json\/wp\/v2\/media?parent=5433"}],"wp:term":[{"taxonomy":"product_brand","embeddable":true,"href":"https:\/\/keluvo.com\/se\/wp-json\/wp\/v2\/product_brand?post=5433"},{"taxonomy":"product_cat","embeddable":true,"href":"https:\/\/keluvo.com\/se\/wp-json\/wp\/v2\/product_cat?post=5433"},{"taxonomy":"product_tag","embeddable":true,"href":"https:\/\/keluvo.com\/se\/wp-json\/wp\/v2\/product_tag?post=5433"}],"curies":[{"name":"wp","href":"https:\/\/api.w.org\/{rel}","templated":true}]}}