{"id":5425,"date":"2025-01-13T15:04:09","date_gmt":"2025-01-13T13:04:09","guid":{"rendered":"https:\/\/keluvo.com\/se\/product\/set-med-eteriska-oljor\/"},"modified":"2025-01-13T15:04:10","modified_gmt":"2025-01-13T13:04:10","slug":"set-med-eteriska-oljor","status":"publish","type":"product","link":"https:\/\/keluvo.com\/se\/product\/set-med-eteriska-oljor\/","title":{"rendered":"Set med eteriska oljor"},"content":{"rendered":"<h2 style=\"text-align: center\"><strong>Complete Essential Oils Set<\/strong><\/h2>\n<p style=\"text-align: center\">Detta set med eteriska oljor inneh\u00e5ller 35 noggrant utvalda oljor som \u00e4r perfekta f\u00f6r en m\u00e4ngd olika anv\u00e4ndningsomr\u00e5den. Varje flaska har en unik doft, fr\u00e5n lugnande lavendel till uppfriskande pepparmynta. Det \u00e4r ett utm\u00e4rkt val f\u00f6r aromaterapi, DIY-projekt eller som en omt\u00e4nksam present.<\/p>\n<p><img decoding=\"async\" class=\"alignnone size-medium wp-image-4978 aligncenter\" src=\"https:\/\/keluvo.com\/template\/wp-content\/uploads\/sites\/5\/2024\/12\/S6baa79a9b9a4405f9d2f7b20c438dc8dU.jpg_960x960q75.jpg_.jpeg\" alt=\"\" \/><\/p>\n<h2 style=\"text-align: center\"><strong>Perfect For Diy Projects<\/strong><\/h2>\n<p style=\"text-align: center\">Skapa dina egna ljus, badbollar eller parfymer med detta set med eteriska oljor. Oljorna kan anv\u00e4ndas i diffusorer, luftfr\u00e4schare och till och med f\u00f6r h\u00e5rv\u00e5rdsrutiner. Njut av o\u00e4ndliga m\u00f6jligheter att ge avkoppling och friskhet till ditt utrymme.<\/p>\n<p><img decoding=\"async\" class=\"alignnone size-medium wp-image-4983 aligncenter\" src=\"https:\/\/keluvo.com\/template\/wp-content\/uploads\/sites\/5\/2024\/12\/Seed75e58a0804fa0b7370665c838c46ct.jpg_960x960q75.jpg_-1.jpeg\" alt=\"\" \/><\/p>\n","protected":false},"excerpt":{"rendered":"<p>Complete Essential Oils Set Detta set med eteriska oljor inneh\u00e5ller 35 noggrant utvalda oljor som \u00e4r perfekta f\u00f6r en m\u00e4ngd [&hellip;]<\/p>\n","protected":false},"featured_media":5421,"comment_status":"open","ping_status":"closed","template":"","meta":{"site-sidebar-layout":"default","site-content-layout":"","ast-site-content-layout":"default","site-content-style":"default","site-sidebar-style":"default","ast-global-header-display":"","ast-banner-title-visibility":"","ast-main-header-display":"","ast-hfb-above-header-display":"","ast-hfb-below-header-display":"","ast-hfb-mobile-header-display":"","site-post-title":"","ast-breadcrumbs-content":"","ast-featured-img":"","footer-sml-layout":"","theme-transparent-header-meta":"default","adv-header-id-meta":"","stick-header-meta":"","header-above-stick-meta":"","header-main-stick-meta":"","header-below-stick-meta":"","astra-migrate-meta-layouts":"set","ast-page-background-enabled":"default","ast-page-background-meta":{"desktop":{"background-color":"var(--ast-global-color-4)","background-image":"","background-repeat":"repeat","background-position":"center center","background-size":"auto","background-attachment":"scroll","background-type":"","background-media":"","overlay-type":"","overlay-color":"","overlay-opacity":"","overlay-gradient":""},"tablet":{"background-color":"","background-image":"","background-repeat":"repeat","background-position":"center center","background-size":"auto","background-attachment":"scroll","background-type":"","background-media":"","overlay-type":"","overlay-color":"","overlay-opacity":"","overlay-gradient":""},"mobile":{"background-color":"","background-image":"","background-repeat":"repeat","background-position":"center center","background-size":"auto","background-attachment":"scroll","background-type":"","background-media":"","overlay-type":"","overlay-color":"","overlay-opacity":"","overlay-gradient":""}},"ast-content-background-meta":{"desktop":{"background-color":"var(--ast-global-color-5)","background-image":"","background-repeat":"repeat","background-position":"center center","background-size":"auto","background-attachment":"scroll","background-type":"","background-media":"","overlay-type":"","overlay-color":"","overlay-opacity":"","overlay-gradient":""},"tablet":{"background-color":"var(--ast-global-color-5)","background-image":"","background-repeat":"repeat","background-position":"center center","background-size":"auto","background-attachment":"scroll","background-type":"","background-media":"","overlay-type":"","overlay-color":"","overlay-opacity":"","overlay-gradient":""},"mobile":{"background-color":"var(--ast-global-color-5)","background-image":"","background-repeat":"repeat","background-position":"center center","background-size":"auto","background-attachment":"scroll","background-type":"","background-media":"","overlay-type":"","overlay-color":"","overlay-opacity":"","overlay-gradient":""}}},"product_brand":[],"product_cat":[1001],"product_tag":[],"class_list":{"0":"post-5425","1":"product","2":"type-product","3":"status-publish","4":"has-post-thumbnail","6":"product_cat-household-goods","7":"desktop-align-left","8":"tablet-align-left","9":"mobile-align-left","11":"first","12":"instock","13":"shipping-taxable","14":"purchasable","15":"product-type-simple"},"_links":{"self":[{"href":"https:\/\/keluvo.com\/se\/wp-json\/wp\/v2\/product\/5425","targetHints":{"allow":["GET"]}}],"collection":[{"href":"https:\/\/keluvo.com\/se\/wp-json\/wp\/v2\/product"}],"about":[{"href":"https:\/\/keluvo.com\/se\/wp-json\/wp\/v2\/types\/product"}],"replies":[{"embeddable":true,"href":"https:\/\/keluvo.com\/se\/wp-json\/wp\/v2\/comments?post=5425"}],"wp:featuredmedia":[{"embeddable":true,"href":"https:\/\/keluvo.com\/se\/wp-json\/wp\/v2\/media\/5421"}],"wp:attachment":[{"href":"https:\/\/keluvo.com\/se\/wp-json\/wp\/v2\/media?parent=5425"}],"wp:term":[{"taxonomy":"product_brand","embeddable":true,"href":"https:\/\/keluvo.com\/se\/wp-json\/wp\/v2\/product_brand?post=5425"},{"taxonomy":"product_cat","embeddable":true,"href":"https:\/\/keluvo.com\/se\/wp-json\/wp\/v2\/product_cat?post=5425"},{"taxonomy":"product_tag","embeddable":true,"href":"https:\/\/keluvo.com\/se\/wp-json\/wp\/v2\/product_tag?post=5425"}],"curies":[{"name":"wp","href":"https:\/\/api.w.org\/{rel}","templated":true}]}}