{"id":54137,"date":"2025-12-10T15:18:09","date_gmt":"2025-12-10T13:18:09","guid":{"rendered":"https:\/\/keluvo.com\/se\/product\/multifunktionellt-verktyg-for-kapning-av-ralskant\/"},"modified":"2025-12-10T16:05:41","modified_gmt":"2025-12-10T14:05:41","slug":"multifunktionellt-verktyg-for-kapning-av-ralskant","status":"publish","type":"product","link":"https:\/\/keluvo.com\/se\/product\/multifunktionellt-verktyg-for-kapning-av-ralskant\/","title":{"rendered":"Multifunktionellt verktyg f\u00f6r kapning av r\u00e4lskant"},"content":{"rendered":"<p style=\"text-align: center;\" data-start=\"0\" data-end=\"44\"><strong data-start=\"0\" data-end=\"44\">G\u00f6r Raka, Exakta Snitt Varje G\u00e5ng. \ud83d\udee0\ufe0f<\/strong><\/p>\n<p style=\"text-align: center;\" data-start=\"46\" data-end=\"245\">Detta multifunktionellt verktyg f\u00f6r skenkantsk\u00e4rning hj\u00e4lper dig att styra din sk\u00e4rmaskin med precision. Det h\u00e5ller dina snitt raka, rena och j\u00e4mna, vilket sparar tid och minskar antalet misstag under snickeriarbetet. Ett m\u00e5ste f\u00f6r rena, professionella tr\u00e4bearbetningsresultat hemma eller i verkstaden.<\/p>\n<p data-start=\"46\" data-end=\"245\"><img fetchpriority=\"high\" decoding=\"async\" class=\"size-full wp-image-44749 aligncenter\" src=\"https:\/\/keluvo.com\/template\/wp-content\/uploads\/sites\/5\/2025\/12\/10228-ezgif.com-video-to-webp-converter-3.webp\" alt=\"\" width=\"500\" height=\"500\" \/><\/p>\n<h2 style=\"text-align: center;\" data-start=\"247\" data-end=\"267\">\ud83d\ude80 Huvudf\u00f6rdelar<\/h2>\n<p data-start=\"270\" data-end=\"345\">\ud83d\udccf H\u00f6g sk\u00e4rprecision &#8211; tydliga dubbla linjaler f\u00f6r exakta m\u00e4tningar.<\/p>\n<p data-start=\"348\" data-end=\"419\">\ud83d\udd12 Snabbl\u00e5sjustering &#8211; st\u00e4ll enkelt in och l\u00e5s din sk\u00e4rbredd.<\/p>\n<p data-start=\"422\" data-end=\"483\">\ud83d\udee0\ufe0f Starkt rostfritt st\u00e5l &#8211; h\u00e5llbart och slitstarkt.<\/p>\n<p data-start=\"486\" data-end=\"534\">\u2699\ufe0f Smidig drift &#8211; sk\u00e4r utan att fastna.<\/p>\n<p data-start=\"537\" data-end=\"607\">\ud83d\udd01 Bred kompatibilitet &#8211; fungerar med kap- och trimmaskiner.<\/p>\n<p data-start=\"610\" data-end=\"679\">\ud83e\udeb5 Perfekt f\u00f6r snickerier &#8211; perfekt f\u00f6r tr\u00e4 och liknande material.<\/p>\n<p data-start=\"610\" data-end=\"679\"><img decoding=\"async\" class=\"size-full wp-image-44748 aligncenter\" src=\"https:\/\/keluvo.com\/template\/wp-content\/uploads\/sites\/5\/2025\/12\/10229-ezgif.com-video-to-webp-converter-1.webp\" alt=\"\" width=\"500\" height=\"500\" \/><\/p>\n<h2 style=\"text-align: center;\" data-start=\"681\" data-end=\"699\">\ud83d\udd79\ufe0f Anv\u00e4ndning<\/h2>\n<ol data-start=\"700\" data-end=\"926\">\n<li data-start=\"700\" data-end=\"775\">\n<p data-start=\"703\" data-end=\"775\">F\u00e4st styrskenan p\u00e5 din 10 och 13 cm kap- eller trimmaskin.<\/p>\n<\/li>\n<li data-start=\"776\" data-end=\"831\">\n<p data-start=\"779\" data-end=\"831\">Justera sk\u00e4rbredden med hj\u00e4lp av skalan och vredet.<\/p>\n<\/li>\n<li data-start=\"832\" data-end=\"864\">\n<p data-start=\"835\" data-end=\"864\">L\u00e5s positionen p\u00e5 plats.<\/p>\n<\/li>\n<li data-start=\"865\" data-end=\"926\">\n<p data-start=\"868\" data-end=\"926\">Styr maskinen l\u00e4ngs kanten f\u00f6r att g\u00f6ra ett rakt snitt.<\/p>\n<\/li>\n<\/ol>\n<h2 style=\"text-align: center;\" data-start=\"928\" data-end=\"950\">\ud83d\udccb Produktdetaljer<\/h2>\n<ul data-start=\"951\" data-end=\"1273\">\n<li data-start=\"1008\" data-end=\"1044\">\n<p data-start=\"1010\" data-end=\"1044\">Modell: positioneringssk\u00e4rplatta<\/p>\n<\/li>\n<li data-start=\"1045\" data-end=\"1074\">\n<p data-start=\"1047\" data-end=\"1074\">Material: rostfritt st\u00e5l<\/p>\n<\/li>\n<li data-start=\"1075\" data-end=\"1101\">\n<p data-start=\"1077\" data-end=\"1101\">Sk\u00e4romr\u00e5de: 0-32 cm<\/p>\n<\/li>\n<li data-start=\"1102\" data-end=\"1180\">\n<p data-start=\"1104\" data-end=\"1180\">Applicerbara maskiner: 10 och 13 cm sk\u00e4rmaskiner, trimmaskiner<\/p>\n<\/li>\n<li data-start=\"1181\" data-end=\"1223\">\n<p data-start=\"1183\" data-end=\"1223\">Anv\u00e4ndningsomr\u00e5de: snickeri och tr\u00e4bearbetning<\/p>\n<\/li>\n<li data-start=\"1224\" data-end=\"1273\">\n<p data-start=\"1226\" data-end=\"1273\">Design: dubbel linjalskala med snabbl\u00e5svred<\/p>\n<\/li>\n<\/ul>\n<h2 style=\"text-align: center;\" data-start=\"1275\" data-end=\"1298\">\ud83d\udce6 Paketet inneh\u00e5ller<\/h2>\n<ul data-start=\"1299\" data-end=\"1321\">\n<li data-start=\"1299\" data-end=\"1321\">\n<p data-start=\"1301\" data-end=\"1321\">1x multifunktionellt verktyg f\u00f6r kapning av r\u00e4lskanter.<\/p>\n<\/li>\n<\/ul>\n","protected":false},"excerpt":{"rendered":"<p>G\u00f6r Raka, Exakta Snitt Varje G\u00e5ng. \ud83d\udee0\ufe0f Detta multifunktionellt verktyg f\u00f6r skenkantsk\u00e4rning hj\u00e4lper dig att styra din sk\u00e4rmaskin med precision. [&hellip;]<\/p>\n","protected":false},"featured_media":54133,"comment_status":"open","ping_status":"closed","template":"","meta":{"site-sidebar-layout":"default","site-content-layout":"","ast-site-content-layout":"default","site-content-style":"default","site-sidebar-style":"default","ast-global-header-display":"","ast-banner-title-visibility":"","ast-main-header-display":"","ast-hfb-above-header-display":"","ast-hfb-below-header-display":"","ast-hfb-mobile-header-display":"","site-post-title":"","ast-breadcrumbs-content":"","ast-featured-img":"","footer-sml-layout":"","theme-transparent-header-meta":"default","adv-header-id-meta":"","stick-header-meta":"","header-above-stick-meta":"","header-main-stick-meta":"","header-below-stick-meta":"","astra-migrate-meta-layouts":"set","ast-page-background-enabled":"default","ast-page-background-meta":{"desktop":{"background-color":"var(--ast-global-color-4)","background-image":"","background-repeat":"repeat","background-position":"center center","background-size":"auto","background-attachment":"scroll","background-type":"","background-media":"","overlay-type":"","overlay-color":"","overlay-opacity":"","overlay-gradient":""},"tablet":{"background-color":"","background-image":"","background-repeat":"repeat","background-position":"center center","background-size":"auto","background-attachment":"scroll","background-type":"","background-media":"","overlay-type":"","overlay-color":"","overlay-opacity":"","overlay-gradient":""},"mobile":{"background-color":"","background-image":"","background-repeat":"repeat","background-position":"center center","background-size":"auto","background-attachment":"scroll","background-type":"","background-media":"","overlay-type":"","overlay-color":"","overlay-opacity":"","overlay-gradient":""}},"ast-content-background-meta":{"desktop":{"background-color":"var(--ast-global-color-5)","background-image":"","background-repeat":"repeat","background-position":"center center","background-size":"auto","background-attachment":"scroll","background-type":"","background-media":"","overlay-type":"","overlay-color":"","overlay-opacity":"","overlay-gradient":""},"tablet":{"background-color":"var(--ast-global-color-5)","background-image":"","background-repeat":"repeat","background-position":"center center","background-size":"auto","background-attachment":"scroll","background-type":"","background-media":"","overlay-type":"","overlay-color":"","overlay-opacity":"","overlay-gradient":""},"mobile":{"background-color":"var(--ast-global-color-5)","background-image":"","background-repeat":"repeat","background-position":"center center","background-size":"auto","background-attachment":"scroll","background-type":"","background-media":"","overlay-type":"","overlay-color":"","overlay-opacity":"","overlay-gradient":""}}},"product_brand":[],"product_cat":[996],"product_tag":[],"class_list":{"0":"post-54137","1":"product","2":"type-product","3":"status-publish","4":"has-post-thumbnail","6":"product_cat-tools","7":"desktop-align-left","8":"tablet-align-left","9":"mobile-align-left","11":"first","12":"instock","13":"shipping-taxable","14":"purchasable","15":"product-type-simple"},"_links":{"self":[{"href":"https:\/\/keluvo.com\/se\/wp-json\/wp\/v2\/product\/54137","targetHints":{"allow":["GET"]}}],"collection":[{"href":"https:\/\/keluvo.com\/se\/wp-json\/wp\/v2\/product"}],"about":[{"href":"https:\/\/keluvo.com\/se\/wp-json\/wp\/v2\/types\/product"}],"replies":[{"embeddable":true,"href":"https:\/\/keluvo.com\/se\/wp-json\/wp\/v2\/comments?post=54137"}],"wp:featuredmedia":[{"embeddable":true,"href":"https:\/\/keluvo.com\/se\/wp-json\/wp\/v2\/media\/54133"}],"wp:attachment":[{"href":"https:\/\/keluvo.com\/se\/wp-json\/wp\/v2\/media?parent=54137"}],"wp:term":[{"taxonomy":"product_brand","embeddable":true,"href":"https:\/\/keluvo.com\/se\/wp-json\/wp\/v2\/product_brand?post=54137"},{"taxonomy":"product_cat","embeddable":true,"href":"https:\/\/keluvo.com\/se\/wp-json\/wp\/v2\/product_cat?post=54137"},{"taxonomy":"product_tag","embeddable":true,"href":"https:\/\/keluvo.com\/se\/wp-json\/wp\/v2\/product_tag?post=54137"}],"curies":[{"name":"wp","href":"https:\/\/api.w.org\/{rel}","templated":true}]}}