{"id":5411,"date":"2025-01-13T15:02:31","date_gmt":"2025-01-13T13:02:31","guid":{"rendered":"https:\/\/keluvo.com\/se\/product\/organisator-for-kladforvaring\/"},"modified":"2025-08-14T13:38:58","modified_gmt":"2025-08-14T11:38:58","slug":"organisator-for-kladforvaring","status":"publish","type":"product","link":"https:\/\/keluvo.com\/se\/product\/organisator-for-kladforvaring\/","title":{"rendered":"Organisat\u00f6r f\u00f6r kl\u00e4df\u00f6rvaring"},"content":{"rendered":"<div class=\"group\/conversation-turn relative flex w-full min-w-0 flex-col agent-turn\">\n<div class=\"flex-col gap-1 md:gap-3\">\n<div class=\"flex max-w-full flex-col flex-grow\">\n<div class=\"min-h-8 text-message flex w-full flex-col items-end gap-2 whitespace-normal break-words text-start [.text-message+&amp;]:mt-5\" dir=\"auto\" data-message-author-role=\"assistant\" data-message-id=\"922d6f2a-48a3-4289-9a7d-d85cd80f9488\" data-message-model-slug=\"gpt-4o-mini\">\n<div class=\"flex w-full flex-col gap-1 empty:hidden first:pt-[3px]\">\n<div class=\"markdown prose w-full break-words dark:prose-invert light\">\n<h2 style=\"text-align: center\"><strong>Effektiv F\u00f6rvaringsl\u00f6sning<\/strong><\/h2>\n<p style=\"text-align: center\">Kl\u00e4df\u00f6rvaringsorganisat\u00f6ren \u00e4r utformad f\u00f6r att h\u00e5lla din garderob snygg och st\u00e4dad. Den l\u00e5ter dig f\u00f6rvara kl\u00e4der, byxor, strumpor och underkl\u00e4der i separata sektioner, vilket g\u00f6r det l\u00e4ttare att hitta det du beh\u00f6ver och sparar utrymme i dina l\u00e5dor eller garderob.<\/p>\n<p><img decoding=\"async\" class=\"alignnone size-medium wp-image-5621 aligncenter\" src=\"https:\/\/keluvo.com\/template\/wp-content\/uploads\/sites\/5\/2024\/12\/S58900d8e6f7746d088b43750836a1f13K.jpeg\" alt=\"\" \/><\/p>\n<h2 style=\"text-align: center\"><strong>Slitstarkt Nonwoven-Material<\/strong><\/h2>\n<p style=\"text-align: center\">Tillverkad av h\u00f6gkvalitativt nonwoven-tyg \u00e4r kl\u00e4df\u00f6rvaringsorganisat\u00f6ren byggd f\u00f6r att h\u00e5lla. Det robusta materialet s\u00e4kerst\u00e4ller att den h\u00e5ller sin form \u00e4ven n\u00e4r den \u00e4r fylld med kl\u00e4der, vilket ger l\u00e5ngvarig h\u00e5llbarhet f\u00f6r dina f\u00f6rvaringsbehov.<\/p>\n<p style=\"text-align: center\"><img decoding=\"async\" class=\"alignnone size-medium wp-image-5620\" src=\"https:\/\/keluvo.com\/template\/wp-content\/uploads\/sites\/5\/2024\/12\/Sb6721c3854194da9b5d847a99cbfc4717.jpg_960x960q75.jpg_.jpeg\" alt=\"\" \/><\/p>\n<\/div>\n<\/div>\n<\/div>\n<\/div>\n<\/div>\n<\/div>\n","protected":false},"excerpt":{"rendered":"<p>Effektiv F\u00f6rvaringsl\u00f6sning Kl\u00e4df\u00f6rvaringsorganisat\u00f6ren \u00e4r utformad f\u00f6r att h\u00e5lla din garderob snygg och st\u00e4dad. Den l\u00e5ter dig f\u00f6rvara kl\u00e4der, byxor, strumpor [&hellip;]<\/p>\n","protected":false},"featured_media":5407,"comment_status":"open","ping_status":"closed","template":"","meta":{"site-sidebar-layout":"default","site-content-layout":"","ast-site-content-layout":"default","site-content-style":"default","site-sidebar-style":"default","ast-global-header-display":"","ast-banner-title-visibility":"","ast-main-header-display":"","ast-hfb-above-header-display":"","ast-hfb-below-header-display":"","ast-hfb-mobile-header-display":"","site-post-title":"","ast-breadcrumbs-content":"","ast-featured-img":"","footer-sml-layout":"","theme-transparent-header-meta":"default","adv-header-id-meta":"","stick-header-meta":"","header-above-stick-meta":"","header-main-stick-meta":"","header-below-stick-meta":"","astra-migrate-meta-layouts":"set","ast-page-background-enabled":"default","ast-page-background-meta":{"desktop":{"background-color":"var(--ast-global-color-4)","background-image":"","background-repeat":"repeat","background-position":"center center","background-size":"auto","background-attachment":"scroll","background-type":"","background-media":"","overlay-type":"","overlay-color":"","overlay-opacity":"","overlay-gradient":""},"tablet":{"background-color":"","background-image":"","background-repeat":"repeat","background-position":"center center","background-size":"auto","background-attachment":"scroll","background-type":"","background-media":"","overlay-type":"","overlay-color":"","overlay-opacity":"","overlay-gradient":""},"mobile":{"background-color":"","background-image":"","background-repeat":"repeat","background-position":"center center","background-size":"auto","background-attachment":"scroll","background-type":"","background-media":"","overlay-type":"","overlay-color":"","overlay-opacity":"","overlay-gradient":""}},"ast-content-background-meta":{"desktop":{"background-color":"var(--ast-global-color-5)","background-image":"","background-repeat":"repeat","background-position":"center center","background-size":"auto","background-attachment":"scroll","background-type":"","background-media":"","overlay-type":"","overlay-color":"","overlay-opacity":"","overlay-gradient":""},"tablet":{"background-color":"var(--ast-global-color-5)","background-image":"","background-repeat":"repeat","background-position":"center center","background-size":"auto","background-attachment":"scroll","background-type":"","background-media":"","overlay-type":"","overlay-color":"","overlay-opacity":"","overlay-gradient":""},"mobile":{"background-color":"var(--ast-global-color-5)","background-image":"","background-repeat":"repeat","background-position":"center center","background-size":"auto","background-attachment":"scroll","background-type":"","background-media":"","overlay-type":"","overlay-color":"","overlay-opacity":"","overlay-gradient":""}}},"product_brand":[],"product_cat":[1001],"product_tag":[],"class_list":{"0":"post-5411","1":"product","2":"type-product","3":"status-publish","4":"has-post-thumbnail","6":"product_cat-household-goods","7":"pa_kt2b0zbd-beige","8":"pa_kt2b0zbd-gary","9":"pa_kt2b0zbd-gron","10":"desktop-align-left","11":"tablet-align-left","12":"mobile-align-left","14":"first","15":"instock","16":"shipping-taxable","17":"purchasable","18":"product-type-variable"},"_links":{"self":[{"href":"https:\/\/keluvo.com\/se\/wp-json\/wp\/v2\/product\/5411","targetHints":{"allow":["GET"]}}],"collection":[{"href":"https:\/\/keluvo.com\/se\/wp-json\/wp\/v2\/product"}],"about":[{"href":"https:\/\/keluvo.com\/se\/wp-json\/wp\/v2\/types\/product"}],"replies":[{"embeddable":true,"href":"https:\/\/keluvo.com\/se\/wp-json\/wp\/v2\/comments?post=5411"}],"wp:featuredmedia":[{"embeddable":true,"href":"https:\/\/keluvo.com\/se\/wp-json\/wp\/v2\/media\/5407"}],"wp:attachment":[{"href":"https:\/\/keluvo.com\/se\/wp-json\/wp\/v2\/media?parent=5411"}],"wp:term":[{"taxonomy":"product_brand","embeddable":true,"href":"https:\/\/keluvo.com\/se\/wp-json\/wp\/v2\/product_brand?post=5411"},{"taxonomy":"product_cat","embeddable":true,"href":"https:\/\/keluvo.com\/se\/wp-json\/wp\/v2\/product_cat?post=5411"},{"taxonomy":"product_tag","embeddable":true,"href":"https:\/\/keluvo.com\/se\/wp-json\/wp\/v2\/product_tag?post=5411"}],"curies":[{"name":"wp","href":"https:\/\/api.w.org\/{rel}","templated":true}]}}