{"id":5388,"date":"2025-01-13T15:00:11","date_gmt":"2025-01-13T13:00:11","guid":{"rendered":"https:\/\/keluvo.com\/se\/product\/lyxig-handvaska-for-kvinnor\/"},"modified":"2025-01-13T15:00:48","modified_gmt":"2025-01-13T13:00:48","slug":"lyxig-handvaska-for-kvinnor","status":"publish","type":"product","link":"https:\/\/keluvo.com\/se\/product\/lyxig-handvaska-for-kvinnor\/","title":{"rendered":"Lyxig handv\u00e4ska f\u00f6r kvinnor"},"content":{"rendered":"<h2 style=\"text-align: center\"><strong>Snygg Och Praktisk Design<\/strong><\/h2>\n<p style=\"text-align: center\">Den lyxiga damhandv\u00e4skan \u00e4r tillverkad av premium PU-l\u00e4der och ger ett elegant och sofistikerat utseende. Den eleganta designen g\u00f6r den l\u00e4mplig f\u00f6r b\u00e5de avslappnade och formella tillf\u00e4llen. Pl\u00e5nboksfunktionen med hoboarmband ger m\u00e5ngsidighet, s\u00e5 att du kan anv\u00e4nda den som en frist\u00e5ende koppling eller f\u00e4sta den p\u00e5 huvudv\u00e4skan f\u00f6r extra bekv\u00e4mlighet.<\/p>\n<p><img decoding=\"async\" class=\"alignnone size-medium wp-image-4893 aligncenter\" src=\"https:\/\/keluvo.com\/template\/wp-content\/uploads\/sites\/5\/2024\/12\/S30d88ac9389e4827a1cff5aeefaedf2ex.jpg_960x960q75.jpg_.jpeg\" alt=\"\" \/><\/p>\n<h2 style=\"text-align: center\"><strong>Perfekt Storlek F\u00f6r Det Viktigaste<\/strong><\/h2>\n<p style=\"text-align: center\">Den h\u00e4r kompakta axelremsv\u00e4skan \u00e4r perfekt f\u00f6r vardagsbruk. Den \u00e4r l\u00e4tt men \u00e4nd\u00e5 tillr\u00e4ckligt rymlig f\u00f6r att rymma alla dina viktigaste saker, som telefon, pl\u00e5nbok och smink. Det avtagbara handledsfodralet g\u00f6r att dina v\u00e4rdesaker alltid \u00e4r l\u00e4ttillg\u00e4ngliga.<\/p>\n<p><img decoding=\"async\" class=\"alignnone size-medium wp-image-4899 aligncenter\" src=\"https:\/\/keluvo.com\/template\/wp-content\/uploads\/sites\/5\/2024\/12\/Sf61163d8449b4c4fa21fe48bef282b53u.jpg_960x960q75.jpg_.jpeg\" alt=\"\" \/><\/p>\n","protected":false},"excerpt":{"rendered":"<p>Snygg Och Praktisk Design Den lyxiga damhandv\u00e4skan \u00e4r tillverkad av premium PU-l\u00e4der och ger ett elegant och sofistikerat utseende. Den [&hellip;]<\/p>\n","protected":false},"featured_media":5384,"comment_status":"open","ping_status":"closed","template":"","meta":{"site-sidebar-layout":"default","site-content-layout":"","ast-site-content-layout":"default","site-content-style":"default","site-sidebar-style":"default","ast-global-header-display":"","ast-banner-title-visibility":"","ast-main-header-display":"","ast-hfb-above-header-display":"","ast-hfb-below-header-display":"","ast-hfb-mobile-header-display":"","site-post-title":"","ast-breadcrumbs-content":"","ast-featured-img":"","footer-sml-layout":"","theme-transparent-header-meta":"default","adv-header-id-meta":"","stick-header-meta":"","header-above-stick-meta":"","header-main-stick-meta":"","header-below-stick-meta":"","astra-migrate-meta-layouts":"set","ast-page-background-enabled":"default","ast-page-background-meta":{"desktop":{"background-color":"var(--ast-global-color-4)","background-image":"","background-repeat":"repeat","background-position":"center center","background-size":"auto","background-attachment":"scroll","background-type":"","background-media":"","overlay-type":"","overlay-color":"","overlay-opacity":"","overlay-gradient":""},"tablet":{"background-color":"","background-image":"","background-repeat":"repeat","background-position":"center center","background-size":"auto","background-attachment":"scroll","background-type":"","background-media":"","overlay-type":"","overlay-color":"","overlay-opacity":"","overlay-gradient":""},"mobile":{"background-color":"","background-image":"","background-repeat":"repeat","background-position":"center center","background-size":"auto","background-attachment":"scroll","background-type":"","background-media":"","overlay-type":"","overlay-color":"","overlay-opacity":"","overlay-gradient":""}},"ast-content-background-meta":{"desktop":{"background-color":"var(--ast-global-color-5)","background-image":"","background-repeat":"repeat","background-position":"center center","background-size":"auto","background-attachment":"scroll","background-type":"","background-media":"","overlay-type":"","overlay-color":"","overlay-opacity":"","overlay-gradient":""},"tablet":{"background-color":"var(--ast-global-color-5)","background-image":"","background-repeat":"repeat","background-position":"center center","background-size":"auto","background-attachment":"scroll","background-type":"","background-media":"","overlay-type":"","overlay-color":"","overlay-opacity":"","overlay-gradient":""},"mobile":{"background-color":"var(--ast-global-color-5)","background-image":"","background-repeat":"repeat","background-position":"center center","background-size":"auto","background-attachment":"scroll","background-type":"","background-media":"","overlay-type":"","overlay-color":"","overlay-opacity":"","overlay-gradient":""}}},"product_brand":[],"product_cat":[993],"product_tag":[],"class_list":{"0":"post-5388","1":"product","2":"type-product","3":"status-publish","4":"has-post-thumbnail","6":"product_cat-footwear-accessories","7":"pa_c1d71uoo-bla","8":"pa_c1d71uoo-brun","9":"pa_c1d71uoo-gron","10":"pa_c1d71uoo-gul","11":"pa_c1d71uoo-rod","12":"pa_c1d71uoo-rosa","13":"pa_c1d71uoo-svart","14":"desktop-align-left","15":"tablet-align-left","16":"mobile-align-left","18":"first","19":"instock","20":"shipping-taxable","21":"purchasable","22":"product-type-variable"},"_links":{"self":[{"href":"https:\/\/keluvo.com\/se\/wp-json\/wp\/v2\/product\/5388","targetHints":{"allow":["GET"]}}],"collection":[{"href":"https:\/\/keluvo.com\/se\/wp-json\/wp\/v2\/product"}],"about":[{"href":"https:\/\/keluvo.com\/se\/wp-json\/wp\/v2\/types\/product"}],"replies":[{"embeddable":true,"href":"https:\/\/keluvo.com\/se\/wp-json\/wp\/v2\/comments?post=5388"}],"wp:featuredmedia":[{"embeddable":true,"href":"https:\/\/keluvo.com\/se\/wp-json\/wp\/v2\/media\/5384"}],"wp:attachment":[{"href":"https:\/\/keluvo.com\/se\/wp-json\/wp\/v2\/media?parent=5388"}],"wp:term":[{"taxonomy":"product_brand","embeddable":true,"href":"https:\/\/keluvo.com\/se\/wp-json\/wp\/v2\/product_brand?post=5388"},{"taxonomy":"product_cat","embeddable":true,"href":"https:\/\/keluvo.com\/se\/wp-json\/wp\/v2\/product_cat?post=5388"},{"taxonomy":"product_tag","embeddable":true,"href":"https:\/\/keluvo.com\/se\/wp-json\/wp\/v2\/product_tag?post=5388"}],"curies":[{"name":"wp","href":"https:\/\/api.w.org\/{rel}","templated":true}]}}