{"id":53767,"date":"2025-12-09T10:36:48","date_gmt":"2025-12-09T08:36:48","guid":{"rendered":"https:\/\/keluvo.com\/se\/product\/minidonutmaker\/"},"modified":"2025-12-09T15:15:59","modified_gmt":"2025-12-09T13:15:59","slug":"minidonutmaker","status":"publish","type":"product","link":"https:\/\/keluvo.com\/se\/product\/minidonutmaker\/","title":{"rendered":"Mini-munkmakare"},"content":{"rendered":"<p style=\"text-align: center;\" data-start=\"0\" data-end=\"58\"><strong>G\u00f6r Varma, Fluffiga Munkar Hemma P\u00e5 Bara N\u00e5gra Minuter. \ud83c\udf69\ud83c\udf7d\ufe0f<\/strong><\/p>\n<p style=\"text-align: center;\" data-start=\"60\" data-end=\"280\">Detta mini-munkmakare l\u00e5ter dig njuta av f\u00e4rska amerikanska munkar utan att steka eller v\u00e4nta. Med dubbelsidig tillagning och en non-st<span style=\"font-size: 16px;\">ick-yta f\u00e5r du j\u00e4mnt tillagade munkar som \u00e4r l\u00e4tta att ta bort och \u00e4nnu l\u00e4ttare att reng\u00f6ra.<\/span><\/p>\n<p data-start=\"60\" data-end=\"280\"><img fetchpriority=\"high\" decoding=\"async\" class=\"size-full wp-image-44447 aligncenter\" src=\"https:\/\/keluvo.com\/template\/wp-content\/uploads\/sites\/5\/2025\/12\/102212-ezgif.com-video-to-webp-converter-1.webp\" alt=\"\" width=\"500\" height=\"625\" \/><\/p>\n<h2 style=\"text-align: center;\" data-start=\"287\" data-end=\"311\">Huvudf\u00f6rdelar \u2728<\/h2>\n<p data-start=\"314\" data-end=\"375\">\ud83c\udf69 F\u00e4rska munkar p\u00e5 n\u00e5gra minuter &#8211; perfekta godsaker som \u00e4r klara snabbt.<\/p>\n<p data-start=\"378\" data-end=\"447\">\ud83d\udd04 J\u00e4mn tillagning &#8211; dubbelsidig uppv\u00e4rmning tillagar b\u00e5da sidorna j\u00e4mnt.<\/p>\n<p data-start=\"450\" data-end=\"522\">\ud83c\udf70 Non-stick-yta &#8211; munkarna sl\u00e4pper l\u00e4tt och h\u00e5ller formen.<\/p>\n<p data-start=\"525\" data-end=\"593\">\u23f1\ufe0f Snabbt och enkelt &#8211; perfekt f\u00f6r hektiska morgnar eller snabba mellanm\u00e5l.<\/p>\n<p data-start=\"596\" data-end=\"671\">\ud83c\udf7d\ufe0f Familjefavorit &#8211; Perfekt f\u00f6r frukost, desserter eller barngodis.<\/p>\n<p data-start=\"674\" data-end=\"728\">\ud83e\uddfc L\u00e4tt att reng\u00f6ra &#8211; Torka av med en pappershandduk.<\/p>\n<p data-start=\"674\" data-end=\"728\"><img decoding=\"async\" class=\"size-full wp-image-44443 aligncenter\" src=\"https:\/\/keluvo.com\/template\/wp-content\/uploads\/sites\/5\/2025\/12\/690d7d9755e73_DONUTPRO10110.jpg\" alt=\"\" width=\"600\" height=\"600\" \/><\/p>\n<h2 style=\"text-align: center;\" data-start=\"735\" data-end=\"757\">Hur Man Anv\u00e4nder \ud83e\uddf0<\/h2>\n<ol data-start=\"758\" data-end=\"974\">\n<li data-start=\"758\" data-end=\"806\">\n<p data-start=\"761\" data-end=\"806\">Slut in munkmaskinen och l\u00e5t den v\u00e4rmas upp.<\/p>\n<\/li>\n<li data-start=\"807\" data-end=\"849\">\n<p data-start=\"810\" data-end=\"849\">Sm\u00f6rj ytan l\u00e4tt om det beh\u00f6vs.<\/p>\n<\/li>\n<li data-start=\"850\" data-end=\"888\">\n<p data-start=\"853\" data-end=\"888\">H\u00e4ll munksmeten i formarna.<\/p>\n<\/li>\n<li data-start=\"889\" data-end=\"935\">\n<p data-start=\"892\" data-end=\"935\">St\u00e4ng locket och koka i n\u00e5gra minuter.<\/p>\n<\/li>\n<li data-start=\"936\" data-end=\"974\">\n<p data-start=\"939\" data-end=\"974\">\u00d6ppna, ta ut munkarna och njut.<\/p>\n<\/li>\n<\/ol>\n<h2 style=\"text-align: center;\" data-start=\"981\" data-end=\"1008\">Produktdetaljer \ud83d\udccf<\/h2>\n<ul data-start=\"1009\" data-end=\"1172\">\n<li data-start=\"1009\" data-end=\"1024\">\n<p data-start=\"1011\" data-end=\"1024\">Effekt: 750W<\/p>\n<\/li>\n<li data-start=\"1025\" data-end=\"1046\">\n<p data-start=\"1027\" data-end=\"1046\">Vsp\u00e4nning: 110-220V<\/p>\n<\/li>\n<li data-start=\"1047\" data-end=\"1077\">\n<p data-start=\"1049\" data-end=\"1077\">Dimensioner: 22 x 23 x 5 cm<\/p>\n<\/li>\n<li data-start=\"1078\" data-end=\"1131\">\n<p data-start=\"1080\" data-end=\"1131\">Funktioner: Non-stick yta, dubbelsidig matlagning<\/p>\n<\/li>\n<li data-start=\"1132\" data-end=\"1172\">\n<p data-start=\"1134\" data-end=\"1172\">Reng\u00f6ring: Reng\u00f6r med absorberande papper<\/p>\n<\/li>\n<li data-start=\"1132\" data-end=\"1172\">Effekt: EU-kontakt<\/li>\n<\/ul>\n<h2 style=\"text-align: center;\" data-start=\"1179\" data-end=\"1207\">Paketet inneh\u00e5ller \ud83d\udce6<\/h2>\n<ul data-start=\"1208\" data-end=\"1241\">\n<li data-start=\"1208\" data-end=\"1241\">\n<p data-start=\"1210\" data-end=\"1241\">1x mini-munkmakare.<\/p>\n<\/li>\n<\/ul>\n","protected":false},"excerpt":{"rendered":"<p>G\u00f6r Varma, Fluffiga Munkar Hemma P\u00e5 Bara N\u00e5gra Minuter. \ud83c\udf69\ud83c\udf7d\ufe0f Detta mini-munkmakare l\u00e5ter dig njuta av f\u00e4rska amerikanska munkar utan [&hellip;]<\/p>\n","protected":false},"featured_media":53763,"comment_status":"open","ping_status":"closed","template":"","meta":{"site-sidebar-layout":"default","site-content-layout":"","ast-site-content-layout":"default","site-content-style":"default","site-sidebar-style":"default","ast-global-header-display":"","ast-banner-title-visibility":"","ast-main-header-display":"","ast-hfb-above-header-display":"","ast-hfb-below-header-display":"","ast-hfb-mobile-header-display":"","site-post-title":"","ast-breadcrumbs-content":"","ast-featured-img":"","footer-sml-layout":"","theme-transparent-header-meta":"default","adv-header-id-meta":"","stick-header-meta":"","header-above-stick-meta":"","header-main-stick-meta":"","header-below-stick-meta":"","astra-migrate-meta-layouts":"set","ast-page-background-enabled":"default","ast-page-background-meta":{"desktop":{"background-color":"var(--ast-global-color-4)","background-image":"","background-repeat":"repeat","background-position":"center center","background-size":"auto","background-attachment":"scroll","background-type":"","background-media":"","overlay-type":"","overlay-color":"","overlay-opacity":"","overlay-gradient":""},"tablet":{"background-color":"","background-image":"","background-repeat":"repeat","background-position":"center center","background-size":"auto","background-attachment":"scroll","background-type":"","background-media":"","overlay-type":"","overlay-color":"","overlay-opacity":"","overlay-gradient":""},"mobile":{"background-color":"","background-image":"","background-repeat":"repeat","background-position":"center center","background-size":"auto","background-attachment":"scroll","background-type":"","background-media":"","overlay-type":"","overlay-color":"","overlay-opacity":"","overlay-gradient":""}},"ast-content-background-meta":{"desktop":{"background-color":"var(--ast-global-color-5)","background-image":"","background-repeat":"repeat","background-position":"center center","background-size":"auto","background-attachment":"scroll","background-type":"","background-media":"","overlay-type":"","overlay-color":"","overlay-opacity":"","overlay-gradient":""},"tablet":{"background-color":"var(--ast-global-color-5)","background-image":"","background-repeat":"repeat","background-position":"center center","background-size":"auto","background-attachment":"scroll","background-type":"","background-media":"","overlay-type":"","overlay-color":"","overlay-opacity":"","overlay-gradient":""},"mobile":{"background-color":"var(--ast-global-color-5)","background-image":"","background-repeat":"repeat","background-position":"center center","background-size":"auto","background-attachment":"scroll","background-type":"","background-media":"","overlay-type":"","overlay-color":"","overlay-opacity":"","overlay-gradient":""}}},"product_brand":[],"product_cat":[1001,996],"product_tag":[],"class_list":{"0":"post-53767","1":"product","2":"type-product","3":"status-publish","4":"has-post-thumbnail","6":"product_cat-household-goods","7":"product_cat-tools","8":"desktop-align-left","9":"tablet-align-left","10":"mobile-align-left","12":"first","13":"instock","14":"shipping-taxable","15":"purchasable","16":"product-type-simple"},"_links":{"self":[{"href":"https:\/\/keluvo.com\/se\/wp-json\/wp\/v2\/product\/53767","targetHints":{"allow":["GET"]}}],"collection":[{"href":"https:\/\/keluvo.com\/se\/wp-json\/wp\/v2\/product"}],"about":[{"href":"https:\/\/keluvo.com\/se\/wp-json\/wp\/v2\/types\/product"}],"replies":[{"embeddable":true,"href":"https:\/\/keluvo.com\/se\/wp-json\/wp\/v2\/comments?post=53767"}],"wp:featuredmedia":[{"embeddable":true,"href":"https:\/\/keluvo.com\/se\/wp-json\/wp\/v2\/media\/53763"}],"wp:attachment":[{"href":"https:\/\/keluvo.com\/se\/wp-json\/wp\/v2\/media?parent=53767"}],"wp:term":[{"taxonomy":"product_brand","embeddable":true,"href":"https:\/\/keluvo.com\/se\/wp-json\/wp\/v2\/product_brand?post=53767"},{"taxonomy":"product_cat","embeddable":true,"href":"https:\/\/keluvo.com\/se\/wp-json\/wp\/v2\/product_cat?post=53767"},{"taxonomy":"product_tag","embeddable":true,"href":"https:\/\/keluvo.com\/se\/wp-json\/wp\/v2\/product_tag?post=53767"}],"curies":[{"name":"wp","href":"https:\/\/api.w.org\/{rel}","templated":true}]}}