{"id":53647,"date":"2025-12-09T10:30:14","date_gmt":"2025-12-09T08:30:14","guid":{"rendered":"https:\/\/keluvo.com\/se\/product\/elektrisk-vatskepump\/"},"modified":"2025-12-09T15:00:09","modified_gmt":"2025-12-09T13:00:09","slug":"elektrisk-vatskepump","status":"publish","type":"product","link":"https:\/\/keluvo.com\/se\/product\/elektrisk-vatskepump\/","title":{"rendered":"Elektrisk v\u00e4tskepump"},"content":{"rendered":"<p style=\"text-align: center;\" data-start=\"161\" data-end=\"235\"><strong>\u00d6verf\u00f6r V\u00e4tskor Snabbt, S\u00e4kert Och Utan Att Lyfta Tunga Beh\u00e5llare. \ud83e\uddf4<\/strong><\/p>\n<p style=\"text-align: center;\" data-start=\"237\" data-end=\"449\">Den h\u00e4r elektriska v\u00e4tskepumpen g\u00f6r det enkelt att flytta v\u00e4tskor med bara en knapptryckning. Den \u00e4r perfekt f\u00f6r garage, akvarier, hemmabruk och utomhusbruk &#8211; inget mer spill, tunga lyft eller os\u00e4kra h\u00e4llningar.<\/p>\n<p data-start=\"237\" data-end=\"449\"><img fetchpriority=\"high\" decoding=\"async\" class=\"size-full wp-image-44295 aligncenter\" src=\"https:\/\/keluvo.com\/template\/wp-content\/uploads\/sites\/5\/2025\/12\/10225-ezgif.com-video-to-webp-converter-2.webp\" alt=\"\" width=\"500\" height=\"500\" \/><\/p>\n<h2 style=\"text-align: center;\" data-start=\"456\" data-end=\"480\">Huvudf\u00f6rdelar \u2728<\/h2>\n<p data-start=\"483\" data-end=\"585\">\u26a1 Enkel v\u00e4tske\u00f6verf\u00f6ring &#8211; Flyttar vatten, bensin, diesel, fotogen och andra icke-fr\u00e4tande v\u00e4tskor.<\/p>\n<p data-start=\"588\" data-end=\"667\">\ud83e\uddf4 S\u00e4ker och kladdfri &#8211; f\u00f6rhindrar spill och minskar kontakten med v\u00e4tskor.<\/p>\n<p data-start=\"670\" data-end=\"738\">\ud83d\udd0b Batteridriven &#8211; fungerar var som helst utan att beh\u00f6va ett uttag.<\/p>\n<p data-start=\"741\" data-end=\"823\">\ud83c\udfe0 Multifunktionell anv\u00e4ndning &#8211; perfekt f\u00f6r bilar, akvarier, tr\u00e4dg\u00e5rdsarbete och hemuppgifter.<\/p>\n<p data-start=\"826\" data-end=\"924\">\ud83d\udcaa S\u00e4ker slanganslutning &#8211; Levereras med en cirkelring f\u00f6r att \u00f6ka fastheten och f\u00f6rhindra l\u00e4ckage.<\/p>\n<p data-start=\"927\" data-end=\"985\">\ud83c\udf31 Milj\u00f6v\u00e4nliga material &#8211; Tillverkad av h\u00e5llbar plast.<\/p>\n<p data-start=\"927\" data-end=\"985\"><img decoding=\"async\" class=\"size-full wp-image-44296 aligncenter\" src=\"https:\/\/keluvo.com\/template\/wp-content\/uploads\/sites\/5\/2025\/12\/\u0397\u03bb\u03b5\u03ba\u03c4\u03c1\u03b9\u03ba\u03ae-\u0391\u03bd\u03c4\u03bb\u03af\u03b1-\u039b\u03b1\u03b4\u03b9\u03bf\u03cd-\u039d\u03b5\u03c1\u03bf\u03cd-\u03ba\u03b1\u03b9-\u03ac\u03bb\u03bb\u03c9\u03bd-\u03a5\u03b3\u03c1\u03ce\u03bd-Electric-Oil-Water-Pump2.jpg\" alt=\"\" width=\"1024\" height=\"1024\" \/><\/p>\n<h2 style=\"text-align: center;\" data-start=\"992\" data-end=\"1014\">Anv\u00e4ndning \ud83e\uddf0<\/h2>\n<ol data-start=\"1015\" data-end=\"1376\">\n<li data-start=\"1015\" data-end=\"1088\">\n<p data-start=\"1018\" data-end=\"1088\">S\u00e4tt i r\u00e4tt batteri i pumpen och se till att den \u00e4r r\u00e4tt inriktad.<\/p>\n<\/li>\n<li data-start=\"1089\" data-end=\"1156\">\n<p data-start=\"1092\" data-end=\"1156\">S\u00e4nk ner sug\u00e4nden i v\u00e4tskan du vill \u00f6verf\u00f6ra.<\/p>\n<\/li>\n<li data-start=\"1157\" data-end=\"1223\">\n<p data-start=\"1160\" data-end=\"1223\">Placera utloppsslangen i beh\u00e5llaren du vill fylla.<\/p>\n<\/li>\n<li data-start=\"1224\" data-end=\"1272\">\n<p data-start=\"1227\" data-end=\"1272\">Tryck och h\u00e5ll in knappen f\u00f6r att b\u00f6rja pumpa.<\/p>\n<\/li>\n<li data-start=\"1273\" data-end=\"1328\">\n<p data-start=\"1276\" data-end=\"1328\">Sl\u00e4pp knappen innan beh\u00e5llaren \u00f6verfylls.<\/p>\n<\/li>\n<li data-start=\"1329\" data-end=\"1376\">\n<p data-start=\"1332\" data-end=\"1376\">Ta bort pumpen och batterierna n\u00e4r du \u00e4r klar.<\/p>\n<\/li>\n<\/ol>\n<h2 style=\"text-align: center;\" data-start=\"1383\" data-end=\"1410\">Produktdetaljer \ud83d\udccf<\/h2>\n<ul data-start=\"1411\" data-end=\"1932\">\n<li data-start=\"1451\" data-end=\"1472\">\n<p data-start=\"1453\" data-end=\"1472\">Material: Plast<\/p>\n<\/li>\n<li data-start=\"1473\" data-end=\"1492\">\n<p data-start=\"1475\" data-end=\"1492\">Motoreffekt: 3W<\/p>\n<\/li>\n<li data-start=\"1493\" data-end=\"1510\">\n<p data-start=\"1495\" data-end=\"1510\">Str\u00f6m: 1,5A<\/p>\n<\/li>\n<li data-start=\"1511\" data-end=\"1526\">\n<p data-start=\"1513\" data-end=\"1526\">Sp\u00e4nning: 3V<\/p>\n<\/li>\n<li data-start=\"1527\" data-end=\"1546\">\n<p data-start=\"1529\" data-end=\"1546\">Vikt: 206,3 g<\/p>\n<\/li>\n<li data-start=\"1547\" data-end=\"1564\">\n<p data-start=\"1549\" data-end=\"1564\">L\u00e4ngd: 58 cm<\/p>\n<\/li>\n<li data-start=\"1565\" data-end=\"1619\">\n<p data-start=\"1567\" data-end=\"1619\">Batterityp: Kr\u00e4ver No.1-batteri (ing\u00e5r ej)<\/p>\n<\/li>\n<li data-start=\"1620\" data-end=\"1702\">\n<p data-start=\"1622\" data-end=\"1702\">L\u00e4mplig f\u00f6r: Vatten, bensin, diesel, fotogen och andra icke-fr\u00e4tande v\u00e4tskor<\/p>\n<\/li>\n<li data-start=\"1703\" data-end=\"1932\">\n<p data-start=\"1705\" data-end=\"1720\">S\u00e4kerhetsanvisningar:<\/p>\n<ul data-start=\"1723\" data-end=\"1932\">\n<li data-start=\"1723\" data-end=\"1741\">\n<p data-start=\"1725\" data-end=\"1741\">K\u00f6r inte torrt<\/p>\n<\/li>\n<li data-start=\"1744\" data-end=\"1783\">\n<p data-start=\"1746\" data-end=\"1783\">Anv\u00e4nd inte med thinner eller l\u00f6sningsmedel<\/p>\n<\/li>\n<li data-start=\"1786\" data-end=\"1840\">\n<p data-start=\"1788\" data-end=\"1840\">H\u00e5ll dig borta fr\u00e5n v\u00e4rme vid pumpning av brandfarliga v\u00e4tskor<\/p>\n<\/li>\n<li data-start=\"1843\" data-end=\"1880\">\n<p data-start=\"1845\" data-end=\"1880\">V\u00e4nd inte upp och ner efter anv\u00e4ndning<\/p>\n<\/li>\n<li data-start=\"1883\" data-end=\"1932\">\n<p data-start=\"1885\" data-end=\"1932\">Avl\u00e4gsna batterierna vid l\u00e5ngvarig f\u00f6rvaring<\/p>\n<\/li>\n<\/ul>\n<\/li>\n<\/ul>\n<h2 style=\"text-align: center;\" data-start=\"1939\" data-end=\"1967\">Paketet inneh\u00e5ller \ud83d\udce6<\/h2>\n<ul data-start=\"1968\" data-end=\"2017\">\n<li data-start=\"1968\" data-end=\"2017\">\n<p data-start=\"1970\" data-end=\"2017\">1x elektrisk v\u00e4tskepump.<\/p>\n<\/li>\n<\/ul>\n","protected":false},"excerpt":{"rendered":"<p>\u00d6verf\u00f6r V\u00e4tskor Snabbt, S\u00e4kert Och Utan Att Lyfta Tunga Beh\u00e5llare. \ud83e\uddf4 Den h\u00e4r elektriska v\u00e4tskepumpen g\u00f6r det enkelt att flytta [&hellip;]<\/p>\n","protected":false},"featured_media":53643,"comment_status":"open","ping_status":"closed","template":"","meta":{"site-sidebar-layout":"default","site-content-layout":"","ast-site-content-layout":"default","site-content-style":"default","site-sidebar-style":"default","ast-global-header-display":"","ast-banner-title-visibility":"","ast-main-header-display":"","ast-hfb-above-header-display":"","ast-hfb-below-header-display":"","ast-hfb-mobile-header-display":"","site-post-title":"","ast-breadcrumbs-content":"","ast-featured-img":"","footer-sml-layout":"","theme-transparent-header-meta":"default","adv-header-id-meta":"","stick-header-meta":"","header-above-stick-meta":"","header-main-stick-meta":"","header-below-stick-meta":"","astra-migrate-meta-layouts":"set","ast-page-background-enabled":"default","ast-page-background-meta":{"desktop":{"background-color":"var(--ast-global-color-4)","background-image":"","background-repeat":"repeat","background-position":"center center","background-size":"auto","background-attachment":"scroll","background-type":"","background-media":"","overlay-type":"","overlay-color":"","overlay-opacity":"","overlay-gradient":""},"tablet":{"background-color":"","background-image":"","background-repeat":"repeat","background-position":"center center","background-size":"auto","background-attachment":"scroll","background-type":"","background-media":"","overlay-type":"","overlay-color":"","overlay-opacity":"","overlay-gradient":""},"mobile":{"background-color":"","background-image":"","background-repeat":"repeat","background-position":"center center","background-size":"auto","background-attachment":"scroll","background-type":"","background-media":"","overlay-type":"","overlay-color":"","overlay-opacity":"","overlay-gradient":""}},"ast-content-background-meta":{"desktop":{"background-color":"var(--ast-global-color-5)","background-image":"","background-repeat":"repeat","background-position":"center center","background-size":"auto","background-attachment":"scroll","background-type":"","background-media":"","overlay-type":"","overlay-color":"","overlay-opacity":"","overlay-gradient":""},"tablet":{"background-color":"var(--ast-global-color-5)","background-image":"","background-repeat":"repeat","background-position":"center center","background-size":"auto","background-attachment":"scroll","background-type":"","background-media":"","overlay-type":"","overlay-color":"","overlay-opacity":"","overlay-gradient":""},"mobile":{"background-color":"var(--ast-global-color-5)","background-image":"","background-repeat":"repeat","background-position":"center center","background-size":"auto","background-attachment":"scroll","background-type":"","background-media":"","overlay-type":"","overlay-color":"","overlay-opacity":"","overlay-gradient":""}}},"product_brand":[],"product_cat":[998,996],"product_tag":[],"class_list":{"0":"post-53647","1":"product","2":"type-product","3":"status-publish","4":"has-post-thumbnail","6":"product_cat-automotive-products","7":"product_cat-tools","8":"pa_55870_0h61b721-bla","9":"pa_55870_0h61b721-rod","10":"desktop-align-left","11":"tablet-align-left","12":"mobile-align-left","14":"first","15":"instock","16":"shipping-taxable","17":"purchasable","18":"product-type-variable"},"_links":{"self":[{"href":"https:\/\/keluvo.com\/se\/wp-json\/wp\/v2\/product\/53647","targetHints":{"allow":["GET"]}}],"collection":[{"href":"https:\/\/keluvo.com\/se\/wp-json\/wp\/v2\/product"}],"about":[{"href":"https:\/\/keluvo.com\/se\/wp-json\/wp\/v2\/types\/product"}],"replies":[{"embeddable":true,"href":"https:\/\/keluvo.com\/se\/wp-json\/wp\/v2\/comments?post=53647"}],"wp:featuredmedia":[{"embeddable":true,"href":"https:\/\/keluvo.com\/se\/wp-json\/wp\/v2\/media\/53643"}],"wp:attachment":[{"href":"https:\/\/keluvo.com\/se\/wp-json\/wp\/v2\/media?parent=53647"}],"wp:term":[{"taxonomy":"product_brand","embeddable":true,"href":"https:\/\/keluvo.com\/se\/wp-json\/wp\/v2\/product_brand?post=53647"},{"taxonomy":"product_cat","embeddable":true,"href":"https:\/\/keluvo.com\/se\/wp-json\/wp\/v2\/product_cat?post=53647"},{"taxonomy":"product_tag","embeddable":true,"href":"https:\/\/keluvo.com\/se\/wp-json\/wp\/v2\/product_tag?post=53647"}],"curies":[{"name":"wp","href":"https:\/\/api.w.org\/{rel}","templated":true}]}}