{"id":53583,"date":"2025-12-08T14:15:51","date_gmt":"2025-12-08T12:15:51","guid":{"rendered":"https:\/\/keluvo.com\/se\/product\/kompakt-bransleforflyttare\/"},"modified":"2025-12-15T18:13:24","modified_gmt":"2025-12-15T16:13:24","slug":"kompakt-bransleforflyttare","status":"publish","type":"product","link":"https:\/\/keluvo.com\/se\/product\/kompakt-bransleforflyttare\/","title":{"rendered":"Kompakt br\u00e4nslef\u00f6rflyttare"},"content":{"rendered":"<p style=\"text-align: center\">\u2713\u00a0<b>CE-m\u00e4rkt &amp; brands\u00e4ker<\/b><\/p>\n<p style=\"text-align: center\">\u2713\u00a0<b>\u00d6verf\u00f6r upp till 15L minut<\/b><\/p>\n<h2 style=\"text-align: center\" data-end=\"841\" data-start=\"522\"><strong>K\u00e4nde Du Igen Dig?<\/strong><\/h2>\n<p style=\"text-align: center\" data-end=\"841\" data-start=\"522\">Du st\u00e5r med en tung dunk i h\u00e4nderna. Det st\u00e4nker n\u00e4r du h\u00e4ller, det luktar starkt och det \u00e4r sv\u00e5rt att pricka r\u00e4tt. Oavsett om det \u00e4r skotern, b\u00e5ten, sn\u00f6slungan eller traktorn.<\/p>\n<p style=\"text-align: center\" data-end=\"841\" data-start=\"522\"><img fetchpriority=\"high\" decoding=\"async\" class=\"alignnone wp-image-44419\" src=\"https:\/\/keluvo.com\/template\/wp-content\/uploads\/sites\/5\/2025\/12\/123_33.webp\" alt=\"\" width=\"485\" height=\"606\" \/><\/p>\n<h2 style=\"text-align: center\"><strong>Det Finns Ett Enklare S\u00e4tt Att Tanka<\/strong><\/h2>\n<p style=\"text-align: center\" data-start=\"691\" data-end=\"857\">Gl\u00f6m tungh\u00e4ftning, spill och bensin p\u00e5 h\u00e4nderna.<br data-end=\"228\" data-start=\"225\" \/>med v\u00e5r fuel mover s\u00e4nker du bara ner slangen, trycker p\u00e5 knappen och sedan g\u00f6r den jobbet \u00e5t dig.<\/p>\n<p style=\"text-align: center\" data-start=\"859\" data-end=\"961\">det som tidigare var ett frustrerande \u00f6gonblick tar nu bara n\u00e5gra sekunder &#8211; och du f\u00f6rblir b\u00e5de torr och lugn.<\/p>\n<p style=\"text-align: center\" data-start=\"859\" data-end=\"961\"><img decoding=\"async\" class=\"alignnone wp-image-44418\" src=\"https:\/\/keluvo.com\/template\/wp-content\/uploads\/sites\/5\/2025\/12\/asdfgasdfasd-ezgif.com-optiwebp.webp\" alt=\"\" width=\"484\" height=\"605\" \/><\/p>\n<h2 style=\"text-align: center\" data-end=\"167\" data-start=\"120\"><strong>Batteridrift \u2013 Flexibel Och Sladdl\u00f6s<\/strong><\/h2>\n<p style=\"text-align: center\" data-end=\"231\" data-start=\"169\">V\u00e5r fuel mover kan drivas med tv\u00e5 olika batterialternativ:<\/p>\n<ul style=\"text-align: center\" data-end=\"311\" data-start=\"233\">\n<li data-end=\"259\" data-start=\"233\">\n<p style=\"text-align: left\" data-end=\"259\" data-start=\"235\"><strong data-end=\"257\" data-start=\"237\">2 D-batterier<\/strong><\/p>\n<\/li>\n<li data-end=\"311\" data-start=\"260\">\n<p style=\"text-align: left\" data-end=\"311\" data-start=\"262\"><strong data-end=\"285\" data-start=\"264\">6 AA-batterier<\/strong> (via medf\u00f6ljande batterih\u00e5llare)<\/p>\n<\/li>\n<\/ul>\n<p style=\"text-align: center\" data-end=\"311\" data-start=\"262\"><span style=\"font-size: 16px\">Det g\u00f6r att du kan anv\u00e4nda de batterier du redan har hemma &#8211; praktiskt och kostnadseffektivt!<\/span><\/p>\n<p style=\"text-align: center\"><img decoding=\"async\" class=\"alignnone wp-image-44417\" src=\"https:\/\/keluvo.com\/template\/wp-content\/uploads\/sites\/5\/2025\/12\/123_25_51d90e3a-64e8-4312-bea3-2edbfbecf975.jpg\" alt=\"\" width=\"485\" height=\"485\" \/><\/p>\n<h2 style=\"text-align: center\" data-start=\"109\" data-end=\"158\"><strong>S\u00e5 H\u00e4r Monterar Du Fuel Mover \u2013 Steg F\u00f6r Steg:<\/strong><\/h2>\n<ol data-start=\"160\" data-end=\"457\">\n<li style=\"text-align: center\" data-start=\"160\" data-end=\"198\">\n<p style=\"text-align: left\" data-start=\"163\" data-end=\"198\">S\u00e4tt i batterierna i enheten.<\/p>\n<\/li>\n<li style=\"text-align: left\" data-start=\"199\" data-end=\"243\">\n<p data-start=\"202\" data-end=\"243\">Skruva fast batteridelen p\u00e5 pumpen.<\/p>\n<\/li>\n<li data-start=\"408\" data-end=\"457\">\n<p style=\"text-align: left\" data-start=\"411\" data-end=\"457\">Klart! Nu \u00e4r din fuel mover redo att anv\u00e4ndas.<\/p>\n<\/li>\n<\/ol>\n","protected":false},"excerpt":{"rendered":"<p>\u2713\u00a0CE-m\u00e4rkt &amp; brands\u00e4ker \u2713\u00a0\u00d6verf\u00f6r upp till 15L minut K\u00e4nde Du Igen Dig? Du st\u00e5r med en tung dunk i h\u00e4nderna. [&hellip;]<\/p>\n","protected":false},"featured_media":53579,"comment_status":"open","ping_status":"closed","template":"","meta":{"site-sidebar-layout":"default","site-content-layout":"","ast-site-content-layout":"default","site-content-style":"default","site-sidebar-style":"default","ast-global-header-display":"","ast-banner-title-visibility":"","ast-main-header-display":"","ast-hfb-above-header-display":"","ast-hfb-below-header-display":"","ast-hfb-mobile-header-display":"","site-post-title":"","ast-breadcrumbs-content":"","ast-featured-img":"","footer-sml-layout":"","theme-transparent-header-meta":"default","adv-header-id-meta":"","stick-header-meta":"","header-above-stick-meta":"","header-main-stick-meta":"","header-below-stick-meta":"","astra-migrate-meta-layouts":"set","ast-page-background-enabled":"default","ast-page-background-meta":{"desktop":{"background-color":"var(--ast-global-color-4)","background-image":"","background-repeat":"repeat","background-position":"center center","background-size":"auto","background-attachment":"scroll","background-type":"","background-media":"","overlay-type":"","overlay-color":"","overlay-opacity":"","overlay-gradient":""},"tablet":{"background-color":"","background-image":"","background-repeat":"repeat","background-position":"center center","background-size":"auto","background-attachment":"scroll","background-type":"","background-media":"","overlay-type":"","overlay-color":"","overlay-opacity":"","overlay-gradient":""},"mobile":{"background-color":"","background-image":"","background-repeat":"repeat","background-position":"center center","background-size":"auto","background-attachment":"scroll","background-type":"","background-media":"","overlay-type":"","overlay-color":"","overlay-opacity":"","overlay-gradient":""}},"ast-content-background-meta":{"desktop":{"background-color":"var(--ast-global-color-5)","background-image":"","background-repeat":"repeat","background-position":"center center","background-size":"auto","background-attachment":"scroll","background-type":"","background-media":"","overlay-type":"","overlay-color":"","overlay-opacity":"","overlay-gradient":""},"tablet":{"background-color":"var(--ast-global-color-5)","background-image":"","background-repeat":"repeat","background-position":"center center","background-size":"auto","background-attachment":"scroll","background-type":"","background-media":"","overlay-type":"","overlay-color":"","overlay-opacity":"","overlay-gradient":""},"mobile":{"background-color":"var(--ast-global-color-5)","background-image":"","background-repeat":"repeat","background-position":"center center","background-size":"auto","background-attachment":"scroll","background-type":"","background-media":"","overlay-type":"","overlay-color":"","overlay-opacity":"","overlay-gradient":""}}},"product_brand":[],"product_cat":[15],"product_tag":[],"class_list":{"0":"post-53583","1":"product","2":"type-product","3":"status-publish","4":"has-post-thumbnail","6":"product_cat-uncategorized","7":"pa_60598_w4uuh8ag-1-st","8":"pa_60598_w4uuh8ag-2-st","9":"pa_60598_w4uuh8ag-3-st","10":"desktop-align-left","11":"tablet-align-left","12":"mobile-align-left","14":"first","15":"instock","16":"shipping-taxable","17":"purchasable","18":"product-type-variable"},"_links":{"self":[{"href":"https:\/\/keluvo.com\/se\/wp-json\/wp\/v2\/product\/53583","targetHints":{"allow":["GET"]}}],"collection":[{"href":"https:\/\/keluvo.com\/se\/wp-json\/wp\/v2\/product"}],"about":[{"href":"https:\/\/keluvo.com\/se\/wp-json\/wp\/v2\/types\/product"}],"replies":[{"embeddable":true,"href":"https:\/\/keluvo.com\/se\/wp-json\/wp\/v2\/comments?post=53583"}],"wp:featuredmedia":[{"embeddable":true,"href":"https:\/\/keluvo.com\/se\/wp-json\/wp\/v2\/media\/53579"}],"wp:attachment":[{"href":"https:\/\/keluvo.com\/se\/wp-json\/wp\/v2\/media?parent=53583"}],"wp:term":[{"taxonomy":"product_brand","embeddable":true,"href":"https:\/\/keluvo.com\/se\/wp-json\/wp\/v2\/product_brand?post=53583"},{"taxonomy":"product_cat","embeddable":true,"href":"https:\/\/keluvo.com\/se\/wp-json\/wp\/v2\/product_cat?post=53583"},{"taxonomy":"product_tag","embeddable":true,"href":"https:\/\/keluvo.com\/se\/wp-json\/wp\/v2\/product_tag?post=53583"}],"curies":[{"name":"wp","href":"https:\/\/api.w.org\/{rel}","templated":true}]}}