{"id":53366,"date":"2025-12-05T18:03:21","date_gmt":"2025-12-05T16:03:21","guid":{"rendered":"https:\/\/keluvo.com\/se\/product\/bjornfamilj-personlig-gava\/"},"modified":"2025-12-05T18:03:42","modified_gmt":"2025-12-05T16:03:42","slug":"bjornfamilj-personlig-gava","status":"publish","type":"product","link":"https:\/\/keluvo.com\/se\/product\/bjornfamilj-personlig-gava\/","title":{"rendered":"Bj\u00f6rnfamilj &#8211; personlig g\u00e5va"},"content":{"rendered":"<h2 style=\"text-align: center\"><strong>Mer \u00c4n Bara En Present<\/strong><\/h2>\n<p style=\"text-align: center\"><span dir=\"auto\">T\u00e4nk p\u00e5 alla g\u00e5nger du har spenderat <\/span><span dir=\"auto\">tre g\u00e5nger s\u00e5 mycket<\/span><span dir=\"auto\"> p\u00e5 en present som bara hamnade i ett sk\u00e5p, bortgl\u00f6md och oanv\u00e4nd.<\/span><\/p>\n<p style=\"text-align: center\"><span dir=\"auto\">Med v\u00e5ra <\/span><span dir=\"auto\">k\u00e4rleksbj\u00f6rnar<\/span><span dir=\"auto\"> \u00e4r det annorlunda.<\/span><\/p>\n<p style=\"text-align: center\"><span dir=\"auto\">De st\u00e5r <\/span><span dir=\"auto\">stolta<\/span><span dir=\"auto\"> i hemmet &#8211; p\u00e5 f\u00f6nsterbr\u00e4dan, i vardagsrummet eller kanske i k\u00f6ket &#8211; och p\u00e5minner er alla om vad som <\/span><span dir=\"auto\">betyder mest.<\/span><\/p>\n<p style=\"text-align: center\"><img fetchpriority=\"high\" decoding=\"async\" class=\"alignnone wp-image-44202\" src=\"https:\/\/keluvo.com\/template\/wp-content\/uploads\/sites\/5\/2025\/12\/bjrnkramargif-ezgif.com-optimize.webp\" alt=\"\" width=\"488\" height=\"488\" \/><\/p>\n<h2 style=\"text-align: center\"><strong>Ett Minne Som Varar<\/strong><\/h2>\n<p style=\"text-align: center\">M\u00e5nga inredningsdetaljer \u00e4r vackra, men v\u00e5r bj\u00f6rnfamilj tillf\u00f6r n\u00e5got mycket speciellt. Varje detalj, fr\u00e5n de fina linjerna till den noggranna precisionen i furutr\u00e4et, bidrar till att g\u00f6ra ditt eller n\u00e5gon annans hem komplett. Bj\u00f6rnarna skapar gl\u00e4dje i hela hush\u00e5llet och ger en k\u00e4nsla av samh\u00f6righet som g\u00e5r rakt in i hj\u00e4rtat.<\/p>\n<p style=\"text-align: center\"><img decoding=\"async\" class=\"alignnone wp-image-44203\" src=\"https:\/\/keluvo.com\/template\/wp-content\/uploads\/sites\/5\/2025\/12\/1003_1_Redigerad.webp\" alt=\"\" width=\"487\" height=\"487\" \/><\/p>\n<h2 style=\"text-align: center\"><strong>En Symbol F\u00f6r Det Starka Familjebandet<\/strong><\/h2>\n<p style=\"text-align: center\">K\u00e4rleksbj\u00f6rnarna handlar inte bara om de namn som \u00e4r ingraverade &#8211; de f\u00e5ngar k\u00e4nslan av samh\u00f6righet. Ibland kan n\u00e5gon i familjen k\u00e4nna sig lite utanf\u00f6r, kanske en mamma som bor l\u00e5ngt borta eller en mormor som s\u00e4llan tr\u00e4ffar sina barnbarn.<\/p>\n<p><img decoding=\"async\" class=\"alignnone wp-image-44204 aligncenter\" src=\"https:\/\/keluvo.com\/template\/wp-content\/uploads\/sites\/5\/2025\/12\/il_794xN.6228956507_7dy4_1.webp\" alt=\"\" width=\"485\" height=\"485\" \/><\/p>\n","protected":false},"excerpt":{"rendered":"<p>Mer \u00c4n Bara En Present T\u00e4nk p\u00e5 alla g\u00e5nger du har spenderat tre g\u00e5nger s\u00e5 mycket p\u00e5 en present som [&hellip;]<\/p>\n","protected":false},"featured_media":53362,"comment_status":"open","ping_status":"closed","template":"","meta":{"site-sidebar-layout":"default","site-content-layout":"","ast-site-content-layout":"default","site-content-style":"default","site-sidebar-style":"default","ast-global-header-display":"","ast-banner-title-visibility":"","ast-main-header-display":"","ast-hfb-above-header-display":"","ast-hfb-below-header-display":"","ast-hfb-mobile-header-display":"","site-post-title":"","ast-breadcrumbs-content":"","ast-featured-img":"","footer-sml-layout":"","theme-transparent-header-meta":"default","adv-header-id-meta":"","stick-header-meta":"","header-above-stick-meta":"","header-main-stick-meta":"","header-below-stick-meta":"","astra-migrate-meta-layouts":"set","ast-page-background-enabled":"default","ast-page-background-meta":{"desktop":{"background-color":"var(--ast-global-color-4)","background-image":"","background-repeat":"repeat","background-position":"center center","background-size":"auto","background-attachment":"scroll","background-type":"","background-media":"","overlay-type":"","overlay-color":"","overlay-opacity":"","overlay-gradient":""},"tablet":{"background-color":"","background-image":"","background-repeat":"repeat","background-position":"center center","background-size":"auto","background-attachment":"scroll","background-type":"","background-media":"","overlay-type":"","overlay-color":"","overlay-opacity":"","overlay-gradient":""},"mobile":{"background-color":"","background-image":"","background-repeat":"repeat","background-position":"center center","background-size":"auto","background-attachment":"scroll","background-type":"","background-media":"","overlay-type":"","overlay-color":"","overlay-opacity":"","overlay-gradient":""}},"ast-content-background-meta":{"desktop":{"background-color":"var(--ast-global-color-5)","background-image":"","background-repeat":"repeat","background-position":"center center","background-size":"auto","background-attachment":"scroll","background-type":"","background-media":"","overlay-type":"","overlay-color":"","overlay-opacity":"","overlay-gradient":""},"tablet":{"background-color":"var(--ast-global-color-5)","background-image":"","background-repeat":"repeat","background-position":"center center","background-size":"auto","background-attachment":"scroll","background-type":"","background-media":"","overlay-type":"","overlay-color":"","overlay-opacity":"","overlay-gradient":""},"mobile":{"background-color":"var(--ast-global-color-5)","background-image":"","background-repeat":"repeat","background-position":"center center","background-size":"auto","background-attachment":"scroll","background-type":"","background-media":"","overlay-type":"","overlay-color":"","overlay-opacity":"","overlay-gradient":""}}},"product_brand":[],"product_cat":[15],"product_tag":[],"class_list":{"0":"post-53366","1":"product","2":"type-product","3":"status-publish","4":"has-post-thumbnail","6":"product_cat-uncategorized","7":"pa_58231_y329ev51-inga-barn","8":"pa_58231_y329ev51-1-barn","9":"pa_58231_y329ev51-2-barn","10":"pa_58231_y329ev51-3-barn","11":"pa_58231_y329ev51-4-barn","12":"pa_58231_y329ev51-5-barn","13":"pa_58231_y329ev51-6-barn","14":"pa_58231_y329ev51-7-barn","15":"desktop-align-left","16":"tablet-align-left","17":"mobile-align-left","19":"first","20":"instock","21":"shipping-taxable","22":"purchasable","23":"product-type-variable"},"_links":{"self":[{"href":"https:\/\/keluvo.com\/se\/wp-json\/wp\/v2\/product\/53366","targetHints":{"allow":["GET"]}}],"collection":[{"href":"https:\/\/keluvo.com\/se\/wp-json\/wp\/v2\/product"}],"about":[{"href":"https:\/\/keluvo.com\/se\/wp-json\/wp\/v2\/types\/product"}],"replies":[{"embeddable":true,"href":"https:\/\/keluvo.com\/se\/wp-json\/wp\/v2\/comments?post=53366"}],"wp:featuredmedia":[{"embeddable":true,"href":"https:\/\/keluvo.com\/se\/wp-json\/wp\/v2\/media\/53362"}],"wp:attachment":[{"href":"https:\/\/keluvo.com\/se\/wp-json\/wp\/v2\/media?parent=53366"}],"wp:term":[{"taxonomy":"product_brand","embeddable":true,"href":"https:\/\/keluvo.com\/se\/wp-json\/wp\/v2\/product_brand?post=53366"},{"taxonomy":"product_cat","embeddable":true,"href":"https:\/\/keluvo.com\/se\/wp-json\/wp\/v2\/product_cat?post=53366"},{"taxonomy":"product_tag","embeddable":true,"href":"https:\/\/keluvo.com\/se\/wp-json\/wp\/v2\/product_tag?post=53366"}],"curies":[{"name":"wp","href":"https:\/\/api.w.org\/{rel}","templated":true}]}}