{"id":53200,"date":"2025-12-05T17:07:34","date_gmt":"2025-12-05T15:07:34","guid":{"rendered":"https:\/\/keluvo.com\/se\/product\/skramselbox\/"},"modified":"2025-12-17T10:48:13","modified_gmt":"2025-12-17T08:48:13","slug":"skramselbox","status":"publish","type":"product","link":"https:\/\/keluvo.com\/se\/product\/skramselbox\/","title":{"rendered":"Skr\u00e4mselbox"},"content":{"rendered":"<p style=\"text-align: center;\" data-start=\"155\" data-end=\"226\"><strong>F\u00e5 Of\u00f6rgl\u00f6mliga Skratt Med Detta Roliga Och Ofarliga Skr\u00e4mselboxprank. \ud83d\udd77\ufe0f\ud83d\ude02<\/strong><\/p>\n<p style=\"text-align: center;\" data-start=\"228\" data-end=\"455\">Den h\u00e4r skr\u00e4msell\u00e5dan i tr\u00e4 d\u00f6ljer en \u00f6verraskningsspindel som dyker upp s\u00e5 fort n\u00e5gon skjuter upp locket. Det \u00e4r det perfekta sk\u00e4mtet f\u00f6r fester, Halloween eller vardagsskoj &#8211; s\u00e4kert, enkelt att anv\u00e4nda och f\u00e5r garanterat folk att hoppa och skratta.<\/p>\n<p data-start=\"228\" data-end=\"455\"><img fetchpriority=\"high\" decoding=\"async\" class=\"size-full wp-image-44035 aligncenter\" src=\"https:\/\/keluvo.com\/template\/wp-content\/uploads\/sites\/5\/2025\/12\/10224-ezgif.com-video-to-webp-converter-1-1.webp\" alt=\"\" width=\"500\" height=\"500\" \/><\/p>\n<h2 style=\"text-align: center;\" data-start=\"462\" data-end=\"486\">Huvudf\u00f6rdelar \u2728<\/h2>\n<p data-start=\"489\" data-end=\"570\">\ud83d\ude02 Roligt sk\u00e4mt &#8211; Ger \u00f6verraskande hopp och of\u00f6rgl\u00f6mliga reaktioner.<\/p>\n<p data-start=\"573\" data-end=\"664\">\ud83d\udd77\ufe0f Realistisk poppande spindel &#8211; Den vingliga spindeln poppar ut s\u00e5 fort locket glider upp.<\/p>\n<p data-start=\"667\" data-end=\"764\">\ud83c\udf89 Perfekt f\u00f6r fester &#8211; Perfekt f\u00f6r Halloween, sammankomster eller n\u00e4r som helst n\u00e4r du vill ha ett gott skratt.<\/p>\n<p data-start=\"767\" data-end=\"857\">\ud83e\udeb5 H\u00e5llbar tr\u00e4design &#8211; Handgjord, robust och byggd f\u00f6r att h\u00e5lla i \u00e5ratal av uppt\u00e5g.<\/p>\n<p data-start=\"860\" data-end=\"928\">\ud83d\udc76 S\u00e4ker att spela &#8211; Giftfri, sl\u00e4ta kanter och inga vassa delar.<\/p>\n<p data-start=\"931\" data-end=\"1013\">\ud83d\udcf8 Kul att spela in &#8211; St\u00e4ll den p\u00e5 ett bord och f\u00e5nga ov\u00e4rderliga reaktioner p\u00e5 video.<\/p>\n<p data-start=\"931\" data-end=\"1013\"><img decoding=\"async\" class=\"size-full wp-image-44034 aligncenter\" src=\"https:\/\/keluvo.com\/template\/wp-content\/uploads\/sites\/5\/2025\/12\/cbea09ceb05e0b0afae291e5121c4bb1fe01afea.gif\" alt=\"\" width=\"480\" height=\"270\" \/><\/p>\n<h2 style=\"text-align: center;\" data-start=\"1020\" data-end=\"1042\">Hur Man Anv\u00e4nder \ud83e\uddf0<\/h2>\n<ol data-start=\"1043\" data-end=\"1358\">\n<li data-start=\"1043\" data-end=\"1103\">\n<p data-start=\"1046\" data-end=\"1103\">H\u00e5ll skr\u00e4msell\u00e5dan i handen eller placera den p\u00e5 ett bord.<\/p>\n<\/li>\n<li data-start=\"1104\" data-end=\"1165\">\n<p data-start=\"1107\" data-end=\"1165\">Ge den till n\u00e5gon eller l\u00e4mna den d\u00e4r folk kan hitta den.<\/p>\n<\/li>\n<li data-start=\"1166\" data-end=\"1225\">\n<p data-start=\"1169\" data-end=\"1225\">De kommer naturligtvis att skjuta locket \u00f6ppet f\u00f6r att titta inuti.<\/p>\n<\/li>\n<li data-start=\"1226\" data-end=\"1288\">\n<p data-start=\"1229\" data-end=\"1288\">En vinglig spindel kommer att dyka upp och \u00f6verraska dem direkt!<\/p>\n<\/li>\n<li data-start=\"1289\" data-end=\"1358\">\n<p data-start=\"1292\" data-end=\"1358\">Njut av skrattet och upprepa sk\u00e4mtet s\u00e5 m\u00e5nga g\u00e5nger du vill.<\/p>\n<\/li>\n<\/ol>\n<h2 style=\"text-align: center;\" data-start=\"1365\" data-end=\"1392\">Produktdetaljer \ud83d\udccf<\/h2>\n<ul data-start=\"1393\" data-end=\"1640\">\n<li data-start=\"1393\" data-end=\"1435\">\n<p data-start=\"1395\" data-end=\"1435\">Material: Naturligt tr\u00e4 + gummispindel<\/p>\n<\/li>\n<li data-start=\"1436\" data-end=\"1460\">\n<p data-start=\"1438\" data-end=\"1460\">Storlek: 9 x 6 x 5,5 cm<\/p>\n<\/li>\n<li data-start=\"1461\" data-end=\"1477\">\n<p data-start=\"1463\" data-end=\"1477\">Vikt: 60 g<\/p>\n<\/li>\n<li data-start=\"1478\" data-end=\"1518\">\n<p data-start=\"1480\" data-end=\"1518\">Design: Handgjord Amish tr\u00e4l\u00e5da<\/p>\n<\/li>\n<li data-start=\"1519\" data-end=\"1572\">\n<p data-start=\"1521\" data-end=\"1572\">S\u00e4kerhet: Giftfri, sl\u00e4t yta, inga skarpa kanter<\/p>\n<\/li>\n<li data-start=\"1573\" data-end=\"1640\">\n<p data-start=\"1575\" data-end=\"1640\">Anv\u00e4ndningsomr\u00e5den: Fester, Halloween, uppt\u00e5g, familjesk\u00e4mt, kontorssk\u00e4mt<\/p>\n<\/li>\n<\/ul>\n<h2 style=\"text-align: center;\" data-start=\"1647\" data-end=\"1675\">Paketet inneh\u00e5ller \ud83d\udce6<\/h2>\n<ul data-start=\"1676\" data-end=\"1700\">\n<li data-start=\"1676\" data-end=\"1700\">\n<p data-start=\"1678\" data-end=\"1700\">1, 2x spindelskr\u00e4mselbox.<\/p>\n<\/li>\n<\/ul>\n","protected":false},"excerpt":{"rendered":"<p>F\u00e5 Of\u00f6rgl\u00f6mliga Skratt Med Detta Roliga Och Ofarliga Skr\u00e4mselboxprank. \ud83d\udd77\ufe0f\ud83d\ude02 Den h\u00e4r skr\u00e4msell\u00e5dan i tr\u00e4 d\u00f6ljer en \u00f6verraskningsspindel som dyker [&hellip;]<\/p>\n","protected":false},"featured_media":53196,"comment_status":"open","ping_status":"closed","template":"","meta":{"site-sidebar-layout":"default","site-content-layout":"","ast-site-content-layout":"default","site-content-style":"default","site-sidebar-style":"default","ast-global-header-display":"","ast-banner-title-visibility":"","ast-main-header-display":"","ast-hfb-above-header-display":"","ast-hfb-below-header-display":"","ast-hfb-mobile-header-display":"","site-post-title":"","ast-breadcrumbs-content":"","ast-featured-img":"","footer-sml-layout":"","theme-transparent-header-meta":"default","adv-header-id-meta":"","stick-header-meta":"","header-above-stick-meta":"","header-main-stick-meta":"","header-below-stick-meta":"","astra-migrate-meta-layouts":"set","ast-page-background-enabled":"default","ast-page-background-meta":{"desktop":{"background-color":"var(--ast-global-color-4)","background-image":"","background-repeat":"repeat","background-position":"center center","background-size":"auto","background-attachment":"scroll","background-type":"","background-media":"","overlay-type":"","overlay-color":"","overlay-opacity":"","overlay-gradient":""},"tablet":{"background-color":"","background-image":"","background-repeat":"repeat","background-position":"center center","background-size":"auto","background-attachment":"scroll","background-type":"","background-media":"","overlay-type":"","overlay-color":"","overlay-opacity":"","overlay-gradient":""},"mobile":{"background-color":"","background-image":"","background-repeat":"repeat","background-position":"center center","background-size":"auto","background-attachment":"scroll","background-type":"","background-media":"","overlay-type":"","overlay-color":"","overlay-opacity":"","overlay-gradient":""}},"ast-content-background-meta":{"desktop":{"background-color":"var(--ast-global-color-5)","background-image":"","background-repeat":"repeat","background-position":"center center","background-size":"auto","background-attachment":"scroll","background-type":"","background-media":"","overlay-type":"","overlay-color":"","overlay-opacity":"","overlay-gradient":""},"tablet":{"background-color":"var(--ast-global-color-5)","background-image":"","background-repeat":"repeat","background-position":"center center","background-size":"auto","background-attachment":"scroll","background-type":"","background-media":"","overlay-type":"","overlay-color":"","overlay-opacity":"","overlay-gradient":""},"mobile":{"background-color":"var(--ast-global-color-5)","background-image":"","background-repeat":"repeat","background-position":"center center","background-size":"auto","background-attachment":"scroll","background-type":"","background-media":"","overlay-type":"","overlay-color":"","overlay-opacity":"","overlay-gradient":""}}},"product_brand":[],"product_cat":[990],"product_tag":[],"class_list":{"0":"post-53200","1":"product","2":"type-product","3":"status-publish","4":"has-post-thumbnail","6":"product_cat-toys-childrens-and-baby-products","7":"pa_55615_ewg1bjd4-1-st","8":"pa_55615_ewg1bjd4-2-st","9":"pa_55615_oc8i6q4l-a","10":"pa_55615_oc8i6q4l-b","11":"desktop-align-left","12":"tablet-align-left","13":"mobile-align-left","15":"first","16":"instock","17":"shipping-taxable","18":"purchasable","19":"product-type-variable","20":"has-default-attributes"},"_links":{"self":[{"href":"https:\/\/keluvo.com\/se\/wp-json\/wp\/v2\/product\/53200","targetHints":{"allow":["GET"]}}],"collection":[{"href":"https:\/\/keluvo.com\/se\/wp-json\/wp\/v2\/product"}],"about":[{"href":"https:\/\/keluvo.com\/se\/wp-json\/wp\/v2\/types\/product"}],"replies":[{"embeddable":true,"href":"https:\/\/keluvo.com\/se\/wp-json\/wp\/v2\/comments?post=53200"}],"wp:featuredmedia":[{"embeddable":true,"href":"https:\/\/keluvo.com\/se\/wp-json\/wp\/v2\/media\/53196"}],"wp:attachment":[{"href":"https:\/\/keluvo.com\/se\/wp-json\/wp\/v2\/media?parent=53200"}],"wp:term":[{"taxonomy":"product_brand","embeddable":true,"href":"https:\/\/keluvo.com\/se\/wp-json\/wp\/v2\/product_brand?post=53200"},{"taxonomy":"product_cat","embeddable":true,"href":"https:\/\/keluvo.com\/se\/wp-json\/wp\/v2\/product_cat?post=53200"},{"taxonomy":"product_tag","embeddable":true,"href":"https:\/\/keluvo.com\/se\/wp-json\/wp\/v2\/product_tag?post=53200"}],"curies":[{"name":"wp","href":"https:\/\/api.w.org\/{rel}","templated":true}]}}