{"id":53084,"date":"2025-12-04T19:04:48","date_gmt":"2025-12-04T17:04:48","guid":{"rendered":"https:\/\/keluvo.com\/se\/product\/snack-organisator\/"},"modified":"2025-12-15T18:31:32","modified_gmt":"2025-12-15T16:31:32","slug":"snack-organisator","status":"publish","type":"product","link":"https:\/\/keluvo.com\/se\/product\/snack-organisator\/","title":{"rendered":"Snack-organisat\u00f6r"},"content":{"rendered":"<p style=\"text-align: center;\" data-start=\"180\" data-end=\"249\"><strong>H\u00e5ll Alla Dina Snacks Fr\u00e4scha, \u00c5tskilda Och L\u00e4tta Att Dela Med Dig Av \u00d6verallt. \ud83e\udd68\ud83c\udfe1<\/strong><\/p>\n<p style=\"text-align: center;\" data-start=\"251\" data-end=\"508\">Den h\u00e4r snacksf\u00f6rpackningen har uppdelade fack, stark t\u00e4tning och en stor kapacitet som g\u00f6r det enkelt att f\u00f6rvara och servera snacks. Den \u00e4r perfekt f\u00f6r hemmabruk, fester och utomhusevenemang och hj\u00e4lper dig att h\u00e5lla allt rent, organiserat och redo att avnjutas.<\/p>\n<p data-start=\"251\" data-end=\"508\"><img fetchpriority=\"high\" decoding=\"async\" class=\"size-full wp-image-43982 aligncenter\" src=\"https:\/\/keluvo.com\/template\/wp-content\/uploads\/sites\/5\/2025\/12\/10223-ezgif.com-video-to-webp-converter-1-1.webp\" alt=\"\" width=\"500\" height=\"500\" \/><\/p>\n<h2 style=\"text-align: center;\" data-start=\"515\" data-end=\"539\">Huvudf\u00f6rdelar \u2728<\/h2>\n<p data-start=\"542\" data-end=\"638\">\ud83c\udf6a Uppdelade fack &#8211; F\u00f6rhindrar att snacks blandas och h\u00e5ller allt snyggt \u00e5tskilt.<\/p>\n<p data-start=\"641\" data-end=\"725\">\ud83e\udd68 Starkt t\u00e4tande design &#8211; H\u00e5ller maten fr\u00e4sch och skyddar den fr\u00e5n fukt.<\/p>\n<p data-start=\"728\" data-end=\"832\">\ud83c\udf89 Perfekt f\u00f6r alla evenemang &#8211; Picknick, grillkv\u00e4llar, f\u00f6delsedagsfester, br\u00f6llop eller mysiga kv\u00e4llar hemma.<\/p>\n<p data-start=\"835\" data-end=\"927\">\ud83c\udfe1 Stor kapacitet &#8211; Rymmer flera snacks samtidigt som bordet h\u00e5lls organiserat och snyggt.<\/p>\n<p data-start=\"930\" data-end=\"1024\">\ud83d\udcaa H\u00e5llbara material &#8211; F\u00f6rtjockad ABS + PET g\u00f6r den stark, \u00e5teranv\u00e4ndbar och l\u00e4tt att reng\u00f6ra.<\/p>\n<p data-start=\"1027\" data-end=\"1124\">\ud83d\ude97 Perfekt f\u00f6r utomhusbruk &#8211; L\u00e4tt, praktisk och perfekt f\u00f6r att dela snacks med v\u00e4nner.<\/p>\n<p data-start=\"1027\" data-end=\"1124\"><img decoding=\"async\" class=\" wp-image-43986 aligncenter\" src=\"https:\/\/keluvo.com\/template\/wp-content\/uploads\/sites\/5\/2025\/12\/3deaa340ce2e1637849ba09d3bf6b85671cdbae2.webp\" alt=\"\" width=\"500\" height=\"667\" \/><\/p>\n<h2 style=\"text-align: center;\" data-start=\"1131\" data-end=\"1153\">Hur Man Anv\u00e4nder \ud83e\uddf0<\/h2>\n<ol data-start=\"1154\" data-end=\"1404\">\n<li data-start=\"1154\" data-end=\"1219\">\n<p data-start=\"1157\" data-end=\"1219\">\u00d6ppna locket och l\u00e4gg till olika snacks i varje fack.<\/p>\n<\/li>\n<li data-start=\"1220\" data-end=\"1270\">\n<p data-start=\"1223\" data-end=\"1270\">St\u00e4ng locket ordentligt f\u00f6r att s\u00e4kerst\u00e4lla att det \u00e4r f\u00f6rseglat.<\/p>\n<\/li>\n<li data-start=\"1271\" data-end=\"1336\">\n<p data-start=\"1274\" data-end=\"1336\">Placera det p\u00e5 ditt bord eller ta det utomhus f\u00f6r enkel servering.<\/p>\n<\/li>\n<li data-start=\"1337\" data-end=\"1404\">\n<p data-start=\"1340\" data-end=\"1404\">\u00d6ppna och njut &#8211; snacks f\u00f6rblir f\u00e4rska, separerade och redo att dela.<\/p>\n<\/li>\n<\/ol>\n<h2 style=\"text-align: center;\" data-start=\"1411\" data-end=\"1438\">Produktdetaljer \ud83d\udccf<\/h2>\n<ul data-start=\"1439\" data-end=\"1691\">\n<li data-start=\"1439\" data-end=\"1462\">\n<p data-start=\"1441\" data-end=\"1462\">Material: ABS + PET<\/p>\n<\/li>\n<li data-start=\"1439\" data-end=\"1462\">\n<p data-start=\"1441\" data-end=\"1462\">Vikt: 925 g<\/p>\n<\/li>\n<li data-start=\"1439\" data-end=\"1462\">\n<p data-start=\"1441\" data-end=\"1462\">Storlek: 28,5 x 9,5 cm<\/p>\n<\/li>\n<li data-start=\"1481\" data-end=\"1525\">\n<p data-start=\"1483\" data-end=\"1525\">Struktur: Flera uppdelade fack<\/p>\n<\/li>\n<li data-start=\"1526\" data-end=\"1604\">\n<p data-start=\"1528\" data-end=\"1604\">Funktioner: Stark t\u00e4tning, stor lagringskapacitet, f\u00f6rtjockad h\u00e5llbar design<\/p>\n<\/li>\n<li data-start=\"1605\" data-end=\"1691\">\n<p data-start=\"1607\" data-end=\"1691\">Anv\u00e4ndningsfall: Hem, picknick, fester, grillar, br\u00f6llop, sammankomster, utomhusevenemang<\/p>\n<\/li>\n<\/ul>\n<h2 style=\"text-align: center;\" data-start=\"1698\" data-end=\"1726\">Paketet inneh\u00e5ller \ud83d\udce6<\/h2>\n<ul data-start=\"1727\" data-end=\"1750\">\n<li data-start=\"1727\" data-end=\"1750\">\n<p data-start=\"1729\" data-end=\"1750\">1x snack-organisat\u00f6r.<\/p>\n<\/li>\n<\/ul>\n","protected":false},"excerpt":{"rendered":"<p>H\u00e5ll Alla Dina Snacks Fr\u00e4scha, \u00c5tskilda Och L\u00e4tta Att Dela Med Dig Av \u00d6verallt. \ud83e\udd68\ud83c\udfe1 Den h\u00e4r snacksf\u00f6rpackningen har uppdelade [&hellip;]<\/p>\n","protected":false},"featured_media":53080,"comment_status":"open","ping_status":"closed","template":"","meta":{"site-sidebar-layout":"default","site-content-layout":"","ast-site-content-layout":"default","site-content-style":"default","site-sidebar-style":"default","ast-global-header-display":"","ast-banner-title-visibility":"","ast-main-header-display":"","ast-hfb-above-header-display":"","ast-hfb-below-header-display":"","ast-hfb-mobile-header-display":"","site-post-title":"","ast-breadcrumbs-content":"","ast-featured-img":"","footer-sml-layout":"","theme-transparent-header-meta":"default","adv-header-id-meta":"","stick-header-meta":"","header-above-stick-meta":"","header-main-stick-meta":"","header-below-stick-meta":"","astra-migrate-meta-layouts":"set","ast-page-background-enabled":"default","ast-page-background-meta":{"desktop":{"background-color":"var(--ast-global-color-4)","background-image":"","background-repeat":"repeat","background-position":"center center","background-size":"auto","background-attachment":"scroll","background-type":"","background-media":"","overlay-type":"","overlay-color":"","overlay-opacity":"","overlay-gradient":""},"tablet":{"background-color":"","background-image":"","background-repeat":"repeat","background-position":"center center","background-size":"auto","background-attachment":"scroll","background-type":"","background-media":"","overlay-type":"","overlay-color":"","overlay-opacity":"","overlay-gradient":""},"mobile":{"background-color":"","background-image":"","background-repeat":"repeat","background-position":"center center","background-size":"auto","background-attachment":"scroll","background-type":"","background-media":"","overlay-type":"","overlay-color":"","overlay-opacity":"","overlay-gradient":""}},"ast-content-background-meta":{"desktop":{"background-color":"var(--ast-global-color-5)","background-image":"","background-repeat":"repeat","background-position":"center center","background-size":"auto","background-attachment":"scroll","background-type":"","background-media":"","overlay-type":"","overlay-color":"","overlay-opacity":"","overlay-gradient":""},"tablet":{"background-color":"var(--ast-global-color-5)","background-image":"","background-repeat":"repeat","background-position":"center center","background-size":"auto","background-attachment":"scroll","background-type":"","background-media":"","overlay-type":"","overlay-color":"","overlay-opacity":"","overlay-gradient":""},"mobile":{"background-color":"var(--ast-global-color-5)","background-image":"","background-repeat":"repeat","background-position":"center center","background-size":"auto","background-attachment":"scroll","background-type":"","background-media":"","overlay-type":"","overlay-color":"","overlay-opacity":"","overlay-gradient":""}}},"product_brand":[],"product_cat":[1001],"product_tag":[],"class_list":{"0":"post-53084","1":"product","2":"type-product","3":"status-publish","4":"has-post-thumbnail","6":"product_cat-household-goods","7":"pa_55576_786d0gl2-gra","8":"pa_55576_786d0gl2-silver","9":"pa_55576_786d0gl2-vit","10":"desktop-align-left","11":"tablet-align-left","12":"mobile-align-left","14":"first","15":"instock","16":"shipping-taxable","17":"purchasable","18":"product-type-variable"},"_links":{"self":[{"href":"https:\/\/keluvo.com\/se\/wp-json\/wp\/v2\/product\/53084","targetHints":{"allow":["GET"]}}],"collection":[{"href":"https:\/\/keluvo.com\/se\/wp-json\/wp\/v2\/product"}],"about":[{"href":"https:\/\/keluvo.com\/se\/wp-json\/wp\/v2\/types\/product"}],"replies":[{"embeddable":true,"href":"https:\/\/keluvo.com\/se\/wp-json\/wp\/v2\/comments?post=53084"}],"wp:featuredmedia":[{"embeddable":true,"href":"https:\/\/keluvo.com\/se\/wp-json\/wp\/v2\/media\/53080"}],"wp:attachment":[{"href":"https:\/\/keluvo.com\/se\/wp-json\/wp\/v2\/media?parent=53084"}],"wp:term":[{"taxonomy":"product_brand","embeddable":true,"href":"https:\/\/keluvo.com\/se\/wp-json\/wp\/v2\/product_brand?post=53084"},{"taxonomy":"product_cat","embeddable":true,"href":"https:\/\/keluvo.com\/se\/wp-json\/wp\/v2\/product_cat?post=53084"},{"taxonomy":"product_tag","embeddable":true,"href":"https:\/\/keluvo.com\/se\/wp-json\/wp\/v2\/product_tag?post=53084"}],"curies":[{"name":"wp","href":"https:\/\/api.w.org\/{rel}","templated":true}]}}