{"id":53030,"date":"2025-12-04T18:59:37","date_gmt":"2025-12-04T16:59:37","guid":{"rendered":"https:\/\/keluvo.com\/se\/product\/rengoringsservetter-for-husdjur\/"},"modified":"2025-12-15T18:33:30","modified_gmt":"2025-12-15T16:33:30","slug":"rengoringsservetter-for-husdjur","status":"publish","type":"product","link":"https:\/\/keluvo.com\/se\/product\/rengoringsservetter-for-husdjur\/","title":{"rendered":"Reng\u00f6ringsservetter f\u00f6r husdjur"},"content":{"rendered":"<p style=\"text-align: center\">Antal: 1 f\u00f6rpackning = 6 v\u00e5tservetter<\/p>\n<p style=\"text-align: center\" data-start=\"0\" data-end=\"64\"><strong>H\u00e5ll dina husdjur rena snabbt och f\u00f6rsiktigt &#8211; utan vatten eller kladd. \ud83d\udc3e\ud83e\uddfc<\/strong><\/p>\n<p style=\"text-align: center\" data-start=\"66\" data-end=\"302\">Dessa reng\u00f6ringsservetter f\u00f6r husdjur kommer i l\u00e4ttanv\u00e4nd handskform, s\u00e5 att du kan torka av p\u00e4ls, tassar, ansikten och kroppar p\u00e5 n\u00e5gra sekunder. Mjuka, eng\u00e5ngsbruk och fyllda med skonsamma reng\u00f6ringsingredienser g\u00f6r de djurv\u00e5rd enkel hemma eller p\u00e5 spr\u00e5ng.<\/p>\n<p data-start=\"66\" data-end=\"302\"><img fetchpriority=\"high\" decoding=\"async\" class=\" wp-image-43893 aligncenter\" src=\"https:\/\/keluvo.com\/template\/wp-content\/uploads\/sites\/5\/2025\/12\/8c26192cc62b4b67f30f10e0dab94594433a8496.webp\" alt=\"\" width=\"500\" height=\"889\" \/><\/p>\n<h2 style=\"text-align: center\" data-start=\"309\" data-end=\"329\">\u2b50 Huvudf\u00f6rdelar<\/h2>\n<p data-start=\"332\" data-end=\"405\">\ud83e\uddfc Inget vatten beh\u00f6vs &#8211; Reng\u00f6r ditt husdjur direkt med tv\u00e4ttfria v\u00e5tservetter.<\/p>\n<p data-start=\"408\" data-end=\"490\">\ud83d\udc3e Enkel handskdesign &#8211; B\u00e4r den som en handske f\u00f6r b\u00e4ttre kontroll och t\u00e4ckning.<\/p>\n<p data-start=\"493\" data-end=\"578\">\ud83c\udf3f Skonsamma ingredienser &#8211; Tillverkad med aloe vera, rent vatten och glycerinextrakt.<\/p>\n<p data-start=\"581\" data-end=\"661\">\ud83e\uddfb Eng\u00e5ngsbruk &amp; hygienisk &#8211; Anv\u00e4nd en g\u00e5ng och kasta bort f\u00f6r kladdfri reng\u00f6ring.<\/p>\n<p data-start=\"664\" data-end=\"742\">\ud83c\udfe1 Multifunktionell &#8211; Fungerar f\u00f6r hundar, katter och till och med allm\u00e4n hemst\u00e4dning.<\/p>\n<p data-start=\"745\" data-end=\"831\">\u2728 Perfekt f\u00f6r snabb reng\u00f6ring &#8211; Perfekt f\u00f6r tassar, p\u00e4ls, efter promenader eller mellan bad.<\/p>\n<p data-start=\"745\" data-end=\"831\"><img decoding=\"async\" class=\"size-full wp-image-43892 aligncenter\" src=\"https:\/\/keluvo.com\/template\/wp-content\/uploads\/sites\/5\/2025\/12\/942b19d75f5094ba2df170c08c170548ac5956b6.avif\" alt=\"\" \/><\/p>\n<h2 style=\"text-align: center\" data-start=\"838\" data-end=\"856\">\ud83e\uddfe Hur man anv\u00e4nder<\/h2>\n<ol data-start=\"857\" data-end=\"1068\">\n<li data-start=\"857\" data-end=\"896\">\n<p data-start=\"860\" data-end=\"896\">Ta en torkhandske fr\u00e5n f\u00f6rpackningen.<\/p>\n<\/li>\n<li data-start=\"897\" data-end=\"934\">\n<p data-start=\"900\" data-end=\"934\">F\u00f6r in handen i handsken.<\/p>\n<\/li>\n<li data-start=\"935\" data-end=\"982\">\n<p data-start=\"938\" data-end=\"982\">Torka f\u00f6rsiktigt av ditt husdjurs p\u00e4ls, tassar eller ansikte.<\/p>\n<\/li>\n<li data-start=\"983\" data-end=\"1019\">\n<p data-start=\"986\" data-end=\"1019\">Kasta handsken efter anv\u00e4ndning.<\/p>\n<\/li>\n<li data-start=\"1020\" data-end=\"1068\">\n<p data-start=\"1023\" data-end=\"1068\">St\u00e4ng f\u00f6rpackningen f\u00f6r att h\u00e5lla kvarvarande v\u00e5tservetter fuktiga.<\/p>\n<\/li>\n<\/ol>\n<h2 style=\"text-align: center\" data-start=\"1075\" data-end=\"1098\">\ud83d\udccc Produktdetaljer<\/h2>\n<ul data-start=\"1099\" data-end=\"1422\">\n<li data-start=\"1143\" data-end=\"1223\">\n<p data-start=\"1145\" data-end=\"1223\">Material: Bomull + rent vattenextrakt + glycerinextrakt + aloe vera-extrakt<\/p>\n<\/li>\n<li data-start=\"1224\" data-end=\"1249\">\n<p data-start=\"1226\" data-end=\"1249\">H\u00e5llbarhet: 24 m\u00e5nader<\/p>\n<\/li>\n<li data-start=\"1250\" data-end=\"1316\">\n<p data-start=\"1252\" data-end=\"1263\">Kvantitet: <span style=\"font-size: 16px\">1 f\u00f6rpackning = 6 v\u00e5tservetter<\/span><\/p>\n<\/li>\n<li data-start=\"1317\" data-end=\"1364\">\n<p data-start=\"1319\" data-end=\"1364\">L\u00e4mplig f\u00f6r: Hundar, katter och hemst\u00e4dning<\/p>\n<\/li>\n<li data-start=\"1365\" data-end=\"1422\">\n<p data-start=\"1367\" data-end=\"1422\">Funktioner: tv\u00e4ttfria, eng\u00e5ngsbruk, mjuka, skonsamma, hygieniska<\/p>\n<\/li>\n<\/ul>\n<h2 style=\"text-align: center\" data-start=\"1429\" data-end=\"1453\">\ud83c\udf81 F\u00f6rpackningen inneh\u00e5ller<\/h2>\n<ul data-start=\"1454\" data-end=\"1581\" data-is-last-node=\"\" data-is-only-node=\"\">\n<li data-start=\"1454\" data-end=\"1539\">1, 2, 4, 6x f\u00f6rpackning med reng\u00f6ringsservetter f\u00f6r husdjur (6, 12, 24, 36 st).<\/li>\n<\/ul>\n","protected":false},"excerpt":{"rendered":"<p>Antal: 1 f\u00f6rpackning = 6 v\u00e5tservetter H\u00e5ll dina husdjur rena snabbt och f\u00f6rsiktigt &#8211; utan vatten eller kladd. \ud83d\udc3e\ud83e\uddfc Dessa [&hellip;]<\/p>\n","protected":false},"featured_media":53026,"comment_status":"open","ping_status":"closed","template":"","meta":{"site-sidebar-layout":"default","site-content-layout":"","ast-site-content-layout":"default","site-content-style":"default","site-sidebar-style":"default","ast-global-header-display":"","ast-banner-title-visibility":"","ast-main-header-display":"","ast-hfb-above-header-display":"","ast-hfb-below-header-display":"","ast-hfb-mobile-header-display":"","site-post-title":"","ast-breadcrumbs-content":"","ast-featured-img":"","footer-sml-layout":"","theme-transparent-header-meta":"default","adv-header-id-meta":"","stick-header-meta":"","header-above-stick-meta":"","header-main-stick-meta":"","header-below-stick-meta":"","astra-migrate-meta-layouts":"set","ast-page-background-enabled":"default","ast-page-background-meta":{"desktop":{"background-color":"var(--ast-global-color-4)","background-image":"","background-repeat":"repeat","background-position":"center center","background-size":"auto","background-attachment":"scroll","background-type":"","background-media":"","overlay-type":"","overlay-color":"","overlay-opacity":"","overlay-gradient":""},"tablet":{"background-color":"","background-image":"","background-repeat":"repeat","background-position":"center center","background-size":"auto","background-attachment":"scroll","background-type":"","background-media":"","overlay-type":"","overlay-color":"","overlay-opacity":"","overlay-gradient":""},"mobile":{"background-color":"","background-image":"","background-repeat":"repeat","background-position":"center center","background-size":"auto","background-attachment":"scroll","background-type":"","background-media":"","overlay-type":"","overlay-color":"","overlay-opacity":"","overlay-gradient":""}},"ast-content-background-meta":{"desktop":{"background-color":"var(--ast-global-color-5)","background-image":"","background-repeat":"repeat","background-position":"center center","background-size":"auto","background-attachment":"scroll","background-type":"","background-media":"","overlay-type":"","overlay-color":"","overlay-opacity":"","overlay-gradient":""},"tablet":{"background-color":"var(--ast-global-color-5)","background-image":"","background-repeat":"repeat","background-position":"center center","background-size":"auto","background-attachment":"scroll","background-type":"","background-media":"","overlay-type":"","overlay-color":"","overlay-opacity":"","overlay-gradient":""},"mobile":{"background-color":"var(--ast-global-color-5)","background-image":"","background-repeat":"repeat","background-position":"center center","background-size":"auto","background-attachment":"scroll","background-type":"","background-media":"","overlay-type":"","overlay-color":"","overlay-opacity":"","overlay-gradient":""}}},"product_brand":[],"product_cat":[997],"product_tag":[],"class_list":{"0":"post-53030","1":"product","2":"type-product","3":"status-publish","4":"has-post-thumbnail","6":"product_cat-pets-products","7":"pa_55338_waid0yx3-1-st","8":"pa_55338_waid0yx3-2-st","9":"pa_55338_waid0yx3-4-st","10":"pa_55338_waid0yx3-6-st","11":"desktop-align-left","12":"tablet-align-left","13":"mobile-align-left","15":"first","16":"instock","17":"shipping-taxable","18":"purchasable","19":"product-type-variable"},"_links":{"self":[{"href":"https:\/\/keluvo.com\/se\/wp-json\/wp\/v2\/product\/53030","targetHints":{"allow":["GET"]}}],"collection":[{"href":"https:\/\/keluvo.com\/se\/wp-json\/wp\/v2\/product"}],"about":[{"href":"https:\/\/keluvo.com\/se\/wp-json\/wp\/v2\/types\/product"}],"replies":[{"embeddable":true,"href":"https:\/\/keluvo.com\/se\/wp-json\/wp\/v2\/comments?post=53030"}],"wp:featuredmedia":[{"embeddable":true,"href":"https:\/\/keluvo.com\/se\/wp-json\/wp\/v2\/media\/53026"}],"wp:attachment":[{"href":"https:\/\/keluvo.com\/se\/wp-json\/wp\/v2\/media?parent=53030"}],"wp:term":[{"taxonomy":"product_brand","embeddable":true,"href":"https:\/\/keluvo.com\/se\/wp-json\/wp\/v2\/product_brand?post=53030"},{"taxonomy":"product_cat","embeddable":true,"href":"https:\/\/keluvo.com\/se\/wp-json\/wp\/v2\/product_cat?post=53030"},{"taxonomy":"product_tag","embeddable":true,"href":"https:\/\/keluvo.com\/se\/wp-json\/wp\/v2\/product_tag?post=53030"}],"curies":[{"name":"wp","href":"https:\/\/api.w.org\/{rel}","templated":true}]}}