{"id":52874,"date":"2025-12-04T18:47:16","date_gmt":"2025-12-04T16:47:16","guid":{"rendered":"https:\/\/keluvo.com\/se\/product\/lim-for-metallgjutning-85ml\/"},"modified":"2025-12-15T18:13:10","modified_gmt":"2025-12-15T16:13:10","slug":"lim-for-metallgjutning-85ml","status":"publish","type":"product","link":"https:\/\/keluvo.com\/se\/product\/lim-for-metallgjutning-85ml\/","title":{"rendered":"Lim f\u00f6r metallgjutning (85ml)"},"content":{"rendered":"<p style=\"text-align: center;\" data-start=\"0\" data-end=\"93\"><strong>Reparera Metall Och Tuffa Material Med Ett Starkt, L\u00e5ngvarigt Lim Som F\u00e4ster Som J\u00e4rn. \ud83d\ude97\ud83d\udd29<\/strong><\/p>\n<p style=\"text-align: center;\" data-start=\"95\" data-end=\"374\">Detta metallgjutningslim skapar ett h\u00f6gh\u00e5llfast grepp som fixar sprickor, h\u00e5l och skadade ytor med snabbh\u00e4rdande kraft. Det fungerar p\u00e5 metall, tr\u00e4, keramik, betong och mer, vilket g\u00f6r det idealiskt f\u00f6r hemreparationer, bilfixar, verkstadsprojekt och tungt underh\u00e5ll.<\/p>\n<p data-start=\"95\" data-end=\"374\"><img fetchpriority=\"high\" decoding=\"async\" class=\"size-full wp-image-43753 aligncenter\" src=\"https:\/\/keluvo.com\/template\/wp-content\/uploads\/sites\/5\/2025\/12\/10226-ezgif.com-video-to-webp-converter-1.webp\" alt=\"\" width=\"500\" height=\"500\" \/><\/p>\n<h2 style=\"text-align: center;\" data-start=\"381\" data-end=\"401\">\u2b50 Huvudf\u00f6rdelar<\/h2>\n<p data-start=\"404\" data-end=\"512\">\ud83d\udd29 H\u00f6gh\u00e5llfast bindning &#8211; Skapar ett obrytbart grepp p\u00e5 metall, tr\u00e4, keramik och andra h\u00e5rda material.<\/p>\n<p data-start=\"515\" data-end=\"588\">\ud83d\udd25 V\u00e4rmebest\u00e4ndigt &#8211; T\u00e5l temperaturer upp till 150 \u00b0C n\u00e4r det h\u00e4rdat.<\/p>\n<p data-start=\"591\" data-end=\"675\">\ud83d\udd52 Snabb h\u00e4rdning &#8211; Tjock, droppfri formula som h\u00e4rdar p\u00e5 n\u00e5gra minuter f\u00f6r snabba reparationer.<\/p>\n<p data-start=\"678\" data-end=\"762\">\ud83e\uddf1 Gapfyllande formula &#8211; Fyller sprickor, porer, sandh\u00e5l och oj\u00e4mna ytor.<\/p>\n<p data-start=\"765\" data-end=\"857\">\ud83d\udee0\ufe0f Enkel applicering &#8211; Levereras med tryckst\u00e5ng, skrapa och sandpapper f\u00f6r smidiga reparationer.<\/p>\n<p data-start=\"860\" data-end=\"967\">\ud83d\ude97 Multifunktionell anv\u00e4ndning &#8211; Perfekt f\u00f6r gjutj\u00e4rn, st\u00e5l, br\u00e4nsletankar, r\u00f6rledningar, betongsprickor med mera.<\/p>\n<p data-start=\"970\" data-end=\"1054\">\ud83e\uddfc H\u00e5llbar yta- N\u00e4r det h\u00e4rdat blir det h\u00e5rt som j\u00e4rn f\u00f6r l\u00e5ngvariga resultat.<\/p>\n<p data-start=\"970\" data-end=\"1054\"><img decoding=\"async\" class=\"size-full wp-image-43752 aligncenter\" src=\"https:\/\/keluvo.com\/template\/wp-content\/uploads\/sites\/5\/2025\/12\/10227-ezgif.com-video-to-webp-converter-1.webp\" alt=\"\" width=\"500\" height=\"500\" \/><\/p>\n<h2 style=\"text-align: center;\" data-start=\"1061\" data-end=\"1079\">\ud83e\uddfe Hur Man Anv\u00e4nder<\/h2>\n<ol data-start=\"1080\" data-end=\"1432\">\n<li data-start=\"1080\" data-end=\"1173\">\n<p data-start=\"1083\" data-end=\"1173\">\u00d6ppna limmet och anv\u00e4nd tryckst\u00e5ngen f\u00f6r att pressa ut A-lim och B-lim.<\/p>\n<\/li>\n<li data-start=\"1174\" data-end=\"1225\">\n<p data-start=\"1177\" data-end=\"1225\">Blanda b\u00e5da delarna noggrant tills de \u00e4r helt blandade.<\/p>\n<\/li>\n<li data-start=\"1226\" data-end=\"1307\">\n<p data-start=\"1229\" data-end=\"1307\">Anv\u00e4nd skrapan f\u00f6r att applicera limmet j\u00e4mnt p\u00e5 sprickan eller det skadade omr\u00e5det.<\/p>\n<\/li>\n<li data-start=\"1308\" data-end=\"1340\">\n<p data-start=\"1311\" data-end=\"1340\">L\u00e5t limmet h\u00e4rda.<\/p>\n<\/li>\n<li data-start=\"1341\" data-end=\"1432\">\n<p data-start=\"1344\" data-end=\"1432\">N\u00e4r det \u00e4r helt h\u00e4rdat, polera ytan med det medf\u00f6ljande sandpapperet f\u00f6r en j\u00e4mn yta.<\/p>\n<\/li>\n<\/ol>\n<h2 style=\"text-align: center;\" data-start=\"1439\" data-end=\"1462\">\ud83d\udccc Produktdetaljer<\/h2>\n<ul data-start=\"1463\" data-end=\"1874\">\n<li data-start=\"1504\" data-end=\"1523\">\n<p data-start=\"1506\" data-end=\"1523\">Inneh\u00e5ll: 85 ml<\/p>\n<\/li>\n<li data-start=\"1524\" data-end=\"1632\">\n<p data-start=\"1526\" data-end=\"1539\">Komponenter:<\/p>\n<ul data-start=\"1542\" data-end=\"1632\">\n<li data-start=\"1542\" data-end=\"1589\">\n<p data-start=\"1544\" data-end=\"1589\">A lim: epoxiharts + polymerharts<\/p>\n<\/li>\n<li data-start=\"1592\" data-end=\"1632\">\n<p data-start=\"1594\" data-end=\"1632\">B lim: h\u00e4rdare + tillsatser<\/p>\n<\/li>\n<\/ul>\n<\/li>\n<li data-start=\"1633\" data-end=\"1665\">\n<p data-start=\"1635\" data-end=\"1665\">V\u00e4rmebest\u00e4ndighet: upp till 150\u00b0C<\/p>\n<\/li>\n<li data-start=\"1666\" data-end=\"1768\">\n<p data-start=\"1668\" data-end=\"1768\">L\u00e4mplig f\u00f6r: metallgjutgods, st\u00e5l, j\u00e4rn, br\u00e4nsletankar, VVS, betongsprickor, bildelar<\/p>\n<\/li>\n<\/ul>\n<h2 style=\"text-align: center;\" data-start=\"1881\" data-end=\"1905\">\ud83c\udf81 F\u00f6rpackningen inneh\u00e5ller<\/h2>\n<ul data-start=\"1906\" data-end=\"1985\" data-is-last-node=\"\" data-is-only-node=\"\">\n<li data-start=\"1906\" data-end=\"1936\">\n<p data-start=\"1908\" data-end=\"1936\">1x lim f\u00f6r metallgjutning<\/p>\n<\/li>\n<li data-start=\"1937\" data-end=\"1953\">\n<p data-start=\"1939\" data-end=\"1953\">1x tryckstav<\/p>\n<\/li>\n<li data-start=\"1954\" data-end=\"1969\">\n<p data-start=\"1956\" data-end=\"1969\">1x skrapa<\/p>\n<\/li>\n<li data-start=\"1970\" data-end=\"1985\" data-is-last-node=\"\">\n<p data-start=\"1972\" data-end=\"1985\" data-is-last-node=\"\">1x sandpapper.<\/p>\n<\/li>\n<\/ul>\n","protected":false},"excerpt":{"rendered":"<p>Reparera Metall Och Tuffa Material Med Ett Starkt, L\u00e5ngvarigt Lim Som F\u00e4ster Som J\u00e4rn. \ud83d\ude97\ud83d\udd29 Detta metallgjutningslim skapar ett h\u00f6gh\u00e5llfast [&hellip;]<\/p>\n","protected":false},"featured_media":52870,"comment_status":"open","ping_status":"closed","template":"","meta":{"site-sidebar-layout":"default","site-content-layout":"","ast-site-content-layout":"default","site-content-style":"default","site-sidebar-style":"default","ast-global-header-display":"","ast-banner-title-visibility":"","ast-main-header-display":"","ast-hfb-above-header-display":"","ast-hfb-below-header-display":"","ast-hfb-mobile-header-display":"","site-post-title":"","ast-breadcrumbs-content":"","ast-featured-img":"","footer-sml-layout":"","theme-transparent-header-meta":"default","adv-header-id-meta":"","stick-header-meta":"","header-above-stick-meta":"","header-main-stick-meta":"","header-below-stick-meta":"","astra-migrate-meta-layouts":"set","ast-page-background-enabled":"default","ast-page-background-meta":{"desktop":{"background-color":"var(--ast-global-color-4)","background-image":"","background-repeat":"repeat","background-position":"center center","background-size":"auto","background-attachment":"scroll","background-type":"","background-media":"","overlay-type":"","overlay-color":"","overlay-opacity":"","overlay-gradient":""},"tablet":{"background-color":"","background-image":"","background-repeat":"repeat","background-position":"center center","background-size":"auto","background-attachment":"scroll","background-type":"","background-media":"","overlay-type":"","overlay-color":"","overlay-opacity":"","overlay-gradient":""},"mobile":{"background-color":"","background-image":"","background-repeat":"repeat","background-position":"center center","background-size":"auto","background-attachment":"scroll","background-type":"","background-media":"","overlay-type":"","overlay-color":"","overlay-opacity":"","overlay-gradient":""}},"ast-content-background-meta":{"desktop":{"background-color":"var(--ast-global-color-5)","background-image":"","background-repeat":"repeat","background-position":"center center","background-size":"auto","background-attachment":"scroll","background-type":"","background-media":"","overlay-type":"","overlay-color":"","overlay-opacity":"","overlay-gradient":""},"tablet":{"background-color":"var(--ast-global-color-5)","background-image":"","background-repeat":"repeat","background-position":"center center","background-size":"auto","background-attachment":"scroll","background-type":"","background-media":"","overlay-type":"","overlay-color":"","overlay-opacity":"","overlay-gradient":""},"mobile":{"background-color":"var(--ast-global-color-5)","background-image":"","background-repeat":"repeat","background-position":"center center","background-size":"auto","background-attachment":"scroll","background-type":"","background-media":"","overlay-type":"","overlay-color":"","overlay-opacity":"","overlay-gradient":""}}},"product_brand":[],"product_cat":[15],"product_tag":[],"class_list":{"0":"post-52874","1":"product","2":"type-product","3":"status-publish","4":"has-post-thumbnail","6":"product_cat-uncategorized","7":"desktop-align-left","8":"tablet-align-left","9":"mobile-align-left","11":"first","12":"instock","13":"shipping-taxable","14":"purchasable","15":"product-type-simple"},"_links":{"self":[{"href":"https:\/\/keluvo.com\/se\/wp-json\/wp\/v2\/product\/52874","targetHints":{"allow":["GET"]}}],"collection":[{"href":"https:\/\/keluvo.com\/se\/wp-json\/wp\/v2\/product"}],"about":[{"href":"https:\/\/keluvo.com\/se\/wp-json\/wp\/v2\/types\/product"}],"replies":[{"embeddable":true,"href":"https:\/\/keluvo.com\/se\/wp-json\/wp\/v2\/comments?post=52874"}],"wp:featuredmedia":[{"embeddable":true,"href":"https:\/\/keluvo.com\/se\/wp-json\/wp\/v2\/media\/52870"}],"wp:attachment":[{"href":"https:\/\/keluvo.com\/se\/wp-json\/wp\/v2\/media?parent=52874"}],"wp:term":[{"taxonomy":"product_brand","embeddable":true,"href":"https:\/\/keluvo.com\/se\/wp-json\/wp\/v2\/product_brand?post=52874"},{"taxonomy":"product_cat","embeddable":true,"href":"https:\/\/keluvo.com\/se\/wp-json\/wp\/v2\/product_cat?post=52874"},{"taxonomy":"product_tag","embeddable":true,"href":"https:\/\/keluvo.com\/se\/wp-json\/wp\/v2\/product_tag?post=52874"}],"curies":[{"name":"wp","href":"https:\/\/api.w.org\/{rel}","templated":true}]}}