{"id":5280,"date":"2025-01-09T17:34:21","date_gmt":"2025-01-09T15:34:21","guid":{"rendered":"https:\/\/keluvo.com\/se\/product\/barbar-led-skrivbordslampa\/"},"modified":"2025-01-09T17:34:22","modified_gmt":"2025-01-09T15:34:22","slug":"barbar-led-skrivbordslampa","status":"publish","type":"product","link":"https:\/\/keluvo.com\/se\/product\/barbar-led-skrivbordslampa\/","title":{"rendered":"B\u00e4rbar LED skrivbordslampa"},"content":{"rendered":"<h2 style=\"text-align: center\"><strong>Elegant och modern design<\/strong><\/h2>\n<p style=\"text-align: center\">Den b\u00e4rbara LED-bordslampan har en kristalldekor som ger en touch av elegans till alla rum. Dess eleganta och moderna utseende g\u00f6r den perfekt f\u00f6r sovrum, vardagsrum eller som en dekorativ del p\u00e5 bordet. F\u00f6rh\u00f6j st\u00e4mningen i ditt hem med denna eleganta lampa.<\/p>\n<p><img decoding=\"async\" class=\"alignnone size-medium wp-image-4677 aligncenter\" src=\"https:\/\/keluvo.com\/template\/wp-content\/uploads\/sites\/5\/2024\/12\/Sd1d337edfc8e4310b41689b45d0b9ec6f.webp\" alt=\"\" \/><\/p>\n<h2 style=\"text-align: center\"><strong>Justerbara belysningsalternativ<\/strong><\/h2>\n<p style=\"text-align: center\">Med en 3-v\u00e4gs dimbar touchfunktion kan du med den b\u00e4rbara LED-bordslampan v\u00e4lja mellan varmt, vitt och blandat ljus. Byt enkelt l\u00e4ge efter hum\u00f6r eller behov, oavsett om det g\u00e4ller l\u00e4sning, avkoppling eller dekoration. En full laddning ger 5-10 timmars sladdl\u00f6s belysning, beroende p\u00e5 l\u00e4ge.<\/p>\n<p><img decoding=\"async\" class=\"alignnone size-medium wp-image-4674 aligncenter\" src=\"https:\/\/keluvo.com\/template\/wp-content\/uploads\/sites\/5\/2024\/12\/Bar-Touch-Table-Lamp-Rechargeable-Wireless-Desk-Lamp-Portable-Bedroom-Night-Light-LED-Decor-Lights-for.jpg_.webp\" alt=\"\" \/><\/p>\n","protected":false},"excerpt":{"rendered":"<p>Elegant och modern design Den b\u00e4rbara LED-bordslampan har en kristalldekor som ger en touch av elegans till alla rum. Dess [&hellip;]<\/p>\n","protected":false},"featured_media":5276,"comment_status":"open","ping_status":"closed","template":"","meta":{"site-sidebar-layout":"default","site-content-layout":"","ast-site-content-layout":"default","site-content-style":"default","site-sidebar-style":"default","ast-global-header-display":"","ast-banner-title-visibility":"","ast-main-header-display":"","ast-hfb-above-header-display":"","ast-hfb-below-header-display":"","ast-hfb-mobile-header-display":"","site-post-title":"","ast-breadcrumbs-content":"","ast-featured-img":"","footer-sml-layout":"","theme-transparent-header-meta":"default","adv-header-id-meta":"","stick-header-meta":"","header-above-stick-meta":"","header-main-stick-meta":"","header-below-stick-meta":"","astra-migrate-meta-layouts":"set","ast-page-background-enabled":"default","ast-page-background-meta":{"desktop":{"background-color":"var(--ast-global-color-4)","background-image":"","background-repeat":"repeat","background-position":"center center","background-size":"auto","background-attachment":"scroll","background-type":"","background-media":"","overlay-type":"","overlay-color":"","overlay-opacity":"","overlay-gradient":""},"tablet":{"background-color":"","background-image":"","background-repeat":"repeat","background-position":"center center","background-size":"auto","background-attachment":"scroll","background-type":"","background-media":"","overlay-type":"","overlay-color":"","overlay-opacity":"","overlay-gradient":""},"mobile":{"background-color":"","background-image":"","background-repeat":"repeat","background-position":"center center","background-size":"auto","background-attachment":"scroll","background-type":"","background-media":"","overlay-type":"","overlay-color":"","overlay-opacity":"","overlay-gradient":""}},"ast-content-background-meta":{"desktop":{"background-color":"var(--ast-global-color-5)","background-image":"","background-repeat":"repeat","background-position":"center center","background-size":"auto","background-attachment":"scroll","background-type":"","background-media":"","overlay-type":"","overlay-color":"","overlay-opacity":"","overlay-gradient":""},"tablet":{"background-color":"var(--ast-global-color-5)","background-image":"","background-repeat":"repeat","background-position":"center center","background-size":"auto","background-attachment":"scroll","background-type":"","background-media":"","overlay-type":"","overlay-color":"","overlay-opacity":"","overlay-gradient":""},"mobile":{"background-color":"var(--ast-global-color-5)","background-image":"","background-repeat":"repeat","background-position":"center center","background-size":"auto","background-attachment":"scroll","background-type":"","background-media":"","overlay-type":"","overlay-color":"","overlay-opacity":"","overlay-gradient":""}}},"product_brand":[],"product_cat":[1001],"product_tag":[],"class_list":{"0":"post-5280","1":"product","2":"type-product","3":"status-publish","4":"has-post-thumbnail","6":"product_cat-household-goods","7":"desktop-align-left","8":"tablet-align-left","9":"mobile-align-left","11":"first","12":"instock","13":"shipping-taxable","14":"purchasable","15":"product-type-simple"},"_links":{"self":[{"href":"https:\/\/keluvo.com\/se\/wp-json\/wp\/v2\/product\/5280","targetHints":{"allow":["GET"]}}],"collection":[{"href":"https:\/\/keluvo.com\/se\/wp-json\/wp\/v2\/product"}],"about":[{"href":"https:\/\/keluvo.com\/se\/wp-json\/wp\/v2\/types\/product"}],"replies":[{"embeddable":true,"href":"https:\/\/keluvo.com\/se\/wp-json\/wp\/v2\/comments?post=5280"}],"wp:featuredmedia":[{"embeddable":true,"href":"https:\/\/keluvo.com\/se\/wp-json\/wp\/v2\/media\/5276"}],"wp:attachment":[{"href":"https:\/\/keluvo.com\/se\/wp-json\/wp\/v2\/media?parent=5280"}],"wp:term":[{"taxonomy":"product_brand","embeddable":true,"href":"https:\/\/keluvo.com\/se\/wp-json\/wp\/v2\/product_brand?post=5280"},{"taxonomy":"product_cat","embeddable":true,"href":"https:\/\/keluvo.com\/se\/wp-json\/wp\/v2\/product_cat?post=5280"},{"taxonomy":"product_tag","embeddable":true,"href":"https:\/\/keluvo.com\/se\/wp-json\/wp\/v2\/product_tag?post=5280"}],"curies":[{"name":"wp","href":"https:\/\/api.w.org\/{rel}","templated":true}]}}