{"id":52785,"date":"2025-12-04T18:42:20","date_gmt":"2025-12-04T16:42:20","guid":{"rendered":"https:\/\/keluvo.com\/se\/product\/gula-klibbiga-fallor\/"},"modified":"2025-12-15T18:12:56","modified_gmt":"2025-12-15T16:12:56","slug":"gula-klibbiga-fallor","status":"publish","type":"product","link":"https:\/\/keluvo.com\/se\/product\/gula-klibbiga-fallor\/","title":{"rendered":"Gula klibbiga f\u00e4llor"},"content":{"rendered":"<p style=\"text-align: center;\" data-start=\"0\" data-end=\"91\"><strong>Stoppa Flygande Skadedjur Snabbt Med Starka, L\u00e5ngvariga Klisterf\u00e4llor Som Fungerar I \u00d6ver 30 Dagar. \ud83c\udf3c\ud83d\udc1b<\/strong><\/p>\n<p style=\"text-align: center;\" data-start=\"93\" data-end=\"353\">De h\u00e4r gula klisterf\u00e4llorna lockar till sig och f\u00e5ngar flugor, knott, vita flygare, trips och andra insekter i samma \u00f6gonblick som de landar. Med en bred dubbelsidig yta och s\u00e4kert, giftfritt lim hj\u00e4lper de till att skydda dina v\u00e4xter, hem och k\u00f6k utan sprayer eller kemikalier.<\/p>\n<p data-start=\"93\" data-end=\"353\"><img fetchpriority=\"high\" decoding=\"async\" class=\"size-full wp-image-43672 aligncenter\" src=\"https:\/\/keluvo.com\/template\/wp-content\/uploads\/sites\/5\/2025\/12\/10224-ezgif.com-video-to-webp-converter-1.webp\" alt=\"\" width=\"500\" height=\"500\" \/><\/p>\n<h2 style=\"text-align: center;\" data-start=\"360\" data-end=\"380\">\u2b50 Huvudf\u00f6rdelar<\/h2>\n<p data-start=\"383\" data-end=\"464\">\ud83e\udeb0 Omedelbar f\u00e5ngstkraft &#8211; Lim med h\u00f6g viskositet f\u00e5ngar insekter vid kontakt.<\/p>\n<p data-start=\"467\" data-end=\"545\">\ud83c\udf3c St\u00f6rre t\u00e4ckning &#8211; Blomformad design \u00f6kar ytan med 40%.<\/p>\n<p data-start=\"548\" data-end=\"633\">\ud83c\udf15 Ljusgul attraktion &#8211; Dubbelsidig f\u00e4rg drar snabbt fototaktiska skadedjur.<\/p>\n<p data-start=\"636\" data-end=\"715\">\ud83d\udca7 Vattent\u00e4t &amp; UV-resistent &#8211; Fungerar inomhus och i fuktiga eller soliga omr\u00e5den.<\/p>\n<p data-start=\"718\" data-end=\"799\">\ud83d\udc76 100% s\u00e4ker &#8211; Giftfri, luktfri, fri fr\u00e5n bek\u00e4mpningsmedel och husdjurs-\/barnv\u00e4nlig.<\/p>\n<p data-start=\"802\" data-end=\"886\">\ud83c\udf31 Skyddar dina v\u00e4xter &#8211; Perfekt f\u00f6r krukv\u00e4xter, tr\u00e4dg\u00e5rdar och v\u00e4xthus.<\/p>\n<p data-start=\"889\" data-end=\"973\">\ud83c\udfe1 Multi-anv\u00e4ndning &#8211; Perfekt f\u00f6r k\u00f6k, balkonger, restauranger, g\u00e5rdar och kontor.<\/p>\n<p data-start=\"976\" data-end=\"1060\">\ud83d\udcb8 Kostnadseffektivt &#8211; Varje f\u00e4lla r\u00e4cker i 1 m\u00e5nad; 15 f\u00e4llor per f\u00f6rpackning sparar pengar.<\/p>\n<p data-start=\"1063\" data-end=\"1130\">\u2728 Enkel installation &#8211; Skala, placera och gl\u00f6m &#8211; inget underh\u00e5ll beh\u00f6vs.<\/p>\n<p data-start=\"1063\" data-end=\"1130\"><img decoding=\"async\" class=\"size-full wp-image-43673 aligncenter\" src=\"https:\/\/keluvo.com\/template\/wp-content\/uploads\/sites\/5\/2025\/12\/24ef351894c1f499810e8b3a985a9d3605ed0204-800.avif\" alt=\"\" \/><\/p>\n<h2 style=\"text-align: center;\" data-start=\"1137\" data-end=\"1155\">\ud83e\uddfe Hur Man Anv\u00e4nder<\/h2>\n<ol data-start=\"1156\" data-end=\"1629\">\n<li data-start=\"1156\" data-end=\"1212\">\n<p data-start=\"1159\" data-end=\"1212\">Avl\u00e4gsna den vita skyddsfilmen fr\u00e5n b\u00e5da sidor.<\/p>\n<\/li>\n<li data-start=\"1213\" data-end=\"1294\">\n<p data-start=\"1216\" data-end=\"1294\">S\u00e4tt i f\u00e4llan i krukv\u00e4xtjord eller h\u00e4ng den n\u00e4ra omr\u00e5det med insekter.<\/p>\n<\/li>\n<li data-start=\"1295\" data-end=\"1384\">\n<p data-start=\"1298\" data-end=\"1384\">Placera fler f\u00e4llor runt f\u00f6nster, v\u00e4xter, papperskorgar eller k\u00f6k f\u00f6r b\u00e4ttre resultat.<\/p>\n<\/li>\n<li data-start=\"1385\" data-end=\"1457\">\n<p data-start=\"1388\" data-end=\"1457\">Byt ut f\u00e4llan var 30:e dag eller n\u00e4r den \u00e4r helt t\u00e4ckt av insekter.<\/p>\n<\/li>\n<li data-start=\"1458\" data-end=\"1629\">\n<p data-start=\"1461\" data-end=\"1479\">F\u00f6r fruktflugor:<\/p>\n<ul data-start=\"1483\" data-end=\"1629\">\n<li data-start=\"1483\" data-end=\"1532\">\n<p data-start=\"1485\" data-end=\"1532\">Fyll en kopp med \u00e4ppelcidervin\u00e4ger eller juice.<\/p>\n<\/li>\n<li data-start=\"1536\" data-end=\"1576\">\n<p data-start=\"1538\" data-end=\"1576\">S\u00e4tt i en klibbig f\u00e4lla i koppen.<\/p>\n<\/li>\n<li data-start=\"1580\" data-end=\"1629\">\n<p data-start=\"1582\" data-end=\"1629\">Placera runt k\u00f6ket f\u00f6r att snabbt locka till sig flugor.<\/p>\n<\/li>\n<\/ul>\n<\/li>\n<\/ol>\n<h2 style=\"text-align: center;\" data-start=\"1636\" data-end=\"1659\">\ud83d\udccc Produktdetaljer<\/h2>\n<ul data-start=\"1660\" data-end=\"2154\">\n<li data-start=\"1698\" data-end=\"1754\">\n<p data-start=\"1700\" data-end=\"1754\">Lim: H\u00f6gvisk\u00f6st, dubbelsidigt f\u00e5ngstlim<\/p>\n<\/li>\n<li data-start=\"1755\" data-end=\"1804\">\n<p data-start=\"1757\" data-end=\"1804\">Design: Blomformad (40% mer yta)<\/p>\n<\/li>\n<li data-start=\"1805\" data-end=\"1850\">\n<p data-start=\"1807\" data-end=\"1850\">S\u00e4ker: Giftfritt, luktfritt, fritt fr\u00e5n bek\u00e4mpningsmedel<\/p>\n<\/li>\n<li data-start=\"1851\" data-end=\"1915\">\n<p data-start=\"1853\" data-end=\"1915\">T\u00e5lighet: Fungerar i -10\u00b0C till 60\u00b0C, UV-best\u00e4ndigt, vattent\u00e4tt<\/p>\n<\/li>\n<li data-start=\"1916\" data-end=\"1997\">\n<p data-start=\"1918\" data-end=\"1997\">Rekommenderad anv\u00e4ndning: Inomhusv\u00e4xter, k\u00f6kstr\u00e4dg\u00e5rdar, k\u00f6k, balkonger, g\u00e5rdar<\/p>\n<\/li>\n<li data-start=\"1998\" data-end=\"2100\">\n<p data-start=\"2000\" data-end=\"2100\">M\u00e5lskadeg\u00f6rare: Svampmyggor, bladl\u00f6ss, vita flygare, trips, bladminerare, fruktflugor, husflugor, malar<\/p>\n<\/li>\n<li data-start=\"2101\" data-end=\"2132\">\n<p data-start=\"2103\" data-end=\"2132\">Livsl\u00e4ngd: 30+ dagar per f\u00e4lla<\/p>\n<\/li>\n<li data-start=\"2101\" data-end=\"2132\">Stil: Fj\u00e4ril, f\u00e5gel, blomma<\/li>\n<\/ul>\n<h2 style=\"text-align: center;\" data-start=\"2161\" data-end=\"2185\">\ud83c\udf81 F\u00f6rpackningen inneh\u00e5ller<\/h2>\n<ul data-start=\"2186\" data-end=\"2212\" data-is-last-node=\"\" data-is-only-node=\"\">\n<li data-start=\"2186\" data-end=\"2212\" data-is-last-node=\"\">\n<p data-start=\"2188\" data-end=\"2212\" data-is-last-node=\"\">15, 30, 60x gula klibbiga f\u00e4llor.<\/p>\n<\/li>\n<\/ul>\n","protected":false},"excerpt":{"rendered":"<p>Stoppa Flygande Skadedjur Snabbt Med Starka, L\u00e5ngvariga Klisterf\u00e4llor Som Fungerar I \u00d6ver 30 Dagar. \ud83c\udf3c\ud83d\udc1b De h\u00e4r gula klisterf\u00e4llorna lockar [&hellip;]<\/p>\n","protected":false},"featured_media":52781,"comment_status":"open","ping_status":"closed","template":"","meta":{"site-sidebar-layout":"default","site-content-layout":"","ast-site-content-layout":"default","site-content-style":"default","site-sidebar-style":"default","ast-global-header-display":"","ast-banner-title-visibility":"","ast-main-header-display":"","ast-hfb-above-header-display":"","ast-hfb-below-header-display":"","ast-hfb-mobile-header-display":"","site-post-title":"","ast-breadcrumbs-content":"","ast-featured-img":"","footer-sml-layout":"","theme-transparent-header-meta":"default","adv-header-id-meta":"","stick-header-meta":"","header-above-stick-meta":"","header-main-stick-meta":"","header-below-stick-meta":"","astra-migrate-meta-layouts":"set","ast-page-background-enabled":"default","ast-page-background-meta":{"desktop":{"background-color":"var(--ast-global-color-4)","background-image":"","background-repeat":"repeat","background-position":"center center","background-size":"auto","background-attachment":"scroll","background-type":"","background-media":"","overlay-type":"","overlay-color":"","overlay-opacity":"","overlay-gradient":""},"tablet":{"background-color":"","background-image":"","background-repeat":"repeat","background-position":"center center","background-size":"auto","background-attachment":"scroll","background-type":"","background-media":"","overlay-type":"","overlay-color":"","overlay-opacity":"","overlay-gradient":""},"mobile":{"background-color":"","background-image":"","background-repeat":"repeat","background-position":"center center","background-size":"auto","background-attachment":"scroll","background-type":"","background-media":"","overlay-type":"","overlay-color":"","overlay-opacity":"","overlay-gradient":""}},"ast-content-background-meta":{"desktop":{"background-color":"var(--ast-global-color-5)","background-image":"","background-repeat":"repeat","background-position":"center center","background-size":"auto","background-attachment":"scroll","background-type":"","background-media":"","overlay-type":"","overlay-color":"","overlay-opacity":"","overlay-gradient":""},"tablet":{"background-color":"var(--ast-global-color-5)","background-image":"","background-repeat":"repeat","background-position":"center center","background-size":"auto","background-attachment":"scroll","background-type":"","background-media":"","overlay-type":"","overlay-color":"","overlay-opacity":"","overlay-gradient":""},"mobile":{"background-color":"var(--ast-global-color-5)","background-image":"","background-repeat":"repeat","background-position":"center center","background-size":"auto","background-attachment":"scroll","background-type":"","background-media":"","overlay-type":"","overlay-color":"","overlay-opacity":"","overlay-gradient":""}}},"product_brand":[],"product_cat":[996],"product_tag":[],"class_list":{"0":"post-52785","1":"product","2":"type-product","3":"status-publish","4":"has-post-thumbnail","6":"product_cat-tools","7":"pa_54698_hgzhs8va-blomma","8":"pa_54698_hgzhs8va-fagel","9":"pa_54698_hgzhs8va-fjaril","10":"pa_54698_t2acj137-15-st","11":"pa_54698_t2acj137-30-st","12":"pa_54698_t2acj137-60-st","13":"desktop-align-left","14":"tablet-align-left","15":"mobile-align-left","17":"first","18":"instock","19":"shipping-taxable","20":"purchasable","21":"product-type-variable","22":"has-default-attributes"},"_links":{"self":[{"href":"https:\/\/keluvo.com\/se\/wp-json\/wp\/v2\/product\/52785","targetHints":{"allow":["GET"]}}],"collection":[{"href":"https:\/\/keluvo.com\/se\/wp-json\/wp\/v2\/product"}],"about":[{"href":"https:\/\/keluvo.com\/se\/wp-json\/wp\/v2\/types\/product"}],"replies":[{"embeddable":true,"href":"https:\/\/keluvo.com\/se\/wp-json\/wp\/v2\/comments?post=52785"}],"wp:featuredmedia":[{"embeddable":true,"href":"https:\/\/keluvo.com\/se\/wp-json\/wp\/v2\/media\/52781"}],"wp:attachment":[{"href":"https:\/\/keluvo.com\/se\/wp-json\/wp\/v2\/media?parent=52785"}],"wp:term":[{"taxonomy":"product_brand","embeddable":true,"href":"https:\/\/keluvo.com\/se\/wp-json\/wp\/v2\/product_brand?post=52785"},{"taxonomy":"product_cat","embeddable":true,"href":"https:\/\/keluvo.com\/se\/wp-json\/wp\/v2\/product_cat?post=52785"},{"taxonomy":"product_tag","embeddable":true,"href":"https:\/\/keluvo.com\/se\/wp-json\/wp\/v2\/product_tag?post=52785"}],"curies":[{"name":"wp","href":"https:\/\/api.w.org\/{rel}","templated":true}]}}