{"id":52734,"date":"2025-12-04T18:37:36","date_gmt":"2025-12-04T16:37:36","guid":{"rendered":"https:\/\/keluvo.com\/se\/product\/forvaringslada-for-armstod-i-bil\/"},"modified":"2025-12-15T18:12:57","modified_gmt":"2025-12-15T16:12:57","slug":"forvaringslada-for-armstod-i-bil","status":"publish","type":"product","link":"https:\/\/keluvo.com\/se\/product\/forvaringslada-for-armstod-i-bil\/","title":{"rendered":"F\u00f6rvaringsl\u00e5da f\u00f6r armst\u00f6d i bil"},"content":{"rendered":"<p style=\"text-align: center;\" data-start=\"0\" data-end=\"64\"><strong>H\u00e5ll Din Bil Ren, Organiserad Och Fri Fr\u00e5n Oordning Hela Tiden. \ud83d\ude97\ud83e\udd64<\/strong><\/p>\n<p style=\"text-align: center;\" data-start=\"66\" data-end=\"308\">Den h\u00e4r f\u00f6rvaringsl\u00e5dan f\u00f6r bilarmst\u00f6d skapar extra utrymme f\u00f6r alla dina n\u00f6dv\u00e4ndigheter, vilket ger dig tv\u00e5 separata fack och vikbara muggh\u00e5llare. Den hj\u00e4lper dig att f\u00f6rvara b\u00e5de stora och sm\u00e5 f\u00f6rem\u00e5l snyggt s\u00e5 att allt f\u00f6rblir inom r\u00e4ckh\u00e5ll n\u00e4r du k\u00f6r.<\/p>\n<p data-start=\"66\" data-end=\"308\"><img fetchpriority=\"high\" decoding=\"async\" class=\"size-full wp-image-43646 aligncenter\" src=\"https:\/\/keluvo.com\/template\/wp-content\/uploads\/sites\/5\/2025\/12\/10223-ezgif.com-video-to-webp-converter-1.webp\" alt=\"\" width=\"500\" height=\"500\" \/><\/p>\n<h2 style=\"text-align: center;\" data-start=\"315\" data-end=\"335\"><strong>Huvudf\u00f6rdelar<\/strong><\/h2>\n<p data-start=\"338\" data-end=\"458\">\ud83d\udce6 Tv\u00e5 f\u00f6rvaringsutrymmen &#8211; Stort utrymme f\u00f6r n\u00e4sdukar\/snacks och ett mindre utrymme f\u00f6r telefoner, glas\u00f6gon, pl\u00e5nb\u00f6cker med mera.<\/p>\n<p data-start=\"461\" data-end=\"561\">\ud83e\udd64 Vikbara muggh\u00e5llare &#8211; Levereras med 2 muggh\u00e5llare som f\u00e4lls upp n\u00e4r de inte beh\u00f6vs f\u00f6r att spara utrymme.<\/p>\n<p data-start=\"564\" data-end=\"645\">\ud83d\udd04 Justerbar design &#8211; Muggh\u00e5llaren kan vridas 180\u00b0 f\u00f6r perfekt position.<\/p>\n<p data-start=\"648\" data-end=\"740\">\ud83e\udea2 Enkel montering av rem &#8211; Justerbar rem sitter s\u00e4kert utan att skada bilen.<\/p>\n<p data-start=\"743\" data-end=\"831\">\ud83d\ude97 Bred kompatibilitet &#8211; Passar de flesta bilar, husbilar, jeepar och vagnar med armst\u00f6dsl\u00e5da.<\/p>\n<p data-start=\"834\" data-end=\"911\">\ud83e\uddfc H\u00e5ller din bil snygg &#8211; Inga fler l\u00f6sa f\u00f6rem\u00e5l som rullar runt i konsolen.<\/p>\n<p data-start=\"834\" data-end=\"911\"><img decoding=\"async\" class=\"size-full wp-image-43648 aligncenter\" src=\"https:\/\/keluvo.com\/template\/wp-content\/uploads\/sites\/5\/2025\/12\/ac74fc34d500c4aa95f7e0b8d6fb0c6cf7aebd67bf1d3fcc482c4a1401a50264-800.avif\" alt=\"\" \/><\/p>\n<h2 style=\"text-align: center;\" data-start=\"918\" data-end=\"936\"><strong>Hur Man Anv\u00e4nder<\/strong><\/h2>\n<ol data-start=\"937\" data-end=\"1272\">\n<li data-start=\"937\" data-end=\"989\">\n<p data-start=\"940\" data-end=\"989\">Justera remmen s\u00e5 att den passar bilens armst\u00f6dsl\u00e5da.<\/p>\n<\/li>\n<li data-start=\"990\" data-end=\"1039\">\n<p data-start=\"993\" data-end=\"1039\">Placera f\u00f6rvaringsl\u00e5dan ovanp\u00e5 armst\u00f6det.<\/p>\n<\/li>\n<li data-start=\"1040\" data-end=\"1086\">\n<p data-start=\"1043\" data-end=\"1086\">F\u00e4st remmen ordentligt med sp\u00e4nnet.<\/p>\n<\/li>\n<li data-start=\"1087\" data-end=\"1134\">\n<p data-start=\"1090\" data-end=\"1134\">F\u00f6rvara stora f\u00f6rem\u00e5l i huvudfacket.<\/p>\n<\/li>\n<li data-start=\"1135\" data-end=\"1193\">\n<p data-start=\"1138\" data-end=\"1193\">\u00d6ppna de vikbara muggh\u00e5llarna n\u00e4r det beh\u00f6vs och vik tillbaka dem f\u00f6r att spara utrymme.<\/p>\n<\/li>\n<\/ol>\n<h2 style=\"text-align: center;\" data-start=\"1279\" data-end=\"1302\"><strong>Produktdetaljer<\/strong><\/h2>\n<ul data-start=\"1303\" data-end=\"1630\">\n<li data-start=\"1345\" data-end=\"1397\">\n<p data-start=\"1347\" data-end=\"1397\">Storlek: 17,5 x 11,5 x 11,5 cm<\/p>\n<\/li>\n<li data-start=\"1398\" data-end=\"1438\">\n<p data-start=\"1400\" data-end=\"1438\">Tv\u00e5 oberoende f\u00f6rvaringsfack<\/p>\n<\/li>\n<li data-start=\"1439\" data-end=\"1469\">\n<p data-start=\"1441\" data-end=\"1469\">Viktbara dubbla muggh\u00e5llare<\/p>\n<\/li>\n<li data-start=\"1470\" data-end=\"1499\">\n<p data-start=\"1472\" data-end=\"1499\">Rotation av muggh\u00e5llare: 180\u00b0<\/p>\n<\/li>\n<li data-start=\"1500\" data-end=\"1558\">\n<p data-start=\"1502\" data-end=\"1558\">Strapinstallation med plastsp\u00e4nne + elastiska band<\/p>\n<\/li>\n<li data-start=\"1559\" data-end=\"1630\">\n<p data-start=\"1561\" data-end=\"1630\">Passar de flesta bilmodeller med armst\u00f6dskonsoler (inte f\u00f6r arml\u00f6sa konsoler)<\/p>\n<\/li>\n<\/ul>\n<h2 style=\"text-align: center;\" data-start=\"1637\" data-end=\"1661\"><strong>Paketet inneh\u00e5ller<\/strong><\/h2>\n<ul data-start=\"1662\" data-end=\"1707\" data-is-last-node=\"\" data-is-only-node=\"\">\n<li data-start=\"1662\" data-end=\"1707\" data-is-last-node=\"\">\n<p data-start=\"1664\" data-end=\"1707\" data-is-last-node=\"\">1x f\u00f6rvaringsl\u00e5da f\u00f6r bilarmst\u00f6d.<\/p>\n<\/li>\n<\/ul>\n","protected":false},"excerpt":{"rendered":"<p>H\u00e5ll Din Bil Ren, Organiserad Och Fri Fr\u00e5n Oordning Hela Tiden. \ud83d\ude97\ud83e\udd64 Den h\u00e4r f\u00f6rvaringsl\u00e5dan f\u00f6r bilarmst\u00f6d skapar extra utrymme [&hellip;]<\/p>\n","protected":false},"featured_media":52730,"comment_status":"open","ping_status":"closed","template":"","meta":{"site-sidebar-layout":"default","site-content-layout":"","ast-site-content-layout":"default","site-content-style":"default","site-sidebar-style":"default","ast-global-header-display":"","ast-banner-title-visibility":"","ast-main-header-display":"","ast-hfb-above-header-display":"","ast-hfb-below-header-display":"","ast-hfb-mobile-header-display":"","site-post-title":"","ast-breadcrumbs-content":"","ast-featured-img":"","footer-sml-layout":"","theme-transparent-header-meta":"default","adv-header-id-meta":"","stick-header-meta":"","header-above-stick-meta":"","header-main-stick-meta":"","header-below-stick-meta":"","astra-migrate-meta-layouts":"set","ast-page-background-enabled":"default","ast-page-background-meta":{"desktop":{"background-color":"var(--ast-global-color-4)","background-image":"","background-repeat":"repeat","background-position":"center center","background-size":"auto","background-attachment":"scroll","background-type":"","background-media":"","overlay-type":"","overlay-color":"","overlay-opacity":"","overlay-gradient":""},"tablet":{"background-color":"","background-image":"","background-repeat":"repeat","background-position":"center center","background-size":"auto","background-attachment":"scroll","background-type":"","background-media":"","overlay-type":"","overlay-color":"","overlay-opacity":"","overlay-gradient":""},"mobile":{"background-color":"","background-image":"","background-repeat":"repeat","background-position":"center center","background-size":"auto","background-attachment":"scroll","background-type":"","background-media":"","overlay-type":"","overlay-color":"","overlay-opacity":"","overlay-gradient":""}},"ast-content-background-meta":{"desktop":{"background-color":"var(--ast-global-color-5)","background-image":"","background-repeat":"repeat","background-position":"center center","background-size":"auto","background-attachment":"scroll","background-type":"","background-media":"","overlay-type":"","overlay-color":"","overlay-opacity":"","overlay-gradient":""},"tablet":{"background-color":"var(--ast-global-color-5)","background-image":"","background-repeat":"repeat","background-position":"center center","background-size":"auto","background-attachment":"scroll","background-type":"","background-media":"","overlay-type":"","overlay-color":"","overlay-opacity":"","overlay-gradient":""},"mobile":{"background-color":"var(--ast-global-color-5)","background-image":"","background-repeat":"repeat","background-position":"center center","background-size":"auto","background-attachment":"scroll","background-type":"","background-media":"","overlay-type":"","overlay-color":"","overlay-opacity":"","overlay-gradient":""}}},"product_brand":[],"product_cat":[998],"product_tag":[],"class_list":{"0":"post-52734","1":"product","2":"type-product","3":"status-publish","4":"has-post-thumbnail","6":"product_cat-automotive-products","7":"pa_54646_o0ejqt9l-beige","8":"pa_54646_o0ejqt9l-svart","9":"desktop-align-left","10":"tablet-align-left","11":"mobile-align-left","13":"first","14":"instock","15":"shipping-taxable","16":"purchasable","17":"product-type-variable"},"_links":{"self":[{"href":"https:\/\/keluvo.com\/se\/wp-json\/wp\/v2\/product\/52734","targetHints":{"allow":["GET"]}}],"collection":[{"href":"https:\/\/keluvo.com\/se\/wp-json\/wp\/v2\/product"}],"about":[{"href":"https:\/\/keluvo.com\/se\/wp-json\/wp\/v2\/types\/product"}],"replies":[{"embeddable":true,"href":"https:\/\/keluvo.com\/se\/wp-json\/wp\/v2\/comments?post=52734"}],"wp:featuredmedia":[{"embeddable":true,"href":"https:\/\/keluvo.com\/se\/wp-json\/wp\/v2\/media\/52730"}],"wp:attachment":[{"href":"https:\/\/keluvo.com\/se\/wp-json\/wp\/v2\/media?parent=52734"}],"wp:term":[{"taxonomy":"product_brand","embeddable":true,"href":"https:\/\/keluvo.com\/se\/wp-json\/wp\/v2\/product_brand?post=52734"},{"taxonomy":"product_cat","embeddable":true,"href":"https:\/\/keluvo.com\/se\/wp-json\/wp\/v2\/product_cat?post=52734"},{"taxonomy":"product_tag","embeddable":true,"href":"https:\/\/keluvo.com\/se\/wp-json\/wp\/v2\/product_tag?post=52734"}],"curies":[{"name":"wp","href":"https:\/\/api.w.org\/{rel}","templated":true}]}}