{"id":5263,"date":"2025-01-09T17:31:26","date_gmt":"2025-01-09T15:31:26","guid":{"rendered":"https:\/\/keluvo.com\/se\/product\/lyxiga-handvaskor-for-kvinnor\/"},"modified":"2025-01-09T17:31:58","modified_gmt":"2025-01-09T15:31:58","slug":"lyxiga-handvaskor-for-kvinnor","status":"publish","type":"product","link":"https:\/\/keluvo.com\/se\/product\/lyxiga-handvaskor-for-kvinnor\/","title":{"rendered":"Lyxiga handv\u00e4skor f\u00f6r kvinnor"},"content":{"rendered":"<h2 style=\"text-align: center\">Elegant och snygg design<\/h2>\n<p style=\"text-align: center\">De lyxiga handv\u00e4skorna f\u00f6r kvinnor \u00e4r utformade med en tidl\u00f6s design som passar alla tillf\u00e4llen. Det eleganta och moderna utseendet ger en touch av elegans till din outfit, oavsett om du \u00e4r p\u00e5 v\u00e4g till jobbet, en avslappnad utflykt eller ett formellt evenemang. Den m\u00e5ngsidiga stilen g\u00f6r den till ett m\u00e5ste i varje garderob.<\/p>\n<p><img decoding=\"async\" class=\"alignnone size-medium wp-image-5756 aligncenter\" src=\"https:\/\/keluvo.com\/template\/wp-content\/uploads\/sites\/5\/2024\/12\/a2fa422e-26fe-43c3-a9d3-e383e7ba09a2.webp\" alt=\"\" \/><\/p>\n<h2 style=\"text-align: center\"><strong>Slitstarkt PU-l\u00e4dermaterial<\/strong><\/h2>\n<p style=\"text-align: center\">Den h\u00e4r handv\u00e4skan \u00e4r tillverkad av h\u00f6gkvalitativt PU-l\u00e4der och \u00e4r b\u00e5de slitstark och l\u00e4tt att underh\u00e5lla. Materialet garanterar l\u00e5ngvarig anv\u00e4ndning samtidigt som det ger en mjuk, premiumk\u00e4nsla. Det st\u00e5r emot dagligt slitage, vilket g\u00f6r den perfekt f\u00f6r daglig anv\u00e4ndning.<\/p>\n<p>&nbsp;<\/p>\n<p>&nbsp;<\/p>\n<p><img decoding=\"async\" class=\"alignnone size-medium wp-image-5761 aligncenter\" src=\"https:\/\/keluvo.com\/template\/wp-content\/uploads\/sites\/5\/2024\/12\/deadf4ad-2e52-440a-bfcf-5a427be9df88.webp\" alt=\"\" \/><\/p>\n","protected":false},"excerpt":{"rendered":"<p>Elegant och snygg design De lyxiga handv\u00e4skorna f\u00f6r kvinnor \u00e4r utformade med en tidl\u00f6s design som passar alla tillf\u00e4llen. Det [&hellip;]<\/p>\n","protected":false},"featured_media":5259,"comment_status":"open","ping_status":"closed","template":"","meta":{"site-sidebar-layout":"default","site-content-layout":"","ast-site-content-layout":"default","site-content-style":"default","site-sidebar-style":"default","ast-global-header-display":"","ast-banner-title-visibility":"","ast-main-header-display":"","ast-hfb-above-header-display":"","ast-hfb-below-header-display":"","ast-hfb-mobile-header-display":"","site-post-title":"","ast-breadcrumbs-content":"","ast-featured-img":"","footer-sml-layout":"","theme-transparent-header-meta":"default","adv-header-id-meta":"","stick-header-meta":"","header-above-stick-meta":"","header-main-stick-meta":"","header-below-stick-meta":"","astra-migrate-meta-layouts":"set","ast-page-background-enabled":"default","ast-page-background-meta":{"desktop":{"background-color":"var(--ast-global-color-4)","background-image":"","background-repeat":"repeat","background-position":"center center","background-size":"auto","background-attachment":"scroll","background-type":"","background-media":"","overlay-type":"","overlay-color":"","overlay-opacity":"","overlay-gradient":""},"tablet":{"background-color":"","background-image":"","background-repeat":"repeat","background-position":"center center","background-size":"auto","background-attachment":"scroll","background-type":"","background-media":"","overlay-type":"","overlay-color":"","overlay-opacity":"","overlay-gradient":""},"mobile":{"background-color":"","background-image":"","background-repeat":"repeat","background-position":"center center","background-size":"auto","background-attachment":"scroll","background-type":"","background-media":"","overlay-type":"","overlay-color":"","overlay-opacity":"","overlay-gradient":""}},"ast-content-background-meta":{"desktop":{"background-color":"var(--ast-global-color-5)","background-image":"","background-repeat":"repeat","background-position":"center center","background-size":"auto","background-attachment":"scroll","background-type":"","background-media":"","overlay-type":"","overlay-color":"","overlay-opacity":"","overlay-gradient":""},"tablet":{"background-color":"var(--ast-global-color-5)","background-image":"","background-repeat":"repeat","background-position":"center center","background-size":"auto","background-attachment":"scroll","background-type":"","background-media":"","overlay-type":"","overlay-color":"","overlay-opacity":"","overlay-gradient":""},"mobile":{"background-color":"var(--ast-global-color-5)","background-image":"","background-repeat":"repeat","background-position":"center center","background-size":"auto","background-attachment":"scroll","background-type":"","background-media":"","overlay-type":"","overlay-color":"","overlay-opacity":"","overlay-gradient":""}}},"product_brand":[],"product_cat":[993],"product_tag":[],"class_list":{"0":"post-5263","1":"product","2":"type-product","3":"status-publish","4":"has-post-thumbnail","6":"product_cat-footwear-accessories","7":"pa_7nd5p6n6-bla","8":"pa_7nd5p6n6-gra","9":"pa_7nd5p6n6-lila","10":"pa_7nd5p6n6-rod","11":"pa_7nd5p6n6-svart","12":"desktop-align-left","13":"tablet-align-left","14":"mobile-align-left","16":"first","17":"instock","18":"shipping-taxable","19":"purchasable","20":"product-type-variable"},"_links":{"self":[{"href":"https:\/\/keluvo.com\/se\/wp-json\/wp\/v2\/product\/5263","targetHints":{"allow":["GET"]}}],"collection":[{"href":"https:\/\/keluvo.com\/se\/wp-json\/wp\/v2\/product"}],"about":[{"href":"https:\/\/keluvo.com\/se\/wp-json\/wp\/v2\/types\/product"}],"replies":[{"embeddable":true,"href":"https:\/\/keluvo.com\/se\/wp-json\/wp\/v2\/comments?post=5263"}],"wp:featuredmedia":[{"embeddable":true,"href":"https:\/\/keluvo.com\/se\/wp-json\/wp\/v2\/media\/5259"}],"wp:attachment":[{"href":"https:\/\/keluvo.com\/se\/wp-json\/wp\/v2\/media?parent=5263"}],"wp:term":[{"taxonomy":"product_brand","embeddable":true,"href":"https:\/\/keluvo.com\/se\/wp-json\/wp\/v2\/product_brand?post=5263"},{"taxonomy":"product_cat","embeddable":true,"href":"https:\/\/keluvo.com\/se\/wp-json\/wp\/v2\/product_cat?post=5263"},{"taxonomy":"product_tag","embeddable":true,"href":"https:\/\/keluvo.com\/se\/wp-json\/wp\/v2\/product_tag?post=5263"}],"curies":[{"name":"wp","href":"https:\/\/api.w.org\/{rel}","templated":true}]}}