{"id":5254,"date":"2025-01-09T17:28:47","date_gmt":"2025-01-09T15:28:47","guid":{"rendered":"https:\/\/keluvo.com\/se\/product\/silar-for-engangsbruk-for-dusch\/"},"modified":"2025-08-14T11:38:32","modified_gmt":"2025-08-14T09:38:32","slug":"silar-for-engangsbruk-for-dusch","status":"publish","type":"product","link":"https:\/\/keluvo.com\/se\/product\/silar-for-engangsbruk-for-dusch\/","title":{"rendered":"Silar f\u00f6r eng\u00e5ngsbruk f\u00f6r dusch (10 st)"},"content":{"rendered":"<h2 style=\"text-align: center\"><strong>L\u00e4tt att anv\u00e4nda<\/strong><\/h2>\n<p style=\"text-align: center\">Duschsilarna f\u00f6r eng\u00e5ngsbruk \u00e4r utformade f\u00f6r enkel anv\u00e4ndning. Dra bara bort baksidan, s\u00e4tt fast silen \u00f6ver avloppet och den \u00e4r redo att anv\u00e4ndas. Efter n\u00e5gra dagar kan du enkelt ta bort och byta ut den. Inget behov av reng\u00f6ring eller underh\u00e5ll. En f\u00f6rpackning inneh\u00e5ller 10 st<\/p>\n<p><img decoding=\"async\" class=\"alignnone size-medium wp-image-4827 aligncenter\" src=\"https:\/\/keluvo.com\/template\/wp-content\/uploads\/sites\/5\/2024\/12\/S1aa23e67a1904aa1b2d5113891464671O.jpg_960x960q75.jpg_.avif\" alt=\"\" \/><\/p>\n<h2 style=\"text-align: center\"><strong>f\u00e5ngar effektivt upp h\u00e5r<\/strong><\/h2>\n<p style=\"text-align: center\">Med en finmaskig design f\u00e5ngar eng\u00e5ngssilarna f\u00f6r dusch effektivt upp h\u00e5r och skr\u00e4p. Detta hj\u00e4lper till att f\u00f6rhindra igens\u00e4ttning i duschavloppet och h\u00e5ller ditt badrum rent. Spara tid och anstr\u00e4ngning p\u00e5 avloppsreng\u00f6ring.<\/p>\n<p><img decoding=\"async\" class=\"alignnone size-medium wp-image-4824 aligncenter\" src=\"https:\/\/keluvo.com\/template\/wp-content\/uploads\/sites\/5\/2024\/12\/S476b2a8cb68e4f259f38e01c7e1c15786.jpg_960x960q75.jpg_.avif\" alt=\"\" \/><\/p>\n","protected":false},"excerpt":{"rendered":"<p>L\u00e4tt att anv\u00e4nda Duschsilarna f\u00f6r eng\u00e5ngsbruk \u00e4r utformade f\u00f6r enkel anv\u00e4ndning. Dra bara bort baksidan, s\u00e4tt fast silen \u00f6ver avloppet [&hellip;]<\/p>\n","protected":false},"featured_media":5250,"comment_status":"open","ping_status":"closed","template":"","meta":{"site-sidebar-layout":"default","site-content-layout":"","ast-site-content-layout":"default","site-content-style":"default","site-sidebar-style":"default","ast-global-header-display":"","ast-banner-title-visibility":"","ast-main-header-display":"","ast-hfb-above-header-display":"","ast-hfb-below-header-display":"","ast-hfb-mobile-header-display":"","site-post-title":"","ast-breadcrumbs-content":"","ast-featured-img":"","footer-sml-layout":"","theme-transparent-header-meta":"default","adv-header-id-meta":"","stick-header-meta":"","header-above-stick-meta":"","header-main-stick-meta":"","header-below-stick-meta":"","astra-migrate-meta-layouts":"set","ast-page-background-enabled":"default","ast-page-background-meta":{"desktop":{"background-color":"var(--ast-global-color-4)","background-image":"","background-repeat":"repeat","background-position":"center center","background-size":"auto","background-attachment":"scroll","background-type":"","background-media":"","overlay-type":"","overlay-color":"","overlay-opacity":"","overlay-gradient":""},"tablet":{"background-color":"","background-image":"","background-repeat":"repeat","background-position":"center center","background-size":"auto","background-attachment":"scroll","background-type":"","background-media":"","overlay-type":"","overlay-color":"","overlay-opacity":"","overlay-gradient":""},"mobile":{"background-color":"","background-image":"","background-repeat":"repeat","background-position":"center center","background-size":"auto","background-attachment":"scroll","background-type":"","background-media":"","overlay-type":"","overlay-color":"","overlay-opacity":"","overlay-gradient":""}},"ast-content-background-meta":{"desktop":{"background-color":"var(--ast-global-color-5)","background-image":"","background-repeat":"repeat","background-position":"center center","background-size":"auto","background-attachment":"scroll","background-type":"","background-media":"","overlay-type":"","overlay-color":"","overlay-opacity":"","overlay-gradient":""},"tablet":{"background-color":"var(--ast-global-color-5)","background-image":"","background-repeat":"repeat","background-position":"center center","background-size":"auto","background-attachment":"scroll","background-type":"","background-media":"","overlay-type":"","overlay-color":"","overlay-opacity":"","overlay-gradient":""},"mobile":{"background-color":"var(--ast-global-color-5)","background-image":"","background-repeat":"repeat","background-position":"center center","background-size":"auto","background-attachment":"scroll","background-type":"","background-media":"","overlay-type":"","overlay-color":"","overlay-opacity":"","overlay-gradient":""}}},"product_brand":[],"product_cat":[1001],"product_tag":[],"class_list":{"0":"post-5254","1":"product","2":"type-product","3":"status-publish","4":"has-post-thumbnail","6":"product_cat-household-goods","7":"desktop-align-left","8":"tablet-align-left","9":"mobile-align-left","11":"first","12":"instock","13":"shipping-taxable","14":"purchasable","15":"product-type-simple"},"_links":{"self":[{"href":"https:\/\/keluvo.com\/se\/wp-json\/wp\/v2\/product\/5254","targetHints":{"allow":["GET"]}}],"collection":[{"href":"https:\/\/keluvo.com\/se\/wp-json\/wp\/v2\/product"}],"about":[{"href":"https:\/\/keluvo.com\/se\/wp-json\/wp\/v2\/types\/product"}],"replies":[{"embeddable":true,"href":"https:\/\/keluvo.com\/se\/wp-json\/wp\/v2\/comments?post=5254"}],"wp:featuredmedia":[{"embeddable":true,"href":"https:\/\/keluvo.com\/se\/wp-json\/wp\/v2\/media\/5250"}],"wp:attachment":[{"href":"https:\/\/keluvo.com\/se\/wp-json\/wp\/v2\/media?parent=5254"}],"wp:term":[{"taxonomy":"product_brand","embeddable":true,"href":"https:\/\/keluvo.com\/se\/wp-json\/wp\/v2\/product_brand?post=5254"},{"taxonomy":"product_cat","embeddable":true,"href":"https:\/\/keluvo.com\/se\/wp-json\/wp\/v2\/product_cat?post=5254"},{"taxonomy":"product_tag","embeddable":true,"href":"https:\/\/keluvo.com\/se\/wp-json\/wp\/v2\/product_tag?post=5254"}],"curies":[{"name":"wp","href":"https:\/\/api.w.org\/{rel}","templated":true}]}}