{"id":52455,"date":"2025-12-01T20:13:54","date_gmt":"2025-12-01T18:13:54","guid":{"rendered":"https:\/\/keluvo.com\/se\/product\/pressa-pootern\/"},"modified":"2025-12-15T18:11:54","modified_gmt":"2025-12-15T16:11:54","slug":"pressa-pootern","status":"publish","type":"product","link":"https:\/\/keluvo.com\/se\/product\/pressa-pootern\/","title":{"rendered":"Pressa pootern"},"content":{"rendered":"<p style=\"text-align: center;\" data-start=\"0\" data-end=\"44\"><strong>F\u00e5 omedelbara skratt med en enkel kl\u00e4mma. \ud83d\ude02\u00a0<\/strong><\/p>\n<p style=\"text-align: center;\" data-start=\"46\" data-end=\"279\">Denna kl\u00e4mma pooter \u00e4r en liten, mjuk latexleksak som skapar extremt realistiska pruttljud utan anstr\u00e4ngning. Perfekt f\u00f6r fester, uppt\u00e5g eller l\u00e4ttsamt kul, det \u00e4r ett kompakt gagverktyg som garanterar en reaktion varje g\u00e5ng. Den h\u00e4r pruttleksaken \u00e4r utformad f\u00f6r att vara l\u00e4tt att kl\u00e4mma p\u00e5 och producerar h\u00f6ga och \u00f6vertygande pruttljud utan batterier eller elektronik. Dess design i fickformat g\u00f6r det enkelt att b\u00e4ra var som helst s\u00e5 att du kan \u00f6verraska v\u00e4nner hemma, i skolan, p\u00e5 jobbet eller p\u00e5 sammankomster.<\/p>\n<p data-start=\"46\" data-end=\"279\"><img fetchpriority=\"high\" decoding=\"async\" class=\"size-full wp-image-43518 aligncenter\" src=\"https:\/\/keluvo.com\/template\/wp-content\/uploads\/sites\/5\/2025\/12\/10227-ezgif.com-video-to-webp-converter.webp\" alt=\"\" width=\"500\" height=\"500\" \/><\/p>\n<h2 style=\"text-align: center;\" data-start=\"648\" data-end=\"668\"><strong>Huvudf\u00f6rdelar<\/strong><\/h2>\n<p data-start=\"669\" data-end=\"1072\">\ud83d\ude02 Realistiska pruttljud &#8211; Skapar h\u00f6ga, roliga ljud som alltid f\u00e5r ett skratt.<\/p>\n<p data-start=\"669\" data-end=\"1072\">\ud83e\udef3 L\u00e4tt att anv\u00e4nda &#8211; Kl\u00e4m bara p\u00e5 den mjuka latexkroppen och njut av reaktionen.<\/p>\n<p data-start=\"669\" data-end=\"1072\">\ud83d\udd0b Inga batterier beh\u00f6vs &#8211; Helt mekanisk och l\u00e5ngvarig.<\/p>\n<p data-start=\"669\" data-end=\"1072\">\ud83c\udf89 Perfekt f\u00f6r uppt\u00e5g &#8211; Perfekt f\u00f6r fester, presenter, strumpstoppare och sk\u00e4mtsamlingar.<\/p>\n<p data-start=\"669\" data-end=\"1072\">\ud83c\udf92 Fickstorlek &#8211; Tillr\u00e4ckligt liten f\u00f6r att b\u00e4ra i handen, v\u00e4skan eller fickan.<\/p>\n<p data-start=\"669\" data-end=\"1072\"><img decoding=\"async\" class=\"size-full wp-image-43519 aligncenter\" src=\"https:\/\/keluvo.com\/template\/wp-content\/uploads\/sites\/5\/2025\/12\/2e374417e7ff733b45a54450bd62ef71ffdf164c-800.avif\" alt=\"\" \/><\/p>\n<h2 style=\"text-align: center;\" data-start=\"1079\" data-end=\"1097\"><strong>Hur Man Anv\u00e4nder<\/strong><\/h2>\n<ol data-start=\"1098\" data-end=\"1280\">\n<li data-start=\"1098\" data-end=\"1140\">\n<p data-start=\"1101\" data-end=\"1140\">H\u00e5ll kl\u00e4mma pooter i handen.<\/p>\n<\/li>\n<li data-start=\"1141\" data-end=\"1187\">\n<p data-start=\"1144\" data-end=\"1187\">Tryck eller kl\u00e4m h\u00e5rt p\u00e5 latexcentret.<\/p>\n<\/li>\n<li data-start=\"1188\" data-end=\"1237\">\n<p data-start=\"1191\" data-end=\"1237\">Njut av det realistiska fisljudet som f\u00f6ljer.<\/p>\n<\/li>\n<li data-start=\"1238\" data-end=\"1280\">\n<p data-start=\"1241\" data-end=\"1280\">Upprepa n\u00e4r du vill ha snabba skratt.<\/p>\n<\/li>\n<\/ol>\n<h2 style=\"text-align: center;\" data-start=\"1287\" data-end=\"1310\"><strong>Produktdetaljer<\/strong><\/h2>\n<ul data-start=\"1311\" data-end=\"1502\">\n<li data-start=\"1311\" data-end=\"1343\">\n<p data-start=\"1313\" data-end=\"1343\">Material: Latex av h\u00f6g kvalitet<\/p>\n<\/li>\n<li data-start=\"1344\" data-end=\"1366\">\n<p data-start=\"1346\" data-end=\"1366\">Storlek: 4,3 x 4,3 cm<\/p>\n<\/li>\n<li data-start=\"1367\" data-end=\"1394\">\n<p data-start=\"1369\" data-end=\"1394\">\u00c5ldersrekommendation: 4+<\/p>\n<\/li>\n<li data-start=\"1395\" data-end=\"1433\">\n<p data-start=\"1397\" data-end=\"1433\">S\u00e4kerhet: Inga batterier, icke-elektrisk<\/p>\n<\/li>\n<li data-start=\"1434\" data-end=\"1502\">\n<p data-start=\"1436\" data-end=\"1502\">Varning: Inneh\u00e5ller sm\u00e5 delar; ej l\u00e4mplig f\u00f6r barn under 3 \u00e5r<\/p>\n<\/li>\n<\/ul>\n<h2 style=\"text-align: center;\" data-start=\"1509\" data-end=\"1533\"><strong>F\u00f6rpackningen inneh\u00e5ller<\/strong><\/h2>\n<ul data-start=\"1534\" data-end=\"1565\">\n<li data-start=\"1534\" data-end=\"1565\">\n<p data-start=\"1536\" data-end=\"1565\">1, 2x kl\u00e4mma pooter.<\/p>\n<\/li>\n<\/ul>\n","protected":false},"excerpt":{"rendered":"<p>F\u00e5 omedelbara skratt med en enkel kl\u00e4mma. \ud83d\ude02\u00a0 Denna kl\u00e4mma pooter \u00e4r en liten, mjuk latexleksak som skapar extremt realistiska [&hellip;]<\/p>\n","protected":false},"featured_media":52451,"comment_status":"open","ping_status":"closed","template":"","meta":{"site-sidebar-layout":"default","site-content-layout":"","ast-site-content-layout":"default","site-content-style":"default","site-sidebar-style":"default","ast-global-header-display":"","ast-banner-title-visibility":"","ast-main-header-display":"","ast-hfb-above-header-display":"","ast-hfb-below-header-display":"","ast-hfb-mobile-header-display":"","site-post-title":"","ast-breadcrumbs-content":"","ast-featured-img":"","footer-sml-layout":"","theme-transparent-header-meta":"default","adv-header-id-meta":"","stick-header-meta":"","header-above-stick-meta":"","header-main-stick-meta":"","header-below-stick-meta":"","astra-migrate-meta-layouts":"set","ast-page-background-enabled":"default","ast-page-background-meta":{"desktop":{"background-color":"var(--ast-global-color-4)","background-image":"","background-repeat":"repeat","background-position":"center center","background-size":"auto","background-attachment":"scroll","background-type":"","background-media":"","overlay-type":"","overlay-color":"","overlay-opacity":"","overlay-gradient":""},"tablet":{"background-color":"","background-image":"","background-repeat":"repeat","background-position":"center center","background-size":"auto","background-attachment":"scroll","background-type":"","background-media":"","overlay-type":"","overlay-color":"","overlay-opacity":"","overlay-gradient":""},"mobile":{"background-color":"","background-image":"","background-repeat":"repeat","background-position":"center center","background-size":"auto","background-attachment":"scroll","background-type":"","background-media":"","overlay-type":"","overlay-color":"","overlay-opacity":"","overlay-gradient":""}},"ast-content-background-meta":{"desktop":{"background-color":"var(--ast-global-color-5)","background-image":"","background-repeat":"repeat","background-position":"center center","background-size":"auto","background-attachment":"scroll","background-type":"","background-media":"","overlay-type":"","overlay-color":"","overlay-opacity":"","overlay-gradient":""},"tablet":{"background-color":"var(--ast-global-color-5)","background-image":"","background-repeat":"repeat","background-position":"center center","background-size":"auto","background-attachment":"scroll","background-type":"","background-media":"","overlay-type":"","overlay-color":"","overlay-opacity":"","overlay-gradient":""},"mobile":{"background-color":"var(--ast-global-color-5)","background-image":"","background-repeat":"repeat","background-position":"center center","background-size":"auto","background-attachment":"scroll","background-type":"","background-media":"","overlay-type":"","overlay-color":"","overlay-opacity":"","overlay-gradient":""}}},"product_brand":[],"product_cat":[990],"product_tag":[],"class_list":{"0":"post-52455","1":"product","2":"type-product","3":"status-publish","4":"has-post-thumbnail","6":"product_cat-toys-childrens-and-baby-products","7":"pa_54623_apc4lgef-rod","8":"pa_54623_apc4lgef-svart","9":"pa_54623_dgzrbspf-1-st","10":"pa_54623_dgzrbspf-2-st","11":"desktop-align-left","12":"tablet-align-left","13":"mobile-align-left","15":"first","16":"instock","17":"shipping-taxable","18":"purchasable","19":"product-type-variable","20":"has-default-attributes"},"_links":{"self":[{"href":"https:\/\/keluvo.com\/se\/wp-json\/wp\/v2\/product\/52455","targetHints":{"allow":["GET"]}}],"collection":[{"href":"https:\/\/keluvo.com\/se\/wp-json\/wp\/v2\/product"}],"about":[{"href":"https:\/\/keluvo.com\/se\/wp-json\/wp\/v2\/types\/product"}],"replies":[{"embeddable":true,"href":"https:\/\/keluvo.com\/se\/wp-json\/wp\/v2\/comments?post=52455"}],"wp:featuredmedia":[{"embeddable":true,"href":"https:\/\/keluvo.com\/se\/wp-json\/wp\/v2\/media\/52451"}],"wp:attachment":[{"href":"https:\/\/keluvo.com\/se\/wp-json\/wp\/v2\/media?parent=52455"}],"wp:term":[{"taxonomy":"product_brand","embeddable":true,"href":"https:\/\/keluvo.com\/se\/wp-json\/wp\/v2\/product_brand?post=52455"},{"taxonomy":"product_cat","embeddable":true,"href":"https:\/\/keluvo.com\/se\/wp-json\/wp\/v2\/product_cat?post=52455"},{"taxonomy":"product_tag","embeddable":true,"href":"https:\/\/keluvo.com\/se\/wp-json\/wp\/v2\/product_tag?post=52455"}],"curies":[{"name":"wp","href":"https:\/\/api.w.org\/{rel}","templated":true}]}}