{"id":5241,"date":"2025-01-09T17:23:48","date_gmt":"2025-01-09T15:23:48","guid":{"rendered":"https:\/\/keluvo.com\/se\/product\/magnetisk-tradlos-laddare\/"},"modified":"2025-01-09T17:23:59","modified_gmt":"2025-01-09T15:23:59","slug":"magnetisk-tradlos-laddare","status":"publish","type":"product","link":"https:\/\/keluvo.com\/se\/product\/magnetisk-tradlos-laddare\/","title":{"rendered":"Magnetisk tr\u00e5dl\u00f6s laddare"},"content":{"rendered":"<h2 style=\"text-align: center\"><strong>Effektiv snabbladdning<\/strong><\/h2>\n<p style=\"text-align: center\">Den magnetiska tr\u00e5dl\u00f6sa laddaren garanterar snabb och effektiv laddning med automatisk effektjustering. Den st\u00f6der flera uteffektniv\u00e5er (15 W, 10 W, 7,5 W och 5 W), vilket g\u00f6r att dina enheter kan laddas snabbt och s\u00e4kert. Den inbyggda fl\u00e4kten hj\u00e4lper till att kyla din telefon och bibeh\u00e5ller optimal laddningshastighet och effektivitet.<\/p>\n<p><img decoding=\"async\" class=\"alignnone size-medium wp-image-5505 aligncenter\" src=\"https:\/\/keluvo.com\/template\/wp-content\/uploads\/sites\/5\/2024\/12\/Sa4afa85bd65c420994d137709118b96a0.jpg_960x960q75.jpg_.jpeg\" alt=\"\" \/><\/p>\n<p><img decoding=\"async\" class=\"alignnone size-medium wp-image-5505 aligncenter\" src=\"https:\/\/keluvo.com\/template\/wp-content\/uploads\/sites\/5\/2024\/12\/Sa4afa85bd65c420994d137709118b96a0.jpg_960x960q75.jpg_\" alt=\"\" \/><\/p>\n<h2 style=\"text-align: center\"><strong>M\u00e5ngsidigt och elegant stativ<\/strong><\/h2>\n<p style=\"text-align: center\">Den h\u00e4r laddaren fungerar \u00e4ven som ett telefonstativ, vilket ger bekv\u00e4m handsfree-anv\u00e4ndning medan du laddar. Dess unika ministolform ger en elegant touch till ditt skrivbord eller din heminredning och kombinerar funktionalitet med estetisk tilltalande. Det \u00e4r ett perfekt komplement till alla arbetsytor eller vardagsrum.<\/p>\n<p style=\"text-align: center\"><img decoding=\"async\" class=\"alignnone size-medium wp-image-5508\" src=\"https:\/\/keluvo.com\/template\/wp-content\/uploads\/sites\/5\/2024\/12\/S7d98a0aadd7c4cf28f766bb642e15fdam.jpg_960x960q75.jpg_.jpeg\" alt=\"\" \/><\/p>\n<p>&nbsp;<\/p>\n","protected":false},"excerpt":{"rendered":"<p>Effektiv snabbladdning Den magnetiska tr\u00e5dl\u00f6sa laddaren garanterar snabb och effektiv laddning med automatisk effektjustering. Den st\u00f6der flera uteffektniv\u00e5er (15 W, [&hellip;]<\/p>\n","protected":false},"featured_media":5237,"comment_status":"open","ping_status":"closed","template":"","meta":{"site-sidebar-layout":"default","site-content-layout":"","ast-site-content-layout":"default","site-content-style":"default","site-sidebar-style":"default","ast-global-header-display":"","ast-banner-title-visibility":"","ast-main-header-display":"","ast-hfb-above-header-display":"","ast-hfb-below-header-display":"","ast-hfb-mobile-header-display":"","site-post-title":"","ast-breadcrumbs-content":"","ast-featured-img":"","footer-sml-layout":"","theme-transparent-header-meta":"default","adv-header-id-meta":"","stick-header-meta":"","header-above-stick-meta":"","header-main-stick-meta":"","header-below-stick-meta":"","astra-migrate-meta-layouts":"set","ast-page-background-enabled":"default","ast-page-background-meta":{"desktop":{"background-color":"var(--ast-global-color-4)","background-image":"","background-repeat":"repeat","background-position":"center center","background-size":"auto","background-attachment":"scroll","background-type":"","background-media":"","overlay-type":"","overlay-color":"","overlay-opacity":"","overlay-gradient":""},"tablet":{"background-color":"","background-image":"","background-repeat":"repeat","background-position":"center center","background-size":"auto","background-attachment":"scroll","background-type":"","background-media":"","overlay-type":"","overlay-color":"","overlay-opacity":"","overlay-gradient":""},"mobile":{"background-color":"","background-image":"","background-repeat":"repeat","background-position":"center center","background-size":"auto","background-attachment":"scroll","background-type":"","background-media":"","overlay-type":"","overlay-color":"","overlay-opacity":"","overlay-gradient":""}},"ast-content-background-meta":{"desktop":{"background-color":"var(--ast-global-color-5)","background-image":"","background-repeat":"repeat","background-position":"center center","background-size":"auto","background-attachment":"scroll","background-type":"","background-media":"","overlay-type":"","overlay-color":"","overlay-opacity":"","overlay-gradient":""},"tablet":{"background-color":"var(--ast-global-color-5)","background-image":"","background-repeat":"repeat","background-position":"center center","background-size":"auto","background-attachment":"scroll","background-type":"","background-media":"","overlay-type":"","overlay-color":"","overlay-opacity":"","overlay-gradient":""},"mobile":{"background-color":"var(--ast-global-color-5)","background-image":"","background-repeat":"repeat","background-position":"center center","background-size":"auto","background-attachment":"scroll","background-type":"","background-media":"","overlay-type":"","overlay-color":"","overlay-opacity":"","overlay-gradient":""}}},"product_brand":[],"product_cat":[15],"product_tag":[],"class_list":{"0":"post-5241","1":"product","2":"type-product","3":"status-publish","4":"has-post-thumbnail","6":"product_cat-uncategorized","7":"pa_76l8up4v-gron","8":"pa_76l8up4v-rosa","9":"pa_76l8up4v-vit","10":"desktop-align-left","11":"tablet-align-left","12":"mobile-align-left","14":"first","15":"instock","16":"shipping-taxable","17":"purchasable","18":"product-type-variable"},"_links":{"self":[{"href":"https:\/\/keluvo.com\/se\/wp-json\/wp\/v2\/product\/5241","targetHints":{"allow":["GET"]}}],"collection":[{"href":"https:\/\/keluvo.com\/se\/wp-json\/wp\/v2\/product"}],"about":[{"href":"https:\/\/keluvo.com\/se\/wp-json\/wp\/v2\/types\/product"}],"replies":[{"embeddable":true,"href":"https:\/\/keluvo.com\/se\/wp-json\/wp\/v2\/comments?post=5241"}],"wp:featuredmedia":[{"embeddable":true,"href":"https:\/\/keluvo.com\/se\/wp-json\/wp\/v2\/media\/5237"}],"wp:attachment":[{"href":"https:\/\/keluvo.com\/se\/wp-json\/wp\/v2\/media?parent=5241"}],"wp:term":[{"taxonomy":"product_brand","embeddable":true,"href":"https:\/\/keluvo.com\/se\/wp-json\/wp\/v2\/product_brand?post=5241"},{"taxonomy":"product_cat","embeddable":true,"href":"https:\/\/keluvo.com\/se\/wp-json\/wp\/v2\/product_cat?post=5241"},{"taxonomy":"product_tag","embeddable":true,"href":"https:\/\/keluvo.com\/se\/wp-json\/wp\/v2\/product_tag?post=5241"}],"curies":[{"name":"wp","href":"https:\/\/api.w.org\/{rel}","templated":true}]}}