{"id":52329,"date":"2025-12-01T20:03:15","date_gmt":"2025-12-01T18:03:15","guid":{"rendered":"https:\/\/keluvo.com\/se\/product\/kreativ-olflaskoppnare-2-st\/"},"modified":"2025-12-08T12:14:03","modified_gmt":"2025-12-08T10:14:03","slug":"kreativ-olflaskoppnare-2-st","status":"publish","type":"product","link":"https:\/\/keluvo.com\/se\/product\/kreativ-olflaskoppnare-2-st\/","title":{"rendered":"Kreativ \u00f6lflask\u00f6ppnare (2 st)"},"content":{"rendered":"<p style=\"text-align: center;\" data-start=\"311\" data-end=\"387\"><strong>En flask\u00f6ppnare som fungerar smidigt och g\u00f6r dina sammankomster roligare. \ud83c\udf7b\ud83d\udca5<\/strong><\/p>\n<p style=\"text-align: center;\" data-start=\"388\" data-end=\"669\">Tillverkad av starkt ABS-material \u00f6ppnar den h\u00e4r flask\u00f6ppnaren flaskor rent utan spill, och avfyraren skjuter kapsyler upp till 5 meter f\u00f6r en unik drinkspelstwist. L\u00e4tt, b\u00e4rbar och s\u00e4ker att anv\u00e4nda, det \u00e4r ett enkelt s\u00e4tt att imponera p\u00e5 g\u00e4sterna och \u00f6ka festst\u00e4mningen vart du \u00e4n g\u00e5r.<\/p>\n<p data-start=\"388\" data-end=\"669\"><img fetchpriority=\"high\" decoding=\"async\" class=\"size-full wp-image-43402 aligncenter\" src=\"https:\/\/keluvo.com\/template\/wp-content\/uploads\/sites\/5\/2025\/12\/10222-ezgif.com-video-to-webp-converter.webp\" alt=\"\" width=\"500\" height=\"500\" \/><\/p>\n<h2 style=\"text-align: center;\" data-start=\"676\" data-end=\"696\">\u2b50 Huvudf\u00f6rdelar<\/h2>\n<p data-start=\"697\" data-end=\"1222\">\ud83d\udca5 Rolig kapsylkastare &#8211; Skjuter kapsyler \u00f6ver 5 meter f\u00f6r partyspel och underh\u00e5llning.<\/p>\n<p data-start=\"697\" data-end=\"1222\">\ud83c\udf7b Enkel flask\u00f6ppning &#8211; \u00d6ppnar flaskor rent utan att vrida eller skada kapsylen.<\/p>\n<p data-start=\"697\" data-end=\"1222\">\ud83d\udee0\ufe0f H\u00e5llbar ABS-byggnad &#8211; L\u00e5ngvariga, robusta och milj\u00f6v\u00e4nliga material.<\/p>\n<p data-start=\"697\" data-end=\"1222\">\ud83c\udf89 Perfekt festpryl &#8211; En bra konversationsstartare p\u00e5 barer, sammankomster och picknickar.<\/p>\n<p data-start=\"697\" data-end=\"1222\">\ud83c\udfa8 Flera f\u00e4rger tillg\u00e4ngliga &#8211; V\u00e4lj mellan svart, gr\u00e5tt, bl\u00e5tt eller r\u00f6tt.<\/p>\n<p data-start=\"697\" data-end=\"1222\">\ud83d\udc5c Kompakt och b\u00e4rbar &#8211; L\u00e4tt att b\u00e4ra med sig och perfekt f\u00f6r firande p\u00e5 spr\u00e5ng.<\/p>\n<p data-start=\"697\" data-end=\"1222\"><img decoding=\"async\" class=\"size-full wp-image-43401 aligncenter\" src=\"https:\/\/keluvo.com\/template\/wp-content\/uploads\/sites\/5\/2025\/12\/1cb1ad906de9655b3f0dfc92116fa8b58dd80642-700.avif\" alt=\"\" \/><\/p>\n<h2 style=\"text-align: center;\" data-start=\"1229\" data-end=\"1247\">\ud83e\udded Hur Man Anv\u00e4nder<\/h2>\n<ol data-start=\"1248\" data-end=\"1495\">\n<li data-start=\"1248\" data-end=\"1296\">\n<p data-start=\"1251\" data-end=\"1296\">H\u00e5ll flask\u00f6ppnaren \u00f6ver kapsylen.<\/p>\n<\/li>\n<li data-start=\"1297\" data-end=\"1351\">\n<p data-start=\"1300\" data-end=\"1351\">Tryck ned\u00e5t f\u00f6r att \u00f6ppna flaskan &#8211; ingen vridning beh\u00f6vs.<\/p>\n<\/li>\n<li data-start=\"1352\" data-end=\"1425\">\n<p data-start=\"1355\" data-end=\"1425\">F\u00f6r att skjuta iv\u00e4g kapsylen, tryck p\u00e5 avtryckaren och se den flyga upp till 5 meter.<\/p>\n<\/li>\n<li data-start=\"1426\" data-end=\"1495\">\n<p data-start=\"1429\" data-end=\"1495\">Njut p\u00e5 ett ansvarsfullt s\u00e4tt och h\u00e5ll ig\u00e5ng det roliga p\u00e5 din fest eller ditt evenemang.<\/p>\n<\/li>\n<\/ol>\n<h2 style=\"text-align: center;\" data-start=\"1502\" data-end=\"1525\">\ud83d\udccf Produktdetaljer<\/h2>\n<ul data-start=\"1526\" data-end=\"1760\">\n<li data-start=\"1582\" data-end=\"1626\">\n<p data-start=\"1584\" data-end=\"1626\">Material: ABS (milj\u00f6v\u00e4nligt och h\u00e5llbart)<\/p>\n<\/li>\n<li data-start=\"1662\" data-end=\"1687\">\n<p data-start=\"1664\" data-end=\"1687\">Storlek: 13 x 6 x 3,7 cm<\/p>\n<\/li>\n<li data-start=\"1688\" data-end=\"1760\">\n<p data-start=\"1690\" data-end=\"1760\">Funktioner: Flask\u00f6ppnare + kapsylkastare, b\u00e4rbar, s\u00e4ker, l\u00e5ngvarig<\/p>\n<\/li>\n<\/ul>\n<h2 style=\"text-align: center;\" data-start=\"1767\" data-end=\"1791\">\ud83d\udce6 Paketet inneh\u00e5ller<\/h2>\n<ul data-start=\"1792\" data-end=\"1835\">\n<li data-start=\"1792\" data-end=\"1835\">\n<p data-start=\"1794\" data-end=\"1835\">2x kreativ \u00f6lflask\u00f6ppnare.<\/p>\n<\/li>\n<\/ul>\n","protected":false},"excerpt":{"rendered":"<p>En flask\u00f6ppnare som fungerar smidigt och g\u00f6r dina sammankomster roligare. \ud83c\udf7b\ud83d\udca5 Tillverkad av starkt ABS-material \u00f6ppnar den h\u00e4r flask\u00f6ppnaren flaskor [&hellip;]<\/p>\n","protected":false},"featured_media":52325,"comment_status":"open","ping_status":"closed","template":"","meta":{"site-sidebar-layout":"default","site-content-layout":"","ast-site-content-layout":"default","site-content-style":"default","site-sidebar-style":"default","ast-global-header-display":"","ast-banner-title-visibility":"","ast-main-header-display":"","ast-hfb-above-header-display":"","ast-hfb-below-header-display":"","ast-hfb-mobile-header-display":"","site-post-title":"","ast-breadcrumbs-content":"","ast-featured-img":"","footer-sml-layout":"","theme-transparent-header-meta":"default","adv-header-id-meta":"","stick-header-meta":"","header-above-stick-meta":"","header-main-stick-meta":"","header-below-stick-meta":"","astra-migrate-meta-layouts":"set","ast-page-background-enabled":"default","ast-page-background-meta":{"desktop":{"background-color":"var(--ast-global-color-4)","background-image":"","background-repeat":"repeat","background-position":"center center","background-size":"auto","background-attachment":"scroll","background-type":"","background-media":"","overlay-type":"","overlay-color":"","overlay-opacity":"","overlay-gradient":""},"tablet":{"background-color":"","background-image":"","background-repeat":"repeat","background-position":"center center","background-size":"auto","background-attachment":"scroll","background-type":"","background-media":"","overlay-type":"","overlay-color":"","overlay-opacity":"","overlay-gradient":""},"mobile":{"background-color":"","background-image":"","background-repeat":"repeat","background-position":"center center","background-size":"auto","background-attachment":"scroll","background-type":"","background-media":"","overlay-type":"","overlay-color":"","overlay-opacity":"","overlay-gradient":""}},"ast-content-background-meta":{"desktop":{"background-color":"var(--ast-global-color-5)","background-image":"","background-repeat":"repeat","background-position":"center center","background-size":"auto","background-attachment":"scroll","background-type":"","background-media":"","overlay-type":"","overlay-color":"","overlay-opacity":"","overlay-gradient":""},"tablet":{"background-color":"var(--ast-global-color-5)","background-image":"","background-repeat":"repeat","background-position":"center center","background-size":"auto","background-attachment":"scroll","background-type":"","background-media":"","overlay-type":"","overlay-color":"","overlay-opacity":"","overlay-gradient":""},"mobile":{"background-color":"var(--ast-global-color-5)","background-image":"","background-repeat":"repeat","background-position":"center center","background-size":"auto","background-attachment":"scroll","background-type":"","background-media":"","overlay-type":"","overlay-color":"","overlay-opacity":"","overlay-gradient":""}}},"product_brand":[],"product_cat":[1001,996],"product_tag":[],"class_list":{"0":"post-52329","1":"product","2":"type-product","3":"status-publish","4":"has-post-thumbnail","6":"product_cat-household-goods","7":"product_cat-tools","8":"pa_54298_dp410a1y-bla","9":"pa_54298_dp410a1y-gra","10":"pa_54298_dp410a1y-rod","11":"pa_54298_dp410a1y-svart","12":"desktop-align-left","13":"tablet-align-left","14":"mobile-align-left","16":"first","17":"instock","18":"shipping-taxable","19":"purchasable","20":"product-type-variable"},"_links":{"self":[{"href":"https:\/\/keluvo.com\/se\/wp-json\/wp\/v2\/product\/52329","targetHints":{"allow":["GET"]}}],"collection":[{"href":"https:\/\/keluvo.com\/se\/wp-json\/wp\/v2\/product"}],"about":[{"href":"https:\/\/keluvo.com\/se\/wp-json\/wp\/v2\/types\/product"}],"replies":[{"embeddable":true,"href":"https:\/\/keluvo.com\/se\/wp-json\/wp\/v2\/comments?post=52329"}],"wp:featuredmedia":[{"embeddable":true,"href":"https:\/\/keluvo.com\/se\/wp-json\/wp\/v2\/media\/52325"}],"wp:attachment":[{"href":"https:\/\/keluvo.com\/se\/wp-json\/wp\/v2\/media?parent=52329"}],"wp:term":[{"taxonomy":"product_brand","embeddable":true,"href":"https:\/\/keluvo.com\/se\/wp-json\/wp\/v2\/product_brand?post=52329"},{"taxonomy":"product_cat","embeddable":true,"href":"https:\/\/keluvo.com\/se\/wp-json\/wp\/v2\/product_cat?post=52329"},{"taxonomy":"product_tag","embeddable":true,"href":"https:\/\/keluvo.com\/se\/wp-json\/wp\/v2\/product_tag?post=52329"}],"curies":[{"name":"wp","href":"https:\/\/api.w.org\/{rel}","templated":true}]}}