{"id":5224,"date":"2025-01-09T17:14:01","date_gmt":"2025-01-09T15:14:01","guid":{"rendered":"https:\/\/keluvo.com\/se\/product\/barbar-duschpump\/"},"modified":"2025-08-18T13:00:04","modified_gmt":"2025-08-18T10:00:04","slug":"barbar-duschpump","status":"publish","type":"product","link":"https:\/\/keluvo.com\/se\/product\/barbar-duschpump\/","title":{"rendered":"B\u00e4rbar duschpump"},"content":{"rendered":"<h2 style=\"text-align: center\"><strong>Bekv\u00e4m USB-laddning<\/strong><\/h2>\n<p>Den b\u00e4rbara campingduschen \u00e4r utrustad med ett USB-laddningsbart batteri, vilket g\u00f6r det enkelt att ladda var du \u00e4n g\u00e5r. Anv\u00e4nd bara ett USB-uttag eller en powerbank f\u00f6r att ladda den och se till att du har tillg\u00e5ng till vatten under campingresor, biltv\u00e4tt eller tr\u00e4dg\u00e5rdsarbete<\/p>\n<p><img decoding=\"async\" class=\"alignnone size-medium wp-image-5604 aligncenter\" src=\"https:\/\/keluvo.com\/template\/wp-content\/uploads\/sites\/5\/2024\/12\/Sbb5f995afe8c401196c156cbe25f4294A.jpeg\" alt=\"\" \/><\/p>\n<h2 style=\"text-align: center\"><strong>Multi-anv\u00e4ndningsfunktionalitet<\/strong><\/h2>\n<p>Den h\u00e4r b\u00e4rbara campingduschen \u00e4r utformad f\u00f6r flera anv\u00e4ndningsomr\u00e5den, till exempel reng\u00f6ring av husdjur, tv\u00e4tt av bilar eller vattning av v\u00e4xter. Det \u00e4r en idealisk l\u00f6sning f\u00f6r alla som beh\u00f6ver portabel vattentillg\u00e5ng i utomhusmilj\u00f6er, vilket g\u00f6r uppgifterna enklare och bekv\u00e4mare.<\/p>\n<p><img decoding=\"async\" class=\"alignnone size-medium wp-image-5605 aligncenter\" src=\"https:\/\/keluvo.com\/template\/wp-content\/uploads\/sites\/5\/2024\/12\/S7cb7c78f31c84ad19cb9b6fd1effb9f8p.jpeg\" alt=\"\" \/><\/p>\n","protected":false},"excerpt":{"rendered":"<p>Bekv\u00e4m USB-laddning Den b\u00e4rbara campingduschen \u00e4r utrustad med ett USB-laddningsbart batteri, vilket g\u00f6r det enkelt att ladda var du \u00e4n [&hellip;]<\/p>\n","protected":false},"featured_media":5220,"comment_status":"open","ping_status":"closed","template":"","meta":{"site-sidebar-layout":"default","site-content-layout":"","ast-site-content-layout":"default","site-content-style":"default","site-sidebar-style":"default","ast-global-header-display":"","ast-banner-title-visibility":"","ast-main-header-display":"","ast-hfb-above-header-display":"","ast-hfb-below-header-display":"","ast-hfb-mobile-header-display":"","site-post-title":"","ast-breadcrumbs-content":"","ast-featured-img":"","footer-sml-layout":"","theme-transparent-header-meta":"default","adv-header-id-meta":"","stick-header-meta":"","header-above-stick-meta":"","header-main-stick-meta":"","header-below-stick-meta":"","astra-migrate-meta-layouts":"set","ast-page-background-enabled":"default","ast-page-background-meta":{"desktop":{"background-color":"var(--ast-global-color-4)","background-image":"","background-repeat":"repeat","background-position":"center center","background-size":"auto","background-attachment":"scroll","background-type":"","background-media":"","overlay-type":"","overlay-color":"","overlay-opacity":"","overlay-gradient":""},"tablet":{"background-color":"","background-image":"","background-repeat":"repeat","background-position":"center center","background-size":"auto","background-attachment":"scroll","background-type":"","background-media":"","overlay-type":"","overlay-color":"","overlay-opacity":"","overlay-gradient":""},"mobile":{"background-color":"","background-image":"","background-repeat":"repeat","background-position":"center center","background-size":"auto","background-attachment":"scroll","background-type":"","background-media":"","overlay-type":"","overlay-color":"","overlay-opacity":"","overlay-gradient":""}},"ast-content-background-meta":{"desktop":{"background-color":"var(--ast-global-color-5)","background-image":"","background-repeat":"repeat","background-position":"center center","background-size":"auto","background-attachment":"scroll","background-type":"","background-media":"","overlay-type":"","overlay-color":"","overlay-opacity":"","overlay-gradient":""},"tablet":{"background-color":"var(--ast-global-color-5)","background-image":"","background-repeat":"repeat","background-position":"center center","background-size":"auto","background-attachment":"scroll","background-type":"","background-media":"","overlay-type":"","overlay-color":"","overlay-opacity":"","overlay-gradient":""},"mobile":{"background-color":"var(--ast-global-color-5)","background-image":"","background-repeat":"repeat","background-position":"center center","background-size":"auto","background-attachment":"scroll","background-type":"","background-media":"","overlay-type":"","overlay-color":"","overlay-opacity":"","overlay-gradient":""}}},"product_brand":[],"product_cat":[1001],"product_tag":[],"class_list":{"0":"post-5224","1":"product","2":"type-product","3":"status-publish","4":"has-post-thumbnail","6":"product_cat-household-goods","7":"desktop-align-left","8":"tablet-align-left","9":"mobile-align-left","11":"first","12":"instock","13":"shipping-taxable","14":"purchasable","15":"product-type-simple"},"_links":{"self":[{"href":"https:\/\/keluvo.com\/se\/wp-json\/wp\/v2\/product\/5224","targetHints":{"allow":["GET"]}}],"collection":[{"href":"https:\/\/keluvo.com\/se\/wp-json\/wp\/v2\/product"}],"about":[{"href":"https:\/\/keluvo.com\/se\/wp-json\/wp\/v2\/types\/product"}],"replies":[{"embeddable":true,"href":"https:\/\/keluvo.com\/se\/wp-json\/wp\/v2\/comments?post=5224"}],"wp:featuredmedia":[{"embeddable":true,"href":"https:\/\/keluvo.com\/se\/wp-json\/wp\/v2\/media\/5220"}],"wp:attachment":[{"href":"https:\/\/keluvo.com\/se\/wp-json\/wp\/v2\/media?parent=5224"}],"wp:term":[{"taxonomy":"product_brand","embeddable":true,"href":"https:\/\/keluvo.com\/se\/wp-json\/wp\/v2\/product_brand?post=5224"},{"taxonomy":"product_cat","embeddable":true,"href":"https:\/\/keluvo.com\/se\/wp-json\/wp\/v2\/product_cat?post=5224"},{"taxonomy":"product_tag","embeddable":true,"href":"https:\/\/keluvo.com\/se\/wp-json\/wp\/v2\/product_tag?post=5224"}],"curies":[{"name":"wp","href":"https:\/\/api.w.org\/{rel}","templated":true}]}}