{"id":52215,"date":"2025-12-01T19:55:14","date_gmt":"2025-12-01T17:55:14","guid":{"rendered":"https:\/\/keluvo.com\/se\/product\/konturmatare-2\/"},"modified":"2025-12-03T16:00:42","modified_gmt":"2025-12-03T14:00:42","slug":"konturmatare-2","status":"publish","type":"product","link":"https:\/\/keluvo.com\/se\/product\/konturmatare-2\/","title":{"rendered":"Konturm\u00e4tare"},"content":{"rendered":"<p style=\"text-align: center;\" data-start=\"172\" data-end=\"235\"><strong>F\u00e5 perfekta m\u00e5tt \u00e5ven f\u00f6r de mest komplexa formerna. \ud83d\udccf<\/strong><\/p>\n<p style=\"text-align: center;\" data-start=\"236\" data-end=\"506\">Den h\u00e4r konturm\u00e4taren \u00e4r utformad f\u00f6r att hj\u00e4lpa dig att snabbt kopiera kurvor, h\u00f6rn och unika profiler utan att beh\u00f6va gissa eller rita f\u00f6r hand. Den \u00e4r idealisk f\u00f6r golv, kakel, tr\u00e4bearbetning eller andra g\u00f6r-det-sj\u00e4lv-jobb och ger rena, exakta snitt med mycket mindre anstr\u00e4ngning. Tryck bara, sp\u00e5ra och klipp.<\/p>\n<p data-start=\"236\" data-end=\"506\"><img fetchpriority=\"high\" decoding=\"async\" class=\"size-full wp-image-43302 aligncenter\" src=\"https:\/\/keluvo.com\/template\/wp-content\/uploads\/sites\/5\/2025\/11\/102215-ezgif.com-video-to-webp-converter.webp\" alt=\"\" width=\"500\" height=\"500\" \/><\/p>\n<h2 style=\"text-align: center;\" data-start=\"513\" data-end=\"533\">\u2b50 Huvudf\u00f6rdelar<\/h2>\n<p data-start=\"534\" data-end=\"1084\">\ud83d\udccf Perfekt formduplicering &#8211; Kopierar komplexa former direkt f\u00f6r exakt sk\u00e4rning.<\/p>\n<p data-start=\"534\" data-end=\"1084\">\u26a1 Sparar tid och anstr\u00e4ngning &#8211; Inget behov av kartongmallar eller manuell sp\u00e5rning.<\/p>\n<p data-start=\"534\" data-end=\"1084\">\ud83e\uddf0 Brett anv\u00e4ndningsomr\u00e5de &#8211; Perfekt f\u00f6r kakel, laminat, mattor, r\u00f6r, ramar, kanaler och mycket mer.<\/p>\n<p data-start=\"534\" data-end=\"1084\">\ud83c\udfaf Exakt och noggrann &#8211; s\u00e4kerst\u00e4ller att dina sk\u00e4rningar matchar objektets profil exakt.<\/p>\n<p data-start=\"534\" data-end=\"1084\">\ud83d\ude4c L\u00e4tt f\u00f6r alla att anv\u00e4nda &#8211; Tryck bara m\u00e4taren p\u00e5 objektet s\u00e5 formar den formen direkt.<\/p>\n<p data-start=\"534\" data-end=\"1084\">\ud83d\udcaa H\u00e5llbar konstruktion &#8211; tillverkad f\u00f6r att t\u00e5la frekvent anv\u00e4ndning i professionella projekt och g\u00f6r-det-sj\u00e4lv-projekt.<\/p>\n<p data-start=\"534\" data-end=\"1084\"><img decoding=\"async\" class=\"size-full wp-image-43306 aligncenter\" src=\"https:\/\/keluvo.com\/template\/wp-content\/uploads\/sites\/5\/2025\/11\/36246e6ad842c1f08680ba57e9661bab19345397-700.avif\" alt=\"\" \/><\/p>\n<h2 style=\"text-align: center;\" data-start=\"1091\" data-end=\"1109\">\ud83d\udd27 Hur Den Anv\u00e4nds<\/h2>\n<ol data-start=\"1110\" data-end=\"1435\">\n<li data-start=\"1110\" data-end=\"1184\">\n<p data-start=\"1113\" data-end=\"1184\">Placera konturm\u00e4taren mot det objekt eller den form du vill kopiera.<\/p>\n<\/li>\n<li data-start=\"1185\" data-end=\"1242\">\n<p data-start=\"1188\" data-end=\"1242\">Tryck fast stiften ordentligt s\u00e5 att de matchar objektets profil.<\/p>\n<\/li>\n<li data-start=\"1243\" data-end=\"1315\">\n<p data-start=\"1246\" data-end=\"1315\">Ta f\u00f6rsiktigt bort m\u00e4taren samtidigt som formen h\u00e5lls l\u00e5st p\u00e5 plats.<\/p>\n<\/li>\n<li data-start=\"1316\" data-end=\"1384\">\n<p data-start=\"1319\" data-end=\"1384\">\u00d6verf\u00f6r konturen till kakel, tr\u00e4, laminat eller material.<\/p>\n<\/li>\n<li data-start=\"1385\" data-end=\"1435\">\n<p data-start=\"1388\" data-end=\"1435\">Sk\u00e4r l\u00e4ngs den sp\u00e5rade formen f\u00f6r perfekt passform.<\/p>\n<\/li>\n<\/ol>\n<h2 style=\"text-align: center;\" data-start=\"1442\" data-end=\"1465\">\ud83d\udccf Produktdetaljer<\/h2>\n<ul data-start=\"1466\" data-end=\"1766\">\n<li data-start=\"1498\" data-end=\"1549\">\n<p data-start=\"1500\" data-end=\"1549\">Syfte: Formduplicering f\u00f6r exakt sk\u00e4rning<\/p>\n<\/li>\n<li data-start=\"1550\" data-end=\"1653\">\n<p data-start=\"1552\" data-end=\"1653\">L\u00e4mplig f\u00f6r: Kakel, laminat, matta, r\u00f6rmontering, tr\u00e4bearbetning, karosseri, metallarbete, DIY-projekt<\/p>\n<\/li>\n<li data-start=\"1654\" data-end=\"1701\">\n<p data-start=\"1656\" data-end=\"1701\">Material: H\u00f6gkvalitativ h\u00e5llbar konstruktion<\/p>\n<\/li>\n<li data-start=\"1702\" data-end=\"1766\">\n<p data-start=\"1704\" data-end=\"1766\">Funktioner: Exakt m\u00e4tning, multifunktionell, enkel att anv\u00e4nda<\/p>\n<\/li>\n<li data-start=\"1702\" data-end=\"1766\">Storlekar: 12,7 cm, 25,5 cm<\/li>\n<\/ul>\n<h2 style=\"text-align: center;\" data-start=\"1773\" data-end=\"1797\">\ud83d\udce6 F\u00f6rpackningen inneh\u00e5ller<\/h2>\n<ul data-start=\"1798\" data-end=\"1819\">\n<li data-start=\"1798\" data-end=\"1819\">\n<p data-start=\"1800\" data-end=\"1819\">1x konturm\u00e4tare.<\/p>\n<\/li>\n<\/ul>\n","protected":false},"excerpt":{"rendered":"<p>F\u00e5 perfekta m\u00e5tt \u00e5ven f\u00f6r de mest komplexa formerna. \ud83d\udccf Den h\u00e4r konturm\u00e4taren \u00e4r utformad f\u00f6r att hj\u00e4lpa dig att [&hellip;]<\/p>\n","protected":false},"featured_media":52211,"comment_status":"open","ping_status":"closed","template":"","meta":{"site-sidebar-layout":"default","site-content-layout":"","ast-site-content-layout":"default","site-content-style":"default","site-sidebar-style":"default","ast-global-header-display":"","ast-banner-title-visibility":"","ast-main-header-display":"","ast-hfb-above-header-display":"","ast-hfb-below-header-display":"","ast-hfb-mobile-header-display":"","site-post-title":"","ast-breadcrumbs-content":"","ast-featured-img":"","footer-sml-layout":"","theme-transparent-header-meta":"default","adv-header-id-meta":"","stick-header-meta":"","header-above-stick-meta":"","header-main-stick-meta":"","header-below-stick-meta":"","astra-migrate-meta-layouts":"set","ast-page-background-enabled":"default","ast-page-background-meta":{"desktop":{"background-color":"var(--ast-global-color-4)","background-image":"","background-repeat":"repeat","background-position":"center center","background-size":"auto","background-attachment":"scroll","background-type":"","background-media":"","overlay-type":"","overlay-color":"","overlay-opacity":"","overlay-gradient":""},"tablet":{"background-color":"","background-image":"","background-repeat":"repeat","background-position":"center center","background-size":"auto","background-attachment":"scroll","background-type":"","background-media":"","overlay-type":"","overlay-color":"","overlay-opacity":"","overlay-gradient":""},"mobile":{"background-color":"","background-image":"","background-repeat":"repeat","background-position":"center center","background-size":"auto","background-attachment":"scroll","background-type":"","background-media":"","overlay-type":"","overlay-color":"","overlay-opacity":"","overlay-gradient":""}},"ast-content-background-meta":{"desktop":{"background-color":"var(--ast-global-color-5)","background-image":"","background-repeat":"repeat","background-position":"center center","background-size":"auto","background-attachment":"scroll","background-type":"","background-media":"","overlay-type":"","overlay-color":"","overlay-opacity":"","overlay-gradient":""},"tablet":{"background-color":"var(--ast-global-color-5)","background-image":"","background-repeat":"repeat","background-position":"center center","background-size":"auto","background-attachment":"scroll","background-type":"","background-media":"","overlay-type":"","overlay-color":"","overlay-opacity":"","overlay-gradient":""},"mobile":{"background-color":"var(--ast-global-color-5)","background-image":"","background-repeat":"repeat","background-position":"center center","background-size":"auto","background-attachment":"scroll","background-type":"","background-media":"","overlay-type":"","overlay-color":"","overlay-opacity":"","overlay-gradient":""}}},"product_brand":[],"product_cat":[996],"product_tag":[],"class_list":{"0":"post-52215","1":"product","2":"type-product","3":"status-publish","4":"has-post-thumbnail","6":"product_cat-tools","7":"pa_54182_co96wcug-127-cm","8":"pa_54182_co96wcug-255-cm","9":"pa_54182_el41diqx-bla","10":"pa_54182_el41diqx-gron","11":"pa_54182_el41diqx-rod","12":"desktop-align-left","13":"tablet-align-left","14":"mobile-align-left","16":"first","17":"instock","18":"shipping-taxable","19":"purchasable","20":"product-type-variable","21":"has-default-attributes"},"_links":{"self":[{"href":"https:\/\/keluvo.com\/se\/wp-json\/wp\/v2\/product\/52215","targetHints":{"allow":["GET"]}}],"collection":[{"href":"https:\/\/keluvo.com\/se\/wp-json\/wp\/v2\/product"}],"about":[{"href":"https:\/\/keluvo.com\/se\/wp-json\/wp\/v2\/types\/product"}],"replies":[{"embeddable":true,"href":"https:\/\/keluvo.com\/se\/wp-json\/wp\/v2\/comments?post=52215"}],"wp:featuredmedia":[{"embeddable":true,"href":"https:\/\/keluvo.com\/se\/wp-json\/wp\/v2\/media\/52211"}],"wp:attachment":[{"href":"https:\/\/keluvo.com\/se\/wp-json\/wp\/v2\/media?parent=52215"}],"wp:term":[{"taxonomy":"product_brand","embeddable":true,"href":"https:\/\/keluvo.com\/se\/wp-json\/wp\/v2\/product_brand?post=52215"},{"taxonomy":"product_cat","embeddable":true,"href":"https:\/\/keluvo.com\/se\/wp-json\/wp\/v2\/product_cat?post=52215"},{"taxonomy":"product_tag","embeddable":true,"href":"https:\/\/keluvo.com\/se\/wp-json\/wp\/v2\/product_tag?post=52215"}],"curies":[{"name":"wp","href":"https:\/\/api.w.org\/{rel}","templated":true}]}}