{"id":52198,"date":"2025-12-01T19:53:58","date_gmt":"2025-12-01T17:53:58","guid":{"rendered":"https:\/\/keluvo.com\/se\/product\/skivare-for-koppar\/"},"modified":"2025-12-08T12:11:44","modified_gmt":"2025-12-08T10:11:44","slug":"skivare-for-koppar","status":"publish","type":"product","link":"https:\/\/keluvo.com\/se\/product\/skivare-for-koppar\/","title":{"rendered":"Skivare f\u00f6r koppar"},"content":{"rendered":"<p style=\"text-align: center;\" data-start=\"0\" data-end=\"58\"><strong>Skiva frukt och gr\u00f6nsaker p\u00e5 n\u00e5gra sekunder utan anstr\u00e4ngning. \ud83c\udf4e<\/strong><\/p>\n<p style=\"text-align: center;\" data-start=\"60\" data-end=\"291\">Den h\u00e4r koppskivaren g\u00f6r matberedningen snabbare, enklare och mycket roligare. Dess vassa blad i rostfritt st\u00e5l sk\u00e4r frukt och gr\u00f6nsaker i j\u00e4mna skivor i en snabb tryckning &#8211; perfekt f\u00f6r matlagning, mellanm\u00e5l, bakning eller dekorering av r\u00e4tter.<\/p>\n<p data-start=\"60\" data-end=\"291\"><img fetchpriority=\"high\" decoding=\"async\" class=\"size-full wp-image-43293 aligncenter\" src=\"https:\/\/keluvo.com\/template\/wp-content\/uploads\/sites\/5\/2025\/11\/102213-ezgif.com-video-to-webp-converter-2-1.webp\" alt=\"\" width=\"500\" height=\"500\" \/><\/p>\n<h2 style=\"text-align: center;\" data-start=\"298\" data-end=\"318\"><strong>Huvudf\u00f6rdelar<\/strong><\/h2>\n<p data-start=\"319\" data-end=\"926\">\ud83c\udf4e Snabb &amp; j\u00e4mn skivning &#8211; Vassa blad i rostfritt st\u00e5l skapar rena, enhetliga skivor varje g\u00e5ng.<\/p>\n<p data-start=\"319\" data-end=\"926\">\u23f1\ufe0f Sparar tid och anstr\u00e4ngning &#8211; Utformad f\u00f6r snabb matlagning hemma eller i ett restaurangk\u00f6k.<\/p>\n<p data-start=\"319\" data-end=\"926\">\ud83e\udd5d Fungerar p\u00e5 m\u00e5nga livsmedel &#8211; Perfekt f\u00f6r \u00e4pplen, jordgubbar, bananer, svamp, mango, ananas, \u00e4gg och mycket mer.<\/p>\n<p data-start=\"319\" data-end=\"926\">\ud83d\udc4c L\u00e4tt att anv\u00e4nda &#8211; Placera bara maten inuti och tryck; ingen skicklighet beh\u00f6vs.<\/p>\n<p data-start=\"319\" data-end=\"926\">\ud83d\udcaa H\u00e5llbar konstruktion &#8211; Tillverkad av stark ABS-plast och rostfritt st\u00e5l f\u00f6r l\u00e5ngvarig daglig anv\u00e4ndning.<\/p>\n<p data-start=\"319\" data-end=\"926\">\ud83c\udf81 Bra presentid\u00e9 &#8211; En praktisk k\u00f6kspresent till alla som \u00e4lskar att laga mat eller f\u00f6rbereda f\u00e4rska snacks.<\/p>\n<p data-start=\"319\" data-end=\"926\"><img decoding=\"async\" class=\"size-full wp-image-43294 aligncenter\" src=\"https:\/\/keluvo.com\/template\/wp-content\/uploads\/sites\/5\/2025\/11\/759d1e23c4174c1055f006e0010da47436fe6596-700.avif\" alt=\"\" \/><\/p>\n<h2 style=\"text-align: center;\" data-start=\"933\" data-end=\"951\"><strong>Hur Man Anv\u00e4nder<\/strong><\/h2>\n<ol data-start=\"952\" data-end=\"1157\">\n<li data-start=\"952\" data-end=\"1009\">\n<p data-start=\"955\" data-end=\"1009\">Placera din frukt eller gr\u00f6nsak i koppskivaren.<\/p>\n<\/li>\n<li data-start=\"1010\" data-end=\"1060\">\n<p data-start=\"1013\" data-end=\"1060\">Tryck ner ordentligt f\u00f6r att sk\u00e4ra den i j\u00e4mna skivor.<\/p>\n<\/li>\n<li data-start=\"1061\" data-end=\"1122\">\n<p data-start=\"1064\" data-end=\"1122\">Lyft skivaren och ta bort dina perfekt skivade bitar.<\/p>\n<\/li>\n<li data-start=\"1123\" data-end=\"1157\">\n<p data-start=\"1126\" data-end=\"1157\">Sk\u00f6lj och torka efter varje anv\u00e4ndning.<\/p>\n<\/li>\n<\/ol>\n<h2 style=\"text-align: center;\" data-start=\"1164\" data-end=\"1187\"><strong>Produktdetaljer<\/strong><\/h2>\n<ul data-start=\"1188\" data-end=\"1438\">\n<li data-start=\"1217\" data-end=\"1256\">\n<p data-start=\"1219\" data-end=\"1256\">Material: ABS + rostfritt st\u00e5l<\/p>\n<\/li>\n<li data-start=\"1257\" data-end=\"1299\">\n<p data-start=\"1259\" data-end=\"1299\">Storlek: 10,6 x 7,6 cm<\/p>\n<\/li>\n<li data-start=\"1300\" data-end=\"1363\">\n<p data-start=\"1302\" data-end=\"1363\">Funktioner: Skivar frukt och gr\u00f6nsaker snabbt och j\u00e4mnt<\/p>\n<\/li>\n<li data-start=\"1364\" data-end=\"1438\">\n<p data-start=\"1366\" data-end=\"1438\">L\u00e4mplig f\u00f6r: \u00c4pplen, jordgubbar, bananer, svamp, \u00e4gg med mera<\/p>\n<\/li>\n<\/ul>\n<h2 style=\"text-align: center;\" data-start=\"1445\" data-end=\"1469\"><strong>Paketet inneh\u00e5ller<\/strong><\/h2>\n<ul data-start=\"1470\" data-end=\"1494\">\n<li data-start=\"1470\" data-end=\"1494\">\n<p data-start=\"1472\" data-end=\"1494\">1, 2x koppskivare.<\/p>\n<\/li>\n<\/ul>\n","protected":false},"excerpt":{"rendered":"<p>Skiva frukt och gr\u00f6nsaker p\u00e5 n\u00e5gra sekunder utan anstr\u00e4ngning. \ud83c\udf4e Den h\u00e4r koppskivaren g\u00f6r matberedningen snabbare, enklare och mycket roligare. [&hellip;]<\/p>\n","protected":false},"featured_media":52194,"comment_status":"open","ping_status":"closed","template":"","meta":{"site-sidebar-layout":"default","site-content-layout":"","ast-site-content-layout":"default","site-content-style":"default","site-sidebar-style":"default","ast-global-header-display":"","ast-banner-title-visibility":"","ast-main-header-display":"","ast-hfb-above-header-display":"","ast-hfb-below-header-display":"","ast-hfb-mobile-header-display":"","site-post-title":"","ast-breadcrumbs-content":"","ast-featured-img":"","footer-sml-layout":"","theme-transparent-header-meta":"default","adv-header-id-meta":"","stick-header-meta":"","header-above-stick-meta":"","header-main-stick-meta":"","header-below-stick-meta":"","astra-migrate-meta-layouts":"set","ast-page-background-enabled":"default","ast-page-background-meta":{"desktop":{"background-color":"var(--ast-global-color-4)","background-image":"","background-repeat":"repeat","background-position":"center center","background-size":"auto","background-attachment":"scroll","background-type":"","background-media":"","overlay-type":"","overlay-color":"","overlay-opacity":"","overlay-gradient":""},"tablet":{"background-color":"","background-image":"","background-repeat":"repeat","background-position":"center center","background-size":"auto","background-attachment":"scroll","background-type":"","background-media":"","overlay-type":"","overlay-color":"","overlay-opacity":"","overlay-gradient":""},"mobile":{"background-color":"","background-image":"","background-repeat":"repeat","background-position":"center center","background-size":"auto","background-attachment":"scroll","background-type":"","background-media":"","overlay-type":"","overlay-color":"","overlay-opacity":"","overlay-gradient":""}},"ast-content-background-meta":{"desktop":{"background-color":"var(--ast-global-color-5)","background-image":"","background-repeat":"repeat","background-position":"center center","background-size":"auto","background-attachment":"scroll","background-type":"","background-media":"","overlay-type":"","overlay-color":"","overlay-opacity":"","overlay-gradient":""},"tablet":{"background-color":"var(--ast-global-color-5)","background-image":"","background-repeat":"repeat","background-position":"center center","background-size":"auto","background-attachment":"scroll","background-type":"","background-media":"","overlay-type":"","overlay-color":"","overlay-opacity":"","overlay-gradient":""},"mobile":{"background-color":"var(--ast-global-color-5)","background-image":"","background-repeat":"repeat","background-position":"center center","background-size":"auto","background-attachment":"scroll","background-type":"","background-media":"","overlay-type":"","overlay-color":"","overlay-opacity":"","overlay-gradient":""}}},"product_brand":[],"product_cat":[1001],"product_tag":[],"class_list":{"0":"post-52198","1":"product","2":"type-product","3":"status-publish","4":"has-post-thumbnail","6":"product_cat-household-goods","7":"pa_54177_pvm1lond-1-st","8":"pa_54177_pvm1lond-2-st","9":"desktop-align-left","10":"tablet-align-left","11":"mobile-align-left","13":"first","14":"instock","15":"shipping-taxable","16":"purchasable","17":"product-type-variable"},"_links":{"self":[{"href":"https:\/\/keluvo.com\/se\/wp-json\/wp\/v2\/product\/52198","targetHints":{"allow":["GET"]}}],"collection":[{"href":"https:\/\/keluvo.com\/se\/wp-json\/wp\/v2\/product"}],"about":[{"href":"https:\/\/keluvo.com\/se\/wp-json\/wp\/v2\/types\/product"}],"replies":[{"embeddable":true,"href":"https:\/\/keluvo.com\/se\/wp-json\/wp\/v2\/comments?post=52198"}],"wp:featuredmedia":[{"embeddable":true,"href":"https:\/\/keluvo.com\/se\/wp-json\/wp\/v2\/media\/52194"}],"wp:attachment":[{"href":"https:\/\/keluvo.com\/se\/wp-json\/wp\/v2\/media?parent=52198"}],"wp:term":[{"taxonomy":"product_brand","embeddable":true,"href":"https:\/\/keluvo.com\/se\/wp-json\/wp\/v2\/product_brand?post=52198"},{"taxonomy":"product_cat","embeddable":true,"href":"https:\/\/keluvo.com\/se\/wp-json\/wp\/v2\/product_cat?post=52198"},{"taxonomy":"product_tag","embeddable":true,"href":"https:\/\/keluvo.com\/se\/wp-json\/wp\/v2\/product_tag?post=52198"}],"curies":[{"name":"wp","href":"https:\/\/api.w.org\/{rel}","templated":true}]}}