{"id":5206,"date":"2025-01-09T16:54:35","date_gmt":"2025-01-09T14:54:35","guid":{"rendered":"https:\/\/keluvo.com\/se\/product\/elektrisk-handblandare\/"},"modified":"2025-01-09T16:54:48","modified_gmt":"2025-01-09T14:54:48","slug":"elektrisk-handblandare","status":"publish","type":"product","link":"https:\/\/keluvo.com\/se\/product\/elektrisk-handblandare\/","title":{"rendered":"Elektrisk handblandare"},"content":{"rendered":"<h2 style=\"text-align: center\"><strong>Kraftfull och effektiv blandning<\/strong><\/h2>\n<p style=\"text-align: center\">Den elektriska handblandaren erbjuder ett snabbt och effektivt s\u00e4tt att hantera dina bak- och matlagningsuppgifter. Utrustad med en kraftfull motor kan den enkelt vispa gr\u00e4dde, vispa \u00e4gg eller blanda kaksmet. Perfekt f\u00f6r att uppn\u00e5 j\u00e4mna och konsekventa resultat varje g\u00e5ng.<\/p>\n<p style=\"text-align: center\"><img decoding=\"async\" class=\"alignnone size-medium wp-image-5590\" src=\"https:\/\/keluvo.com\/template\/wp-content\/uploads\/sites\/5\/2024\/12\/S4062751db00840c3b3409a95bc4fd660M.jpeg\" alt=\"\" \/><\/p>\n<p><img decoding=\"async\" class=\"alignnone size-medium wp-image-5584 aligncenter\" src=\"https:\/\/keluvo.com\/template\/wp-content\/uploads\/sites\/5\/2024\/12\/S1d0c363a1eb5418daec24d604d202245E-.jpeg\" alt=\"\" \/><\/p>\n<h2 style=\"text-align: center\"><strong>L\u00e4tt och enkel att anv\u00e4nda<\/strong><\/h2>\n<p style=\"text-align: center\">Den h\u00e4r handh\u00e5llna mixern \u00e4r utformad med en l\u00e4tt kropp och ett ergonomiskt handtag, vilket g\u00f6r den bekv\u00e4m att anv\u00e4nda under l\u00e4ngre perioder. De enkla kontrollerna g\u00f6r den l\u00e4tt att anv\u00e4nda, s\u00e5 att du kan v\u00e4xla mellan olika uppgifter utan problem. Den kompakta storleken g\u00f6r den bekv\u00e4m att f\u00f6rvara n\u00e4r den inte anv\u00e4nds.<\/p>\n<p>&nbsp;<\/p>\n<p><img decoding=\"async\" class=\"alignnone size-medium wp-image-5586 aligncenter\" src=\"https:\/\/keluvo.com\/template\/wp-content\/uploads\/sites\/5\/2024\/12\/S29096851f28e45b584d95c3185ffd732C.jpg_960x960q75.jpg_.jpeg\" alt=\"\" \/><\/p>\n","protected":false},"excerpt":{"rendered":"<p>Kraftfull och effektiv blandning Den elektriska handblandaren erbjuder ett snabbt och effektivt s\u00e4tt att hantera dina bak- och matlagningsuppgifter. Utrustad [&hellip;]<\/p>\n","protected":false},"featured_media":5202,"comment_status":"open","ping_status":"closed","template":"","meta":{"site-sidebar-layout":"default","site-content-layout":"","ast-site-content-layout":"default","site-content-style":"default","site-sidebar-style":"default","ast-global-header-display":"","ast-banner-title-visibility":"","ast-main-header-display":"","ast-hfb-above-header-display":"","ast-hfb-below-header-display":"","ast-hfb-mobile-header-display":"","site-post-title":"","ast-breadcrumbs-content":"","ast-featured-img":"","footer-sml-layout":"","theme-transparent-header-meta":"default","adv-header-id-meta":"","stick-header-meta":"","header-above-stick-meta":"","header-main-stick-meta":"","header-below-stick-meta":"","astra-migrate-meta-layouts":"set","ast-page-background-enabled":"default","ast-page-background-meta":{"desktop":{"background-color":"var(--ast-global-color-4)","background-image":"","background-repeat":"repeat","background-position":"center center","background-size":"auto","background-attachment":"scroll","background-type":"","background-media":"","overlay-type":"","overlay-color":"","overlay-opacity":"","overlay-gradient":""},"tablet":{"background-color":"","background-image":"","background-repeat":"repeat","background-position":"center center","background-size":"auto","background-attachment":"scroll","background-type":"","background-media":"","overlay-type":"","overlay-color":"","overlay-opacity":"","overlay-gradient":""},"mobile":{"background-color":"","background-image":"","background-repeat":"repeat","background-position":"center center","background-size":"auto","background-attachment":"scroll","background-type":"","background-media":"","overlay-type":"","overlay-color":"","overlay-opacity":"","overlay-gradient":""}},"ast-content-background-meta":{"desktop":{"background-color":"var(--ast-global-color-5)","background-image":"","background-repeat":"repeat","background-position":"center center","background-size":"auto","background-attachment":"scroll","background-type":"","background-media":"","overlay-type":"","overlay-color":"","overlay-opacity":"","overlay-gradient":""},"tablet":{"background-color":"var(--ast-global-color-5)","background-image":"","background-repeat":"repeat","background-position":"center center","background-size":"auto","background-attachment":"scroll","background-type":"","background-media":"","overlay-type":"","overlay-color":"","overlay-opacity":"","overlay-gradient":""},"mobile":{"background-color":"var(--ast-global-color-5)","background-image":"","background-repeat":"repeat","background-position":"center center","background-size":"auto","background-attachment":"scroll","background-type":"","background-media":"","overlay-type":"","overlay-color":"","overlay-opacity":"","overlay-gradient":""}}},"product_brand":[],"product_cat":[1001],"product_tag":[],"class_list":{"0":"post-5206","1":"product","2":"type-product","3":"status-publish","4":"has-post-thumbnail","6":"product_cat-household-goods","7":"pa_l37jupb9-rosa","8":"pa_l37jupb9-svart","9":"pa_l37jupb9-vit","10":"desktop-align-left","11":"tablet-align-left","12":"mobile-align-left","14":"first","15":"instock","16":"shipping-taxable","17":"purchasable","18":"product-type-variable"},"_links":{"self":[{"href":"https:\/\/keluvo.com\/se\/wp-json\/wp\/v2\/product\/5206","targetHints":{"allow":["GET"]}}],"collection":[{"href":"https:\/\/keluvo.com\/se\/wp-json\/wp\/v2\/product"}],"about":[{"href":"https:\/\/keluvo.com\/se\/wp-json\/wp\/v2\/types\/product"}],"replies":[{"embeddable":true,"href":"https:\/\/keluvo.com\/se\/wp-json\/wp\/v2\/comments?post=5206"}],"wp:featuredmedia":[{"embeddable":true,"href":"https:\/\/keluvo.com\/se\/wp-json\/wp\/v2\/media\/5202"}],"wp:attachment":[{"href":"https:\/\/keluvo.com\/se\/wp-json\/wp\/v2\/media?parent=5206"}],"wp:term":[{"taxonomy":"product_brand","embeddable":true,"href":"https:\/\/keluvo.com\/se\/wp-json\/wp\/v2\/product_brand?post=5206"},{"taxonomy":"product_cat","embeddable":true,"href":"https:\/\/keluvo.com\/se\/wp-json\/wp\/v2\/product_cat?post=5206"},{"taxonomy":"product_tag","embeddable":true,"href":"https:\/\/keluvo.com\/se\/wp-json\/wp\/v2\/product_tag?post=5206"}],"curies":[{"name":"wp","href":"https:\/\/api.w.org\/{rel}","templated":true}]}}