{"id":5199,"date":"2025-01-09T16:53:07","date_gmt":"2025-01-09T14:53:07","guid":{"rendered":"https:\/\/keluvo.com\/se\/product\/polermedel-for-plastaterstallning\/"},"modified":"2025-04-16T11:00:10","modified_gmt":"2025-04-16T09:00:10","slug":"polermedel-for-plastaterstallning-1","status":"publish","type":"product","link":"https:\/\/keluvo.com\/se\/product\/polermedel-for-plastaterstallning-1\/","title":{"rendered":"Polermedel f\u00f6r plast\u00e5terst\u00e4llning"},"content":{"rendered":"<h2 style=\"text-align: center;\"><strong>\u00c5terst\u00e4ller plast till som ny<\/strong><\/h2>\n<p style=\"text-align: center;\">Polishen Plastic Restorer \u00e4r utformad f\u00f6r att ge blekt bilplast nytt liv. Den \u00e5terst\u00e4ller den ursprungliga djupa svarta glansen, vilket g\u00f6r att ytorna ser fr\u00e4scha och rena ut igen. Perfekt f\u00f6r st\u00f6tf\u00e5ngare, lister och andra exteri\u00f6ra delar.<\/p>\n<p><img decoding=\"async\" class=\"alignnone size-medium wp-image-5126 aligncenter\" src=\"https:\/\/keluvo.com\/template\/wp-content\/uploads\/sites\/5\/2024\/12\/S6176fa66d9384067b7158678f0ce44beu.jpeg\" alt=\"\" \/><\/p>\n<h2 style=\"text-align: center;\"><strong>L\u00e5ngvarigt skydd<\/strong><\/h2>\n<p style=\"text-align: center;\">Den h\u00e4r produkten polerar inte bara utan skyddar ocks\u00e5. Den skapar en h\u00e5llbar bel\u00e4ggning som skyddar plastytor fr\u00e5n blekning, sprickbildning och UV-skador. L\u00e5t din bil se bra ut l\u00e4ngre.<\/p>\n<p><img decoding=\"async\" class=\"size-medium wp-image-5131 aligncenter\" src=\"https:\/\/keluvo.com\/template\/wp-content\/uploads\/sites\/5\/2024\/12\/Sb437c8c7408441d78340be2f3b3a8084U.jpeg\" alt=\"\" \/><\/p>\n","protected":false},"excerpt":{"rendered":"<p>\u00c5terst\u00e4ller plast till som ny Polishen Plastic Restorer \u00e4r utformad f\u00f6r att ge blekt bilplast nytt liv. Den \u00e5terst\u00e4ller den [&hellip;]<\/p>\n","protected":false},"featured_media":5195,"comment_status":"open","ping_status":"closed","template":"","meta":{"site-sidebar-layout":"default","site-content-layout":"","ast-site-content-layout":"default","site-content-style":"default","site-sidebar-style":"default","ast-global-header-display":"","ast-banner-title-visibility":"","ast-main-header-display":"","ast-hfb-above-header-display":"","ast-hfb-below-header-display":"","ast-hfb-mobile-header-display":"","site-post-title":"","ast-breadcrumbs-content":"","ast-featured-img":"","footer-sml-layout":"","theme-transparent-header-meta":"default","adv-header-id-meta":"","stick-header-meta":"","header-above-stick-meta":"","header-main-stick-meta":"","header-below-stick-meta":"","astra-migrate-meta-layouts":"set","ast-page-background-enabled":"default","ast-page-background-meta":{"desktop":{"background-color":"var(--ast-global-color-4)","background-image":"","background-repeat":"repeat","background-position":"center center","background-size":"auto","background-attachment":"scroll","background-type":"","background-media":"","overlay-type":"","overlay-color":"","overlay-opacity":"","overlay-gradient":""},"tablet":{"background-color":"","background-image":"","background-repeat":"repeat","background-position":"center center","background-size":"auto","background-attachment":"scroll","background-type":"","background-media":"","overlay-type":"","overlay-color":"","overlay-opacity":"","overlay-gradient":""},"mobile":{"background-color":"","background-image":"","background-repeat":"repeat","background-position":"center center","background-size":"auto","background-attachment":"scroll","background-type":"","background-media":"","overlay-type":"","overlay-color":"","overlay-opacity":"","overlay-gradient":""}},"ast-content-background-meta":{"desktop":{"background-color":"var(--ast-global-color-5)","background-image":"","background-repeat":"repeat","background-position":"center center","background-size":"auto","background-attachment":"scroll","background-type":"","background-media":"","overlay-type":"","overlay-color":"","overlay-opacity":"","overlay-gradient":""},"tablet":{"background-color":"var(--ast-global-color-5)","background-image":"","background-repeat":"repeat","background-position":"center center","background-size":"auto","background-attachment":"scroll","background-type":"","background-media":"","overlay-type":"","overlay-color":"","overlay-opacity":"","overlay-gradient":""},"mobile":{"background-color":"var(--ast-global-color-5)","background-image":"","background-repeat":"repeat","background-position":"center center","background-size":"auto","background-attachment":"scroll","background-type":"","background-media":"","overlay-type":"","overlay-color":"","overlay-opacity":"","overlay-gradient":""}}},"product_brand":[],"product_cat":[998],"product_tag":[],"class_list":{"0":"post-5199","1":"product","2":"type-product","3":"status-publish","4":"has-post-thumbnail","6":"product_cat-automotive-products","7":"desktop-align-left","8":"tablet-align-left","9":"mobile-align-left","11":"first","12":"instock","13":"shipping-taxable","14":"purchasable","15":"product-type-simple"},"_links":{"self":[{"href":"https:\/\/keluvo.com\/se\/wp-json\/wp\/v2\/product\/5199","targetHints":{"allow":["GET"]}}],"collection":[{"href":"https:\/\/keluvo.com\/se\/wp-json\/wp\/v2\/product"}],"about":[{"href":"https:\/\/keluvo.com\/se\/wp-json\/wp\/v2\/types\/product"}],"replies":[{"embeddable":true,"href":"https:\/\/keluvo.com\/se\/wp-json\/wp\/v2\/comments?post=5199"}],"wp:featuredmedia":[{"embeddable":true,"href":"https:\/\/keluvo.com\/se\/wp-json\/wp\/v2\/media\/5195"}],"wp:attachment":[{"href":"https:\/\/keluvo.com\/se\/wp-json\/wp\/v2\/media?parent=5199"}],"wp:term":[{"taxonomy":"product_brand","embeddable":true,"href":"https:\/\/keluvo.com\/se\/wp-json\/wp\/v2\/product_brand?post=5199"},{"taxonomy":"product_cat","embeddable":true,"href":"https:\/\/keluvo.com\/se\/wp-json\/wp\/v2\/product_cat?post=5199"},{"taxonomy":"product_tag","embeddable":true,"href":"https:\/\/keluvo.com\/se\/wp-json\/wp\/v2\/product_tag?post=5199"}],"curies":[{"name":"wp","href":"https:\/\/api.w.org\/{rel}","templated":true}]}}