{"id":51863,"date":"2025-12-01T19:33:28","date_gmt":"2025-12-01T17:33:28","guid":{"rendered":"https:\/\/keluvo.com\/se\/product\/hangande-dorrorganisator-2-st\/"},"modified":"2025-12-01T19:33:34","modified_gmt":"2025-12-01T17:33:34","slug":"hangande-dorrorganisator-2-st","status":"publish","type":"product","link":"https:\/\/keluvo.com\/se\/product\/hangande-dorrorganisator-2-st\/","title":{"rendered":"H\u00e4ngande d\u00f6rrorganisat\u00f6r (2 st)"},"content":{"rendered":"<p style=\"text-align: center\" data-start=\"0\" data-end=\"87\"><strong>L\u00e4gg till omedelbar extra f\u00f6rvaring i alla rum med denna platsbesparande h\u00e4ngande d\u00f6rrorganisator. \ud83e\uddfa<\/strong><\/p>\n<p style=\"text-align: center\" data-start=\"89\" data-end=\"369\">Den h\u00e4r h\u00e4ngande d\u00f6rrorganisatorn hj\u00e4lper dig att h\u00e5lla ditt hem snyggt genom att ge dig extra f\u00f6rvaring p\u00e5 baksidan av alla standardd\u00f6rrar. Med 5 stora fickor, 10 sidofickor i n\u00e4t och starka lastb\u00e4rande krokar kan du lagra mer samtidigt som allt h\u00e5lls snyggt, synligt och l\u00e4tt att n\u00e5.<\/p>\n<p data-start=\"89\" data-end=\"369\"><img fetchpriority=\"high\" decoding=\"async\" class=\"size-full wp-image-43077 aligncenter\" src=\"https:\/\/keluvo.com\/template\/wp-content\/uploads\/sites\/5\/2025\/11\/10224-ezgif.com-video-to-webp-converter-3-2.webp\" alt=\"\" width=\"500\" height=\"281\" \/><\/p>\n<h2 style=\"text-align: center\" data-start=\"376\" data-end=\"396\"><strong>Huvudf\u00f6rdelar<\/strong><\/h2>\n<p data-start=\"397\" data-end=\"1047\">\ud83e\uddfa Maximerar utrymmet &#8211; F\u00f6rvandlar oanv\u00e4nt d\u00f6rrutrymme till v\u00e4rdefull f\u00f6rvaring f\u00f6r kl\u00e4der, leksaker, snacks, toalettartiklar, verktyg och mer.<\/p>\n<p data-start=\"397\" data-end=\"1047\">\ud83d\udd0d Design med tydliga f\u00f6nster &#8211; Se snabbt vad som finns i varje ficka utan att gr\u00e4va eller leta.<\/p>\n<p data-start=\"397\" data-end=\"1047\">\ud83d\udce6 Stor kapacitet &#8211; 5 stora fickor rymmer skrymmande f\u00f6rem\u00e5l, medan 10 n\u00e4tfickor h\u00e5ller sm\u00e5 f\u00f6rem\u00e5l organiserade.<\/p>\n<p data-start=\"397\" data-end=\"1047\">\ud83d\udcaa Stark och h\u00e5llbar &#8211; Tjockt non-woven tyg, f\u00f6rst\u00e4rkta s\u00f6mmar och en robust bas h\u00e5ller upp till 4-5 kg s\u00e4kert.<\/p>\n<p data-start=\"397\" data-end=\"1047\">\ud83d\udeaa L\u00e4tt att installera &#8211; Metallkrokar passar \u00f6ver de flesta standardd\u00f6rrar utan verktyg, borrning eller skador.<\/p>\n<p data-start=\"397\" data-end=\"1047\">\ud83c\udfe0 Vikbar och b\u00e4rbar &#8211; L\u00e4tt att flytta mellan rum och enkel att f\u00f6rvara n\u00e4r den inte anv\u00e4nds.<\/p>\n<p data-start=\"397\" data-end=\"1047\"><img decoding=\"async\" class=\" wp-image-43076 aligncenter\" src=\"https:\/\/keluvo.com\/template\/wp-content\/uploads\/sites\/5\/2025\/11\/33d736ed770da4e2fbf4f6ab4c15957ae282c341.webp\" alt=\"\" width=\"470\" height=\"705\" \/><\/p>\n<h2 style=\"text-align: center\" data-start=\"1054\" data-end=\"1072\"><strong>Hur man anv\u00e4nder<\/strong><\/h2>\n<ol data-start=\"1073\" data-end=\"1365\">\n<li data-start=\"1073\" data-end=\"1110\">\n<p data-start=\"1076\" data-end=\"1110\">Vik upp arrang\u00f6ren helt.<\/p>\n<\/li>\n<li data-start=\"1111\" data-end=\"1164\">\n<p data-start=\"1114\" data-end=\"1164\">Placera metallkrokarna \u00f6ver toppen av d\u00f6rren.<\/p>\n<\/li>\n<li data-start=\"1165\" data-end=\"1204\">\n<p data-start=\"1168\" data-end=\"1204\">H\u00e4ng upp organisat\u00f6ren p\u00e5 krokarna.<\/p>\n<\/li>\n<li data-start=\"1205\" data-end=\"1299\">\n<p data-start=\"1208\" data-end=\"1299\">Fyll de stora fickorna med st\u00f6rre f\u00f6rem\u00e5l och anv\u00e4nd n\u00e4tfickorna f\u00f6r mindre n\u00f6dv\u00e4ndigheter.<\/p>\n<\/li>\n<li data-start=\"1300\" data-end=\"1365\">\n<p data-start=\"1303\" data-end=\"1365\">St\u00e4ng d\u00f6rren normalt &#8211; organisat\u00f6ren f\u00f6rblir s\u00e4ker och stabil.<\/p>\n<\/li>\n<\/ol>\n<h2 style=\"text-align: center\" data-start=\"1372\" data-end=\"1395\"><strong>Produktdetaljer<\/strong><\/h2>\n<ul data-start=\"1396\" data-end=\"1719\">\n<li data-start=\"1437\" data-end=\"1467\">\n<p data-start=\"1439\" data-end=\"1467\">Material: Icke-v\u00e4vt tyg<\/p>\n<\/li>\n<li data-start=\"1502\" data-end=\"1546\">\n<p data-start=\"1504\" data-end=\"1546\">M\u00e5tt: 140 x 39 x 17 cm<\/p>\n<\/li>\n<li data-start=\"1547\" data-end=\"1587\">\n<p data-start=\"1549\" data-end=\"1587\">Kapacitet: Rymmer cirka 4-5 kg<\/p>\n<\/li>\n<li data-start=\"1588\" data-end=\"1639\">\n<p data-start=\"1590\" data-end=\"1639\">Fickor: 5 stora fickor + 10 sidofickor i n\u00e4t<\/p>\n<\/li>\n<li data-start=\"1640\" data-end=\"1719\">\n<p data-start=\"1642\" data-end=\"1719\">Funktioner: Genomskinliga f\u00f6nster, kraftiga s\u00f6mmar, f\u00f6rst\u00e4rkt bas, vikbar design<\/p>\n<\/li>\n<\/ul>\n<h2 style=\"text-align: center\" data-start=\"1726\" data-end=\"1750\"><strong>Paketet inneh\u00e5ller<\/strong><\/h2>\n<ul data-start=\"1751\" data-end=\"1809\">\n<li data-start=\"1751\" data-end=\"1781\">\n<p data-start=\"1753\" data-end=\"1781\">2x h\u00e4ngande d\u00f6rrorganisatorer<\/p>\n<\/li>\n<li data-start=\"1782\" data-end=\"1809\">\n<p data-start=\"1784\" data-end=\"1809\">6x metallkrokar \u00f6ver d\u00f6rren.<\/p>\n<\/li>\n<\/ul>\n","protected":false},"excerpt":{"rendered":"<p>L\u00e4gg till omedelbar extra f\u00f6rvaring i alla rum med denna platsbesparande h\u00e4ngande d\u00f6rrorganisator. \ud83e\uddfa Den h\u00e4r h\u00e4ngande d\u00f6rrorganisatorn hj\u00e4lper dig [&hellip;]<\/p>\n","protected":false},"featured_media":51859,"comment_status":"open","ping_status":"closed","template":"","meta":{"site-sidebar-layout":"default","site-content-layout":"","ast-site-content-layout":"default","site-content-style":"default","site-sidebar-style":"default","ast-global-header-display":"","ast-banner-title-visibility":"","ast-main-header-display":"","ast-hfb-above-header-display":"","ast-hfb-below-header-display":"","ast-hfb-mobile-header-display":"","site-post-title":"","ast-breadcrumbs-content":"","ast-featured-img":"","footer-sml-layout":"","theme-transparent-header-meta":"default","adv-header-id-meta":"","stick-header-meta":"","header-above-stick-meta":"","header-main-stick-meta":"","header-below-stick-meta":"","astra-migrate-meta-layouts":"set","ast-page-background-enabled":"default","ast-page-background-meta":{"desktop":{"background-color":"var(--ast-global-color-4)","background-image":"","background-repeat":"repeat","background-position":"center center","background-size":"auto","background-attachment":"scroll","background-type":"","background-media":"","overlay-type":"","overlay-color":"","overlay-opacity":"","overlay-gradient":""},"tablet":{"background-color":"","background-image":"","background-repeat":"repeat","background-position":"center center","background-size":"auto","background-attachment":"scroll","background-type":"","background-media":"","overlay-type":"","overlay-color":"","overlay-opacity":"","overlay-gradient":""},"mobile":{"background-color":"","background-image":"","background-repeat":"repeat","background-position":"center center","background-size":"auto","background-attachment":"scroll","background-type":"","background-media":"","overlay-type":"","overlay-color":"","overlay-opacity":"","overlay-gradient":""}},"ast-content-background-meta":{"desktop":{"background-color":"var(--ast-global-color-5)","background-image":"","background-repeat":"repeat","background-position":"center center","background-size":"auto","background-attachment":"scroll","background-type":"","background-media":"","overlay-type":"","overlay-color":"","overlay-opacity":"","overlay-gradient":""},"tablet":{"background-color":"var(--ast-global-color-5)","background-image":"","background-repeat":"repeat","background-position":"center center","background-size":"auto","background-attachment":"scroll","background-type":"","background-media":"","overlay-type":"","overlay-color":"","overlay-opacity":"","overlay-gradient":""},"mobile":{"background-color":"var(--ast-global-color-5)","background-image":"","background-repeat":"repeat","background-position":"center center","background-size":"auto","background-attachment":"scroll","background-type":"","background-media":"","overlay-type":"","overlay-color":"","overlay-opacity":"","overlay-gradient":""}}},"product_brand":[],"product_cat":[1001],"product_tag":[],"class_list":{"0":"post-51863","1":"product","2":"type-product","3":"status-publish","4":"has-post-thumbnail","6":"product_cat-household-goods","7":"pa_53913_4fdd8ymk-gra","8":"pa_53913_4fdd8ymk-svart","9":"desktop-align-left","10":"tablet-align-left","11":"mobile-align-left","13":"first","14":"instock","15":"shipping-taxable","16":"purchasable","17":"product-type-variable"},"_links":{"self":[{"href":"https:\/\/keluvo.com\/se\/wp-json\/wp\/v2\/product\/51863","targetHints":{"allow":["GET"]}}],"collection":[{"href":"https:\/\/keluvo.com\/se\/wp-json\/wp\/v2\/product"}],"about":[{"href":"https:\/\/keluvo.com\/se\/wp-json\/wp\/v2\/types\/product"}],"replies":[{"embeddable":true,"href":"https:\/\/keluvo.com\/se\/wp-json\/wp\/v2\/comments?post=51863"}],"wp:featuredmedia":[{"embeddable":true,"href":"https:\/\/keluvo.com\/se\/wp-json\/wp\/v2\/media\/51859"}],"wp:attachment":[{"href":"https:\/\/keluvo.com\/se\/wp-json\/wp\/v2\/media?parent=51863"}],"wp:term":[{"taxonomy":"product_brand","embeddable":true,"href":"https:\/\/keluvo.com\/se\/wp-json\/wp\/v2\/product_brand?post=51863"},{"taxonomy":"product_cat","embeddable":true,"href":"https:\/\/keluvo.com\/se\/wp-json\/wp\/v2\/product_cat?post=51863"},{"taxonomy":"product_tag","embeddable":true,"href":"https:\/\/keluvo.com\/se\/wp-json\/wp\/v2\/product_tag?post=51863"}],"curies":[{"name":"wp","href":"https:\/\/api.w.org\/{rel}","templated":true}]}}