{"id":5185,"date":"2025-01-09T16:46:37","date_gmt":"2025-01-09T14:46:37","guid":{"rendered":"https:\/\/keluvo.com\/se\/product\/nattlampa-med-stjarnprojektor\/"},"modified":"2025-01-09T16:46:48","modified_gmt":"2025-01-09T14:46:48","slug":"nattlampa-med-stjarnprojektor","status":"publish","type":"product","link":"https:\/\/keluvo.com\/se\/product\/nattlampa-med-stjarnprojektor\/","title":{"rendered":"Nattlampa med stj\u00e4rnprojektor"},"content":{"rendered":"<h2 style=\"text-align: center\"><strong>F\u00f6rtrollande stj\u00e4rnprojektion<\/strong><\/h2>\n<p style=\"text-align: center\">Stj\u00e4rnprojektorns nattlampa skapar en fascinerande stj\u00e4rnhimmel direkt i ditt rum. N\u00e4r locket \u00e4r \u00f6ppet fyller stj\u00e4rnljuset hela utrymmet och skapar en lugnande atmosf\u00e4r. Denna vackra projektion f\u00f6rvandlar alla sovrum till en magisk plats, perfekt f\u00f6r barn att k\u00e4nna sig trygga och avslappnade p\u00e5 natten.<\/p>\n<p><img decoding=\"async\" class=\"alignnone size-medium wp-image-5561 aligncenter\" src=\"https:\/\/keluvo.com\/template\/wp-content\/uploads\/sites\/5\/2024\/12\/S63f98efe813f4bd3a7f3808363687e58l-1.jpeg\" alt=\"\" \/><\/p>\n<p><img decoding=\"async\" class=\"alignnone size-medium wp-image-5547 aligncenter\" src=\"https:\/\/keluvo.com\/template\/wp-content\/uploads\/sites\/5\/2024\/12\/S63f98efe813f4bd3a7f3808363687e58l-.jpeg\" alt=\"\" \/><\/p>\n<h2 style=\"text-align: center\"><strong>tv\u00e5 str\u00f6malternativ<\/strong><\/h2>\n<p style=\"text-align: center\">Stj\u00e4rnprojektorns nattlampa har tv\u00e5 praktiska str\u00f6malternativ. Du kan anv\u00e4nda den med en USB-sladd f\u00f6r kontinuerlig anv\u00e4ndning, eller s\u00e4tta i 4 AAA-batterier f\u00f6r att ta med den vart du vill. Denna flexibilitet g\u00f6r att den enkelt kan anv\u00e4ndas b\u00e5de hemma och p\u00e5 resande fot, och ger stj\u00e4rnhimlar var du \u00e4n beh\u00f6ver dem.<\/p>\n<p><img decoding=\"async\" class=\"alignnone size-medium wp-image-5562 aligncenter\" src=\"https:\/\/keluvo.com\/template\/wp-content\/uploads\/sites\/5\/2024\/12\/S2d22343fbd9749c3b594c1856a76da57T.jpg_960x960q75.jpg_-1.jpeg\" alt=\"\" \/><\/p>\n<p><img decoding=\"async\" class=\"alignnone size-medium wp-image-5548 aligncenter\" src=\"https:\/\/keluvo.com\/template\/wp-content\/uploads\/sites\/5\/2024\/12\/Sc2491ff3b6174d5f8db346efe53b467cd-.jpeg\" alt=\"\" \/><\/p>\n","protected":false},"excerpt":{"rendered":"<p>F\u00f6rtrollande stj\u00e4rnprojektion Stj\u00e4rnprojektorns nattlampa skapar en fascinerande stj\u00e4rnhimmel direkt i ditt rum. N\u00e4r locket \u00e4r \u00f6ppet fyller stj\u00e4rnljuset hela utrymmet [&hellip;]<\/p>\n","protected":false},"featured_media":5181,"comment_status":"open","ping_status":"closed","template":"","meta":{"site-sidebar-layout":"default","site-content-layout":"","ast-site-content-layout":"default","site-content-style":"default","site-sidebar-style":"default","ast-global-header-display":"","ast-banner-title-visibility":"","ast-main-header-display":"","ast-hfb-above-header-display":"","ast-hfb-below-header-display":"","ast-hfb-mobile-header-display":"","site-post-title":"","ast-breadcrumbs-content":"","ast-featured-img":"","footer-sml-layout":"","theme-transparent-header-meta":"default","adv-header-id-meta":"","stick-header-meta":"","header-above-stick-meta":"","header-main-stick-meta":"","header-below-stick-meta":"","astra-migrate-meta-layouts":"set","ast-page-background-enabled":"default","ast-page-background-meta":{"desktop":{"background-color":"var(--ast-global-color-4)","background-image":"","background-repeat":"repeat","background-position":"center center","background-size":"auto","background-attachment":"scroll","background-type":"","background-media":"","overlay-type":"","overlay-color":"","overlay-opacity":"","overlay-gradient":""},"tablet":{"background-color":"","background-image":"","background-repeat":"repeat","background-position":"center center","background-size":"auto","background-attachment":"scroll","background-type":"","background-media":"","overlay-type":"","overlay-color":"","overlay-opacity":"","overlay-gradient":""},"mobile":{"background-color":"","background-image":"","background-repeat":"repeat","background-position":"center center","background-size":"auto","background-attachment":"scroll","background-type":"","background-media":"","overlay-type":"","overlay-color":"","overlay-opacity":"","overlay-gradient":""}},"ast-content-background-meta":{"desktop":{"background-color":"var(--ast-global-color-5)","background-image":"","background-repeat":"repeat","background-position":"center center","background-size":"auto","background-attachment":"scroll","background-type":"","background-media":"","overlay-type":"","overlay-color":"","overlay-opacity":"","overlay-gradient":""},"tablet":{"background-color":"var(--ast-global-color-5)","background-image":"","background-repeat":"repeat","background-position":"center center","background-size":"auto","background-attachment":"scroll","background-type":"","background-media":"","overlay-type":"","overlay-color":"","overlay-opacity":"","overlay-gradient":""},"mobile":{"background-color":"var(--ast-global-color-5)","background-image":"","background-repeat":"repeat","background-position":"center center","background-size":"auto","background-attachment":"scroll","background-type":"","background-media":"","overlay-type":"","overlay-color":"","overlay-opacity":"","overlay-gradient":""}}},"product_brand":[],"product_cat":[1001],"product_tag":[],"class_list":{"0":"post-5185","1":"product","2":"type-product","3":"status-publish","4":"has-post-thumbnail","6":"product_cat-household-goods","7":"pa_6z7brk68-bla","8":"pa_6z7brk68-lila","9":"pa_6z7brk68-rosa","10":"pa_6z7brk68-svart","11":"desktop-align-left","12":"tablet-align-left","13":"mobile-align-left","15":"first","16":"instock","17":"shipping-taxable","18":"purchasable","19":"product-type-variable"},"_links":{"self":[{"href":"https:\/\/keluvo.com\/se\/wp-json\/wp\/v2\/product\/5185","targetHints":{"allow":["GET"]}}],"collection":[{"href":"https:\/\/keluvo.com\/se\/wp-json\/wp\/v2\/product"}],"about":[{"href":"https:\/\/keluvo.com\/se\/wp-json\/wp\/v2\/types\/product"}],"replies":[{"embeddable":true,"href":"https:\/\/keluvo.com\/se\/wp-json\/wp\/v2\/comments?post=5185"}],"wp:featuredmedia":[{"embeddable":true,"href":"https:\/\/keluvo.com\/se\/wp-json\/wp\/v2\/media\/5181"}],"wp:attachment":[{"href":"https:\/\/keluvo.com\/se\/wp-json\/wp\/v2\/media?parent=5185"}],"wp:term":[{"taxonomy":"product_brand","embeddable":true,"href":"https:\/\/keluvo.com\/se\/wp-json\/wp\/v2\/product_brand?post=5185"},{"taxonomy":"product_cat","embeddable":true,"href":"https:\/\/keluvo.com\/se\/wp-json\/wp\/v2\/product_cat?post=5185"},{"taxonomy":"product_tag","embeddable":true,"href":"https:\/\/keluvo.com\/se\/wp-json\/wp\/v2\/product_tag?post=5185"}],"curies":[{"name":"wp","href":"https:\/\/api.w.org\/{rel}","templated":true}]}}