{"id":5173,"date":"2025-01-09T16:44:20","date_gmt":"2025-01-09T14:44:20","guid":{"rendered":"https:\/\/keluvo.com\/se\/product\/hopfallbar-tvattmaskin\/"},"modified":"2025-01-09T16:44:38","modified_gmt":"2025-01-09T14:44:38","slug":"hopfallbar-tvattmaskin","status":"publish","type":"product","link":"https:\/\/keluvo.com\/se\/product\/hopfallbar-tvattmaskin\/","title":{"rendered":"Hopf\u00e4llbar tv\u00e4ttmaskin"},"content":{"rendered":"<h2 style=\"text-align: center\"><strong>Kompakt och platsbesparande design<\/strong><\/h2>\n<p style=\"text-align: center\">Den hopf\u00e4llbara tv\u00e4ttmaskinen \u00e4r utformad f\u00f6r att vara kompakt och l\u00e4tt att f\u00f6rvara. Dess vikbara struktur g\u00f6r att du kan spara utrymme n\u00e4r den inte anv\u00e4nds, vilket g\u00f6r den idealisk f\u00f6r sm\u00e5 l\u00e4genheter, sovsalar eller resor. Ta med den \u00f6verallt f\u00f6r snabb och bekv\u00e4m tv\u00e4ttv\u00e5rd.<\/p>\n<p><img decoding=\"async\" class=\"alignnone size-medium wp-image-5109 aligncenter\" src=\"https:\/\/keluvo.com\/template\/wp-content\/uploads\/sites\/5\/2024\/12\/Seb78817f636d47a8b6bfa4fa27ef551fi.jpg_960x960q75.jpg_.jpeg\" alt=\"\" \/><\/p>\n<h2 style=\"text-align: center\"><strong>Perfekt f\u00f6r sm\u00e5 kl\u00e4der<\/strong><\/h2>\n<p style=\"text-align: center\">Den h\u00e4r tv\u00e4ttmaskinen \u00e4r perfekt f\u00f6r att tv\u00e4tta sm\u00e5 f\u00f6rem\u00e5l som strumpor, underkl\u00e4der, babykl\u00e4der och T-shirts. Med en kapacitet p\u00e5 upp till 800 gram hanterar den effektivt dina dagliga tv\u00e4ttbehov samtidigt som den sparar tid och anstr\u00e4ngning.<\/p>\n<p>&nbsp;<\/p>\n<p style=\"text-align: center\"><img decoding=\"async\" class=\"alignnone size-medium wp-image-5103\" src=\"https:\/\/keluvo.com\/template\/wp-content\/uploads\/sites\/5\/2024\/12\/S0cff1c4c2df349819348e27c6adf11a15.jpg_960x960q75.jpg_.jpeg\" alt=\"\" \/><\/p>\n","protected":false},"excerpt":{"rendered":"<p>Kompakt och platsbesparande design Den hopf\u00e4llbara tv\u00e4ttmaskinen \u00e4r utformad f\u00f6r att vara kompakt och l\u00e4tt att f\u00f6rvara. Dess vikbara struktur [&hellip;]<\/p>\n","protected":false},"featured_media":5169,"comment_status":"open","ping_status":"closed","template":"","meta":{"site-sidebar-layout":"default","site-content-layout":"","ast-site-content-layout":"default","site-content-style":"default","site-sidebar-style":"default","ast-global-header-display":"","ast-banner-title-visibility":"","ast-main-header-display":"","ast-hfb-above-header-display":"","ast-hfb-below-header-display":"","ast-hfb-mobile-header-display":"","site-post-title":"","ast-breadcrumbs-content":"","ast-featured-img":"","footer-sml-layout":"","theme-transparent-header-meta":"default","adv-header-id-meta":"","stick-header-meta":"","header-above-stick-meta":"","header-main-stick-meta":"","header-below-stick-meta":"","astra-migrate-meta-layouts":"set","ast-page-background-enabled":"default","ast-page-background-meta":{"desktop":{"background-color":"var(--ast-global-color-4)","background-image":"","background-repeat":"repeat","background-position":"center center","background-size":"auto","background-attachment":"scroll","background-type":"","background-media":"","overlay-type":"","overlay-color":"","overlay-opacity":"","overlay-gradient":""},"tablet":{"background-color":"","background-image":"","background-repeat":"repeat","background-position":"center center","background-size":"auto","background-attachment":"scroll","background-type":"","background-media":"","overlay-type":"","overlay-color":"","overlay-opacity":"","overlay-gradient":""},"mobile":{"background-color":"","background-image":"","background-repeat":"repeat","background-position":"center center","background-size":"auto","background-attachment":"scroll","background-type":"","background-media":"","overlay-type":"","overlay-color":"","overlay-opacity":"","overlay-gradient":""}},"ast-content-background-meta":{"desktop":{"background-color":"var(--ast-global-color-5)","background-image":"","background-repeat":"repeat","background-position":"center center","background-size":"auto","background-attachment":"scroll","background-type":"","background-media":"","overlay-type":"","overlay-color":"","overlay-opacity":"","overlay-gradient":""},"tablet":{"background-color":"var(--ast-global-color-5)","background-image":"","background-repeat":"repeat","background-position":"center center","background-size":"auto","background-attachment":"scroll","background-type":"","background-media":"","overlay-type":"","overlay-color":"","overlay-opacity":"","overlay-gradient":""},"mobile":{"background-color":"var(--ast-global-color-5)","background-image":"","background-repeat":"repeat","background-position":"center center","background-size":"auto","background-attachment":"scroll","background-type":"","background-media":"","overlay-type":"","overlay-color":"","overlay-opacity":"","overlay-gradient":""}}},"product_brand":[],"product_cat":[1001],"product_tag":[],"class_list":{"0":"post-5173","1":"product","2":"type-product","3":"status-publish","4":"has-post-thumbnail","6":"product_cat-household-goods","7":"pa_2mnsgai2-gron","8":"pa_2mnsgai2-lila","9":"desktop-align-left","10":"tablet-align-left","11":"mobile-align-left","13":"first","14":"instock","15":"shipping-taxable","16":"purchasable","17":"product-type-variable"},"_links":{"self":[{"href":"https:\/\/keluvo.com\/se\/wp-json\/wp\/v2\/product\/5173","targetHints":{"allow":["GET"]}}],"collection":[{"href":"https:\/\/keluvo.com\/se\/wp-json\/wp\/v2\/product"}],"about":[{"href":"https:\/\/keluvo.com\/se\/wp-json\/wp\/v2\/types\/product"}],"replies":[{"embeddable":true,"href":"https:\/\/keluvo.com\/se\/wp-json\/wp\/v2\/comments?post=5173"}],"wp:featuredmedia":[{"embeddable":true,"href":"https:\/\/keluvo.com\/se\/wp-json\/wp\/v2\/media\/5169"}],"wp:attachment":[{"href":"https:\/\/keluvo.com\/se\/wp-json\/wp\/v2\/media?parent=5173"}],"wp:term":[{"taxonomy":"product_brand","embeddable":true,"href":"https:\/\/keluvo.com\/se\/wp-json\/wp\/v2\/product_brand?post=5173"},{"taxonomy":"product_cat","embeddable":true,"href":"https:\/\/keluvo.com\/se\/wp-json\/wp\/v2\/product_cat?post=5173"},{"taxonomy":"product_tag","embeddable":true,"href":"https:\/\/keluvo.com\/se\/wp-json\/wp\/v2\/product_tag?post=5173"}],"curies":[{"name":"wp","href":"https:\/\/api.w.org\/{rel}","templated":true}]}}