{"id":5166,"date":"2025-01-09T16:41:39","date_gmt":"2025-01-09T14:41:39","guid":{"rendered":"https:\/\/keluvo.com\/se\/product\/knaskydd-for-terapi\/"},"modified":"2025-03-13T10:32:02","modified_gmt":"2025-03-13T08:32:02","slug":"knaskydd-for-terapi","status":"publish","type":"product","link":"https:\/\/keluvo.com\/se\/product\/knaskydd-for-terapi\/","title":{"rendered":"Kn\u00e4skydd f\u00f6r terapi"},"content":{"rendered":"<h2 style=\"text-align: center\"><strong>Bekv\u00e4m och elastisk passform<\/strong><\/h2>\n<p style=\"text-align: center\">Kn\u00e4skydden f\u00f6r magnetterapi \u00e4r tillverkade av elastiska material av h\u00f6g kvalitet, vilket ger en \u00e5tsittande och flexibel passform. De r\u00f6r sig med din kropp och ger komfort hela dagen utan att glida eller begr\u00e4nsa r\u00f6rligheten. Perfekt f\u00f6r b\u00e5de aktiv sport och vardagskl\u00e4der.<\/p>\n<p><img decoding=\"async\" class=\"alignnone size-medium wp-image-5495 aligncenter\" src=\"https:\/\/keluvo.com\/template\/wp-content\/uploads\/sites\/5\/2024\/12\/S2d32aee35e904549aec19ea0755f0abbK.jpg_960x960q75.jpg_.jpeg\" alt=\"\" \/><\/p>\n<h2 style=\"text-align: center\"><strong>Magnetterapi f\u00f6r sm\u00e4rtlindring<\/strong><\/h2>\n<p style=\"text-align: center\">Designade med integrerad magnetterapi, dessa kn\u00e4skydd hj\u00e4lper till att f\u00f6rb\u00e4ttra blodcirkulationen och lindra obehag. De \u00e4r perfekta f\u00f6r att hantera ledsm\u00e4rta, stelhet eller svullnad som orsakas av fysisk aktivitet eller l\u00e5nga timmar av st\u00e5ende.<\/p>\n<p><img decoding=\"async\" class=\"alignnone size-medium wp-image-5496 aligncenter\" src=\"https:\/\/keluvo.com\/template\/wp-content\/uploads\/sites\/5\/2024\/12\/S7941621723f3438990577aaf0ce8a116p.jpg_960x960q75.jpg_.jpeg\" alt=\"\" \/><\/p>\n","protected":false},"excerpt":{"rendered":"<p>Bekv\u00e4m och elastisk passform Kn\u00e4skydden f\u00f6r magnetterapi \u00e4r tillverkade av elastiska material av h\u00f6g kvalitet, vilket ger en \u00e5tsittande och [&hellip;]<\/p>\n","protected":false},"featured_media":5162,"comment_status":"open","ping_status":"closed","template":"","meta":{"site-sidebar-layout":"default","site-content-layout":"","ast-site-content-layout":"default","site-content-style":"default","site-sidebar-style":"default","ast-global-header-display":"","ast-banner-title-visibility":"","ast-main-header-display":"","ast-hfb-above-header-display":"","ast-hfb-below-header-display":"","ast-hfb-mobile-header-display":"","site-post-title":"","ast-breadcrumbs-content":"","ast-featured-img":"","footer-sml-layout":"","theme-transparent-header-meta":"default","adv-header-id-meta":"","stick-header-meta":"","header-above-stick-meta":"","header-main-stick-meta":"","header-below-stick-meta":"","astra-migrate-meta-layouts":"set","ast-page-background-enabled":"default","ast-page-background-meta":{"desktop":{"background-color":"var(--ast-global-color-4)","background-image":"","background-repeat":"repeat","background-position":"center center","background-size":"auto","background-attachment":"scroll","background-type":"","background-media":"","overlay-type":"","overlay-color":"","overlay-opacity":"","overlay-gradient":""},"tablet":{"background-color":"","background-image":"","background-repeat":"repeat","background-position":"center center","background-size":"auto","background-attachment":"scroll","background-type":"","background-media":"","overlay-type":"","overlay-color":"","overlay-opacity":"","overlay-gradient":""},"mobile":{"background-color":"","background-image":"","background-repeat":"repeat","background-position":"center center","background-size":"auto","background-attachment":"scroll","background-type":"","background-media":"","overlay-type":"","overlay-color":"","overlay-opacity":"","overlay-gradient":""}},"ast-content-background-meta":{"desktop":{"background-color":"var(--ast-global-color-5)","background-image":"","background-repeat":"repeat","background-position":"center center","background-size":"auto","background-attachment":"scroll","background-type":"","background-media":"","overlay-type":"","overlay-color":"","overlay-opacity":"","overlay-gradient":""},"tablet":{"background-color":"var(--ast-global-color-5)","background-image":"","background-repeat":"repeat","background-position":"center center","background-size":"auto","background-attachment":"scroll","background-type":"","background-media":"","overlay-type":"","overlay-color":"","overlay-opacity":"","overlay-gradient":""},"mobile":{"background-color":"var(--ast-global-color-5)","background-image":"","background-repeat":"repeat","background-position":"center center","background-size":"auto","background-attachment":"scroll","background-type":"","background-media":"","overlay-type":"","overlay-color":"","overlay-opacity":"","overlay-gradient":""}}},"product_brand":[],"product_cat":[991],"product_tag":[],"class_list":{"0":"post-5166","1":"product","2":"type-product","3":"status-publish","4":"has-post-thumbnail","6":"product_cat-health-care-supplies","7":"desktop-align-left","8":"tablet-align-left","9":"mobile-align-left","11":"first","12":"instock","13":"shipping-taxable","14":"purchasable","15":"product-type-simple"},"_links":{"self":[{"href":"https:\/\/keluvo.com\/se\/wp-json\/wp\/v2\/product\/5166","targetHints":{"allow":["GET"]}}],"collection":[{"href":"https:\/\/keluvo.com\/se\/wp-json\/wp\/v2\/product"}],"about":[{"href":"https:\/\/keluvo.com\/se\/wp-json\/wp\/v2\/types\/product"}],"replies":[{"embeddable":true,"href":"https:\/\/keluvo.com\/se\/wp-json\/wp\/v2\/comments?post=5166"}],"wp:featuredmedia":[{"embeddable":true,"href":"https:\/\/keluvo.com\/se\/wp-json\/wp\/v2\/media\/5162"}],"wp:attachment":[{"href":"https:\/\/keluvo.com\/se\/wp-json\/wp\/v2\/media?parent=5166"}],"wp:term":[{"taxonomy":"product_brand","embeddable":true,"href":"https:\/\/keluvo.com\/se\/wp-json\/wp\/v2\/product_brand?post=5166"},{"taxonomy":"product_cat","embeddable":true,"href":"https:\/\/keluvo.com\/se\/wp-json\/wp\/v2\/product_cat?post=5166"},{"taxonomy":"product_tag","embeddable":true,"href":"https:\/\/keluvo.com\/se\/wp-json\/wp\/v2\/product_tag?post=5166"}],"curies":[{"name":"wp","href":"https:\/\/api.w.org\/{rel}","templated":true}]}}