{"id":5157,"date":"2025-01-09T16:38:03","date_gmt":"2025-01-09T14:38:03","guid":{"rendered":"https:\/\/keluvo.com\/se\/product\/halsband-med-trakors\/"},"modified":"2025-01-09T16:38:13","modified_gmt":"2025-01-09T14:38:13","slug":"halsband-med-trakors","status":"publish","type":"product","link":"https:\/\/keluvo.com\/se\/product\/halsband-med-trakors\/","title":{"rendered":"Halsband med tr\u00e4kors"},"content":{"rendered":"<h2 style=\"text-align: center\"><strong>H\u00e5llbar och bekv\u00e4m design<\/strong><\/h2>\n<p style=\"text-align: center\">Halsbandet med tr\u00e4kors \u00e4r tillverkat av h\u00f6gkvalitativt sandeltr\u00e4, k\u00e4nt f\u00f6r sin styrka och mjuka textur. Det har en justerbar bomullssnodd som garanterar en bekv\u00e4m passform f\u00f6r alla b\u00e4rare. Korset \u00e4r handsnidat och gnuggas med olja f\u00f6r att f\u00f6rb\u00e4ttra dess j\u00e4mnhet, vilket ger b\u00e5de h\u00e5llbarhet och komfort.<\/p>\n<p><img decoding=\"async\" class=\"alignnone size-medium wp-image-5535 aligncenter\" src=\"https:\/\/keluvo.com\/template\/wp-content\/uploads\/sites\/5\/2024\/12\/S50932a6b9c29437f8dc71c8b61d1dbc6v.jpg_960x960q75.jpg_.jpeg\" alt=\"\" \/><\/p>\n<h2 style=\"text-align: center\"><strong>Handgjord excellens<\/strong><\/h2>\n<p style=\"text-align: center\">Detta korsh\u00e4nge \u00e4r ett verkligt bevis p\u00e5 utm\u00e4rkt hantverk. Handgjord med precision, varje detalj \u00e4r noggrant utformad f\u00f6r att f\u00e5nga k\u00e4rnan i traditionellt konstn\u00e4rskap. Tr\u00e4korshalsbandet sticker ut som en symbol f\u00f6r h\u00e4ngivenhet, vilket g\u00f6r det till ett meningsfullt och vackert smycke.<\/p>\n<p><img decoding=\"async\" class=\"alignnone size-medium wp-image-5533 aligncenter\" src=\"https:\/\/keluvo.com\/template\/wp-content\/uploads\/sites\/5\/2024\/12\/Sc84edb73a7774b928661375f766a9018C.jpg_960x960q75.jpg_.jpeg\" alt=\"\" \/><\/p>\n","protected":false},"excerpt":{"rendered":"<p>H\u00e5llbar och bekv\u00e4m design Halsbandet med tr\u00e4kors \u00e4r tillverkat av h\u00f6gkvalitativt sandeltr\u00e4, k\u00e4nt f\u00f6r sin styrka och mjuka textur. Det [&hellip;]<\/p>\n","protected":false},"featured_media":5153,"comment_status":"open","ping_status":"closed","template":"","meta":{"site-sidebar-layout":"default","site-content-layout":"","ast-site-content-layout":"default","site-content-style":"default","site-sidebar-style":"default","ast-global-header-display":"","ast-banner-title-visibility":"","ast-main-header-display":"","ast-hfb-above-header-display":"","ast-hfb-below-header-display":"","ast-hfb-mobile-header-display":"","site-post-title":"","ast-breadcrumbs-content":"","ast-featured-img":"","footer-sml-layout":"","theme-transparent-header-meta":"default","adv-header-id-meta":"","stick-header-meta":"","header-above-stick-meta":"","header-main-stick-meta":"","header-below-stick-meta":"","astra-migrate-meta-layouts":"set","ast-page-background-enabled":"default","ast-page-background-meta":{"desktop":{"background-color":"var(--ast-global-color-4)","background-image":"","background-repeat":"repeat","background-position":"center center","background-size":"auto","background-attachment":"scroll","background-type":"","background-media":"","overlay-type":"","overlay-color":"","overlay-opacity":"","overlay-gradient":""},"tablet":{"background-color":"","background-image":"","background-repeat":"repeat","background-position":"center center","background-size":"auto","background-attachment":"scroll","background-type":"","background-media":"","overlay-type":"","overlay-color":"","overlay-opacity":"","overlay-gradient":""},"mobile":{"background-color":"","background-image":"","background-repeat":"repeat","background-position":"center center","background-size":"auto","background-attachment":"scroll","background-type":"","background-media":"","overlay-type":"","overlay-color":"","overlay-opacity":"","overlay-gradient":""}},"ast-content-background-meta":{"desktop":{"background-color":"var(--ast-global-color-5)","background-image":"","background-repeat":"repeat","background-position":"center center","background-size":"auto","background-attachment":"scroll","background-type":"","background-media":"","overlay-type":"","overlay-color":"","overlay-opacity":"","overlay-gradient":""},"tablet":{"background-color":"var(--ast-global-color-5)","background-image":"","background-repeat":"repeat","background-position":"center center","background-size":"auto","background-attachment":"scroll","background-type":"","background-media":"","overlay-type":"","overlay-color":"","overlay-opacity":"","overlay-gradient":""},"mobile":{"background-color":"var(--ast-global-color-5)","background-image":"","background-repeat":"repeat","background-position":"center center","background-size":"auto","background-attachment":"scroll","background-type":"","background-media":"","overlay-type":"","overlay-color":"","overlay-opacity":"","overlay-gradient":""}}},"product_brand":[],"product_cat":[993],"product_tag":[],"class_list":{"0":"post-5157","1":"product","2":"type-product","3":"status-publish","4":"has-post-thumbnail","6":"product_cat-footwear-accessories","7":"pa_iw0uup45-brun","8":"pa_iw0uup45-svart","9":"desktop-align-left","10":"tablet-align-left","11":"mobile-align-left","13":"first","14":"instock","15":"shipping-taxable","16":"purchasable","17":"product-type-variable"},"_links":{"self":[{"href":"https:\/\/keluvo.com\/se\/wp-json\/wp\/v2\/product\/5157","targetHints":{"allow":["GET"]}}],"collection":[{"href":"https:\/\/keluvo.com\/se\/wp-json\/wp\/v2\/product"}],"about":[{"href":"https:\/\/keluvo.com\/se\/wp-json\/wp\/v2\/types\/product"}],"replies":[{"embeddable":true,"href":"https:\/\/keluvo.com\/se\/wp-json\/wp\/v2\/comments?post=5157"}],"wp:featuredmedia":[{"embeddable":true,"href":"https:\/\/keluvo.com\/se\/wp-json\/wp\/v2\/media\/5153"}],"wp:attachment":[{"href":"https:\/\/keluvo.com\/se\/wp-json\/wp\/v2\/media?parent=5157"}],"wp:term":[{"taxonomy":"product_brand","embeddable":true,"href":"https:\/\/keluvo.com\/se\/wp-json\/wp\/v2\/product_brand?post=5157"},{"taxonomy":"product_cat","embeddable":true,"href":"https:\/\/keluvo.com\/se\/wp-json\/wp\/v2\/product_cat?post=5157"},{"taxonomy":"product_tag","embeddable":true,"href":"https:\/\/keluvo.com\/se\/wp-json\/wp\/v2\/product_tag?post=5157"}],"curies":[{"name":"wp","href":"https:\/\/api.w.org\/{rel}","templated":true}]}}