{"id":51447,"date":"2025-11-27T12:09:53","date_gmt":"2025-11-27T10:09:53","guid":{"rendered":"https:\/\/keluvo.com\/se\/product\/transparent-automatiskt-paraply\/"},"modified":"2025-12-01T15:20:46","modified_gmt":"2025-12-01T13:20:46","slug":"transparent-automatiskt-paraply","status":"publish","type":"product","link":"https:\/\/keluvo.com\/se\/product\/transparent-automatiskt-paraply\/","title":{"rendered":"Transparent automatiskt paraply"},"content":{"rendered":"<p style=\"text-align: center\" data-start=\"0\" data-end=\"95\"><strong>H\u00e5ll dig snygg, torr och skyddad med ett vackert designat automatiskt transparent paraply. \ud83c\udf27\ufe0f\u2614<\/strong><\/p>\n<p style=\"text-align: center\" data-start=\"97\" data-end=\"363\">Det h\u00e4r transparenta automatiska paraplyet kombinerar elegans och funktionalitet i en fantastisk accessoar. Med sin glasm\u00e5lningsdesign, vindt\u00e4ta konstruktion och automatiska system med en knapp h\u00e5ller det dig skyddad samtidigt som det ger en unik konstn\u00e4rlig touch till alla kl\u00e4der.<\/p>\n<p data-start=\"97\" data-end=\"363\"><img fetchpriority=\"high\" decoding=\"async\" class=\"size-full wp-image-42948 aligncenter\" src=\"https:\/\/keluvo.com\/template\/wp-content\/uploads\/sites\/5\/2025\/11\/102213-ezgif.com-video-to-webp-converter-1-1.webp\" alt=\"\" width=\"500\" height=\"889\" \/><\/p>\n<h2 style=\"text-align: center\" data-start=\"370\" data-end=\"390\"><strong>Huvudf\u00f6rdelar<\/strong><\/h2>\n<p data-start=\"391\" data-end=\"927\">\ud83c\udfa8 Vacker glasm\u00e5lningsdesign &#8211; Handm\u00e5lad stil skapar ett unikt och i\u00f6gonfallande utseende.<\/p>\n<p data-start=\"391\" data-end=\"927\">\ud83d\udca8 Vindt\u00e4t flexibilitet &#8211; \u00c5tta glasfiberribbor b\u00f6jer sig utan att g\u00e5 s\u00f6nder och studsar tillbaka i form.<\/p>\n<p data-start=\"391\" data-end=\"927\">\ud83c\udf27\ufe0f Automatisk \u00f6ppning &amp; st\u00e4ngning &#8211; En knapp \u00f6ppnar och st\u00e4nger paraplyet direkt f\u00f6r snabbt skydd.<\/p>\n<p data-start=\"391\" data-end=\"927\">\ud83d\udc8e H\u00e5llbar konstruktion &#8211; Tillverkad av metall, ABS och vattent\u00e4tt oljat papper f\u00f6r l\u00e5ng livsl\u00e4ngd.<\/p>\n<p data-start=\"391\" data-end=\"927\">\ud83c\udf81 Perfekt som present &#8211; En omt\u00e4nksam och snygg present till v\u00e4nner, barn, kollegor eller n\u00e4ra och k\u00e4ra.<\/p>\n<p data-start=\"391\" data-end=\"927\"><img decoding=\"async\" class=\"size-full wp-image-42952 aligncenter\" src=\"https:\/\/keluvo.com\/template\/wp-content\/uploads\/sites\/5\/2025\/11\/1907c5c893f1afcf1f7cdc72ff7f73d88e195a6a-900.webp\" alt=\"\" width=\"800\" height=\"800\" \/><\/p>\n<h2 style=\"text-align: center\" data-start=\"934\" data-end=\"952\"><strong>Hur man anv\u00e4nder<\/strong><\/h2>\n<ol data-start=\"953\" data-end=\"1214\">\n<li data-start=\"953\" data-end=\"1025\">\n<p data-start=\"956\" data-end=\"1025\">Tryck p\u00e5 den automatiska knappen en g\u00e5ng f\u00f6r att \u00f6ppna paraplyet direkt.<\/p>\n<\/li>\n<li data-start=\"1026\" data-end=\"1084\">\n<p data-start=\"1029\" data-end=\"1084\">H\u00e5ll det s\u00e4kert och njut av fullt regn- och solskydd.<\/p>\n<\/li>\n<li data-start=\"1085\" data-end=\"1148\">\n<p data-start=\"1088\" data-end=\"1148\">Tryck p\u00e5 knappen igen f\u00f6r att st\u00e4nga paraplyet utan anstr\u00e4ngning.<\/p>\n<\/li>\n<li data-start=\"1149\" data-end=\"1214\">\n<p data-start=\"1152\" data-end=\"1214\">Vik ihop och f\u00f6rvara det i en v\u00e4ska, ryggs\u00e4ck eller bil f\u00f6r daglig anv\u00e4ndning.<\/p>\n<\/li>\n<\/ol>\n<h2 style=\"text-align: center\" data-start=\"1221\" data-end=\"1244\"><strong>Produktdetaljer<\/strong><\/h2>\n<ul data-start=\"1245\" data-end=\"1550\">\n<li data-start=\"1245\" data-end=\"1295\">\n<p data-start=\"1247\" data-end=\"1295\">Material: Metall + ABS + vattent\u00e4tt oljat papper<\/p>\n<\/li>\n<li data-start=\"1296\" data-end=\"1346\">\n<p data-start=\"1298\" data-end=\"1346\">Storlek (utf\u00e4lld): 100 x 54 cm<\/p>\n<\/li>\n<li data-start=\"1347\" data-end=\"1404\">\n<p data-start=\"1349\" data-end=\"1404\">Storlek (hopvikt): 30 x 8 x 8 cm<\/p>\n<\/li>\n<li data-start=\"1405\" data-end=\"1447\">\n<p data-start=\"1407\" data-end=\"1447\">Struktur: 8 vindt\u00e4ta glasfiberribbor<\/p>\n<\/li>\n<li data-start=\"1448\" data-end=\"1508\">\n<p data-start=\"1450\" data-end=\"1508\">Stil: Transparent med vintage glasm\u00e5lningskonstdesign<\/p>\n<\/li>\n<li data-start=\"1509\" data-end=\"1550\">\n<p data-start=\"1511\" data-end=\"1550\">Funktion: Automatiskt \u00f6ppnings-\/st\u00e4ngningssystem<\/p>\n<\/li>\n<\/ul>\n<h2 style=\"text-align: center\" data-start=\"1557\" data-end=\"1581\"><strong>Paketet inneh\u00e5ller<\/strong><\/h2>\n<ul data-start=\"1582\" data-end=\"1618\">\n<li data-start=\"1582\" data-end=\"1618\">\n<p data-start=\"1584\" data-end=\"1618\">1x transparent automatiskt paraply.<\/p>\n<\/li>\n<\/ul>\n","protected":false},"excerpt":{"rendered":"<p>H\u00e5ll dig snygg, torr och skyddad med ett vackert designat automatiskt transparent paraply. \ud83c\udf27\ufe0f\u2614 Det h\u00e4r transparenta automatiska paraplyet kombinerar [&hellip;]<\/p>\n","protected":false},"featured_media":51443,"comment_status":"open","ping_status":"closed","template":"","meta":{"site-sidebar-layout":"default","site-content-layout":"","ast-site-content-layout":"default","site-content-style":"default","site-sidebar-style":"default","ast-global-header-display":"","ast-banner-title-visibility":"","ast-main-header-display":"","ast-hfb-above-header-display":"","ast-hfb-below-header-display":"","ast-hfb-mobile-header-display":"","site-post-title":"","ast-breadcrumbs-content":"","ast-featured-img":"","footer-sml-layout":"","theme-transparent-header-meta":"default","adv-header-id-meta":"","stick-header-meta":"","header-above-stick-meta":"","header-main-stick-meta":"","header-below-stick-meta":"","astra-migrate-meta-layouts":"set","ast-page-background-enabled":"default","ast-page-background-meta":{"desktop":{"background-color":"var(--ast-global-color-4)","background-image":"","background-repeat":"repeat","background-position":"center center","background-size":"auto","background-attachment":"scroll","background-type":"","background-media":"","overlay-type":"","overlay-color":"","overlay-opacity":"","overlay-gradient":""},"tablet":{"background-color":"","background-image":"","background-repeat":"repeat","background-position":"center center","background-size":"auto","background-attachment":"scroll","background-type":"","background-media":"","overlay-type":"","overlay-color":"","overlay-opacity":"","overlay-gradient":""},"mobile":{"background-color":"","background-image":"","background-repeat":"repeat","background-position":"center center","background-size":"auto","background-attachment":"scroll","background-type":"","background-media":"","overlay-type":"","overlay-color":"","overlay-opacity":"","overlay-gradient":""}},"ast-content-background-meta":{"desktop":{"background-color":"var(--ast-global-color-5)","background-image":"","background-repeat":"repeat","background-position":"center center","background-size":"auto","background-attachment":"scroll","background-type":"","background-media":"","overlay-type":"","overlay-color":"","overlay-opacity":"","overlay-gradient":""},"tablet":{"background-color":"var(--ast-global-color-5)","background-image":"","background-repeat":"repeat","background-position":"center center","background-size":"auto","background-attachment":"scroll","background-type":"","background-media":"","overlay-type":"","overlay-color":"","overlay-opacity":"","overlay-gradient":""},"mobile":{"background-color":"var(--ast-global-color-5)","background-image":"","background-repeat":"repeat","background-position":"center center","background-size":"auto","background-attachment":"scroll","background-type":"","background-media":"","overlay-type":"","overlay-color":"","overlay-opacity":"","overlay-gradient":""}}},"product_brand":[],"product_cat":[993],"product_tag":[],"class_list":{"0":"post-51447","1":"product","2":"type-product","3":"status-publish","4":"has-post-thumbnail","6":"product_cat-footwear-accessories","7":"desktop-align-left","8":"tablet-align-left","9":"mobile-align-left","11":"first","12":"instock","13":"shipping-taxable","14":"purchasable","15":"product-type-simple"},"_links":{"self":[{"href":"https:\/\/keluvo.com\/se\/wp-json\/wp\/v2\/product\/51447","targetHints":{"allow":["GET"]}}],"collection":[{"href":"https:\/\/keluvo.com\/se\/wp-json\/wp\/v2\/product"}],"about":[{"href":"https:\/\/keluvo.com\/se\/wp-json\/wp\/v2\/types\/product"}],"replies":[{"embeddable":true,"href":"https:\/\/keluvo.com\/se\/wp-json\/wp\/v2\/comments?post=51447"}],"wp:featuredmedia":[{"embeddable":true,"href":"https:\/\/keluvo.com\/se\/wp-json\/wp\/v2\/media\/51443"}],"wp:attachment":[{"href":"https:\/\/keluvo.com\/se\/wp-json\/wp\/v2\/media?parent=51447"}],"wp:term":[{"taxonomy":"product_brand","embeddable":true,"href":"https:\/\/keluvo.com\/se\/wp-json\/wp\/v2\/product_brand?post=51447"},{"taxonomy":"product_cat","embeddable":true,"href":"https:\/\/keluvo.com\/se\/wp-json\/wp\/v2\/product_cat?post=51447"},{"taxonomy":"product_tag","embeddable":true,"href":"https:\/\/keluvo.com\/se\/wp-json\/wp\/v2\/product_tag?post=51447"}],"curies":[{"name":"wp","href":"https:\/\/api.w.org\/{rel}","templated":true}]}}