{"id":5142,"date":"2025-01-09T16:31:33","date_gmt":"2025-01-09T14:31:33","guid":{"rendered":"https:\/\/keluvo.com\/se\/product\/oppnare-for-valnotsskal\/"},"modified":"2025-08-18T13:02:10","modified_gmt":"2025-08-18T10:02:10","slug":"oppnare-for-valnotsskal","status":"publish","type":"product","link":"https:\/\/keluvo.com\/se\/product\/oppnare-for-valnotsskal\/","title":{"rendered":"\u00d6ppnare f\u00f6r valn\u00f6tsskal"},"content":{"rendered":"<h2 style=\"text-align: center\">H\u00e5llbart och slitstarkt material<\/h2>\n<p style=\"text-align: center\">\u00d6ppnaren f\u00f6r valn\u00f6tsskal \u00e4r tillverkad av h\u00f6gkvalitativ zinklegering, vilket garanterar h\u00e5llbarhet och slitstyrka. Dess robusta konstruktion g\u00f6r den l\u00e4mplig f\u00f6r regelbunden anv\u00e4ndning utan att f\u00f6rlora effektivitet. Detta p\u00e5litliga verktyg \u00e4r byggt f\u00f6r att h\u00e5lla och ger v\u00e4rde i m\u00e5nga \u00e5r fram\u00f6ver.<\/p>\n<p><img decoding=\"async\" class=\"alignnone size-medium wp-image-5777 aligncenter\" src=\"https:\/\/keluvo.com\/template\/wp-content\/uploads\/sites\/5\/2024\/12\/9036c31d-cb26-4308-9c70-e3d0dd729e02.webp\" alt=\"\" \/><\/p>\n<h2 style=\"text-align: center\"><strong>Enkel n\u00f6tkn\u00e4ckning<\/strong><\/h2>\n<p style=\"text-align: center\">Med sin smarta spakdesign g\u00f6r valn\u00f6tsskal\u00f6ppnaren det enkelt och arbetsbesparande att kn\u00e4cka n\u00f6tter. Det ergonomiska handtaget ger ett bekv\u00e4mt grepp, medan den halkfria funktionen garanterar s\u00e4ker hantering. Den \u00e4r perfekt f\u00f6r hasseln\u00f6tter, valn\u00f6tter och andra n\u00f6tter i olika storlekar.<\/p>\n<p><img decoding=\"async\" class=\"alignnone size-medium wp-image-5778 aligncenter\" src=\"https:\/\/keluvo.com\/template\/wp-content\/uploads\/sites\/5\/2024\/12\/96db7194-68c0-4f42-be01-46504ddb1ebd.webp\" alt=\"\" \/><\/p>\n","protected":false},"excerpt":{"rendered":"<p>H\u00e5llbart och slitstarkt material \u00d6ppnaren f\u00f6r valn\u00f6tsskal \u00e4r tillverkad av h\u00f6gkvalitativ zinklegering, vilket garanterar h\u00e5llbarhet och slitstyrka. Dess robusta konstruktion [&hellip;]<\/p>\n","protected":false},"featured_media":5138,"comment_status":"open","ping_status":"closed","template":"","meta":{"site-sidebar-layout":"default","site-content-layout":"","ast-site-content-layout":"default","site-content-style":"default","site-sidebar-style":"default","ast-global-header-display":"","ast-banner-title-visibility":"","ast-main-header-display":"","ast-hfb-above-header-display":"","ast-hfb-below-header-display":"","ast-hfb-mobile-header-display":"","site-post-title":"","ast-breadcrumbs-content":"","ast-featured-img":"","footer-sml-layout":"","theme-transparent-header-meta":"default","adv-header-id-meta":"","stick-header-meta":"","header-above-stick-meta":"","header-main-stick-meta":"","header-below-stick-meta":"","astra-migrate-meta-layouts":"set","ast-page-background-enabled":"default","ast-page-background-meta":{"desktop":{"background-color":"var(--ast-global-color-4)","background-image":"","background-repeat":"repeat","background-position":"center center","background-size":"auto","background-attachment":"scroll","background-type":"","background-media":"","overlay-type":"","overlay-color":"","overlay-opacity":"","overlay-gradient":""},"tablet":{"background-color":"","background-image":"","background-repeat":"repeat","background-position":"center center","background-size":"auto","background-attachment":"scroll","background-type":"","background-media":"","overlay-type":"","overlay-color":"","overlay-opacity":"","overlay-gradient":""},"mobile":{"background-color":"","background-image":"","background-repeat":"repeat","background-position":"center center","background-size":"auto","background-attachment":"scroll","background-type":"","background-media":"","overlay-type":"","overlay-color":"","overlay-opacity":"","overlay-gradient":""}},"ast-content-background-meta":{"desktop":{"background-color":"var(--ast-global-color-5)","background-image":"","background-repeat":"repeat","background-position":"center center","background-size":"auto","background-attachment":"scroll","background-type":"","background-media":"","overlay-type":"","overlay-color":"","overlay-opacity":"","overlay-gradient":""},"tablet":{"background-color":"var(--ast-global-color-5)","background-image":"","background-repeat":"repeat","background-position":"center center","background-size":"auto","background-attachment":"scroll","background-type":"","background-media":"","overlay-type":"","overlay-color":"","overlay-opacity":"","overlay-gradient":""},"mobile":{"background-color":"var(--ast-global-color-5)","background-image":"","background-repeat":"repeat","background-position":"center center","background-size":"auto","background-attachment":"scroll","background-type":"","background-media":"","overlay-type":"","overlay-color":"","overlay-opacity":"","overlay-gradient":""}}},"product_brand":[],"product_cat":[1001],"product_tag":[],"class_list":{"0":"post-5142","1":"product","2":"type-product","3":"status-publish","4":"has-post-thumbnail","6":"product_cat-household-goods","7":"pa_cr638h9a-rod","8":"pa_cr638h9a-silver","9":"pa_cr638h9a-svart","10":"desktop-align-left","11":"tablet-align-left","12":"mobile-align-left","14":"first","15":"instock","16":"shipping-taxable","17":"purchasable","18":"product-type-variable"},"_links":{"self":[{"href":"https:\/\/keluvo.com\/se\/wp-json\/wp\/v2\/product\/5142","targetHints":{"allow":["GET"]}}],"collection":[{"href":"https:\/\/keluvo.com\/se\/wp-json\/wp\/v2\/product"}],"about":[{"href":"https:\/\/keluvo.com\/se\/wp-json\/wp\/v2\/types\/product"}],"replies":[{"embeddable":true,"href":"https:\/\/keluvo.com\/se\/wp-json\/wp\/v2\/comments?post=5142"}],"wp:featuredmedia":[{"embeddable":true,"href":"https:\/\/keluvo.com\/se\/wp-json\/wp\/v2\/media\/5138"}],"wp:attachment":[{"href":"https:\/\/keluvo.com\/se\/wp-json\/wp\/v2\/media?parent=5142"}],"wp:term":[{"taxonomy":"product_brand","embeddable":true,"href":"https:\/\/keluvo.com\/se\/wp-json\/wp\/v2\/product_brand?post=5142"},{"taxonomy":"product_cat","embeddable":true,"href":"https:\/\/keluvo.com\/se\/wp-json\/wp\/v2\/product_cat?post=5142"},{"taxonomy":"product_tag","embeddable":true,"href":"https:\/\/keluvo.com\/se\/wp-json\/wp\/v2\/product_tag?post=5142"}],"curies":[{"name":"wp","href":"https:\/\/api.w.org\/{rel}","templated":true}]}}