{"id":51309,"date":"2025-11-27T11:56:17","date_gmt":"2025-11-27T09:56:17","guid":{"rendered":"https:\/\/keluvo.com\/se\/product\/led-ljusband-for-julbelysning\/"},"modified":"2025-12-01T15:20:30","modified_gmt":"2025-12-01T13:20:30","slug":"led-ljusband-for-julbelysning","status":"publish","type":"product","link":"https:\/\/keluvo.com\/se\/product\/led-ljusband-for-julbelysning\/","title":{"rendered":"LED-ljusband f\u00f6r julbelysning"},"content":{"rendered":"<p style=\"text-align: center\" data-start=\"0\" data-end=\"87\"><strong>Skapa Ett Varmt Och Festligt Sken I Alla Utrymmen Med Denna Ljusa LED-Julljuslist. \ud83c\udf84\ud83c\udf85<\/strong><\/p>\n<p style=\"text-align: center\" data-start=\"89\" data-end=\"320\">Den h\u00e4r LED-julljusremsan \u00e4r perfekt f\u00f6r att skapa en mysig semesteratmosf\u00e4r hemma. Drivs av USB och \u00e4r l\u00e4tt att sl\u00e5 p\u00e5 och av, det ger f\u00e4rgglad, magisk belysning till julgranar, kransar, sovrum och semesterdisplayer.<\/p>\n<p data-start=\"89\" data-end=\"320\"><img fetchpriority=\"high\" decoding=\"async\" class=\"size-full wp-image-42819 aligncenter\" src=\"https:\/\/keluvo.com\/template\/wp-content\/uploads\/sites\/5\/2025\/11\/10224-ezgif.com-video-to-webp-converter-1-2.webp\" alt=\"\" width=\"500\" height=\"500\" \/><\/p>\n<h2 style=\"text-align: center\" data-start=\"327\" data-end=\"347\">\u2b50 Huvudf\u00f6rdelar<\/h2>\n<p data-start=\"348\" data-end=\"782\">\ud83c\udf84 Ljus festbelysning &#8211; Skapar en varm, glad semesterst\u00e4mning direkt.<\/p>\n<p data-start=\"348\" data-end=\"782\">\u2728 USB-driven &#8211; Inga batterier beh\u00f6vs; anslut den till valfri USB-port f\u00f6r kontinuerlig belysning.<\/p>\n<p data-start=\"348\" data-end=\"782\">\ud83e\uddd2 Enkel att anv\u00e4nda &#8211; Enkel p\u00e5\/av-str\u00f6mbrytare f\u00f6r snabb kontroll.<\/p>\n<p data-start=\"348\" data-end=\"782\">\ud83c\udfe0 Perfekt f\u00f6r alla dekorationer &#8211; Perfekt f\u00f6r tr\u00e4d, heminredning, fester, f\u00f6nster och DIY-projekt.<\/p>\n<p data-start=\"348\" data-end=\"782\">\ud83c\udf1f L\u00e4tt och flexibel &#8211; L\u00e4tt att h\u00e4nga, linda, vrida eller forma runt alla ytor.<\/p>\n<p data-start=\"348\" data-end=\"782\"><img decoding=\"async\" class=\"size-full wp-image-42818 aligncenter\" src=\"https:\/\/keluvo.com\/template\/wp-content\/uploads\/sites\/5\/2025\/11\/ab7824eea30af5ac0b1c0a7bd3626d074a3660fc-800.avif\" alt=\"\" \/><\/p>\n<h2 style=\"text-align: center\" data-start=\"789\" data-end=\"807\">\ud83d\udd27 Anv\u00e4ndning<\/h2>\n<ol data-start=\"808\" data-end=\"1090\">\n<li data-start=\"808\" data-end=\"886\">\n<p data-start=\"811\" data-end=\"886\">Koppla USB-kabeln till valfri USB-port (adapter, powerbank, b\u00e4rbar dator etc.).<\/p>\n<\/li>\n<li data-start=\"887\" data-end=\"936\">\n<p data-start=\"890\" data-end=\"936\">Anv\u00e4nd p\u00e5\/av-knappen f\u00f6r att t\u00e4nda lamporna.<\/p>\n<\/li>\n<li data-start=\"937\" data-end=\"988\">\n<p data-start=\"940\" data-end=\"988\">Tryck p\u00e5 knappen igen f\u00f6r att sl\u00e4cka lamporna.<\/p>\n<\/li>\n<li data-start=\"989\" data-end=\"1090\">\n<p data-start=\"992\" data-end=\"1090\">Placera eller linda remsan runt din julgran, dekorationer eller n\u00e5got annat omr\u00e5de som du vill lysa upp.<\/p>\n<\/li>\n<\/ol>\n<h2 style=\"text-align: center\" data-start=\"1097\" data-end=\"1120\">\ud83d\udccf Produktdetaljer<\/h2>\n<ul data-start=\"1121\" data-end=\"1398\">\n<li data-start=\"1209\" data-end=\"1236\">\n<p data-start=\"1211\" data-end=\"1236\">Str\u00f6mk\u00e4lla: USB-kabel<\/p>\n<\/li>\n<li data-start=\"1237\" data-end=\"1255\">\n<p data-start=\"1239\" data-end=\"1255\">Brytare: P\u00e5\/Av<\/p>\n<\/li>\n<li data-start=\"1256\" data-end=\"1284\">\n<p data-start=\"1258\" data-end=\"1284\">Typ: Jultillbeh\u00f6r<\/p>\n<\/li>\n<li data-start=\"1304\" data-end=\"1398\">\n<p data-start=\"1306\" data-end=\"1398\">Anv\u00e4ndning: Juldekoration, heminredning, julgranar, kransar, evenemang, personlig dekoration<\/p>\n<\/li>\n<li data-start=\"1304\" data-end=\"1398\">L\u00e4ngd: 1,5 m, 3 m<\/li>\n<\/ul>\n<h2 style=\"text-align: center\" data-start=\"1405\" data-end=\"1429\">\ud83d\udce6 Paketet inneh\u00e5ller<\/h2>\n<ul data-start=\"1430\" data-end=\"1460\">\n<li data-start=\"1430\" data-end=\"1460\">\n<p data-start=\"1432\" data-end=\"1460\">1x LED-julljusremsa.<\/p>\n<\/li>\n<\/ul>\n","protected":false},"excerpt":{"rendered":"<p>Skapa Ett Varmt Och Festligt Sken I Alla Utrymmen Med Denna Ljusa LED-Julljuslist. \ud83c\udf84\ud83c\udf85 Den h\u00e4r LED-julljusremsan \u00e4r perfekt f\u00f6r [&hellip;]<\/p>\n","protected":false},"featured_media":51305,"comment_status":"open","ping_status":"closed","template":"","meta":{"site-sidebar-layout":"default","site-content-layout":"","ast-site-content-layout":"default","site-content-style":"default","site-sidebar-style":"default","ast-global-header-display":"","ast-banner-title-visibility":"","ast-main-header-display":"","ast-hfb-above-header-display":"","ast-hfb-below-header-display":"","ast-hfb-mobile-header-display":"","site-post-title":"","ast-breadcrumbs-content":"","ast-featured-img":"","footer-sml-layout":"","theme-transparent-header-meta":"default","adv-header-id-meta":"","stick-header-meta":"","header-above-stick-meta":"","header-main-stick-meta":"","header-below-stick-meta":"","astra-migrate-meta-layouts":"set","ast-page-background-enabled":"default","ast-page-background-meta":{"desktop":{"background-color":"var(--ast-global-color-4)","background-image":"","background-repeat":"repeat","background-position":"center center","background-size":"auto","background-attachment":"scroll","background-type":"","background-media":"","overlay-type":"","overlay-color":"","overlay-opacity":"","overlay-gradient":""},"tablet":{"background-color":"","background-image":"","background-repeat":"repeat","background-position":"center center","background-size":"auto","background-attachment":"scroll","background-type":"","background-media":"","overlay-type":"","overlay-color":"","overlay-opacity":"","overlay-gradient":""},"mobile":{"background-color":"","background-image":"","background-repeat":"repeat","background-position":"center center","background-size":"auto","background-attachment":"scroll","background-type":"","background-media":"","overlay-type":"","overlay-color":"","overlay-opacity":"","overlay-gradient":""}},"ast-content-background-meta":{"desktop":{"background-color":"var(--ast-global-color-5)","background-image":"","background-repeat":"repeat","background-position":"center center","background-size":"auto","background-attachment":"scroll","background-type":"","background-media":"","overlay-type":"","overlay-color":"","overlay-opacity":"","overlay-gradient":""},"tablet":{"background-color":"var(--ast-global-color-5)","background-image":"","background-repeat":"repeat","background-position":"center center","background-size":"auto","background-attachment":"scroll","background-type":"","background-media":"","overlay-type":"","overlay-color":"","overlay-opacity":"","overlay-gradient":""},"mobile":{"background-color":"var(--ast-global-color-5)","background-image":"","background-repeat":"repeat","background-position":"center center","background-size":"auto","background-attachment":"scroll","background-type":"","background-media":"","overlay-type":"","overlay-color":"","overlay-opacity":"","overlay-gradient":""}}},"product_brand":[],"product_cat":[1001,993],"product_tag":[],"class_list":{"0":"post-51309","1":"product","2":"type-product","3":"status-publish","4":"has-post-thumbnail","6":"product_cat-household-goods","7":"product_cat-footwear-accessories","8":"pa_50742_diverw8q-1-5-m","9":"pa_50742_diverw8q-3-m","10":"pa_50742_ysrc8r27-a","11":"pa_50742_ysrc8r27-b","12":"pa_50742_ysrc8r27-c","13":"desktop-align-left","14":"tablet-align-left","15":"mobile-align-left","17":"first","18":"instock","19":"shipping-taxable","20":"purchasable","21":"product-type-variable","22":"has-default-attributes"},"_links":{"self":[{"href":"https:\/\/keluvo.com\/se\/wp-json\/wp\/v2\/product\/51309","targetHints":{"allow":["GET"]}}],"collection":[{"href":"https:\/\/keluvo.com\/se\/wp-json\/wp\/v2\/product"}],"about":[{"href":"https:\/\/keluvo.com\/se\/wp-json\/wp\/v2\/types\/product"}],"replies":[{"embeddable":true,"href":"https:\/\/keluvo.com\/se\/wp-json\/wp\/v2\/comments?post=51309"}],"wp:featuredmedia":[{"embeddable":true,"href":"https:\/\/keluvo.com\/se\/wp-json\/wp\/v2\/media\/51305"}],"wp:attachment":[{"href":"https:\/\/keluvo.com\/se\/wp-json\/wp\/v2\/media?parent=51309"}],"wp:term":[{"taxonomy":"product_brand","embeddable":true,"href":"https:\/\/keluvo.com\/se\/wp-json\/wp\/v2\/product_brand?post=51309"},{"taxonomy":"product_cat","embeddable":true,"href":"https:\/\/keluvo.com\/se\/wp-json\/wp\/v2\/product_cat?post=51309"},{"taxonomy":"product_tag","embeddable":true,"href":"https:\/\/keluvo.com\/se\/wp-json\/wp\/v2\/product_tag?post=51309"}],"curies":[{"name":"wp","href":"https:\/\/api.w.org\/{rel}","templated":true}]}}