{"id":51270,"date":"2025-11-27T11:54:48","date_gmt":"2025-11-27T09:54:48","guid":{"rendered":"https:\/\/keluvo.com\/se\/product\/handgjord-julprydnad-med-djur-3-st\/"},"modified":"2025-11-27T11:55:23","modified_gmt":"2025-11-27T09:55:23","slug":"handgjord-julprydnad-med-djur-3-st","status":"publish","type":"product","link":"https:\/\/keluvo.com\/se\/product\/handgjord-julprydnad-med-djur-3-st\/","title":{"rendered":"Handgjord julprydnad med djur (3 st)"},"content":{"rendered":"<p style=\"text-align: center\" data-start=\"0\" data-end=\"92\"><strong>L\u00e4gg till en varm, rustik charm till din semesterdekor med en unik handgjord djurprydnad. \ud83e\udd8c\ud83e\udd89<\/strong><\/p>\n<p style=\"text-align: center\" data-start=\"94\" data-end=\"329\">Den h\u00e4r handgjorda djurjulprydnaden ger naturinspirerad sk\u00f6nhet till ditt hem. Tillverkad av slitstark akryl och designad med ett bed\u00e5rande djur som ligger i ett tr\u00e4d, f\u00f6rb\u00e4ttrar det omedelbart alla festliga utrymmen med en mysig skogsk\u00e4nsla.<\/p>\n<p data-start=\"94\" data-end=\"329\"><img fetchpriority=\"high\" decoding=\"async\" class=\"size-full wp-image-42767 aligncenter\" src=\"https:\/\/keluvo.com\/template\/wp-content\/uploads\/sites\/5\/2025\/11\/10223-ezgif.com-video-to-webp-converter-1-2.webp\" alt=\"\" width=\"500\" height=\"500\" \/><\/p>\n<h2 style=\"text-align: center\" data-start=\"336\" data-end=\"356\"><strong>Huvudf\u00f6rdelar<\/strong><\/h2>\n<p data-start=\"357\" data-end=\"833\">\ud83c\udf84 Redo att h\u00e4nga &#8211; Levereras med en robust str\u00e4ng f\u00f6r snabb och enkel dekorering.<\/p>\n<p data-start=\"357\" data-end=\"833\">\ud83e\udd8c Unik djurdesign &#8211; Har ett bed\u00e5rande djur som vilar i ett tr\u00e4d f\u00f6r ett naturligt, rustikt utseende.<\/p>\n<p data-start=\"357\" data-end=\"833\">\ud83d\udc8e Slitstark akryl &#8211; H\u00f6gkvalitativt material garanterar l\u00e5ngvarig anv\u00e4ndning \u00e5r efter \u00e5r.<\/p>\n<p data-start=\"357\" data-end=\"833\">\ud83c\udfe1 M\u00e5ngsidig dekoration &#8211; Perfekt f\u00f6r julgranar, kransar, girlanger eller andra mysiga h\u00f6rn.<\/p>\n<p data-start=\"357\" data-end=\"833\">\ud83c\udf81 Perfekt present &#8211; En omt\u00e4nksam present till djur\u00e4lskare eller fans av inredning med skogstema.<\/p>\n<p data-start=\"357\" data-end=\"833\"><img decoding=\"async\" class=\"size-full wp-image-42769 aligncenter\" src=\"https:\/\/keluvo.com\/template\/wp-content\/uploads\/sites\/5\/2025\/11\/aeb43288ddeca0e577fb1220cc04cd1e21a09a4d-700.avif\" alt=\"\" \/><\/p>\n<h2 style=\"text-align: center\" data-start=\"840\" data-end=\"858\"><strong>Hur Man Anv\u00e4nder<\/strong><\/h2>\n<ol data-start=\"859\" data-end=\"1112\">\n<li data-start=\"859\" data-end=\"903\">\n<p data-start=\"862\" data-end=\"903\">Ta bort prydnaden fr\u00e5n f\u00f6rpackningen.<\/p>\n<\/li>\n<li data-start=\"904\" data-end=\"987\">\n<p data-start=\"907\" data-end=\"987\">Anv\u00e4nd det bifogade upph\u00e4ngningssn\u00f6ret f\u00f6r att placera den p\u00e5 din gran, krans eller n\u00e5gon krok.<\/p>\n<\/li>\n<li data-start=\"988\" data-end=\"1056\">\n<p data-start=\"991\" data-end=\"1056\">Justera dess position s\u00e5 att den h\u00e4nger rakt och f\u00e5ngar ljuset.<\/p>\n<\/li>\n<li data-start=\"1057\" data-end=\"1112\">\n<p data-start=\"1060\" data-end=\"1112\">Njut av den varma, festliga charm som den tillf\u00f6r ditt utrymme.<\/p>\n<\/li>\n<\/ol>\n<h2 style=\"text-align: center\" data-start=\"1119\" data-end=\"1142\"><strong>Produktdetaljer<\/strong><\/h2>\n<ul data-start=\"1143\" data-end=\"1408\">\n<li data-start=\"1177\" data-end=\"1206\">\n<p data-start=\"1179\" data-end=\"1206\">Material: Slitstark akryl<\/p>\n<\/li>\n<li data-start=\"1207\" data-end=\"1250\">\n<p data-start=\"1209\" data-end=\"1250\">Design: Djur i bo \/ skogsstil<\/p>\n<\/li>\n<li data-start=\"1251\" data-end=\"1312\">\n<p data-start=\"1253\" data-end=\"1312\">Funktioner: Unik, l\u00e4tt, enkel att h\u00e4nga upp, l\u00e5ng livsl\u00e4ngd<\/p>\n<\/li>\n<li data-start=\"1313\" data-end=\"1345\">\n<p data-start=\"1315\" data-end=\"1345\">H\u00f6jd: Ca 9 cm<\/p>\n<\/li>\n<li data-start=\"1346\" data-end=\"1408\">\n<p data-start=\"1348\" data-end=\"1408\">Anv\u00e4ndning: Julgranar, kransar, girlanger, heminredning, presenter<\/p>\n<\/li>\n<\/ul>\n<h2 style=\"text-align: center\" data-start=\"1415\" data-end=\"1439\"><strong>Paketet Inneh\u00e5ller<\/strong><\/h2>\n<ul data-start=\"1440\" data-end=\"1482\">\n<li data-start=\"1440\" data-end=\"1482\">\n<p data-start=\"1442\" data-end=\"1482\">3x handgjorda djur som julprydnad.<\/p>\n<\/li>\n<\/ul>\n","protected":false},"excerpt":{"rendered":"<p>L\u00e4gg till en varm, rustik charm till din semesterdekor med en unik handgjord djurprydnad. \ud83e\udd8c\ud83e\udd89 Den h\u00e4r handgjorda djurjulprydnaden ger [&hellip;]<\/p>\n","protected":false},"featured_media":51266,"comment_status":"open","ping_status":"closed","template":"","meta":{"site-sidebar-layout":"default","site-content-layout":"","ast-site-content-layout":"default","site-content-style":"default","site-sidebar-style":"default","ast-global-header-display":"","ast-banner-title-visibility":"","ast-main-header-display":"","ast-hfb-above-header-display":"","ast-hfb-below-header-display":"","ast-hfb-mobile-header-display":"","site-post-title":"","ast-breadcrumbs-content":"","ast-featured-img":"","footer-sml-layout":"","theme-transparent-header-meta":"default","adv-header-id-meta":"","stick-header-meta":"","header-above-stick-meta":"","header-main-stick-meta":"","header-below-stick-meta":"","astra-migrate-meta-layouts":"set","ast-page-background-enabled":"default","ast-page-background-meta":{"desktop":{"background-color":"var(--ast-global-color-4)","background-image":"","background-repeat":"repeat","background-position":"center center","background-size":"auto","background-attachment":"scroll","background-type":"","background-media":"","overlay-type":"","overlay-color":"","overlay-opacity":"","overlay-gradient":""},"tablet":{"background-color":"","background-image":"","background-repeat":"repeat","background-position":"center center","background-size":"auto","background-attachment":"scroll","background-type":"","background-media":"","overlay-type":"","overlay-color":"","overlay-opacity":"","overlay-gradient":""},"mobile":{"background-color":"","background-image":"","background-repeat":"repeat","background-position":"center center","background-size":"auto","background-attachment":"scroll","background-type":"","background-media":"","overlay-type":"","overlay-color":"","overlay-opacity":"","overlay-gradient":""}},"ast-content-background-meta":{"desktop":{"background-color":"var(--ast-global-color-5)","background-image":"","background-repeat":"repeat","background-position":"center center","background-size":"auto","background-attachment":"scroll","background-type":"","background-media":"","overlay-type":"","overlay-color":"","overlay-opacity":"","overlay-gradient":""},"tablet":{"background-color":"var(--ast-global-color-5)","background-image":"","background-repeat":"repeat","background-position":"center center","background-size":"auto","background-attachment":"scroll","background-type":"","background-media":"","overlay-type":"","overlay-color":"","overlay-opacity":"","overlay-gradient":""},"mobile":{"background-color":"var(--ast-global-color-5)","background-image":"","background-repeat":"repeat","background-position":"center center","background-size":"auto","background-attachment":"scroll","background-type":"","background-media":"","overlay-type":"","overlay-color":"","overlay-opacity":"","overlay-gradient":""}}},"product_brand":[],"product_cat":[1001],"product_tag":[],"class_list":{"0":"post-51270","1":"product","2":"type-product","3":"status-publish","4":"has-post-thumbnail","6":"product_cat-household-goods","7":"pa_49412_21mzklxw-dovendjur","8":"pa_49412_21mzklxw-ekorren","9":"pa_49412_21mzklxw-hare","10":"pa_49412_21mzklxw-humming-bird","11":"pa_49412_21mzklxw-igelkott","12":"pa_49412_21mzklxw-katt","13":"pa_49412_21mzklxw-koala","14":"pa_49412_21mzklxw-nyckelpiga","15":"pa_49412_21mzklxw-pungratta","16":"pa_49412_21mzklxw-rod-panda","17":"pa_49412_21mzklxw-spindel","18":"pa_49412_21mzklxw-tvattbjorn","19":"pa_49412_21mzklxw-uggla","20":"desktop-align-left","21":"tablet-align-left","22":"mobile-align-left","24":"first","25":"instock","26":"shipping-taxable","27":"purchasable","28":"product-type-variable"},"_links":{"self":[{"href":"https:\/\/keluvo.com\/se\/wp-json\/wp\/v2\/product\/51270","targetHints":{"allow":["GET"]}}],"collection":[{"href":"https:\/\/keluvo.com\/se\/wp-json\/wp\/v2\/product"}],"about":[{"href":"https:\/\/keluvo.com\/se\/wp-json\/wp\/v2\/types\/product"}],"replies":[{"embeddable":true,"href":"https:\/\/keluvo.com\/se\/wp-json\/wp\/v2\/comments?post=51270"}],"wp:featuredmedia":[{"embeddable":true,"href":"https:\/\/keluvo.com\/se\/wp-json\/wp\/v2\/media\/51266"}],"wp:attachment":[{"href":"https:\/\/keluvo.com\/se\/wp-json\/wp\/v2\/media?parent=51270"}],"wp:term":[{"taxonomy":"product_brand","embeddable":true,"href":"https:\/\/keluvo.com\/se\/wp-json\/wp\/v2\/product_brand?post=51270"},{"taxonomy":"product_cat","embeddable":true,"href":"https:\/\/keluvo.com\/se\/wp-json\/wp\/v2\/product_cat?post=51270"},{"taxonomy":"product_tag","embeddable":true,"href":"https:\/\/keluvo.com\/se\/wp-json\/wp\/v2\/product_tag?post=51270"}],"curies":[{"name":"wp","href":"https:\/\/api.w.org\/{rel}","templated":true}]}}