{"id":5118,"date":"2025-01-08T15:28:57","date_gmt":"2025-01-08T13:28:57","guid":{"rendered":"https:\/\/keluvo.com\/se\/product\/appelskalare-urkarning\/"},"modified":"2025-01-10T13:01:10","modified_gmt":"2025-01-10T11:01:10","slug":"appelskalare-urkarning","status":"publish","type":"product","link":"https:\/\/keluvo.com\/se\/product\/appelskalare-urkarning\/","title":{"rendered":"\u00c4ppelskalare &#8211; urk\u00e4rning"},"content":{"rendered":"<h2 style=\"text-align: center;\"><strong>Effektiv skalning och urk\u00e4rning<\/strong><\/h2>\n<p style=\"text-align: center;\">\u00c4ppelskalaren \u00e4r utformad f\u00f6r att g\u00f6ra skalning och urk\u00e4rning av \u00e4pplen enkelt och snabbt. Bladen i rostfritt st\u00e5l arbetar smidigt och avl\u00e4gsnar skal och k\u00e4rnor p\u00e5 n\u00e5gra sekunder, vilket sparar tid och anstr\u00e4ngning i k\u00f6ket. Perfekt f\u00f6r att f\u00f6rbereda \u00e4pplen till pajer, snacks eller sallader.<\/p>\n<p><img fetchpriority=\"high\" decoding=\"async\" width=\"1000\" height=\"1000\" class=\"alignnone size-medium wp-image-3182 aligncenter\" src=\"https:\/\/keluvo.com\/template\/wp-content\/uploads\/sites\/5\/2024\/11\/9d67dfe5-841a-4e04-9563-b502fd8e2bdd.webp\" alt=\"\" srcset=\"https:\/\/keluvo.com\/se\/wp-content\/uploads\/sites\/12\/2024\/11\/9d67dfe5-841a-4e04-9563-b502fd8e2bdd.webp 1000w, https:\/\/keluvo.com\/se\/wp-content\/uploads\/sites\/12\/2024\/11\/9d67dfe5-841a-4e04-9563-b502fd8e2bdd-300x300.webp 300w, https:\/\/keluvo.com\/se\/wp-content\/uploads\/sites\/12\/2024\/11\/9d67dfe5-841a-4e04-9563-b502fd8e2bdd-150x150.webp 150w, https:\/\/keluvo.com\/se\/wp-content\/uploads\/sites\/12\/2024\/11\/9d67dfe5-841a-4e04-9563-b502fd8e2bdd-768x768.webp 768w, https:\/\/keluvo.com\/se\/wp-content\/uploads\/sites\/12\/2024\/11\/9d67dfe5-841a-4e04-9563-b502fd8e2bdd-600x600.webp 600w, https:\/\/keluvo.com\/se\/wp-content\/uploads\/sites\/12\/2024\/11\/9d67dfe5-841a-4e04-9563-b502fd8e2bdd-100x100.webp 100w, https:\/\/keluvo.com\/se\/wp-content\/uploads\/sites\/12\/2024\/11\/9d67dfe5-841a-4e04-9563-b502fd8e2bdd-50x50.webp 50w\" sizes=\"(max-width: 1000px) 100vw, 1000px\" \/><\/p>\n<h2 style=\"text-align: center;\"><strong>M\u00e5ngsidig och l\u00e4tt att reng\u00f6ra<\/strong><\/h2>\n<p style=\"text-align: center;\">Den h\u00e4r skalaren och urk\u00e4rningsmaskinen \u00e4r gjord f\u00f6r mer \u00e4n bara \u00e4pplen och \u00e4r tillr\u00e4ckligt m\u00e5ngsidig f\u00f6r andra frukter som p\u00e4ron. Bladen i rostfritt st\u00e5l \u00e4r l\u00e4tta att reng\u00f6ra och underh\u00e5lla, vilket garanterar en h\u00f6g hygienniv\u00e5 vid varje anv\u00e4ndning och ett k\u00f6ksverktyg med l\u00e5ng livsl\u00e4ngd.<\/p>\n<p><img decoding=\"async\" width=\"1000\" height=\"1000\" class=\"alignnone size-medium wp-image-3185 aligncenter\" src=\"https:\/\/keluvo.com\/template\/wp-content\/uploads\/sites\/5\/2024\/11\/488e9bc3-079b-4b32-9aa5-36a4abbd47c5.webp\" alt=\"\" srcset=\"https:\/\/keluvo.com\/se\/wp-content\/uploads\/sites\/12\/2024\/11\/488e9bc3-079b-4b32-9aa5-36a4abbd47c5.webp 1000w, https:\/\/keluvo.com\/se\/wp-content\/uploads\/sites\/12\/2024\/11\/488e9bc3-079b-4b32-9aa5-36a4abbd47c5-300x300.webp 300w, https:\/\/keluvo.com\/se\/wp-content\/uploads\/sites\/12\/2024\/11\/488e9bc3-079b-4b32-9aa5-36a4abbd47c5-150x150.webp 150w, https:\/\/keluvo.com\/se\/wp-content\/uploads\/sites\/12\/2024\/11\/488e9bc3-079b-4b32-9aa5-36a4abbd47c5-768x768.webp 768w, https:\/\/keluvo.com\/se\/wp-content\/uploads\/sites\/12\/2024\/11\/488e9bc3-079b-4b32-9aa5-36a4abbd47c5-600x600.webp 600w, https:\/\/keluvo.com\/se\/wp-content\/uploads\/sites\/12\/2024\/11\/488e9bc3-079b-4b32-9aa5-36a4abbd47c5-100x100.webp 100w, https:\/\/keluvo.com\/se\/wp-content\/uploads\/sites\/12\/2024\/11\/488e9bc3-079b-4b32-9aa5-36a4abbd47c5-50x50.webp 50w\" sizes=\"(max-width: 1000px) 100vw, 1000px\" \/><\/p>\n","protected":false},"excerpt":{"rendered":"<p>Effektiv skalning och urk\u00e4rning \u00c4ppelskalaren \u00e4r utformad f\u00f6r att g\u00f6ra skalning och urk\u00e4rning av \u00e4pplen enkelt och snabbt. Bladen i [&hellip;]<\/p>\n","protected":false},"featured_media":5114,"comment_status":"open","ping_status":"closed","template":"","meta":{"site-sidebar-layout":"default","site-content-layout":"","ast-site-content-layout":"default","site-content-style":"default","site-sidebar-style":"default","ast-global-header-display":"","ast-banner-title-visibility":"","ast-main-header-display":"","ast-hfb-above-header-display":"","ast-hfb-below-header-display":"","ast-hfb-mobile-header-display":"","site-post-title":"","ast-breadcrumbs-content":"","ast-featured-img":"","footer-sml-layout":"","theme-transparent-header-meta":"default","adv-header-id-meta":"","stick-header-meta":"","header-above-stick-meta":"","header-main-stick-meta":"","header-below-stick-meta":"","astra-migrate-meta-layouts":"set","ast-page-background-enabled":"default","ast-page-background-meta":{"desktop":{"background-color":"var(--ast-global-color-4)","background-image":"","background-repeat":"repeat","background-position":"center center","background-size":"auto","background-attachment":"scroll","background-type":"","background-media":"","overlay-type":"","overlay-color":"","overlay-opacity":"","overlay-gradient":""},"tablet":{"background-color":"","background-image":"","background-repeat":"repeat","background-position":"center center","background-size":"auto","background-attachment":"scroll","background-type":"","background-media":"","overlay-type":"","overlay-color":"","overlay-opacity":"","overlay-gradient":""},"mobile":{"background-color":"","background-image":"","background-repeat":"repeat","background-position":"center center","background-size":"auto","background-attachment":"scroll","background-type":"","background-media":"","overlay-type":"","overlay-color":"","overlay-opacity":"","overlay-gradient":""}},"ast-content-background-meta":{"desktop":{"background-color":"var(--ast-global-color-5)","background-image":"","background-repeat":"repeat","background-position":"center center","background-size":"auto","background-attachment":"scroll","background-type":"","background-media":"","overlay-type":"","overlay-color":"","overlay-opacity":"","overlay-gradient":""},"tablet":{"background-color":"var(--ast-global-color-5)","background-image":"","background-repeat":"repeat","background-position":"center center","background-size":"auto","background-attachment":"scroll","background-type":"","background-media":"","overlay-type":"","overlay-color":"","overlay-opacity":"","overlay-gradient":""},"mobile":{"background-color":"var(--ast-global-color-5)","background-image":"","background-repeat":"repeat","background-position":"center center","background-size":"auto","background-attachment":"scroll","background-type":"","background-media":"","overlay-type":"","overlay-color":"","overlay-opacity":"","overlay-gradient":""}}},"product_brand":[],"product_cat":[1001],"product_tag":[],"class_list":{"0":"post-5118","1":"product","2":"type-product","3":"status-publish","4":"has-post-thumbnail","6":"product_cat-household-goods","7":"pa_fcq3lh3s-ljusgron","8":"pa_fcq3lh3s-morkgron","9":"desktop-align-left","10":"tablet-align-left","11":"mobile-align-left","13":"first","14":"instock","15":"shipping-taxable","16":"purchasable","17":"product-type-variable"},"_links":{"self":[{"href":"https:\/\/keluvo.com\/se\/wp-json\/wp\/v2\/product\/5118","targetHints":{"allow":["GET"]}}],"collection":[{"href":"https:\/\/keluvo.com\/se\/wp-json\/wp\/v2\/product"}],"about":[{"href":"https:\/\/keluvo.com\/se\/wp-json\/wp\/v2\/types\/product"}],"replies":[{"embeddable":true,"href":"https:\/\/keluvo.com\/se\/wp-json\/wp\/v2\/comments?post=5118"}],"wp:featuredmedia":[{"embeddable":true,"href":"https:\/\/keluvo.com\/se\/wp-json\/wp\/v2\/media\/5114"}],"wp:attachment":[{"href":"https:\/\/keluvo.com\/se\/wp-json\/wp\/v2\/media?parent=5118"}],"wp:term":[{"taxonomy":"product_brand","embeddable":true,"href":"https:\/\/keluvo.com\/se\/wp-json\/wp\/v2\/product_brand?post=5118"},{"taxonomy":"product_cat","embeddable":true,"href":"https:\/\/keluvo.com\/se\/wp-json\/wp\/v2\/product_cat?post=5118"},{"taxonomy":"product_tag","embeddable":true,"href":"https:\/\/keluvo.com\/se\/wp-json\/wp\/v2\/product_tag?post=5118"}],"curies":[{"name":"wp","href":"https:\/\/api.w.org\/{rel}","templated":true}]}}