{"id":51149,"date":"2025-11-26T19:36:46","date_gmt":"2025-11-26T17:36:46","guid":{"rendered":"https:\/\/keluvo.com\/se\/product\/multifunktionell-tygvaska\/"},"modified":"2025-12-01T18:17:26","modified_gmt":"2025-12-01T16:17:26","slug":"multifunktionell-tygvaska","status":"publish","type":"product","link":"https:\/\/keluvo.com\/se\/product\/multifunktionell-tygvaska\/","title":{"rendered":"Multifunktionell tygv\u00e4ska"},"content":{"rendered":"<p style=\"text-align: center;\" data-start=\"103\" data-end=\"182\"><strong>B\u00e4r med dig din b\u00e4rbara dator, lunch och andra viktiga saker i en snygg multifunktionell v\u00e4ska. \ud83d\udc5c<\/strong><\/p>\n<p style=\"text-align: center;\" data-start=\"184\" data-end=\"421\">Den h\u00e4r multifunktionella tygv\u00e4skan ers\u00e4tter alla dina dagliga v\u00e4skor med en elegant och praktisk l\u00f6sning. Den h\u00e5ller din b\u00e4rbara dator skyddad, dina m\u00e5ltider f\u00e4rska och dina v\u00e4sentligheter snyggt organiserade &#8211; perfekt f\u00f6r arbete, skola, resor eller daglig anv\u00e4ndning.<\/p>\n<p data-start=\"184\" data-end=\"421\"><img fetchpriority=\"high\" decoding=\"async\" class=\"size-full wp-image-42497 aligncenter\" src=\"https:\/\/keluvo.com\/template\/wp-content\/uploads\/sites\/5\/2025\/11\/10222-ezgif.com-video-to-webp-converter-6.webp\" alt=\"\" width=\"500\" height=\"500\" \/><\/p>\n<h2 style=\"text-align: center;\">\u2b50 Huvudf\u00f6rdelar<\/h2>\n<p data-start=\"449\" data-end=\"1117\">\ud83d\udc5c 2-i-1 konvertibel design &#8211; Byt fr\u00e5n en vanlig tote till en lunchv\u00e4ska p\u00e5 n\u00e5gra sekunder.<\/p>\n<p data-start=\"449\" data-end=\"1117\">\u2744\ufe0f Isolerat och l\u00e4ckages\u00e4kert lunchfack &#8211; H\u00e5ller maten f\u00e4rsk, varm upp till 5 timmar eller sval i 10+ timmar med ispaket.<\/p>\n<p data-start=\"449\" data-end=\"1117\">\ud83d\udcbb Passar 15,6&#8243; b\u00e4rbara datorer &#8211; Vadderat fack h\u00e5ller din teknik trygg och s\u00e4ker.<\/p>\n<p data-start=\"449\" data-end=\"1117\">\ud83c\udf92 Organiserad interi\u00f6r &#8211; Flera fickor f\u00f6r laddare, b\u00f6cker, iPad, dokument, snacks med mera.<\/p>\n<p data-start=\"449\" data-end=\"1117\">\ud83d\udeab St\u00f6ldskyddad bakficka &#8211; Skyddar din telefon, pl\u00e5nbok eller pass n\u00e4r du reser.<\/p>\n<p data-start=\"449\" data-end=\"1117\">\ud83d\udca6 Vattenavvisande och smutsavvisande &#8211; L\u00e4tt att reng\u00f6ra och gjord f\u00f6r att hantera hektiska dagar.<\/p>\n<p data-start=\"449\" data-end=\"1117\">\u2728 Lyxig quiltad design &#8211; Snygg, professionell och perfekt f\u00f6r alla tillf\u00e4llen.<\/p>\n<p data-start=\"449\" data-end=\"1117\"><img decoding=\"async\" class=\"size-full wp-image-42498 aligncenter\" src=\"https:\/\/keluvo.com\/template\/wp-content\/uploads\/sites\/5\/2025\/11\/a5fa80046cecebd561bf9e993ea577603622b11a.gif\" alt=\"\" width=\"720\" height=\"1280\" \/><\/p>\n<h2 style=\"text-align: center;\" data-start=\"1124\" data-end=\"1142\">\ud83d\udd27 Hur man anv\u00e4nder<\/h2>\n<ol data-start=\"1143\" data-end=\"1546\">\n<li data-start=\"1143\" data-end=\"1217\">\n<p data-start=\"1146\" data-end=\"1217\">\u00d6ppna huvuddragkedjan och placera din b\u00e4rbara dator i det vadderade facket.<\/p>\n<\/li>\n<li data-start=\"1218\" data-end=\"1299\">\n<p data-start=\"1221\" data-end=\"1299\">Anv\u00e4nd den vikbara avdelaren f\u00f6r att separera dina arbetsartiklar fr\u00e5n lunchavdelningen.<\/p>\n<\/li>\n<li data-start=\"1300\" data-end=\"1399\">\n<p data-start=\"1303\" data-end=\"1399\">\u00d6ppna det nedre isolerade facket och placera dina m\u00e5ltidsbeh\u00e5llare, snacks eller drycker inuti.<\/p>\n<\/li>\n<li data-start=\"1400\" data-end=\"1476\">\n<p data-start=\"1403\" data-end=\"1476\">Dragkedja allt s\u00e4kert och justera remmarna f\u00f6r bekv\u00e4m b\u00e4rning.<\/p>\n<\/li>\n<li data-start=\"1477\" data-end=\"1546\">\n<p data-start=\"1480\" data-end=\"1546\">Anv\u00e4nd den bakre st\u00f6ldskyddsfickan f\u00f6r att f\u00f6rvara v\u00e4rdesaker n\u00e4r du reser.<\/p>\n<\/li>\n<\/ol>\n<h2 style=\"text-align: center;\" data-start=\"1553\" data-end=\"1576\">\ud83d\udccf Produktdetaljer<\/h2>\n<ul data-start=\"1577\" data-end=\"2193\">\n<li data-start=\"1577\" data-end=\"1641\">\n<p data-start=\"1579\" data-end=\"1641\">Material: Quiltat, vattenavvisande och l\u00e4ttrengjort tyg<\/p>\n<\/li>\n<li data-start=\"1642\" data-end=\"1689\">\n<p data-start=\"1644\" data-end=\"1689\">Laptop-storlek: Passar b\u00e4rbara datorer upp till 15,6 tum<\/p>\n<\/li>\n<li data-start=\"1690\" data-end=\"1750\">\n<p data-start=\"1692\" data-end=\"1750\">Lunchfack: Isolerat, l\u00e4ckages\u00e4kert och vattent\u00e4tt<\/p>\n<\/li>\n<li data-start=\"1751\" data-end=\"1859\">\n<p data-start=\"1753\" data-end=\"1859\">Temperaturh\u00e5llning: H\u00e5ller maten varm i upp till 5 timmar; h\u00e5ller drycker svala i 10+ timmar med isp\u00e5sar<\/p>\n<\/li>\n<li data-start=\"1860\" data-end=\"1935\">\n<p data-start=\"1862\" data-end=\"1935\">Kapacitet: Rymmer flera beh\u00e5llare, frukt, snacks eller 12 burkar med dryck<\/p>\n<\/li>\n<li data-start=\"1936\" data-end=\"2102\">\n<p data-start=\"1938\" data-end=\"1953\">Fack:<\/p>\n<ul data-start=\"1956\" data-end=\"2102\">\n<li data-start=\"1956\" data-end=\"1983\">\n<p data-start=\"1958\" data-end=\"1983\">1 vadderad del f\u00f6r b\u00e4rbar dator<\/p>\n<\/li>\n<li data-start=\"1986\" data-end=\"2018\">\n<p data-start=\"1988\" data-end=\"2018\">1 isolerat matfack<\/p>\n<\/li>\n<li data-start=\"2021\" data-end=\"2071\">\n<p data-start=\"2023\" data-end=\"2071\">Flera innerfickor f\u00f6r dagliga n\u00f6dv\u00e4ndigheter<\/p>\n<\/li>\n<li data-start=\"2074\" data-end=\"2102\">\n<p data-start=\"2076\" data-end=\"2102\">1 st\u00f6ldskyddad bakficka<\/p>\n<\/li>\n<\/ul>\n<\/li>\n<li data-start=\"2103\" data-end=\"2193\">\n<p data-start=\"2105\" data-end=\"2193\">Anv\u00e4ndningsomr\u00e5den: Arbete, skola, resor, pendling, universitet, picknick, weekendresor och mycket mer<\/p>\n<\/li>\n<li data-start=\"2103\" data-end=\"2193\">Storlek: 42 x 16,5 x 32 cm<\/li>\n<\/ul>\n<h2 style=\"text-align: center;\" data-start=\"2200\" data-end=\"2224\">\ud83d\udce6 Paketet inneh\u00e5ller<\/h2>\n<ul data-start=\"2225\" data-end=\"2317\">\n<li data-start=\"2225\" data-end=\"2317\">\n<p data-start=\"2227\" data-end=\"2317\">1x multifunktionell tygv\u00e4ska.<\/p>\n<\/li>\n<\/ul>\n","protected":false},"excerpt":{"rendered":"<p>B\u00e4r med dig din b\u00e4rbara dator, lunch och andra viktiga saker i en snygg multifunktionell v\u00e4ska. \ud83d\udc5c Den h\u00e4r multifunktionella [&hellip;]<\/p>\n","protected":false},"featured_media":51145,"comment_status":"open","ping_status":"closed","template":"","meta":{"site-sidebar-layout":"default","site-content-layout":"","ast-site-content-layout":"default","site-content-style":"default","site-sidebar-style":"default","ast-global-header-display":"","ast-banner-title-visibility":"","ast-main-header-display":"","ast-hfb-above-header-display":"","ast-hfb-below-header-display":"","ast-hfb-mobile-header-display":"","site-post-title":"","ast-breadcrumbs-content":"","ast-featured-img":"","footer-sml-layout":"","theme-transparent-header-meta":"default","adv-header-id-meta":"","stick-header-meta":"","header-above-stick-meta":"","header-main-stick-meta":"","header-below-stick-meta":"","astra-migrate-meta-layouts":"set","ast-page-background-enabled":"default","ast-page-background-meta":{"desktop":{"background-color":"var(--ast-global-color-4)","background-image":"","background-repeat":"repeat","background-position":"center center","background-size":"auto","background-attachment":"scroll","background-type":"","background-media":"","overlay-type":"","overlay-color":"","overlay-opacity":"","overlay-gradient":""},"tablet":{"background-color":"","background-image":"","background-repeat":"repeat","background-position":"center center","background-size":"auto","background-attachment":"scroll","background-type":"","background-media":"","overlay-type":"","overlay-color":"","overlay-opacity":"","overlay-gradient":""},"mobile":{"background-color":"","background-image":"","background-repeat":"repeat","background-position":"center center","background-size":"auto","background-attachment":"scroll","background-type":"","background-media":"","overlay-type":"","overlay-color":"","overlay-opacity":"","overlay-gradient":""}},"ast-content-background-meta":{"desktop":{"background-color":"var(--ast-global-color-5)","background-image":"","background-repeat":"repeat","background-position":"center center","background-size":"auto","background-attachment":"scroll","background-type":"","background-media":"","overlay-type":"","overlay-color":"","overlay-opacity":"","overlay-gradient":""},"tablet":{"background-color":"var(--ast-global-color-5)","background-image":"","background-repeat":"repeat","background-position":"center center","background-size":"auto","background-attachment":"scroll","background-type":"","background-media":"","overlay-type":"","overlay-color":"","overlay-opacity":"","overlay-gradient":""},"mobile":{"background-color":"var(--ast-global-color-5)","background-image":"","background-repeat":"repeat","background-position":"center center","background-size":"auto","background-attachment":"scroll","background-type":"","background-media":"","overlay-type":"","overlay-color":"","overlay-opacity":"","overlay-gradient":""}}},"product_brand":[],"product_cat":[993],"product_tag":[],"class_list":{"0":"post-51149","1":"product","2":"type-product","3":"status-publish","4":"has-post-thumbnail","6":"product_cat-footwear-accessories","7":"pa_53713_f5oasxzm-brun","8":"pa_53713_f5oasxzm-gron","9":"pa_53713_f5oasxzm-khaki","10":"pa_53713_f5oasxzm-svart","11":"pa_53713_f5oasxzm-vit-brun","12":"pa_53713_f5oasxzm-vit-svart","13":"desktop-align-left","14":"tablet-align-left","15":"mobile-align-left","17":"first","18":"instock","19":"shipping-taxable","20":"purchasable","21":"product-type-variable"},"_links":{"self":[{"href":"https:\/\/keluvo.com\/se\/wp-json\/wp\/v2\/product\/51149","targetHints":{"allow":["GET"]}}],"collection":[{"href":"https:\/\/keluvo.com\/se\/wp-json\/wp\/v2\/product"}],"about":[{"href":"https:\/\/keluvo.com\/se\/wp-json\/wp\/v2\/types\/product"}],"replies":[{"embeddable":true,"href":"https:\/\/keluvo.com\/se\/wp-json\/wp\/v2\/comments?post=51149"}],"wp:featuredmedia":[{"embeddable":true,"href":"https:\/\/keluvo.com\/se\/wp-json\/wp\/v2\/media\/51145"}],"wp:attachment":[{"href":"https:\/\/keluvo.com\/se\/wp-json\/wp\/v2\/media?parent=51149"}],"wp:term":[{"taxonomy":"product_brand","embeddable":true,"href":"https:\/\/keluvo.com\/se\/wp-json\/wp\/v2\/product_brand?post=51149"},{"taxonomy":"product_cat","embeddable":true,"href":"https:\/\/keluvo.com\/se\/wp-json\/wp\/v2\/product_cat?post=51149"},{"taxonomy":"product_tag","embeddable":true,"href":"https:\/\/keluvo.com\/se\/wp-json\/wp\/v2\/product_tag?post=51149"}],"curies":[{"name":"wp","href":"https:\/\/api.w.org\/{rel}","templated":true}]}}