{"id":5090,"date":"2025-01-08T15:20:31","date_gmt":"2025-01-08T13:20:31","guid":{"rendered":"https:\/\/keluvo.com\/se\/product\/led-arbetsbelysning-med-dubbla-sidor\/"},"modified":"2025-03-14T13:35:52","modified_gmt":"2025-03-14T11:35:52","slug":"led-arbetsbelysning-med-dubbla-sidor","status":"publish","type":"product","link":"https:\/\/keluvo.com\/se\/product\/led-arbetsbelysning-med-dubbla-sidor\/","title":{"rendered":"LED arbetsbelysning med dubbla sidor"},"content":{"rendered":"<h2 style=\"text-align: center;\"><strong>Kraftfull dubbelsidig belysning<\/strong><\/h2>\n<p style=\"text-align: center;\">LED-arbetslampan med dubbla sidor ger stark vit och gul belysning f\u00f6r maximal synlighet. Med en ljusstyrka p\u00e5 9000 lumen och en bred 121-graders spridningsvinkel ger den utm\u00e4rkt t\u00e4ckning f\u00f6r alla arbetsuppgifter och fordon.<\/p>\n<p><img decoding=\"async\" class=\"alignnone size-medium wp-image-5022 aligncenter\" src=\"https:\/\/keluvo.com\/template\/wp-content\/uploads\/sites\/5\/2024\/12\/S4732c55e9cc44d8b87555c4526a02441c.jpg_960x960q75.jpg_.jpeg\" alt=\"\" \/><\/p>\n<h2 style=\"text-align: center;\"><strong>h\u00e5llbar och vattent\u00e4t design<\/strong><\/h2>\n<p style=\"text-align: center;\">Tillverkad med ett starkt h\u00f6lje i aluminiumlegering \u00e4r LED-arbetslampan med dubbla sidor byggd f\u00f6r att h\u00e5lla. Dess vattent\u00e4ta IP67-klassning och f\u00e4ste i rostfritt st\u00e5l s\u00e4kerst\u00e4ller tillf\u00f6rlitlig prestanda i alla v\u00e4derf\u00f6rh\u00e5llanden, fr\u00e5n regn till extrema temperaturer.<\/p>\n<p><img decoding=\"async\" class=\"alignnone size-medium wp-image-5020 aligncenter\" src=\"https:\/\/keluvo.com\/template\/wp-content\/uploads\/sites\/5\/2024\/12\/S7bba8c7f8b8e4385b907b4faa020bb3am.jpg_960x960q75.jpg_.jpeg\" \/><\/p>\n","protected":false},"excerpt":{"rendered":"<p>Kraftfull dubbelsidig belysning LED-arbetslampan med dubbla sidor ger stark vit och gul belysning f\u00f6r maximal synlighet. Med en ljusstyrka p\u00e5 [&hellip;]<\/p>\n","protected":false},"featured_media":5086,"comment_status":"open","ping_status":"closed","template":"","meta":{"site-sidebar-layout":"default","site-content-layout":"","ast-site-content-layout":"default","site-content-style":"default","site-sidebar-style":"default","ast-global-header-display":"","ast-banner-title-visibility":"","ast-main-header-display":"","ast-hfb-above-header-display":"","ast-hfb-below-header-display":"","ast-hfb-mobile-header-display":"","site-post-title":"","ast-breadcrumbs-content":"","ast-featured-img":"","footer-sml-layout":"","theme-transparent-header-meta":"default","adv-header-id-meta":"","stick-header-meta":"","header-above-stick-meta":"","header-main-stick-meta":"","header-below-stick-meta":"","astra-migrate-meta-layouts":"set","ast-page-background-enabled":"default","ast-page-background-meta":{"desktop":{"background-color":"var(--ast-global-color-4)","background-image":"","background-repeat":"repeat","background-position":"center center","background-size":"auto","background-attachment":"scroll","background-type":"","background-media":"","overlay-type":"","overlay-color":"","overlay-opacity":"","overlay-gradient":""},"tablet":{"background-color":"","background-image":"","background-repeat":"repeat","background-position":"center center","background-size":"auto","background-attachment":"scroll","background-type":"","background-media":"","overlay-type":"","overlay-color":"","overlay-opacity":"","overlay-gradient":""},"mobile":{"background-color":"","background-image":"","background-repeat":"repeat","background-position":"center center","background-size":"auto","background-attachment":"scroll","background-type":"","background-media":"","overlay-type":"","overlay-color":"","overlay-opacity":"","overlay-gradient":""}},"ast-content-background-meta":{"desktop":{"background-color":"var(--ast-global-color-5)","background-image":"","background-repeat":"repeat","background-position":"center center","background-size":"auto","background-attachment":"scroll","background-type":"","background-media":"","overlay-type":"","overlay-color":"","overlay-opacity":"","overlay-gradient":""},"tablet":{"background-color":"var(--ast-global-color-5)","background-image":"","background-repeat":"repeat","background-position":"center center","background-size":"auto","background-attachment":"scroll","background-type":"","background-media":"","overlay-type":"","overlay-color":"","overlay-opacity":"","overlay-gradient":""},"mobile":{"background-color":"var(--ast-global-color-5)","background-image":"","background-repeat":"repeat","background-position":"center center","background-size":"auto","background-attachment":"scroll","background-type":"","background-media":"","overlay-type":"","overlay-color":"","overlay-opacity":"","overlay-gradient":""}}},"product_brand":[],"product_cat":[1001],"product_tag":[],"class_list":{"0":"post-5090","1":"product","2":"type-product","3":"status-publish","4":"has-post-thumbnail","6":"product_cat-household-goods","7":"pa_bi84sty7-vit-bla-rod","8":"pa_bi84sty7-vit-och-bla","9":"pa_bi84sty7-vit-och-gul","10":"desktop-align-left","11":"tablet-align-left","12":"mobile-align-left","14":"first","15":"instock","16":"shipping-taxable","17":"purchasable","18":"product-type-variable","19":"has-default-attributes"},"_links":{"self":[{"href":"https:\/\/keluvo.com\/se\/wp-json\/wp\/v2\/product\/5090","targetHints":{"allow":["GET"]}}],"collection":[{"href":"https:\/\/keluvo.com\/se\/wp-json\/wp\/v2\/product"}],"about":[{"href":"https:\/\/keluvo.com\/se\/wp-json\/wp\/v2\/types\/product"}],"replies":[{"embeddable":true,"href":"https:\/\/keluvo.com\/se\/wp-json\/wp\/v2\/comments?post=5090"}],"wp:featuredmedia":[{"embeddable":true,"href":"https:\/\/keluvo.com\/se\/wp-json\/wp\/v2\/media\/5086"}],"wp:attachment":[{"href":"https:\/\/keluvo.com\/se\/wp-json\/wp\/v2\/media?parent=5090"}],"wp:term":[{"taxonomy":"product_brand","embeddable":true,"href":"https:\/\/keluvo.com\/se\/wp-json\/wp\/v2\/product_brand?post=5090"},{"taxonomy":"product_cat","embeddable":true,"href":"https:\/\/keluvo.com\/se\/wp-json\/wp\/v2\/product_cat?post=5090"},{"taxonomy":"product_tag","embeddable":true,"href":"https:\/\/keluvo.com\/se\/wp-json\/wp\/v2\/product_tag?post=5090"}],"curies":[{"name":"wp","href":"https:\/\/api.w.org\/{rel}","templated":true}]}}