{"id":50787,"date":"2025-11-26T02:03:14","date_gmt":"2025-11-26T00:03:14","guid":{"rendered":"https:\/\/keluvo.com\/se\/product\/skumrengoringsmedel-for-alla-andamal\/"},"modified":"2025-12-08T12:09:36","modified_gmt":"2025-12-08T10:09:36","slug":"skumrengoringsmedel-for-alla-andamal","status":"publish","type":"product","link":"https:\/\/keluvo.com\/se\/product\/skumrengoringsmedel-for-alla-andamal\/","title":{"rendered":"Skumreng\u00f6ringsmedel f\u00f6r alla \u00e4ndam\u00e5l"},"content":{"rendered":"<p style=\"text-align: center;\" data-start=\"0\" data-end=\"69\"><strong data-start=\"0\" data-end=\"69\">Djupreng\u00f6r Varje Yta P\u00e5 N\u00e5gra Sekunder Med Kraftfullt Expanderande Skum. \ud83d\ude97\ud83e\uddfc<\/strong><\/p>\n<p style=\"text-align: center;\" data-start=\"71\" data-end=\"364\">Den h\u00e4r skumreng\u00f6ringen f\u00f6r alla \u00e4ndam\u00e5l lyfter omedelbart smuts, fl\u00e4ckar och smuts fr\u00e5n bilens interi\u00f6r och l\u00e4mnar en ren, fr\u00e4sch och matt finish som ser ut som ny. Dess vattenbaserade formula expanderar till ett rikt skum som bryter ner sv\u00e5r smuts samtidigt som det skyddar ytor med l\u00e5ngvarigt UV-skydd.<\/p>\n<p data-start=\"71\" data-end=\"364\"><img fetchpriority=\"high\" decoding=\"async\" class=\"size-full wp-image-42420 aligncenter\" src=\"https:\/\/keluvo.com\/template\/wp-content\/uploads\/sites\/5\/2025\/11\/102210-ezgif.com-video-to-webp-converter-5.webp\" alt=\"\" width=\"500\" height=\"625\" \/><\/p>\n<h2 style=\"text-align: center;\" data-start=\"371\" data-end=\"393\">\ud83c\udf1f Huvudf\u00f6rdelar<\/h2>\n<p data-start=\"396\" data-end=\"499\">\ud83d\ude97 Reng\u00f6r alla ytor &#8211; s\u00e4ker p\u00e5 tyg, l\u00e4der, plast, vinyl, gummi, metall, glas med mera.<\/p>\n<p data-start=\"502\" data-end=\"595\">\ud83e\uddfc Avl\u00e4gsnar envis smuts &#8211; torkar bort damm, fingeravtryck, fl\u00e4ckar och fett direkt.<\/p>\n<p data-start=\"598\" data-end=\"687\">\ud83c\udf1e UV-skydd &#8211; f\u00f6rhindrar blekning, sprickbildning och missf\u00e4rgning i upp till 3 m\u00e5nader.<\/p>\n<p data-start=\"690\" data-end=\"751\">\u274c Sk\u00f6ljfri formula &#8211; bara spraya, torka och du \u00e4r klar.<\/p>\n<p data-start=\"754\" data-end=\"827\">\ud83c\udf3f Giftfri &amp; fettfri &#8211; l\u00e4mnar en torr, matt, luktfri finish.<\/p>\n<p data-start=\"830\" data-end=\"914\">\ud83c\udf38 Fr\u00e4sch lavendeldoft &#8211; neutraliserar lukter och h\u00e5ller din bil luktande ren.<\/p>\n<p data-start=\"830\" data-end=\"914\"><img decoding=\"async\" class=\"size-full wp-image-42417 aligncenter\" src=\"https:\/\/keluvo.com\/template\/wp-content\/uploads\/sites\/5\/2025\/11\/e3a4ed951ca958294f58260dd636ef5eb66b4bca-800.jpg\" alt=\"\" width=\"1080\" height=\"1080\" \/><\/p>\n<h2 style=\"text-align: center;\" data-start=\"921\" data-end=\"940\">\ud83d\udd27 Hur Man Anv\u00e4nder<\/h2>\n<ol data-start=\"941\" data-end=\"1156\">\n<li data-start=\"941\" data-end=\"968\">\n<p data-start=\"944\" data-end=\"968\">Skaka flaskan v\u00e4l.<\/p>\n<\/li>\n<li data-start=\"969\" data-end=\"1033\">\n<p data-start=\"972\" data-end=\"1033\">Spraya skummet direkt p\u00e5 ytan du vill reng\u00f6ra.<\/p>\n<\/li>\n<li data-start=\"1034\" data-end=\"1098\">\n<p data-start=\"1037\" data-end=\"1098\">Torka av omr\u00e5det med en handduk eller svamp tills smutsen lyfts bort.<\/p>\n<\/li>\n<li data-start=\"1099\" data-end=\"1156\">\n<p data-start=\"1102\" data-end=\"1156\">Du beh\u00f6ver inte sk\u00f6lja &#8211; torka bara bort eventuellt kvarvarande skum.<\/p>\n<\/li>\n<\/ol>\n<h2 style=\"text-align: center;\" data-start=\"1163\" data-end=\"1187\">\ud83d\udccc Produktdetaljer<\/h2>\n<ul data-start=\"1188\" data-end=\"1429\">\n<li data-start=\"1188\" data-end=\"1237\">\n<p data-start=\"1190\" data-end=\"1237\">Formula: Vattenbaserad, sk\u00f6ljfri, giftfri<\/p>\n<\/li>\n<li data-start=\"1238\" data-end=\"1271\">\n<p data-start=\"1240\" data-end=\"1271\">Finish: Matt, icke-fet<\/p>\n<\/li>\n<li data-start=\"1272\" data-end=\"1380\">\n<p data-start=\"1274\" data-end=\"1380\">S\u00e4ker f\u00f6r: Motorer, instrumentbr\u00e4dor, l\u00e4ders\u00e4ten, plastlister, vinyl, gummi, glas, konsoler m.m.<\/p>\n<\/li>\n<li data-start=\"1381\" data-end=\"1429\">\n<p data-start=\"1383\" data-end=\"1429\">Kapacitet: 30 ml, 100 ml, 300 ml<\/p>\n<\/li>\n<\/ul>\n<h2 style=\"text-align: center;\" data-start=\"1436\" data-end=\"1461\">\ud83d\udce6 F\u00f6rpackningen inneh\u00e5ller<\/h2>\n<ul data-start=\"1462\" data-end=\"1498\">\n<li data-start=\"1462\" data-end=\"1498\">\n<p data-start=\"1464\" data-end=\"1498\">1x skumreng\u00f6ringsmedel f\u00f6r alla \u00e4ndam\u00e5l.<\/p>\n<\/li>\n<\/ul>\n","protected":false},"excerpt":{"rendered":"<p>Djupreng\u00f6r Varje Yta P\u00e5 N\u00e5gra Sekunder Med Kraftfullt Expanderande Skum. \ud83d\ude97\ud83e\uddfc Den h\u00e4r skumreng\u00f6ringen f\u00f6r alla \u00e4ndam\u00e5l lyfter omedelbart smuts, [&hellip;]<\/p>\n","protected":false},"featured_media":50783,"comment_status":"open","ping_status":"closed","template":"","meta":{"site-sidebar-layout":"default","site-content-layout":"","ast-site-content-layout":"default","site-content-style":"default","site-sidebar-style":"default","ast-global-header-display":"","ast-banner-title-visibility":"","ast-main-header-display":"","ast-hfb-above-header-display":"","ast-hfb-below-header-display":"","ast-hfb-mobile-header-display":"","site-post-title":"","ast-breadcrumbs-content":"","ast-featured-img":"","footer-sml-layout":"","theme-transparent-header-meta":"default","adv-header-id-meta":"","stick-header-meta":"","header-above-stick-meta":"","header-main-stick-meta":"","header-below-stick-meta":"","astra-migrate-meta-layouts":"set","ast-page-background-enabled":"default","ast-page-background-meta":{"desktop":{"background-color":"var(--ast-global-color-4)","background-image":"","background-repeat":"repeat","background-position":"center center","background-size":"auto","background-attachment":"scroll","background-type":"","background-media":"","overlay-type":"","overlay-color":"","overlay-opacity":"","overlay-gradient":""},"tablet":{"background-color":"","background-image":"","background-repeat":"repeat","background-position":"center center","background-size":"auto","background-attachment":"scroll","background-type":"","background-media":"","overlay-type":"","overlay-color":"","overlay-opacity":"","overlay-gradient":""},"mobile":{"background-color":"","background-image":"","background-repeat":"repeat","background-position":"center center","background-size":"auto","background-attachment":"scroll","background-type":"","background-media":"","overlay-type":"","overlay-color":"","overlay-opacity":"","overlay-gradient":""}},"ast-content-background-meta":{"desktop":{"background-color":"var(--ast-global-color-5)","background-image":"","background-repeat":"repeat","background-position":"center center","background-size":"auto","background-attachment":"scroll","background-type":"","background-media":"","overlay-type":"","overlay-color":"","overlay-opacity":"","overlay-gradient":""},"tablet":{"background-color":"var(--ast-global-color-5)","background-image":"","background-repeat":"repeat","background-position":"center center","background-size":"auto","background-attachment":"scroll","background-type":"","background-media":"","overlay-type":"","overlay-color":"","overlay-opacity":"","overlay-gradient":""},"mobile":{"background-color":"var(--ast-global-color-5)","background-image":"","background-repeat":"repeat","background-position":"center center","background-size":"auto","background-attachment":"scroll","background-type":"","background-media":"","overlay-type":"","overlay-color":"","overlay-opacity":"","overlay-gradient":""}}},"product_brand":[],"product_cat":[998],"product_tag":[],"class_list":{"0":"post-50787","1":"product","2":"type-product","3":"status-publish","4":"has-post-thumbnail","6":"product_cat-automotive-products","7":"pa_53692_brvq8jwt-30-ml","8":"pa_53692_brvq8jwt-100-ml","9":"pa_53692_brvq8jwt-300-ml","10":"desktop-align-left","11":"tablet-align-left","12":"mobile-align-left","14":"first","15":"instock","16":"shipping-taxable","17":"purchasable","18":"product-type-variable"},"_links":{"self":[{"href":"https:\/\/keluvo.com\/se\/wp-json\/wp\/v2\/product\/50787","targetHints":{"allow":["GET"]}}],"collection":[{"href":"https:\/\/keluvo.com\/se\/wp-json\/wp\/v2\/product"}],"about":[{"href":"https:\/\/keluvo.com\/se\/wp-json\/wp\/v2\/types\/product"}],"replies":[{"embeddable":true,"href":"https:\/\/keluvo.com\/se\/wp-json\/wp\/v2\/comments?post=50787"}],"wp:featuredmedia":[{"embeddable":true,"href":"https:\/\/keluvo.com\/se\/wp-json\/wp\/v2\/media\/50783"}],"wp:attachment":[{"href":"https:\/\/keluvo.com\/se\/wp-json\/wp\/v2\/media?parent=50787"}],"wp:term":[{"taxonomy":"product_brand","embeddable":true,"href":"https:\/\/keluvo.com\/se\/wp-json\/wp\/v2\/product_brand?post=50787"},{"taxonomy":"product_cat","embeddable":true,"href":"https:\/\/keluvo.com\/se\/wp-json\/wp\/v2\/product_cat?post=50787"},{"taxonomy":"product_tag","embeddable":true,"href":"https:\/\/keluvo.com\/se\/wp-json\/wp\/v2\/product_tag?post=50787"}],"curies":[{"name":"wp","href":"https:\/\/api.w.org\/{rel}","templated":true}]}}