{"id":50736,"date":"2025-11-26T02:01:09","date_gmt":"2025-11-26T00:01:09","guid":{"rendered":"https:\/\/keluvo.com\/se\/product\/gasmasklock\/"},"modified":"2025-11-28T10:57:02","modified_gmt":"2025-11-28T08:57:02","slug":"gasmasklock","status":"publish","type":"product","link":"https:\/\/keluvo.com\/se\/product\/gasmasklock\/","title":{"rendered":"Gasmasklock"},"content":{"rendered":"<p style=\"text-align: center;\" data-start=\"0\" data-end=\"73\"><strong data-start=\"0\" data-end=\"73\">Skydda din sl\u00e4pvagnskoppling samtidigt som du ger din bil ett dj\u00e4rvt, unikt utseende. \ud83d\ude97<\/strong><\/p>\n<p style=\"text-align: center;\" data-start=\"75\" data-end=\"331\">Detta gasmasklock \u00e4r ett 3D-printat skydd f\u00f6r sl\u00e4pvagnskoppling som skyddar din koppling fr\u00e5n damm, rost och skador &#8211; samtidigt som det ger en framtr\u00e4dande design p\u00e5 baksidan av ditt fordon. Det \u00e4r tillverkat av h\u00e5llbart PLA-material och h\u00e5ller dragkroken ren och s\u00e4ker i alla v\u00e4der.<\/p>\n<p data-start=\"75\" data-end=\"331\"><img decoding=\"async\" class=\"size-full wp-image-42374 aligncenter\" src=\"https:\/\/keluvo.com\/template\/wp-content\/uploads\/sites\/5\/2025\/11\/10229-ezgif.com-video-to-webp-converter-5.webp\" alt=\"\" \/><\/p>\n<h2 style=\"text-align: center;\" data-start=\"338\" data-end=\"360\"><strong>Huvudf\u00f6rdelar<\/strong><\/h2>\n<p data-start=\"363\" data-end=\"430\">\ud83c\udfa8 Snygg design &#8211; ger ditt fordon en dj\u00e4rv, anpassad utseende.<\/p>\n<p data-start=\"433\" data-end=\"529\">\ud83d\udee1\ufe0f Skyddar mot smuts och rost &#8211; h\u00e5ller damm, regn och skr\u00e4p borta fr\u00e5n dragkroksmottagaren.<\/p>\n<p data-start=\"532\" data-end=\"612\">\ud83d\udea7 F\u00f6rb\u00e4ttrar s\u00e4kerheten &#8211; t\u00e4cker vassa delar f\u00f6r att f\u00f6rhindra olyckor eller repor.<\/p>\n<p data-start=\"615\" data-end=\"705\">\u2744\ufe0f V\u00e4derbest\u00e4ndig konstruktion &#8211; det starka PLA-materialet klarar v\u00e4rme, kyla och dagligt slitage.<\/p>\n<p data-start=\"708\" data-end=\"787\">\ud83d\udd27 Enkel installation &#8211; f\u00e4sts och tas bort snabbt utan verktyg.<\/p>\n<p data-start=\"708\" data-end=\"787\"><img fetchpriority=\"high\" decoding=\"async\" class=\"size-full wp-image-42372 aligncenter\" src=\"https:\/\/keluvo.com\/template\/wp-content\/uploads\/sites\/5\/2025\/11\/Sb581425edfd240449df7172eb1ff9497Y.jpg_960x960q75.jpg_.avif\" alt=\"\" width=\"800\" height=\"800\" \/><\/p>\n<h2 style=\"text-align: center;\" data-start=\"794\" data-end=\"814\"><strong>Hur Man Anv\u00e4nder<\/strong><\/h2>\n<ol data-start=\"815\" data-end=\"1030\">\n<li data-start=\"815\" data-end=\"855\">\n<p data-start=\"818\" data-end=\"855\">Tv\u00e4tta av dragkroksmottagaren om det beh\u00f6vs.<\/p>\n<\/li>\n<li data-start=\"856\" data-end=\"929\">\n<p data-start=\"859\" data-end=\"929\">Tryck gasmasklocket direkt p\u00e5 dragkulan eller mottagarr\u00f6ret.<\/p>\n<\/li>\n<li data-start=\"930\" data-end=\"968\">\n<p data-start=\"933\" data-end=\"968\">Se till att det sitter t\u00e4tt och j\u00e4mnt.<\/p>\n<\/li>\n<li data-start=\"969\" data-end=\"1030\">\n<p data-start=\"972\" data-end=\"1030\">F\u00f6r att ta bort det, dra bara av det f\u00f6r hand &#8211; inga verktyg kr\u00e4vs.<\/p>\n<\/li>\n<\/ol>\n<h2 style=\"text-align: center;\" data-start=\"1037\" data-end=\"1061\"><strong>Produktdetaljer<\/strong><\/h2>\n<ul data-start=\"1062\" data-end=\"1274\">\n<li data-start=\"1062\" data-end=\"1115\">\n<p data-start=\"1064\" data-end=\"1115\">Material: PLA (h\u00e5llbart och v\u00e4derbest\u00e4ndigt)<\/p>\n<\/li>\n<li data-start=\"1141\" data-end=\"1213\">\n<p data-start=\"1143\" data-end=\"1155\">Storlekar: S (<span style=\"font-size: 16px;\">11 x 8,5 x 8,5 cm), <\/span><span style=\"font-size: 16px;\">L (<\/span><span style=\"font-size: 16px;\">15 x 8 x 8 cm)<\/span><\/p>\n<\/li>\n<li data-start=\"1214\" data-end=\"1274\">\n<p data-start=\"1216\" data-end=\"1274\">Design: St\u00e5lhj\u00e4lm + gasmask 3D-style hitch cover<\/p>\n<\/li>\n<\/ul>\n<h2 style=\"text-align: center;\" data-start=\"1281\" data-end=\"1306\"><strong>Paketet inneh\u00e5ller<\/strong><\/h2>\n<ul data-start=\"1307\" data-end=\"1353\">\n<li data-start=\"1307\" data-end=\"1353\">\n<p data-start=\"1309\" data-end=\"1353\">1, 2x gasmasklock (dragkroksk\u00e5pa).<\/p>\n<\/li>\n<\/ul>\n","protected":false},"excerpt":{"rendered":"<p>Skydda din sl\u00e4pvagnskoppling samtidigt som du ger din bil ett dj\u00e4rvt, unikt utseende. \ud83d\ude97 Detta gasmasklock \u00e4r ett 3D-printat skydd [&hellip;]<\/p>\n","protected":false},"featured_media":50732,"comment_status":"open","ping_status":"closed","template":"","meta":{"site-sidebar-layout":"default","site-content-layout":"","ast-site-content-layout":"default","site-content-style":"default","site-sidebar-style":"default","ast-global-header-display":"","ast-banner-title-visibility":"","ast-main-header-display":"","ast-hfb-above-header-display":"","ast-hfb-below-header-display":"","ast-hfb-mobile-header-display":"","site-post-title":"","ast-breadcrumbs-content":"","ast-featured-img":"","footer-sml-layout":"","theme-transparent-header-meta":"default","adv-header-id-meta":"","stick-header-meta":"","header-above-stick-meta":"","header-main-stick-meta":"","header-below-stick-meta":"","astra-migrate-meta-layouts":"set","ast-page-background-enabled":"default","ast-page-background-meta":{"desktop":{"background-color":"var(--ast-global-color-4)","background-image":"","background-repeat":"repeat","background-position":"center center","background-size":"auto","background-attachment":"scroll","background-type":"","background-media":"","overlay-type":"","overlay-color":"","overlay-opacity":"","overlay-gradient":""},"tablet":{"background-color":"","background-image":"","background-repeat":"repeat","background-position":"center center","background-size":"auto","background-attachment":"scroll","background-type":"","background-media":"","overlay-type":"","overlay-color":"","overlay-opacity":"","overlay-gradient":""},"mobile":{"background-color":"","background-image":"","background-repeat":"repeat","background-position":"center center","background-size":"auto","background-attachment":"scroll","background-type":"","background-media":"","overlay-type":"","overlay-color":"","overlay-opacity":"","overlay-gradient":""}},"ast-content-background-meta":{"desktop":{"background-color":"var(--ast-global-color-5)","background-image":"","background-repeat":"repeat","background-position":"center center","background-size":"auto","background-attachment":"scroll","background-type":"","background-media":"","overlay-type":"","overlay-color":"","overlay-opacity":"","overlay-gradient":""},"tablet":{"background-color":"var(--ast-global-color-5)","background-image":"","background-repeat":"repeat","background-position":"center center","background-size":"auto","background-attachment":"scroll","background-type":"","background-media":"","overlay-type":"","overlay-color":"","overlay-opacity":"","overlay-gradient":""},"mobile":{"background-color":"var(--ast-global-color-5)","background-image":"","background-repeat":"repeat","background-position":"center center","background-size":"auto","background-attachment":"scroll","background-type":"","background-media":"","overlay-type":"","overlay-color":"","overlay-opacity":"","overlay-gradient":""}}},"product_brand":[],"product_cat":[998],"product_tag":[],"class_list":{"0":"post-50736","1":"product","2":"type-product","3":"status-publish","4":"has-post-thumbnail","6":"product_cat-automotive-products","7":"pa_53679_cdndmyg9-gron","8":"pa_53679_cdndmyg9-guld","9":"pa_53679_cdndmyg9-lila","10":"pa_53679_cdndmyg9-rod","11":"pa_53679_cdndmyg9-svart","12":"pa_53679_hoqhxlj0-s","13":"pa_53679_hoqhxlj0-l","14":"pa_53679_hrec76uc-1-st","15":"pa_53679_hrec76uc-2-st","16":"desktop-align-left","17":"tablet-align-left","18":"mobile-align-left","20":"first","21":"instock","22":"shipping-taxable","23":"purchasable","24":"product-type-variable","25":"has-default-attributes"},"_links":{"self":[{"href":"https:\/\/keluvo.com\/se\/wp-json\/wp\/v2\/product\/50736","targetHints":{"allow":["GET"]}}],"collection":[{"href":"https:\/\/keluvo.com\/se\/wp-json\/wp\/v2\/product"}],"about":[{"href":"https:\/\/keluvo.com\/se\/wp-json\/wp\/v2\/types\/product"}],"replies":[{"embeddable":true,"href":"https:\/\/keluvo.com\/se\/wp-json\/wp\/v2\/comments?post=50736"}],"wp:featuredmedia":[{"embeddable":true,"href":"https:\/\/keluvo.com\/se\/wp-json\/wp\/v2\/media\/50732"}],"wp:attachment":[{"href":"https:\/\/keluvo.com\/se\/wp-json\/wp\/v2\/media?parent=50736"}],"wp:term":[{"taxonomy":"product_brand","embeddable":true,"href":"https:\/\/keluvo.com\/se\/wp-json\/wp\/v2\/product_brand?post=50736"},{"taxonomy":"product_cat","embeddable":true,"href":"https:\/\/keluvo.com\/se\/wp-json\/wp\/v2\/product_cat?post=50736"},{"taxonomy":"product_tag","embeddable":true,"href":"https:\/\/keluvo.com\/se\/wp-json\/wp\/v2\/product_tag?post=50736"}],"curies":[{"name":"wp","href":"https:\/\/api.w.org\/{rel}","templated":true}]}}