{"id":50643,"date":"2025-11-26T01:55:10","date_gmt":"2025-11-25T23:55:10","guid":{"rendered":"https:\/\/keluvo.com\/se\/product\/gyroskopisk-mugghallare\/"},"modified":"2025-12-08T12:11:27","modified_gmt":"2025-12-08T10:11:27","slug":"gyroskopisk-mugghallare","status":"publish","type":"product","link":"https:\/\/keluvo.com\/se\/product\/gyroskopisk-mugghallare\/","title":{"rendered":"Gyroskopisk muggh\u00e5llare"},"content":{"rendered":"<p style=\"text-align: center;\" data-start=\"0\" data-end=\"74\"><strong data-start=\"0\" data-end=\"74\">H\u00e5ll Din Dryck Uppr\u00e4tt Och Spillfri P\u00e5 Alla V\u00e4gar, Stigar Och I All Terr\u00e4ng. \ud83d\udeab\ud83e\udd64<\/strong><\/p>\n<p style=\"text-align: center;\" data-start=\"76\" data-end=\"352\">Den h\u00e4r gyroskopiska muggh\u00e5llaren anv\u00e4nder automatisk nivelleringsteknik f\u00f6r att h\u00e5lla din dryck stadig \u00e4ven under st\u00f6tar, sv\u00e4ngar och terr\u00e4ngk\u00f6rning. Oavsett om du sitter p\u00e5 en motorcykel, traktor, lastbil eller cykel absorberar den h\u00e4r h\u00e5llaren vibrationer och f\u00f6rhindrar spill s\u00e5 att du kan h\u00e5lla fokus p\u00e5 v\u00e4gen.<\/p>\n<p data-start=\"76\" data-end=\"352\"><img fetchpriority=\"high\" decoding=\"async\" class=\"size-full wp-image-42231 aligncenter\" src=\"https:\/\/keluvo.com\/template\/wp-content\/uploads\/sites\/5\/2025\/11\/10225-ezgif.com-video-to-webp-converter-1-1.webp\" alt=\"\" width=\"500\" height=\"889\" \/><\/p>\n<h2 style=\"text-align: center;\" data-start=\"359\" data-end=\"381\">\ud83c\udf1f Huvudf\u00f6rdelar<\/h2>\n<p data-start=\"384\" data-end=\"480\">\ud83d\udeab\ud83e\udd64 Inget mer spill &#8211; gyroskopisk design h\u00e5ller din mugg uppr\u00e4tt p\u00e5 grov eller oj\u00e4mn terr\u00e4ng.<\/p>\n<p data-start=\"483\" data-end=\"570\">\ud83d\ude9c Perfekt f\u00f6r alla fordon &#8211; perfekt f\u00f6r motorcyklar, lastbilar, traktorer och cyklar.<\/p>\n<p data-start=\"573\" data-end=\"661\">\u26a1 Vibrationsabsorberande stabilitet &#8211; minskar 95% av skakningar f\u00f6r s\u00e4krare dryckesb\u00e4rande.<\/p>\n<p data-start=\"664\" data-end=\"754\">\ud83d\udd04 Justerbar &amp; roterbar &#8211; rotera eller flytta h\u00e5llaren med hj\u00e4lp av det flexibla klippet.<\/p>\n<p data-start=\"757\" data-end=\"844\">\ud83d\udd10 S\u00e4kert grepp &#8211; halkskyddande silikonfoder h\u00e5ller din burk eller kopp stadigt p\u00e5 plats.<\/p>\n<p data-start=\"847\" data-end=\"942\">\ud83c\udf26\ufe0f V\u00e4derbest\u00e4ndig &#8211; h\u00e5llbar konstruktionsplast t\u00e5l v\u00e4rme, kyla och tung anv\u00e4ndning.<\/p>\n<p data-start=\"847\" data-end=\"942\"><img decoding=\"async\" class=\" wp-image-42233 aligncenter\" src=\"https:\/\/keluvo.com\/template\/wp-content\/uploads\/sites\/5\/2025\/11\/56dfc425ca1b2f4ee6623c81386f5e18604b2609-900.avif\" alt=\"\" width=\"511\" height=\"484\" \/><\/p>\n<h2 style=\"text-align: center;\" data-start=\"949\" data-end=\"968\">\ud83e\udded Hur Man Anv\u00e4nder<\/h2>\n<ol data-start=\"969\" data-end=\"1228\">\n<li data-start=\"969\" data-end=\"1040\">\n<p data-start=\"972\" data-end=\"1040\">F\u00e4st den justerbara kl\u00e4mman p\u00e5 ditt styre, ram eller sidor\u00e4cke.<\/p>\n<\/li>\n<li data-start=\"1041\" data-end=\"1110\">\n<p data-start=\"1044\" data-end=\"1110\">Justera h\u00e5llarens vinkel efter behov med hj\u00e4lp av den roterbara mekanismen.<\/p>\n<\/li>\n<li data-start=\"1111\" data-end=\"1158\">\n<p data-start=\"1114\" data-end=\"1158\">S\u00e4tt i din dryck (upp till 6,5 cm diameter).<\/p>\n<\/li>\n<li data-start=\"1159\" data-end=\"1228\">\n<p data-start=\"1162\" data-end=\"1228\">\u00c5k, k\u00f6r eller arbeta &#8211; din dryck kommer att h\u00e5lla sig uppr\u00e4tt automatiskt.<\/p>\n<\/li>\n<\/ol>\n<h2 style=\"text-align: center;\" data-start=\"1235\" data-end=\"1259\">\ud83d\udccc Produktdetaljer<\/h2>\n<ul data-start=\"1260\" data-end=\"1495\">\n<li data-start=\"1260\" data-end=\"1298\">\n<p data-start=\"1262\" data-end=\"1298\">Material: ABS + halkskyddad silikon<\/p>\n<\/li>\n<li data-start=\"1299\" data-end=\"1343\">\n<p data-start=\"1301\" data-end=\"1343\">Passar burkar\/muggar upp till 6,5 cm i diameter<\/p>\n<\/li>\n<li data-start=\"1344\" data-end=\"1379\">\n<p data-start=\"1346\" data-end=\"1379\">Autonom gyroskopisk design<\/p>\n<\/li>\n<li data-start=\"1380\" data-end=\"1412\">\n<p data-start=\"1382\" data-end=\"1412\">Shockabsorberande konstruktion<\/p>\n<\/li>\n<li data-start=\"1413\" data-end=\"1446\">\n<p data-start=\"1415\" data-end=\"1446\">V\u00e4derbest\u00e4ndig och h\u00e5llbar<\/p>\n<\/li>\n<\/ul>\n<h2 style=\"text-align: center;\" data-start=\"1502\" data-end=\"1527\">\ud83d\udce6 F\u00f6rpackningen inneh\u00e5ller<\/h2>\n<ul data-start=\"1528\" data-end=\"1559\">\n<li data-start=\"1528\" data-end=\"1559\">\n<p data-start=\"1530\" data-end=\"1559\">1, 2x gyroskopisk muggh\u00e5llare.<\/p>\n<\/li>\n<\/ul>\n","protected":false},"excerpt":{"rendered":"<p>H\u00e5ll Din Dryck Uppr\u00e4tt Och Spillfri P\u00e5 Alla V\u00e4gar, Stigar Och I All Terr\u00e4ng. \ud83d\udeab\ud83e\udd64 Den h\u00e4r gyroskopiska muggh\u00e5llaren anv\u00e4nder [&hellip;]<\/p>\n","protected":false},"featured_media":50639,"comment_status":"open","ping_status":"closed","template":"","meta":{"site-sidebar-layout":"default","site-content-layout":"","ast-site-content-layout":"default","site-content-style":"default","site-sidebar-style":"default","ast-global-header-display":"","ast-banner-title-visibility":"","ast-main-header-display":"","ast-hfb-above-header-display":"","ast-hfb-below-header-display":"","ast-hfb-mobile-header-display":"","site-post-title":"","ast-breadcrumbs-content":"","ast-featured-img":"","footer-sml-layout":"","theme-transparent-header-meta":"default","adv-header-id-meta":"","stick-header-meta":"","header-above-stick-meta":"","header-main-stick-meta":"","header-below-stick-meta":"","astra-migrate-meta-layouts":"set","ast-page-background-enabled":"default","ast-page-background-meta":{"desktop":{"background-color":"var(--ast-global-color-4)","background-image":"","background-repeat":"repeat","background-position":"center center","background-size":"auto","background-attachment":"scroll","background-type":"","background-media":"","overlay-type":"","overlay-color":"","overlay-opacity":"","overlay-gradient":""},"tablet":{"background-color":"","background-image":"","background-repeat":"repeat","background-position":"center center","background-size":"auto","background-attachment":"scroll","background-type":"","background-media":"","overlay-type":"","overlay-color":"","overlay-opacity":"","overlay-gradient":""},"mobile":{"background-color":"","background-image":"","background-repeat":"repeat","background-position":"center center","background-size":"auto","background-attachment":"scroll","background-type":"","background-media":"","overlay-type":"","overlay-color":"","overlay-opacity":"","overlay-gradient":""}},"ast-content-background-meta":{"desktop":{"background-color":"var(--ast-global-color-5)","background-image":"","background-repeat":"repeat","background-position":"center center","background-size":"auto","background-attachment":"scroll","background-type":"","background-media":"","overlay-type":"","overlay-color":"","overlay-opacity":"","overlay-gradient":""},"tablet":{"background-color":"var(--ast-global-color-5)","background-image":"","background-repeat":"repeat","background-position":"center center","background-size":"auto","background-attachment":"scroll","background-type":"","background-media":"","overlay-type":"","overlay-color":"","overlay-opacity":"","overlay-gradient":""},"mobile":{"background-color":"var(--ast-global-color-5)","background-image":"","background-repeat":"repeat","background-position":"center center","background-size":"auto","background-attachment":"scroll","background-type":"","background-media":"","overlay-type":"","overlay-color":"","overlay-opacity":"","overlay-gradient":""}}},"product_brand":[],"product_cat":[998,993],"product_tag":[],"class_list":{"0":"post-50643","1":"product","2":"type-product","3":"status-publish","4":"has-post-thumbnail","6":"product_cat-automotive-products","7":"product_cat-footwear-accessories","8":"pa_53433_eup64z6c-gron","9":"pa_53433_eup64z6c-gul","10":"pa_53433_eup64z6c-rod","11":"pa_53433_eup64z6c-svart","12":"pa_53433_rhknm2yp-1-st","13":"pa_53433_rhknm2yp-2-st","14":"desktop-align-left","15":"tablet-align-left","16":"mobile-align-left","18":"first","19":"instock","20":"shipping-taxable","21":"purchasable","22":"product-type-variable","23":"has-default-attributes"},"_links":{"self":[{"href":"https:\/\/keluvo.com\/se\/wp-json\/wp\/v2\/product\/50643","targetHints":{"allow":["GET"]}}],"collection":[{"href":"https:\/\/keluvo.com\/se\/wp-json\/wp\/v2\/product"}],"about":[{"href":"https:\/\/keluvo.com\/se\/wp-json\/wp\/v2\/types\/product"}],"replies":[{"embeddable":true,"href":"https:\/\/keluvo.com\/se\/wp-json\/wp\/v2\/comments?post=50643"}],"wp:featuredmedia":[{"embeddable":true,"href":"https:\/\/keluvo.com\/se\/wp-json\/wp\/v2\/media\/50639"}],"wp:attachment":[{"href":"https:\/\/keluvo.com\/se\/wp-json\/wp\/v2\/media?parent=50643"}],"wp:term":[{"taxonomy":"product_brand","embeddable":true,"href":"https:\/\/keluvo.com\/se\/wp-json\/wp\/v2\/product_brand?post=50643"},{"taxonomy":"product_cat","embeddable":true,"href":"https:\/\/keluvo.com\/se\/wp-json\/wp\/v2\/product_cat?post=50643"},{"taxonomy":"product_tag","embeddable":true,"href":"https:\/\/keluvo.com\/se\/wp-json\/wp\/v2\/product_tag?post=50643"}],"curies":[{"name":"wp","href":"https:\/\/api.w.org\/{rel}","templated":true}]}}