{"id":50213,"date":"2025-11-21T19:23:54","date_gmt":"2025-11-21T17:23:54","guid":{"rendered":"https:\/\/keluvo.com\/se\/product\/skrapa-och-spakverktyg-i-rostfritt-stal-2-st\/"},"modified":"2025-11-24T17:03:39","modified_gmt":"2025-11-24T15:03:39","slug":"skrapa-och-spakverktyg-i-rostfritt-stal-2-st","status":"publish","type":"product","link":"https:\/\/keluvo.com\/se\/product\/skrapa-och-spakverktyg-i-rostfritt-stal-2-st\/","title":{"rendered":"Skrapa och spakverktyg i rostfritt st\u00e5l (2 st)"},"content":{"rendered":"<p style=\"text-align: center;\" data-start=\"0\" data-end=\"84\"><strong data-start=\"0\" data-end=\"84\">Ett starkt, vasst och p\u00e5litligt verktyg f\u00f6r alla nyp-, skrap- och reng\u00f6ringsjobb. \ud83d\udd27<\/strong><\/p>\n<p style=\"text-align: center;\" data-start=\"86\" data-end=\"371\">Den h\u00e4r skrapan och h\u00e4varmen i rostfritt st\u00e5l \u00e4r byggd f\u00f6r tuffa uppgifter &#8211; oavsett om du ska ta bort gammal t\u00e4tningsmassa, lyfta sm\u00e5 f\u00f6rem\u00e5l, skrapa bort rester eller dra ut spikar. Med en vass design med dubbla \u00e4ndar och kraftig konstruktion i rostfritt st\u00e5l g\u00f6r det kr\u00e4vande arbeten snabbare, s\u00e4krare och enklare.<\/p>\n<p data-start=\"86\" data-end=\"371\"><img fetchpriority=\"high\" decoding=\"async\" class=\"size-full wp-image-42129 aligncenter\" src=\"https:\/\/keluvo.com\/template\/wp-content\/uploads\/sites\/5\/2025\/11\/10222-ezgif.com-video-to-webp-converter-1-1.webp\" alt=\"\" width=\"500\" height=\"889\" \/><\/p>\n<h2 style=\"text-align: center;\" data-start=\"378\" data-end=\"400\"><strong>Huvudf\u00f6rdelar<\/strong><\/h2>\n<p data-start=\"403\" data-end=\"492\">\ud83d\udd27 2-i-1-brytj\u00e4rn + skrapa &#8211; ett verktyg f\u00f6r att b\u00e4nda, skrapa, lyfta och reng\u00f6ra.<\/p>\n<p data-start=\"495\" data-end=\"584\">\ud83e\ude9b Ultravassa \u00e4ndar &#8211; tar enkelt bort t\u00e4tningsmedel, f\u00e4rg, lim och envisa rester.<\/p>\n<p data-start=\"587\" data-end=\"685\">\ud83d\udee0\ufe0f Kraftig st\u00e5lkonstruktion &#8211; t\u00e5l b\u00f6jning, slag, dragning och m\u00e5nga \u00e5rs anv\u00e4ndning.<\/p>\n<p data-start=\"688\" data-end=\"784\">\ud83e\uddf2 Inbyggd spikutdragare &#8211; tar snabbt bort spikar fr\u00e5n v\u00e4ggar, lister och rivningsomr\u00e5den.<\/p>\n<p data-start=\"787\" data-end=\"889\">\ud83d\udca6 Rost- och korrosionsbest\u00e4ndig &#8211; emaljbel\u00e4ggning och polerat rostfritt st\u00e5l g\u00f6r att den ser ny ut.<\/p>\n<p data-start=\"787\" data-end=\"889\"><img decoding=\"async\" class=\"size-full wp-image-42128 aligncenter\" src=\"https:\/\/keluvo.com\/template\/wp-content\/uploads\/sites\/5\/2025\/11\/e1705770145106d7de5db3bf1c2e1938a235dc82-800.avif\" alt=\"\" \/><\/p>\n<h2 style=\"text-align: center;\" data-start=\"896\" data-end=\"915\"><strong>Anv\u00e4ndning<\/strong><\/h2>\n<ol data-start=\"916\" data-end=\"1284\">\n<li data-start=\"916\" data-end=\"994\">\n<p data-start=\"919\" data-end=\"994\">V\u00e4lj den \u00e4nde du beh\u00f6ver &#8211; h\u00e4varms\u00e4nden f\u00f6r b\u00e4ndning eller skrapsidan f\u00f6r reng\u00f6ring.<\/p>\n<\/li>\n<li data-start=\"995\" data-end=\"1070\">\n<p data-start=\"998\" data-end=\"1070\">Placera den vassa kanten under materialet du vill lyfta eller ta bort.<\/p>\n<\/li>\n<li data-start=\"1071\" data-end=\"1138\">\n<p data-start=\"1074\" data-end=\"1138\">Applicera stadigt tryck f\u00f6r att b\u00e4nda, skrapa, lyfta eller ta bort rester.<\/p>\n<\/li>\n<li data-start=\"1139\" data-end=\"1220\">\n<p data-start=\"1142\" data-end=\"1220\">Anv\u00e4nd spikdragar\u00f6glan f\u00f6r att ta tag i och ta bort spikar under rivningsarbeten.<\/p>\n<\/li>\n<li data-start=\"1221\" data-end=\"1284\">\n<p data-start=\"1224\" data-end=\"1284\">Torka rent efter anv\u00e4ndning f\u00f6r att bibeh\u00e5lla sk\u00e4rpa och h\u00e5llbarhet.<\/p>\n<\/li>\n<\/ol>\n<h2 style=\"text-align: center;\" data-start=\"1291\" data-end=\"1315\"><strong>Produktdetaljer<\/strong><\/h2>\n<ul data-start=\"1316\" data-end=\"1592\">\n<li data-start=\"1316\" data-end=\"1386\">\n<p data-start=\"1318\" data-end=\"1386\">Material: Rostfritt st\u00e5l (v\u00e4rmebehandlat &amp; korrosionsbest\u00e4ndigt)<\/p>\n<\/li>\n<li data-start=\"1316\" data-end=\"1386\">\n<p data-start=\"1318\" data-end=\"1386\">Storlek: 17 x 2,8 x 1,9 cm<\/p>\n<\/li>\n<li data-start=\"1316\" data-end=\"1386\">\n<p data-start=\"1318\" data-end=\"1386\">Vikt: 170g<\/p>\n<\/li>\n<li data-start=\"1467\" data-end=\"1592\">\n<p data-start=\"1469\" data-end=\"1480\">Funktioner: <span style=\"font-size: 16px;\">Verktyg med dubbla \u00e4ndar (skrapa + br\u00e4ckj\u00e4rn), <\/span><span style=\"font-size: 16px;\">90\u00b0 spakdesign, \u00f6gla f\u00f6r spikutdragning, ultravassa kanter<\/span><\/p>\n<\/li>\n<\/ul>\n<h2 style=\"text-align: center;\" data-start=\"1599\" data-end=\"1624\"><strong>F\u00f6rpackningen inneh\u00e5ller<\/strong><\/h2>\n<ul data-start=\"1625\" data-end=\"1673\">\n<li data-start=\"1625\" data-end=\"1673\">\n<p data-start=\"1627\" data-end=\"1673\">2x skrapa och spakverktyg i rostfritt st\u00e5l.<\/p>\n<\/li>\n<\/ul>\n","protected":false},"excerpt":{"rendered":"<p>Ett starkt, vasst och p\u00e5litligt verktyg f\u00f6r alla nyp-, skrap- och reng\u00f6ringsjobb. \ud83d\udd27 Den h\u00e4r skrapan och h\u00e4varmen i rostfritt [&hellip;]<\/p>\n","protected":false},"featured_media":50209,"comment_status":"open","ping_status":"closed","template":"","meta":{"site-sidebar-layout":"default","site-content-layout":"","ast-site-content-layout":"default","site-content-style":"default","site-sidebar-style":"default","ast-global-header-display":"","ast-banner-title-visibility":"","ast-main-header-display":"","ast-hfb-above-header-display":"","ast-hfb-below-header-display":"","ast-hfb-mobile-header-display":"","site-post-title":"","ast-breadcrumbs-content":"","ast-featured-img":"","footer-sml-layout":"","theme-transparent-header-meta":"default","adv-header-id-meta":"","stick-header-meta":"","header-above-stick-meta":"","header-main-stick-meta":"","header-below-stick-meta":"","astra-migrate-meta-layouts":"set","ast-page-background-enabled":"default","ast-page-background-meta":{"desktop":{"background-color":"var(--ast-global-color-4)","background-image":"","background-repeat":"repeat","background-position":"center center","background-size":"auto","background-attachment":"scroll","background-type":"","background-media":"","overlay-type":"","overlay-color":"","overlay-opacity":"","overlay-gradient":""},"tablet":{"background-color":"","background-image":"","background-repeat":"repeat","background-position":"center center","background-size":"auto","background-attachment":"scroll","background-type":"","background-media":"","overlay-type":"","overlay-color":"","overlay-opacity":"","overlay-gradient":""},"mobile":{"background-color":"","background-image":"","background-repeat":"repeat","background-position":"center center","background-size":"auto","background-attachment":"scroll","background-type":"","background-media":"","overlay-type":"","overlay-color":"","overlay-opacity":"","overlay-gradient":""}},"ast-content-background-meta":{"desktop":{"background-color":"var(--ast-global-color-5)","background-image":"","background-repeat":"repeat","background-position":"center center","background-size":"auto","background-attachment":"scroll","background-type":"","background-media":"","overlay-type":"","overlay-color":"","overlay-opacity":"","overlay-gradient":""},"tablet":{"background-color":"var(--ast-global-color-5)","background-image":"","background-repeat":"repeat","background-position":"center center","background-size":"auto","background-attachment":"scroll","background-type":"","background-media":"","overlay-type":"","overlay-color":"","overlay-opacity":"","overlay-gradient":""},"mobile":{"background-color":"var(--ast-global-color-5)","background-image":"","background-repeat":"repeat","background-position":"center center","background-size":"auto","background-attachment":"scroll","background-type":"","background-media":"","overlay-type":"","overlay-color":"","overlay-opacity":"","overlay-gradient":""}}},"product_brand":[],"product_cat":[15],"product_tag":[],"class_list":{"0":"post-50213","1":"product","2":"type-product","3":"status-publish","4":"has-post-thumbnail","6":"product_cat-uncategorized","7":"desktop-align-left","8":"tablet-align-left","9":"mobile-align-left","11":"first","12":"instock","13":"shipping-taxable","14":"purchasable","15":"product-type-simple"},"_links":{"self":[{"href":"https:\/\/keluvo.com\/se\/wp-json\/wp\/v2\/product\/50213","targetHints":{"allow":["GET"]}}],"collection":[{"href":"https:\/\/keluvo.com\/se\/wp-json\/wp\/v2\/product"}],"about":[{"href":"https:\/\/keluvo.com\/se\/wp-json\/wp\/v2\/types\/product"}],"replies":[{"embeddable":true,"href":"https:\/\/keluvo.com\/se\/wp-json\/wp\/v2\/comments?post=50213"}],"wp:featuredmedia":[{"embeddable":true,"href":"https:\/\/keluvo.com\/se\/wp-json\/wp\/v2\/media\/50209"}],"wp:attachment":[{"href":"https:\/\/keluvo.com\/se\/wp-json\/wp\/v2\/media?parent=50213"}],"wp:term":[{"taxonomy":"product_brand","embeddable":true,"href":"https:\/\/keluvo.com\/se\/wp-json\/wp\/v2\/product_brand?post=50213"},{"taxonomy":"product_cat","embeddable":true,"href":"https:\/\/keluvo.com\/se\/wp-json\/wp\/v2\/product_cat?post=50213"},{"taxonomy":"product_tag","embeddable":true,"href":"https:\/\/keluvo.com\/se\/wp-json\/wp\/v2\/product_tag?post=50213"}],"curies":[{"name":"wp","href":"https:\/\/api.w.org\/{rel}","templated":true}]}}