{"id":50093,"date":"2025-11-21T19:14:30","date_gmt":"2025-11-21T17:14:30","guid":{"rendered":"https:\/\/keluvo.com\/se\/product\/hallare-for-barhandtag-med-flera-anvandningsomraden\/"},"modified":"2025-12-01T15:19:46","modified_gmt":"2025-12-01T13:19:46","slug":"hallare-for-barhandtag-med-flera-anvandningsomraden","status":"publish","type":"product","link":"https:\/\/keluvo.com\/se\/product\/hallare-for-barhandtag-med-flera-anvandningsomraden\/","title":{"rendered":"H\u00e5llare f\u00f6r b\u00e4rhandtag med flera anv\u00e4ndningsomr\u00e5den"},"content":{"rendered":"<p style=\"text-align: center;\" data-start=\"0\" data-end=\"64\"><strong data-start=\"0\" data-end=\"64\">B\u00e4r Flera V\u00e4skor Utan Att Anstr\u00e4nga H\u00e4nderna Och Med Total Komfort. \ud83d\udcaa\ud83d\uded2<\/strong><\/p>\n<p style=\"text-align: center;\" data-start=\"66\" data-end=\"314\">Den h\u00e4r multifunktionella b\u00e4rhandtagsh\u00e5llaren g\u00f6r det enkelt att shoppa, flytta och lyfta tunga v\u00e4skor. Den \u00e4r utformad f\u00f6r att f\u00f6rdela vikten j\u00e4mnt och l\u00e5ter dig b\u00e4ra upp till 45 kg utan att f\u00e5 ont i h\u00e4nderna &#8211; perfekt f\u00f6r trappor, l\u00e5nga promenader och tunga \u00e4renden.<\/p>\n<p data-start=\"66\" data-end=\"314\"><img decoding=\"async\" class=\"size-full wp-image-42004 aligncenter\" src=\"https:\/\/keluvo.com\/template\/wp-content\/uploads\/sites\/5\/2025\/11\/568f0cfa-c1ca-4533-960b-579d0f3f9e3a.gif\" alt=\"\" \/><\/p>\n<h2 style=\"text-align: center;\" data-start=\"321\" data-end=\"343\">\ud83c\udf1f Huvudf\u00f6rdelar<\/h2>\n<p data-start=\"346\" data-end=\"439\">\ud83d\udcaa Handsfree-komfort &#8211; b\u00e4r flera v\u00e4skor samtidigt utan sm\u00e4rtsamma fingrar eller tryck.<\/p>\n<p data-start=\"442\" data-end=\"531\">\ud83e\uddf1 Rymmer upp till 45 kg &#8211; stark viktf\u00f6rdelning g\u00f6r att tunga laster k\u00e4nns l\u00e4ttare.<\/p>\n<p data-start=\"534\" data-end=\"630\">\ud83d\uded2 Perfekt f\u00f6r alla uppgifter &#8211; matink\u00f6p, hemmabruk, lagerarbete, utomhus och byggnation.<\/p>\n<p data-start=\"633\" data-end=\"717\">\ud83d\udee1\ufe0f S\u00e4kert, h\u00e5llbart material &#8211; tillverkat av tjock, robust ABS f\u00f6r l\u00e5ngvarig anv\u00e4ndning.<\/p>\n<p data-start=\"720\" data-end=\"796\">\ud83c\udf81 Fantastisk praktisk present &#8211; perfekt f\u00f6r alla som b\u00e4r tunga v\u00e4skor dagligen.<\/p>\n<p data-start=\"720\" data-end=\"796\"><img decoding=\"async\" class=\"size-full wp-image-42003 aligncenter\" src=\"https:\/\/keluvo.com\/template\/wp-content\/uploads\/sites\/5\/2025\/11\/83c4808e0bb21cb64405003d59d4bf13db8fc0af.avif\" alt=\"\" \/><\/p>\n<h2 style=\"text-align: center;\" data-start=\"803\" data-end=\"822\">\ud83e\udded Hur Man Anv\u00e4nder<\/h2>\n<ol data-start=\"823\" data-end=\"1010\">\n<li data-start=\"823\" data-end=\"868\">\n<p data-start=\"826\" data-end=\"868\">Samla ihop handtagen till dina matkassar eller tygkassar.<\/p>\n<\/li>\n<li data-start=\"869\" data-end=\"912\">\n<p data-start=\"872\" data-end=\"912\">Placera alla handtag p\u00e5 b\u00e4rkroken.<\/p>\n<\/li>\n<li data-start=\"913\" data-end=\"969\">\n<p data-start=\"916\" data-end=\"969\">Greppa det ergonomiska handtaget eller f\u00e4st det p\u00e5 handleden.<\/p>\n<\/li>\n<li data-start=\"970\" data-end=\"1010\">\n<p data-start=\"973\" data-end=\"1010\">Lyft och b\u00e4r dina v\u00e4skor med l\u00e4tthet.<\/p>\n<\/li>\n<\/ol>\n<h2 style=\"text-align: center;\" data-start=\"1017\" data-end=\"1041\">\ud83d\udccf Produktdetaljer<\/h2>\n<ul data-start=\"1042\" data-end=\"1218\">\n<li data-start=\"1080\" data-end=\"1111\">\n<p data-start=\"1082\" data-end=\"1111\">Material: Tjock ABS-plast<\/p>\n<\/li>\n<li data-start=\"1112\" data-end=\"1129\">\n<p data-start=\"1114\" data-end=\"1129\">Vikt: 143 g<\/p>\n<\/li>\n<li data-start=\"1130\" data-end=\"1183\">\n<p data-start=\"1132\" data-end=\"1183\">Storlek: 17,3 x 9,2 x 1,6 cm<\/p>\n<\/li>\n<li data-start=\"1184\" data-end=\"1218\">\n<p data-start=\"1186\" data-end=\"1218\">Viktkapacitet: Upp till 45 kg<\/p>\n<\/li>\n<\/ul>\n<h2 style=\"text-align: center;\" data-start=\"1225\" data-end=\"1250\">\ud83d\udce6 I Paketet ing\u00e5r<\/h2>\n<ul data-start=\"1251\" data-end=\"1290\" data-is-last-node=\"\" data-is-only-node=\"\">\n<li data-start=\"1251\" data-end=\"1290\" data-is-last-node=\"\">\n<p data-start=\"1253\" data-end=\"1290\" data-is-last-node=\"\">1, 2x multifunktionell b\u00e4rhandtagsh\u00e5llare.<\/p>\n<\/li>\n<\/ul>\n","protected":false},"excerpt":{"rendered":"<p>B\u00e4r Flera V\u00e4skor Utan Att Anstr\u00e4nga H\u00e4nderna Och Med Total Komfort. \ud83d\udcaa\ud83d\uded2 Den h\u00e4r multifunktionella b\u00e4rhandtagsh\u00e5llaren g\u00f6r det enkelt att [&hellip;]<\/p>\n","protected":false},"featured_media":50089,"comment_status":"open","ping_status":"closed","template":"","meta":{"site-sidebar-layout":"default","site-content-layout":"","ast-site-content-layout":"default","site-content-style":"default","site-sidebar-style":"default","ast-global-header-display":"","ast-banner-title-visibility":"","ast-main-header-display":"","ast-hfb-above-header-display":"","ast-hfb-below-header-display":"","ast-hfb-mobile-header-display":"","site-post-title":"","ast-breadcrumbs-content":"","ast-featured-img":"","footer-sml-layout":"","theme-transparent-header-meta":"default","adv-header-id-meta":"","stick-header-meta":"","header-above-stick-meta":"","header-main-stick-meta":"","header-below-stick-meta":"","astra-migrate-meta-layouts":"set","ast-page-background-enabled":"default","ast-page-background-meta":{"desktop":{"background-color":"var(--ast-global-color-4)","background-image":"","background-repeat":"repeat","background-position":"center center","background-size":"auto","background-attachment":"scroll","background-type":"","background-media":"","overlay-type":"","overlay-color":"","overlay-opacity":"","overlay-gradient":""},"tablet":{"background-color":"","background-image":"","background-repeat":"repeat","background-position":"center center","background-size":"auto","background-attachment":"scroll","background-type":"","background-media":"","overlay-type":"","overlay-color":"","overlay-opacity":"","overlay-gradient":""},"mobile":{"background-color":"","background-image":"","background-repeat":"repeat","background-position":"center center","background-size":"auto","background-attachment":"scroll","background-type":"","background-media":"","overlay-type":"","overlay-color":"","overlay-opacity":"","overlay-gradient":""}},"ast-content-background-meta":{"desktop":{"background-color":"var(--ast-global-color-5)","background-image":"","background-repeat":"repeat","background-position":"center center","background-size":"auto","background-attachment":"scroll","background-type":"","background-media":"","overlay-type":"","overlay-color":"","overlay-opacity":"","overlay-gradient":""},"tablet":{"background-color":"var(--ast-global-color-5)","background-image":"","background-repeat":"repeat","background-position":"center center","background-size":"auto","background-attachment":"scroll","background-type":"","background-media":"","overlay-type":"","overlay-color":"","overlay-opacity":"","overlay-gradient":""},"mobile":{"background-color":"var(--ast-global-color-5)","background-image":"","background-repeat":"repeat","background-position":"center center","background-size":"auto","background-attachment":"scroll","background-type":"","background-media":"","overlay-type":"","overlay-color":"","overlay-opacity":"","overlay-gradient":""}}},"product_brand":[],"product_cat":[1001,996],"product_tag":[],"class_list":{"0":"post-50093","1":"product","2":"type-product","3":"status-publish","4":"has-post-thumbnail","6":"product_cat-household-goods","7":"product_cat-tools","8":"pa_52559_5zras1dj-1-st","9":"pa_52559_5zras1dj-2-st","10":"pa_52559_w406lseo-lila","11":"pa_52559_w406lseo-orange","12":"pa_52559_w406lseo-rod","13":"desktop-align-left","14":"tablet-align-left","15":"mobile-align-left","17":"first","18":"instock","19":"shipping-taxable","20":"purchasable","21":"product-type-variable","22":"has-default-attributes"},"_links":{"self":[{"href":"https:\/\/keluvo.com\/se\/wp-json\/wp\/v2\/product\/50093","targetHints":{"allow":["GET"]}}],"collection":[{"href":"https:\/\/keluvo.com\/se\/wp-json\/wp\/v2\/product"}],"about":[{"href":"https:\/\/keluvo.com\/se\/wp-json\/wp\/v2\/types\/product"}],"replies":[{"embeddable":true,"href":"https:\/\/keluvo.com\/se\/wp-json\/wp\/v2\/comments?post=50093"}],"wp:featuredmedia":[{"embeddable":true,"href":"https:\/\/keluvo.com\/se\/wp-json\/wp\/v2\/media\/50089"}],"wp:attachment":[{"href":"https:\/\/keluvo.com\/se\/wp-json\/wp\/v2\/media?parent=50093"}],"wp:term":[{"taxonomy":"product_brand","embeddable":true,"href":"https:\/\/keluvo.com\/se\/wp-json\/wp\/v2\/product_brand?post=50093"},{"taxonomy":"product_cat","embeddable":true,"href":"https:\/\/keluvo.com\/se\/wp-json\/wp\/v2\/product_cat?post=50093"},{"taxonomy":"product_tag","embeddable":true,"href":"https:\/\/keluvo.com\/se\/wp-json\/wp\/v2\/product_tag?post=50093"}],"curies":[{"name":"wp","href":"https:\/\/api.w.org\/{rel}","templated":true}]}}