{"id":50054,"date":"2025-11-21T19:11:41","date_gmt":"2025-11-21T17:11:41","guid":{"rendered":"https:\/\/keluvo.com\/se\/product\/automatiskt-upprullningsbart-mattband-3-st\/"},"modified":"2025-12-01T15:19:31","modified_gmt":"2025-12-01T13:19:31","slug":"automatiskt-upprullningsbart-mattband-3-st","status":"publish","type":"product","link":"https:\/\/keluvo.com\/se\/product\/automatiskt-upprullningsbart-mattband-3-st\/","title":{"rendered":"Automatiskt upprullningsbart m\u00e5ttband (3 st)"},"content":{"rendered":"<p style=\"text-align: center;\" data-start=\"0\" data-end=\"67\"><strong data-start=\"0\" data-end=\"67\">F\u00e5 snabba och exakta m\u00e4tningar med en enkel knapptryckning. \ud83d\udccf<\/strong><\/p>\n<p style=\"text-align: center;\" data-start=\"69\" data-end=\"320\">Det h\u00e4r automatiskt inf\u00e4llbara m\u00e5ttbandet \u00e4r utformat f\u00f6r att ge dig exakta avl\u00e4sningar utan kr\u00e5ngel. Dess starka, flexibla band och inbyggda l\u00e5s g\u00f6r det enklare och mer tillf\u00f6rlitligt \u00e4n n\u00e5gonsin att m\u00e4ta kl\u00e4der, kroppsstorlekar, b\u00f6jda ytor och DIY-projekt.<\/p>\n<p data-start=\"69\" data-end=\"320\"><img fetchpriority=\"high\" decoding=\"async\" class=\" wp-image-41978 aligncenter\" src=\"https:\/\/keluvo.com\/template\/wp-content\/uploads\/sites\/5\/2025\/11\/94f29adb-ee3b-41ad-a77f-12652b4f33a3.gif\" alt=\"\" width=\"501\" height=\"501\" \/><\/p>\n<h2 style=\"text-align: center;\" data-start=\"327\" data-end=\"349\"><strong>Huvudf\u00f6rdelar<\/strong><\/h2>\n<p data-start=\"352\" data-end=\"453\">\ud83c\udfaf Exakt varje g\u00e5ng &#8211; s\u00e4kra din m\u00e4tning med stiftl\u00e5set och dra tillbaka med en knapp.<\/p>\n<p data-start=\"456\" data-end=\"552\">\ud83d\udcaa H\u00e5llbar konstruktion &#8211; ABS-skal + PVC-fiberband motst\u00e5r v\u00e4rme, vatten, str\u00e4ckning och b\u00f6jning.<\/p>\n<p data-start=\"555\" data-end=\"658\">\ud83d\udd04 M\u00e5ngsidig f\u00f6r m\u00e5nga anv\u00e4ndningsomr\u00e5den &#8211; perfekt f\u00f6r skr\u00e4ddare, hantverkare, kroppsm\u00e4tningar och hush\u00e5llsuppgifter.<\/p>\n<p data-start=\"661\" data-end=\"741\">\ud83d\udccf L\u00e5ngt m\u00e4tomr\u00e5de &#8211; 152 cm f\u00f6r att enkelt t\u00e4cka fler projekt.<\/p>\n<p data-start=\"744\" data-end=\"829\">\ud83e\uddf5 Smidig inf\u00e4llbar design &#8211; l\u00e4tt att f\u00f6rvara, l\u00e4tt att b\u00e4ra, alltid redo att anv\u00e4ndas.<\/p>\n<p data-start=\"744\" data-end=\"829\"><img decoding=\"async\" class=\"size-full wp-image-41973 aligncenter\" src=\"https:\/\/keluvo.com\/template\/wp-content\/uploads\/sites\/5\/2025\/11\/7dccb806569dc819018b3d185bb0ff2c448a3d0dc7d7c5cefed5d7a6becbf390-800.jpg\" alt=\"\" width=\"1075\" height=\"1080\" \/><\/p>\n<h2 style=\"text-align: center;\" data-start=\"836\" data-end=\"856\"><strong>Hur Man Anv\u00e4nder<\/strong><\/h2>\n<ol data-start=\"857\" data-end=\"1076\">\n<li data-start=\"857\" data-end=\"903\">\n<p data-start=\"860\" data-end=\"903\">Dra ut tejpen till \u00f6nskad l\u00e4ngd.<\/p>\n<\/li>\n<li data-start=\"904\" data-end=\"959\">\n<p data-start=\"907\" data-end=\"959\">Anv\u00e4nd stiftl\u00e5set f\u00f6r att h\u00e5lla m\u00e4tningen p\u00e5 plats.<\/p>\n<\/li>\n<li data-start=\"960\" data-end=\"1009\">\n<p data-start=\"963\" data-end=\"1009\">L\u00e4s m\u00e4tningen tydligt l\u00e4ngs tejpen.<\/p>\n<\/li>\n<li data-start=\"1010\" data-end=\"1076\">\n<p data-start=\"1013\" data-end=\"1076\">Tryck p\u00e5 inf\u00e4llningsknappen f\u00f6r att dra tillbaka tejpen i fodralet.<\/p>\n<\/li>\n<\/ol>\n<h2 style=\"text-align: center;\" data-start=\"1083\" data-end=\"1107\"><strong>Produktdetaljer<\/strong><\/h2>\n<ul data-start=\"1108\" data-end=\"1346\">\n<li data-start=\"1108\" data-end=\"1156\">\n<p data-start=\"1110\" data-end=\"1156\">Material: ABS-plastskal + PVC-fiberband<\/p>\n<\/li>\n<li data-start=\"1157\" data-end=\"1199\">\n<p data-start=\"1159\" data-end=\"1199\">M\u00e4tomr\u00e5de: 1-152 cm<\/p>\n<\/li>\n<li data-start=\"1239\" data-end=\"1282\">\n<p data-start=\"1241\" data-end=\"1282\">Fodralstorlek: 12 cm x 6 cm<\/p>\n<\/li>\n<li data-start=\"1283\" data-end=\"1346\">\n<p data-start=\"1285\" data-end=\"1346\">Funktioner: vattent\u00e4t, v\u00e4rmebest\u00e4ndig, inf\u00e4llbar, b\u00e4rbar<\/p>\n<\/li>\n<\/ul>\n<h2 style=\"text-align: center;\" data-start=\"1353\" data-end=\"1378\"><strong>Paketet inneh\u00e5ller<\/strong><\/h2>\n<ul data-start=\"1379\" data-end=\"1421\" data-is-last-node=\"\" data-is-only-node=\"\">\n<li data-start=\"1379\" data-end=\"1421\" data-is-last-node=\"\">\n<p data-start=\"1381\" data-end=\"1421\" data-is-last-node=\"\">3x automatiskt inf\u00e4llbart m\u00e5ttband.<\/p>\n<\/li>\n<\/ul>\n","protected":false},"excerpt":{"rendered":"<p>F\u00e5 snabba och exakta m\u00e4tningar med en enkel knapptryckning. \ud83d\udccf Det h\u00e4r automatiskt inf\u00e4llbara m\u00e5ttbandet \u00e4r utformat f\u00f6r att ge [&hellip;]<\/p>\n","protected":false},"featured_media":50050,"comment_status":"open","ping_status":"closed","template":"","meta":{"site-sidebar-layout":"default","site-content-layout":"","ast-site-content-layout":"default","site-content-style":"default","site-sidebar-style":"default","ast-global-header-display":"","ast-banner-title-visibility":"","ast-main-header-display":"","ast-hfb-above-header-display":"","ast-hfb-below-header-display":"","ast-hfb-mobile-header-display":"","site-post-title":"","ast-breadcrumbs-content":"","ast-featured-img":"","footer-sml-layout":"","theme-transparent-header-meta":"default","adv-header-id-meta":"","stick-header-meta":"","header-above-stick-meta":"","header-main-stick-meta":"","header-below-stick-meta":"","astra-migrate-meta-layouts":"set","ast-page-background-enabled":"default","ast-page-background-meta":{"desktop":{"background-color":"var(--ast-global-color-4)","background-image":"","background-repeat":"repeat","background-position":"center center","background-size":"auto","background-attachment":"scroll","background-type":"","background-media":"","overlay-type":"","overlay-color":"","overlay-opacity":"","overlay-gradient":""},"tablet":{"background-color":"","background-image":"","background-repeat":"repeat","background-position":"center center","background-size":"auto","background-attachment":"scroll","background-type":"","background-media":"","overlay-type":"","overlay-color":"","overlay-opacity":"","overlay-gradient":""},"mobile":{"background-color":"","background-image":"","background-repeat":"repeat","background-position":"center center","background-size":"auto","background-attachment":"scroll","background-type":"","background-media":"","overlay-type":"","overlay-color":"","overlay-opacity":"","overlay-gradient":""}},"ast-content-background-meta":{"desktop":{"background-color":"var(--ast-global-color-5)","background-image":"","background-repeat":"repeat","background-position":"center center","background-size":"auto","background-attachment":"scroll","background-type":"","background-media":"","overlay-type":"","overlay-color":"","overlay-opacity":"","overlay-gradient":""},"tablet":{"background-color":"var(--ast-global-color-5)","background-image":"","background-repeat":"repeat","background-position":"center center","background-size":"auto","background-attachment":"scroll","background-type":"","background-media":"","overlay-type":"","overlay-color":"","overlay-opacity":"","overlay-gradient":""},"mobile":{"background-color":"var(--ast-global-color-5)","background-image":"","background-repeat":"repeat","background-position":"center center","background-size":"auto","background-attachment":"scroll","background-type":"","background-media":"","overlay-type":"","overlay-color":"","overlay-opacity":"","overlay-gradient":""}}},"product_brand":[],"product_cat":[996],"product_tag":[],"class_list":{"0":"post-50054","1":"product","2":"type-product","3":"status-publish","4":"has-post-thumbnail","6":"product_cat-tools","7":"pa_52467_fbk9f70u-bla","8":"pa_52467_fbk9f70u-gron","9":"pa_52467_fbk9f70u-rosa","10":"pa_52467_fbk9f70u-vit","11":"desktop-align-left","12":"tablet-align-left","13":"mobile-align-left","15":"first","16":"instock","17":"shipping-taxable","18":"purchasable","19":"product-type-variable"},"_links":{"self":[{"href":"https:\/\/keluvo.com\/se\/wp-json\/wp\/v2\/product\/50054","targetHints":{"allow":["GET"]}}],"collection":[{"href":"https:\/\/keluvo.com\/se\/wp-json\/wp\/v2\/product"}],"about":[{"href":"https:\/\/keluvo.com\/se\/wp-json\/wp\/v2\/types\/product"}],"replies":[{"embeddable":true,"href":"https:\/\/keluvo.com\/se\/wp-json\/wp\/v2\/comments?post=50054"}],"wp:featuredmedia":[{"embeddable":true,"href":"https:\/\/keluvo.com\/se\/wp-json\/wp\/v2\/media\/50050"}],"wp:attachment":[{"href":"https:\/\/keluvo.com\/se\/wp-json\/wp\/v2\/media?parent=50054"}],"wp:term":[{"taxonomy":"product_brand","embeddable":true,"href":"https:\/\/keluvo.com\/se\/wp-json\/wp\/v2\/product_brand?post=50054"},{"taxonomy":"product_cat","embeddable":true,"href":"https:\/\/keluvo.com\/se\/wp-json\/wp\/v2\/product_cat?post=50054"},{"taxonomy":"product_tag","embeddable":true,"href":"https:\/\/keluvo.com\/se\/wp-json\/wp\/v2\/product_tag?post=50054"}],"curies":[{"name":"wp","href":"https:\/\/api.w.org\/{rel}","templated":true}]}}