{"id":49822,"date":"2025-11-20T18:19:27","date_gmt":"2025-11-20T16:19:27","guid":{"rendered":"https:\/\/keluvo.com\/se\/product\/clips-for-matpasar-med-hallmunstycke-2-st\/"},"modified":"2025-11-24T16:28:21","modified_gmt":"2025-11-24T14:28:21","slug":"clips-for-matpasar-med-hallmunstycke-2-st","status":"publish","type":"product","link":"https:\/\/keluvo.com\/se\/product\/clips-for-matpasar-med-hallmunstycke-2-st\/","title":{"rendered":"Clips f\u00f6r matp\u00e5sar med h\u00e4llmunstycke (2 st)"},"content":{"rendered":"<p style=\"text-align: center;\" data-start=\"0\" data-end=\"95\"><strong data-start=\"0\" data-end=\"95\">F\u00f6rsegla, f\u00f6rvara och h\u00e4ll upp din mat enkelt med hj\u00e4lp av denna smarta p\u00e5skkl\u00e4mma med inbyggt munstycke. \ud83e\udd6b<\/strong><\/p>\n<p style=\"text-align: center;\" data-start=\"97\" data-end=\"326\">Den h\u00e4r p\u00e5skkl\u00e4mman med h\u00e4llmunstycke h\u00e5ller snacks, spannm\u00e5l och frysta livsmedel fr\u00e4scha samtidigt som den g\u00f6r det enkelt att h\u00e4lla utan att \u00f6ppna hela p\u00e5sen. Den f\u00f6rhindrar spill, h\u00e5ller maten luftt\u00e4t och sparar tid i k\u00f6ket.<\/p>\n<p data-start=\"97\" data-end=\"326\"><img decoding=\"async\" class=\"size-full wp-image-41828 aligncenter\" src=\"https:\/\/keluvo.com\/template\/wp-content\/uploads\/sites\/5\/2025\/11\/10223-ezgif.com-video-to-webp-converter-1-1.webp\" alt=\"\" \/><\/p>\n<h2 style=\"text-align: center;\" data-start=\"333\" data-end=\"355\"><strong>Huvudf\u00f6rdelar<\/strong><\/h2>\n<p data-start=\"358\" data-end=\"452\">\ud83e\udd6b H\u00e5ller maten fr\u00e4sch genom att f\u00f6rsluta p\u00e5sarna t\u00e4tt f\u00f6r att skydda mot luft, fukt och f\u00f6rst\u00f6relse.<\/p>\n<p data-start=\"455\" data-end=\"552\">\ud83d\udd04 Med det enkla h\u00e4llmunstycket kan du h\u00e4lla chips, korn, flingor eller n\u00f6tter utan att ta bort kl\u00e4mman.<\/p>\n<p data-start=\"555\" data-end=\"627\">\ud83e\uddca Fryss\u00e4ker och h\u00e5llbar f\u00f6r skafferi, kylsk\u00e5p eller fryst f\u00f6rvaring.<\/p>\n<p data-start=\"630\" data-end=\"697\">\ud83c\udfa8 Ljusa f\u00e4rger g\u00f6r den l\u00e4tt att hitta i alla l\u00e5dor eller hyllor.<\/p>\n<p data-start=\"700\" data-end=\"775\">\ud83d\udd01 \u00c5teranv\u00e4ndbar design som \u00e4r robust, t\u00e5l maskindisk och h\u00e5ller l\u00e4nge.<\/p>\n<p data-start=\"700\" data-end=\"775\"><img fetchpriority=\"high\" decoding=\"async\" class=\"size-full wp-image-41832 aligncenter\" src=\"https:\/\/keluvo.com\/template\/wp-content\/uploads\/sites\/5\/2025\/11\/d28c50359e1a6ecaefbf49f4c047e8ac63262f98.jpg\" alt=\"\" width=\"1080\" height=\"1047\" \/><\/p>\n<h2 style=\"text-align: center;\" data-start=\"782\" data-end=\"801\"><strong>Hur Man Anv\u00e4nder<\/strong><\/h2>\n<ol data-start=\"802\" data-end=\"1018\">\n<li data-start=\"802\" data-end=\"865\">\n<p data-start=\"805\" data-end=\"865\">\u00d6ppna kl\u00e4mman och placera den \u00f6ver kanten p\u00e5 matp\u00e5sen.<\/p>\n<\/li>\n<li data-start=\"866\" data-end=\"904\">\n<p data-start=\"869\" data-end=\"904\">Tryck h\u00e5rt f\u00f6r att l\u00e5sa den p\u00e5 plats.<\/p>\n<\/li>\n<li data-start=\"905\" data-end=\"960\">\n<p data-start=\"908\" data-end=\"960\">V\u00e4nd upp munstyckslocket f\u00f6r att enkelt h\u00e4lla upp maten.<\/p>\n<\/li>\n<li data-start=\"961\" data-end=\"1018\">\n<p data-start=\"964\" data-end=\"1018\">St\u00e4ng locket efter varje anv\u00e4ndning f\u00f6r att h\u00e5lla inneh\u00e5llet fr\u00e4scht.<\/p>\n<\/li>\n<\/ol>\n<h2 style=\"text-align: center;\" data-start=\"1025\" data-end=\"1049\"><strong>Produktdetaljer<\/strong><\/h2>\n<ul data-start=\"1050\" data-end=\"1233\">\n<li data-start=\"1050\" data-end=\"1071\">\n<p data-start=\"1052\" data-end=\"1071\">Material: Plast<\/p>\n<\/li>\n<li data-start=\"1072\" data-end=\"1099\">\n<p data-start=\"1074\" data-end=\"1099\">Storlek: 13 x 6,1 x 4,3 cm<\/p>\n<\/li>\n<li data-start=\"1165\" data-end=\"1233\">\n<p data-start=\"1167\" data-end=\"1233\">L\u00e4mplig f\u00f6r: Chips, flingor, br\u00f6d, n\u00f6tter, frysta livsmedel med mera<\/p>\n<\/li>\n<\/ul>\n<h2 style=\"text-align: center;\" data-start=\"1240\" data-end=\"1265\"><strong>Paketet inneh\u00e5ller<\/strong><\/h2>\n<ul data-start=\"1266\" data-end=\"1307\">\n<li data-start=\"1266\" data-end=\"1307\">\n<p data-start=\"1268\" data-end=\"1307\">2x matp\u00e5sclips med h\u00e4llmunstycke.<\/p>\n<\/li>\n<\/ul>\n","protected":false},"excerpt":{"rendered":"<p>F\u00f6rsegla, f\u00f6rvara och h\u00e4ll upp din mat enkelt med hj\u00e4lp av denna smarta p\u00e5skkl\u00e4mma med inbyggt munstycke. \ud83e\udd6b Den h\u00e4r [&hellip;]<\/p>\n","protected":false},"featured_media":49818,"comment_status":"open","ping_status":"closed","template":"","meta":{"site-sidebar-layout":"default","site-content-layout":"","ast-site-content-layout":"default","site-content-style":"default","site-sidebar-style":"default","ast-global-header-display":"","ast-banner-title-visibility":"","ast-main-header-display":"","ast-hfb-above-header-display":"","ast-hfb-below-header-display":"","ast-hfb-mobile-header-display":"","site-post-title":"","ast-breadcrumbs-content":"","ast-featured-img":"","footer-sml-layout":"","theme-transparent-header-meta":"default","adv-header-id-meta":"","stick-header-meta":"","header-above-stick-meta":"","header-main-stick-meta":"","header-below-stick-meta":"","astra-migrate-meta-layouts":"set","ast-page-background-enabled":"default","ast-page-background-meta":{"desktop":{"background-color":"var(--ast-global-color-4)","background-image":"","background-repeat":"repeat","background-position":"center center","background-size":"auto","background-attachment":"scroll","background-type":"","background-media":"","overlay-type":"","overlay-color":"","overlay-opacity":"","overlay-gradient":""},"tablet":{"background-color":"","background-image":"","background-repeat":"repeat","background-position":"center center","background-size":"auto","background-attachment":"scroll","background-type":"","background-media":"","overlay-type":"","overlay-color":"","overlay-opacity":"","overlay-gradient":""},"mobile":{"background-color":"","background-image":"","background-repeat":"repeat","background-position":"center center","background-size":"auto","background-attachment":"scroll","background-type":"","background-media":"","overlay-type":"","overlay-color":"","overlay-opacity":"","overlay-gradient":""}},"ast-content-background-meta":{"desktop":{"background-color":"var(--ast-global-color-5)","background-image":"","background-repeat":"repeat","background-position":"center center","background-size":"auto","background-attachment":"scroll","background-type":"","background-media":"","overlay-type":"","overlay-color":"","overlay-opacity":"","overlay-gradient":""},"tablet":{"background-color":"var(--ast-global-color-5)","background-image":"","background-repeat":"repeat","background-position":"center center","background-size":"auto","background-attachment":"scroll","background-type":"","background-media":"","overlay-type":"","overlay-color":"","overlay-opacity":"","overlay-gradient":""},"mobile":{"background-color":"var(--ast-global-color-5)","background-image":"","background-repeat":"repeat","background-position":"center center","background-size":"auto","background-attachment":"scroll","background-type":"","background-media":"","overlay-type":"","overlay-color":"","overlay-opacity":"","overlay-gradient":""}}},"product_brand":[],"product_cat":[1001],"product_tag":[],"class_list":{"0":"post-49822","1":"product","2":"type-product","3":"status-publish","4":"has-post-thumbnail","6":"product_cat-household-goods","7":"pa_52093_47sizd62-bla","8":"pa_52093_47sizd62-gra","9":"pa_52093_47sizd62-gron","10":"pa_52093_47sizd62-gul","11":"pa_52093_47sizd62-orange","12":"pa_52093_47sizd62-rod","13":"pa_52093_47sizd62-svart","14":"pa_52093_47sizd62-vit","15":"desktop-align-left","16":"tablet-align-left","17":"mobile-align-left","19":"first","20":"instock","21":"shipping-taxable","22":"purchasable","23":"product-type-variable"},"_links":{"self":[{"href":"https:\/\/keluvo.com\/se\/wp-json\/wp\/v2\/product\/49822","targetHints":{"allow":["GET"]}}],"collection":[{"href":"https:\/\/keluvo.com\/se\/wp-json\/wp\/v2\/product"}],"about":[{"href":"https:\/\/keluvo.com\/se\/wp-json\/wp\/v2\/types\/product"}],"replies":[{"embeddable":true,"href":"https:\/\/keluvo.com\/se\/wp-json\/wp\/v2\/comments?post=49822"}],"wp:featuredmedia":[{"embeddable":true,"href":"https:\/\/keluvo.com\/se\/wp-json\/wp\/v2\/media\/49818"}],"wp:attachment":[{"href":"https:\/\/keluvo.com\/se\/wp-json\/wp\/v2\/media?parent=49822"}],"wp:term":[{"taxonomy":"product_brand","embeddable":true,"href":"https:\/\/keluvo.com\/se\/wp-json\/wp\/v2\/product_brand?post=49822"},{"taxonomy":"product_cat","embeddable":true,"href":"https:\/\/keluvo.com\/se\/wp-json\/wp\/v2\/product_cat?post=49822"},{"taxonomy":"product_tag","embeddable":true,"href":"https:\/\/keluvo.com\/se\/wp-json\/wp\/v2\/product_tag?post=49822"}],"curies":[{"name":"wp","href":"https:\/\/api.w.org\/{rel}","templated":true}]}}