{"id":49786,"date":"2025-11-20T18:17:51","date_gmt":"2025-11-20T16:17:51","guid":{"rendered":"https:\/\/keluvo.com\/se\/product\/lada-med-barnsakerhetslas\/"},"modified":"2025-12-01T15:19:34","modified_gmt":"2025-12-01T13:19:34","slug":"lada-med-barnsakerhetslas","status":"publish","type":"product","link":"https:\/\/keluvo.com\/se\/product\/lada-med-barnsakerhetslas\/","title":{"rendered":"L\u00e5da med barns\u00e4kerhetsl\u00e5s"},"content":{"rendered":"<p style=\"text-align: center;\" data-start=\"0\" data-end=\"77\"><strong data-start=\"0\" data-end=\"77\">H\u00e5ll ditt barn s\u00e4kert genom att hindra dem fr\u00e5n att \u00f6ppna l\u00e5dor och sk\u00e5p. \ud83d\udd12\ud83d\udc76<\/strong><\/p>\n<p style=\"text-align: center;\" data-start=\"79\" data-end=\"366\">Detta l\u00e5da med barns\u00e4kerhetsl\u00e5s skyddar nyfikna sm\u00e5 h\u00e4nder fr\u00e5n att komma \u00e5t farliga eller k\u00e4nsliga f\u00f6rem\u00e5l i ditt hem. Det \u00e4r utformat f\u00f6r daglig anv\u00e4ndning och h\u00e5ller vassa verktyg, reng\u00f6ringsmedel och sm\u00e5 kv\u00e4vningsrisker utom r\u00e4ckh\u00e5ll &#8211; samtidigt som vuxna enkelt kan \u00f6ppna l\u00e5dor.<\/p>\n<p data-start=\"79\" data-end=\"366\"><img fetchpriority=\"high\" decoding=\"async\" class=\"size-full wp-image-41767 aligncenter\" src=\"https:\/\/keluvo.com\/template\/wp-content\/uploads\/sites\/5\/2025\/11\/628309ca6e44db726b1df9f685bfdca4d4e496c0.webp\" alt=\"\" width=\"800\" height=\"800\" \/><\/p>\n<h2 style=\"text-align: center;\" data-start=\"373\" data-end=\"395\"><strong>Huvudf\u00f6rdelar<\/strong><\/h2>\n<p data-start=\"398\" data-end=\"491\">\ud83d\udd04 Universell passform fungerar med l\u00e5dor och sk\u00e5p av alla typer &#8211; knoppar, handtag eller drag.<\/p>\n<p data-start=\"494\" data-end=\"599\">\ud83d\udd12 S\u00e4kert l\u00e5ssystem hindrar barn fr\u00e5n att \u00f6ppna l\u00e5dor samtidigt som det \u00e4r enkelt f\u00f6r vuxna att anv\u00e4nda.<\/p>\n<p data-start=\"602\" data-end=\"678\">\ud83e\uddf4 Skadefritt lim sitter fast ordentligt men tas bort rent utan m\u00e4rken.<\/p>\n<p data-start=\"681\" data-end=\"767\">\ud83c\udfa8 Diskret design som sm\u00e4lter in i dina m\u00f6bler utan att p\u00e5verka din heminredning.<\/p>\n<p data-start=\"770\" data-end=\"850\">\ud83d\udc76 F\u00f6rb\u00e4ttrad s\u00e4kerhet h\u00e5ller farliga f\u00f6rem\u00e5l s\u00e4kert l\u00e5sta borta fr\u00e5n barn.<\/p>\n<p data-start=\"770\" data-end=\"850\"><img decoding=\"async\" class=\"size-full wp-image-41766 aligncenter\" src=\"https:\/\/keluvo.com\/template\/wp-content\/uploads\/sites\/5\/2025\/11\/d8208a420a720c7205ebb3495b0d826d53703589.avif\" alt=\"\" \/><\/p>\n<h2 style=\"text-align: center;\" data-start=\"857\" data-end=\"876\"><strong>Hur Man Anv\u00e4nder<\/strong><\/h2>\n<ol data-start=\"877\" data-end=\"1182\">\n<li data-start=\"877\" data-end=\"938\">\n<p data-start=\"880\" data-end=\"938\">Reng\u00f6r och torka ytan d\u00e4r l\u00e5set ska placeras.<\/p>\n<\/li>\n<li data-start=\"939\" data-end=\"991\">\n<p data-start=\"942\" data-end=\"991\">Dra bort skyddsfilmen fr\u00e5n limmet.<\/p>\n<\/li>\n<li data-start=\"992\" data-end=\"1065\">\n<p data-start=\"995\" data-end=\"1065\">Klistra fast en del av l\u00e5set p\u00e5 l\u00e5dan och den andra p\u00e5 ramen.<\/p>\n<\/li>\n<li data-start=\"1066\" data-end=\"1126\">\n<p data-start=\"1069\" data-end=\"1126\">Tryck fast och l\u00e5t det stelna i n\u00e5gra timmar f\u00f6re anv\u00e4ndning.<\/p>\n<\/li>\n<li data-start=\"1127\" data-end=\"1182\">\n<p data-start=\"1130\" data-end=\"1182\">F\u00f6r att \u00f6ppna, tryck bara p\u00e5 mekanismen f\u00f6r vuxna.<\/p>\n<\/li>\n<\/ol>\n<h2 style=\"text-align: center;\" data-start=\"1189\" data-end=\"1213\"><strong>Produktdetaljer<\/strong><\/h2>\n<ul data-start=\"1214\" data-end=\"1350\">\n<li data-start=\"1214\" data-end=\"1231\">\n<p data-start=\"1216\" data-end=\"1231\">Material: ABS<\/p>\n<\/li>\n<li data-start=\"1232\" data-end=\"1254\">\n<p data-start=\"1234\" data-end=\"1254\">Sm\u00e5tt: 7 x 7 x 4 cm<\/p>\n<\/li>\n<li data-start=\"1255\" data-end=\"1271\">\n<p data-start=\"1257\" data-end=\"1271\">Vikt: 22 g<\/p>\n<\/li>\n<li data-start=\"1302\" data-end=\"1350\">\n<p data-start=\"1304\" data-end=\"1350\">Installation: Sj\u00e4lvh\u00e4ftande, ingen borrning kr\u00e4vs<\/p>\n<\/li>\n<\/ul>\n<h2 style=\"text-align: center;\" data-start=\"1357\" data-end=\"1382\"><strong>Paketet inneh\u00e5ller<\/strong><\/h2>\n<ul data-start=\"1383\" data-end=\"1415\">\n<li data-start=\"1383\" data-end=\"1415\">\n<p data-start=\"1385\" data-end=\"1415\">4, 8, 12, 16x l\u00e5da med barns\u00e4kerhetsl\u00e5s.<\/p>\n<\/li>\n<\/ul>\n","protected":false},"excerpt":{"rendered":"<p>H\u00e5ll ditt barn s\u00e4kert genom att hindra dem fr\u00e5n att \u00f6ppna l\u00e5dor och sk\u00e5p. \ud83d\udd12\ud83d\udc76 Detta l\u00e5da med barns\u00e4kerhetsl\u00e5s skyddar [&hellip;]<\/p>\n","protected":false},"featured_media":49782,"comment_status":"open","ping_status":"closed","template":"","meta":{"site-sidebar-layout":"default","site-content-layout":"","ast-site-content-layout":"default","site-content-style":"default","site-sidebar-style":"default","ast-global-header-display":"","ast-banner-title-visibility":"","ast-main-header-display":"","ast-hfb-above-header-display":"","ast-hfb-below-header-display":"","ast-hfb-mobile-header-display":"","site-post-title":"","ast-breadcrumbs-content":"","ast-featured-img":"","footer-sml-layout":"","theme-transparent-header-meta":"default","adv-header-id-meta":"","stick-header-meta":"","header-above-stick-meta":"","header-main-stick-meta":"","header-below-stick-meta":"","astra-migrate-meta-layouts":"set","ast-page-background-enabled":"default","ast-page-background-meta":{"desktop":{"background-color":"var(--ast-global-color-4)","background-image":"","background-repeat":"repeat","background-position":"center center","background-size":"auto","background-attachment":"scroll","background-type":"","background-media":"","overlay-type":"","overlay-color":"","overlay-opacity":"","overlay-gradient":""},"tablet":{"background-color":"","background-image":"","background-repeat":"repeat","background-position":"center center","background-size":"auto","background-attachment":"scroll","background-type":"","background-media":"","overlay-type":"","overlay-color":"","overlay-opacity":"","overlay-gradient":""},"mobile":{"background-color":"","background-image":"","background-repeat":"repeat","background-position":"center center","background-size":"auto","background-attachment":"scroll","background-type":"","background-media":"","overlay-type":"","overlay-color":"","overlay-opacity":"","overlay-gradient":""}},"ast-content-background-meta":{"desktop":{"background-color":"var(--ast-global-color-5)","background-image":"","background-repeat":"repeat","background-position":"center center","background-size":"auto","background-attachment":"scroll","background-type":"","background-media":"","overlay-type":"","overlay-color":"","overlay-opacity":"","overlay-gradient":""},"tablet":{"background-color":"var(--ast-global-color-5)","background-image":"","background-repeat":"repeat","background-position":"center center","background-size":"auto","background-attachment":"scroll","background-type":"","background-media":"","overlay-type":"","overlay-color":"","overlay-opacity":"","overlay-gradient":""},"mobile":{"background-color":"var(--ast-global-color-5)","background-image":"","background-repeat":"repeat","background-position":"center center","background-size":"auto","background-attachment":"scroll","background-type":"","background-media":"","overlay-type":"","overlay-color":"","overlay-opacity":"","overlay-gradient":""}}},"product_brand":[],"product_cat":[1001],"product_tag":[],"class_list":{"0":"post-49786","1":"product","2":"type-product","3":"status-publish","4":"has-post-thumbnail","6":"product_cat-household-goods","7":"pa_52074_46gj5ulo-brun","8":"pa_52074_46gj5ulo-svart","9":"pa_52074_46gj5ulo-vit","10":"pa_52074_ov5ggwcc-12-st","11":"pa_52074_ov5ggwcc-16-st","12":"pa_52074_ov5ggwcc-4-st","13":"pa_52074_ov5ggwcc-8-st","14":"desktop-align-left","15":"tablet-align-left","16":"mobile-align-left","18":"first","19":"instock","20":"shipping-taxable","21":"purchasable","22":"product-type-variable","23":"has-default-attributes"},"_links":{"self":[{"href":"https:\/\/keluvo.com\/se\/wp-json\/wp\/v2\/product\/49786","targetHints":{"allow":["GET"]}}],"collection":[{"href":"https:\/\/keluvo.com\/se\/wp-json\/wp\/v2\/product"}],"about":[{"href":"https:\/\/keluvo.com\/se\/wp-json\/wp\/v2\/types\/product"}],"replies":[{"embeddable":true,"href":"https:\/\/keluvo.com\/se\/wp-json\/wp\/v2\/comments?post=49786"}],"wp:featuredmedia":[{"embeddable":true,"href":"https:\/\/keluvo.com\/se\/wp-json\/wp\/v2\/media\/49782"}],"wp:attachment":[{"href":"https:\/\/keluvo.com\/se\/wp-json\/wp\/v2\/media?parent=49786"}],"wp:term":[{"taxonomy":"product_brand","embeddable":true,"href":"https:\/\/keluvo.com\/se\/wp-json\/wp\/v2\/product_brand?post=49786"},{"taxonomy":"product_cat","embeddable":true,"href":"https:\/\/keluvo.com\/se\/wp-json\/wp\/v2\/product_cat?post=49786"},{"taxonomy":"product_tag","embeddable":true,"href":"https:\/\/keluvo.com\/se\/wp-json\/wp\/v2\/product_tag?post=49786"}],"curies":[{"name":"wp","href":"https:\/\/api.w.org\/{rel}","templated":true}]}}