{"id":49519,"date":"2025-11-19T12:34:02","date_gmt":"2025-11-19T10:34:02","guid":{"rendered":"https:\/\/keluvo.com\/se\/product\/batterikonverterare-aaa-till-aa-20-st\/"},"modified":"2025-12-01T15:20:27","modified_gmt":"2025-12-01T13:20:27","slug":"batterikonverterare-aaa-till-aa-20-st","status":"publish","type":"product","link":"https:\/\/keluvo.com\/se\/product\/batterikonverterare-aaa-till-aa-20-st\/","title":{"rendered":"Batterikonverterare AAA till AA (20 st)"},"content":{"rendered":"<p style=\"text-align: center;\" data-start=\"0\" data-end=\"47\"><strong data-start=\"0\" data-end=\"47\">F\u00f6rvandla Ett AAA-Batteri Till Ett AA-Batteri P\u00e5 N\u00e5gra Sekunder. \ud83d\udd0b<\/strong><\/p>\n<p style=\"text-align: center;\" data-start=\"49\" data-end=\"285\">Med den h\u00e4r batterikonverteraren fr\u00e5n AAA till AA kan du anv\u00e4nda ett AAA-batteri \u00f6verallt d\u00e4r det beh\u00f6vs ett AA-batteri. Det \u00e4r en enkel, l\u00e4tt och b\u00e4rbar l\u00f6sning som sparar tid, pengar och frustration &#8211; perfekt f\u00f6r fj\u00e4rrkontroller, leksaker, ficklampor och mycket mer.<\/p>\n<p data-start=\"49\" data-end=\"285\"><img decoding=\"async\" class=\"size-full wp-image-41629 aligncenter\" src=\"https:\/\/keluvo.com\/template\/wp-content\/uploads\/sites\/5\/2025\/11\/a9248084-53fd-462e-9957-4a8df7668690.gif\" alt=\"\" \/><\/p>\n<h2 style=\"text-align: center;\" data-start=\"292\" data-end=\"314\">\ud83c\udf1f Huvudf\u00f6rdelar<\/h2>\n<p data-start=\"317\" data-end=\"392\">\ud83d\udd0b Omedelbar AA-ers\u00e4ttning \u2014 ett AAA-batteri fungerar som ett AA-batteri.<\/p>\n<p data-start=\"395\" data-end=\"469\">\ud83e\uddf3 Liten och b\u00e4rbar \u2014 l\u00e4tt att ha med sig i v\u00e4skor, l\u00e5dor eller verktygsl\u00e5dor.<\/p>\n<p data-start=\"472\" data-end=\"541\">\ud83d\udc8e H\u00e5llbart PP-material \u2014 starkt, l\u00e4tt och h\u00e5llbart.<\/p>\n<p data-start=\"544\" data-end=\"616\">\ud83d\udee0\ufe0f Snyggt och organiserat \u2014 hj\u00e4lper till att h\u00e5lla reservbatterier s\u00e4kert f\u00f6rvarade.<\/p>\n<p data-start=\"619\" data-end=\"687\">\ud83d\udca1 Kostnadseffektivt \u2014 minskar behovet av att k\u00f6pa extra AA-batterier.<\/p>\n<p data-start=\"619\" data-end=\"687\"><img fetchpriority=\"high\" decoding=\"async\" class=\" wp-image-41628 aligncenter\" src=\"https:\/\/keluvo.com\/template\/wp-content\/uploads\/sites\/5\/2025\/11\/5a8f5662-8126-496c-aa03-ad1187922ac5.webp\" alt=\"\" width=\"500\" height=\"500\" \/><\/p>\n<h2 style=\"text-align: center;\" data-start=\"694\" data-end=\"714\">\ud83d\udee0\ufe0f Hur Man Anv\u00e4nder<\/h2>\n<ol data-start=\"715\" data-end=\"856\">\n<li data-start=\"715\" data-end=\"744\">\n<p data-start=\"718\" data-end=\"744\">\u00d6ppna konverteringsfodralet.<\/p>\n<\/li>\n<li data-start=\"745\" data-end=\"778\">\n<p data-start=\"748\" data-end=\"778\">S\u00e4tt i ett AAA-batteri.<\/p>\n<\/li>\n<li data-start=\"779\" data-end=\"808\">\n<p data-start=\"782\" data-end=\"808\">St\u00e4ng fodralet ordentligt.<\/p>\n<\/li>\n<li data-start=\"809\" data-end=\"856\">\n<p data-start=\"812\" data-end=\"856\">Anv\u00e4nd det \u00f6verallt d\u00e4r ett AA-batteri beh\u00f6vs.<\/p>\n<\/li>\n<\/ol>\n<h2 style=\"text-align: center;\" data-start=\"863\" data-end=\"887\">\ud83d\udccc Produktdetaljer<\/h2>\n<ul data-start=\"888\" data-end=\"1027\">\n<li data-start=\"888\" data-end=\"912\">\n<p data-start=\"890\" data-end=\"912\">Material: PP-plast<\/p>\n<\/li>\n<li data-start=\"936\" data-end=\"955\">\n<p data-start=\"938\" data-end=\"955\">Nettovikt: 10g<\/p>\n<\/li>\n<li data-start=\"956\" data-end=\"1027\">\n<p data-start=\"958\" data-end=\"1027\">Funktion: Konverterar 1x AAA-batteri till AA-storlek (batteri ing\u00e5r ej)<\/p>\n<\/li>\n<\/ul>\n<h2 style=\"text-align: center;\" data-start=\"1034\" data-end=\"1059\">\ud83c\udf81 F\u00f6rpackningen inneh\u00e5ller<\/h2>\n<ul data-start=\"1060\" data-end=\"1139\">\n<li data-start=\"1060\" data-end=\"1139\">\n<p data-start=\"1062\" data-end=\"1139\">20x AAA till AA-batterikonverterare.<\/p>\n<\/li>\n<\/ul>\n","protected":false},"excerpt":{"rendered":"<p>F\u00f6rvandla Ett AAA-Batteri Till Ett AA-Batteri P\u00e5 N\u00e5gra Sekunder. \ud83d\udd0b Med den h\u00e4r batterikonverteraren fr\u00e5n AAA till AA kan du [&hellip;]<\/p>\n","protected":false},"featured_media":49515,"comment_status":"open","ping_status":"closed","template":"","meta":{"site-sidebar-layout":"default","site-content-layout":"","ast-site-content-layout":"default","site-content-style":"default","site-sidebar-style":"default","ast-global-header-display":"","ast-banner-title-visibility":"","ast-main-header-display":"","ast-hfb-above-header-display":"","ast-hfb-below-header-display":"","ast-hfb-mobile-header-display":"","site-post-title":"","ast-breadcrumbs-content":"","ast-featured-img":"","footer-sml-layout":"","theme-transparent-header-meta":"default","adv-header-id-meta":"","stick-header-meta":"","header-above-stick-meta":"","header-main-stick-meta":"","header-below-stick-meta":"","astra-migrate-meta-layouts":"set","ast-page-background-enabled":"default","ast-page-background-meta":{"desktop":{"background-color":"var(--ast-global-color-4)","background-image":"","background-repeat":"repeat","background-position":"center center","background-size":"auto","background-attachment":"scroll","background-type":"","background-media":"","overlay-type":"","overlay-color":"","overlay-opacity":"","overlay-gradient":""},"tablet":{"background-color":"","background-image":"","background-repeat":"repeat","background-position":"center center","background-size":"auto","background-attachment":"scroll","background-type":"","background-media":"","overlay-type":"","overlay-color":"","overlay-opacity":"","overlay-gradient":""},"mobile":{"background-color":"","background-image":"","background-repeat":"repeat","background-position":"center center","background-size":"auto","background-attachment":"scroll","background-type":"","background-media":"","overlay-type":"","overlay-color":"","overlay-opacity":"","overlay-gradient":""}},"ast-content-background-meta":{"desktop":{"background-color":"var(--ast-global-color-5)","background-image":"","background-repeat":"repeat","background-position":"center center","background-size":"auto","background-attachment":"scroll","background-type":"","background-media":"","overlay-type":"","overlay-color":"","overlay-opacity":"","overlay-gradient":""},"tablet":{"background-color":"var(--ast-global-color-5)","background-image":"","background-repeat":"repeat","background-position":"center center","background-size":"auto","background-attachment":"scroll","background-type":"","background-media":"","overlay-type":"","overlay-color":"","overlay-opacity":"","overlay-gradient":""},"mobile":{"background-color":"var(--ast-global-color-5)","background-image":"","background-repeat":"repeat","background-position":"center center","background-size":"auto","background-attachment":"scroll","background-type":"","background-media":"","overlay-type":"","overlay-color":"","overlay-opacity":"","overlay-gradient":""}}},"product_brand":[],"product_cat":[996],"product_tag":[],"class_list":{"0":"post-49519","1":"product","2":"type-product","3":"status-publish","4":"has-post-thumbnail","6":"product_cat-tools","7":"desktop-align-left","8":"tablet-align-left","9":"mobile-align-left","11":"first","12":"instock","13":"shipping-taxable","14":"purchasable","15":"product-type-simple"},"_links":{"self":[{"href":"https:\/\/keluvo.com\/se\/wp-json\/wp\/v2\/product\/49519","targetHints":{"allow":["GET"]}}],"collection":[{"href":"https:\/\/keluvo.com\/se\/wp-json\/wp\/v2\/product"}],"about":[{"href":"https:\/\/keluvo.com\/se\/wp-json\/wp\/v2\/types\/product"}],"replies":[{"embeddable":true,"href":"https:\/\/keluvo.com\/se\/wp-json\/wp\/v2\/comments?post=49519"}],"wp:featuredmedia":[{"embeddable":true,"href":"https:\/\/keluvo.com\/se\/wp-json\/wp\/v2\/media\/49515"}],"wp:attachment":[{"href":"https:\/\/keluvo.com\/se\/wp-json\/wp\/v2\/media?parent=49519"}],"wp:term":[{"taxonomy":"product_brand","embeddable":true,"href":"https:\/\/keluvo.com\/se\/wp-json\/wp\/v2\/product_brand?post=49519"},{"taxonomy":"product_cat","embeddable":true,"href":"https:\/\/keluvo.com\/se\/wp-json\/wp\/v2\/product_cat?post=49519"},{"taxonomy":"product_tag","embeddable":true,"href":"https:\/\/keluvo.com\/se\/wp-json\/wp\/v2\/product_tag?post=49519"}],"curies":[{"name":"wp","href":"https:\/\/api.w.org\/{rel}","templated":true}]}}